{"id":6517,"date":"2020-06-16T16:05:00","date_gmt":"2020-06-16T09:05:00","guid":{"rendered":"http:\/\/27430.lamdx.vinawebsite.vn\/san-pham\/vo-bung-phantom-4-chinh-hang-dji.html"},"modified":"2020-10-16T19:14:11","modified_gmt":"2020-10-16T12:14:11","slug":"orginal-bottom-shell-of-phantom-4","status":"publish","type":"product","link":"https:\/\/phukienflytech.vn\/en\/san-pham\/orginal-bottom-shell-of-phantom-4.html","title":{"rendered":"Orginal Bottom Shell of Phantom 4"},"content":{"rendered":"<h2><span style=\"color: #0000ff;\"><em><strong><span style=\"font-size: 21px;\">Orginal Bottom Shell of Phantom 4<\/span><\/strong><\/em><\/span><\/h2>\n<p><span style=\"font-size: 18px;\">Orginal Bottom Shell of Phantom 4<\/span><\/p>\n<p><span style=\"font-size: 18px;\">\u0110\u1ec3 thay v\u1ecf b\u1ee5ng phantom 4<\/span><\/p>\n<blockquote><p><span style=\"font-size: 18px; color: #000000;\">&gt;&gt; H\u00e3y li\u00ean h\u1ec7 tr\u1ef1c ti\u1ebfp v\u1edbi ch\u00fang t\u00f4i \u0111\u1ec3 \u0111\u01b0\u1ee3c h\u01b0\u1edbng d\u1eabn c\u1ee5 th\u1ec3 c\u00e1ch s\u1eeda v\u00e0 thay<\/span><\/p>\n<p>&nbsp;<\/p><\/blockquote>\n<p><span style=\"font-size: 18px;\">Linh ki\u1ec7n thay th\u1ebf DJI Phantom 4 &#8211; Ch\u00ednh h\u00e3ng\u00a0<\/span><\/p>\n<p><span style=\"font-size: 18px;\"><strong>DJI Phantom 4<\/strong>\u00a0c\u00f3 m\u1ed9t thi\u1ebft k\u1ebf v\u00e0 v\u1ebb ngo\u00e0i v\u00f4 c\u00f9ng b\u1eaft m\u1eaft, d\u1ec5 khi\u1ebfn ch\u00fang ta say \u0111\u1eafm ngay t\u1eeb c\u00e1i nh\u00ecn \u0111\u1ea7u ti\u00ean.<\/span><\/p>\n<p>&nbsp;<\/p>\n<p><span style=\"font-size: 18px;\"><img loading=\"lazy\" decoding=\"async\" class=\"alignnone wp-image-11905\" src=\"https:\/\/phukienflytech.vn\/wp-content\/uploads\/2020\/06\/vo-bung-phantom-4-chinh-hang-dji-6512-2-400x400.jpg\" alt=\"Orginal-Bottom-Shell-of-Phantom-4-1\" width=\"427\" height=\"427\" srcset=\"https:\/\/phukienflytech.vn\/wp-content\/uploads\/2020\/06\/vo-bung-phantom-4-chinh-hang-dji-6512-2-400x400.jpg 400w, https:\/\/phukienflytech.vn\/wp-content\/uploads\/2020\/06\/vo-bung-phantom-4-chinh-hang-dji-6512-2-280x280.jpg 280w, https:\/\/phukienflytech.vn\/wp-content\/uploads\/2020\/06\/vo-bung-phantom-4-chinh-hang-dji-6512-2-768x768.jpg 768w, https:\/\/phukienflytech.vn\/wp-content\/uploads\/2020\/06\/vo-bung-phantom-4-chinh-hang-dji-6512-2-800x800.jpg 800w, https:\/\/phukienflytech.vn\/wp-content\/uploads\/2020\/06\/vo-bung-phantom-4-chinh-hang-dji-6512-2-300x300.jpg 300w, https:\/\/phukienflytech.vn\/wp-content\/uploads\/2020\/06\/vo-bung-phantom-4-chinh-hang-dji-6512-2-600x600.jpg 600w, https:\/\/phukienflytech.vn\/wp-content\/uploads\/2020\/06\/vo-bung-phantom-4-chinh-hang-dji-6512-2-100x100.jpg 100w, https:\/\/phukienflytech.vn\/wp-content\/uploads\/2020\/06\/vo-bung-phantom-4-chinh-hang-dji-6512-2.jpg 900w\" sizes=\"auto, (max-width: 427px) 100vw, 427px\" \/><\/span><\/p>\n<p>&nbsp;<\/p>\n<p><span style=\"font-size: 18px;\">Trong qu\u00e1 tr\u00ecnh\u00a0 bay v\u00e0 s\u1eed d\u1ee5ng th\u00ec kh\u00f4ng th\u1ec3 tr\u00e1nh \u0111\u01b0\u1ee3c nh\u1eefng s\u1ef1 c\u1ed1 va ch\u1ea1m, r\u01a1i r\u1ee5ng d\u1eabn t\u1edbi ph\u1ea7n\u00a0<strong>v\u1ecf l\u01b0ng Phantom 4<\/strong>,\u00a0<strong>v\u1ecf b\u1ee5ng Phantom 4<\/strong>\u00a0b\u1ecb h\u01b0 h\u1ecfng v\u00e0 ph\u1ea3i ti\u1ebfn h\u00e0nh thay th\u1ebf s\u1eeda ch\u1eefa.<\/span><\/p>\n<p><span style=\"font-size: 18px;\">Nhu c\u1ea7u\u00a0<strong>s\u1eeda ch\u1eefa v\u00e0 t\u00ecm mua linh ki\u1ec7n, ph\u1ee5 ki\u1ec7n flycam<\/strong>\u00a0l\u00e0 r\u1ea5t l\u1edbn \u0111\u1ed3ng ngh\u0129a v\u1edbi vi\u1ec7c s\u1ebd c\u00f3 nhi\u1ec1u ngu\u1ed3n cung c\u1ea5p linh ki\u1ec7n, ph\u1ee5 ki\u1ec7n khi\u1ebfn ch\u00fang ta l\u1ea1c v\u00e0o ma tr\u1eadn linh ki\u1ec7n thay th\u1ebf.<\/span><\/p>\n<p>&nbsp;<\/p>\n<p><span style=\"font-size: 18px;\"><img loading=\"lazy\" decoding=\"async\" class=\"alignnone wp-image-11909\" src=\"https:\/\/phukienflytech.vn\/wp-content\/uploads\/2020\/06\/vo-bung-phantom-4-chinh-hang-dji-6512-1-1-601x400.jpg\" alt=\"Orginal-Bottom-Shell-of-Phantom-4\" width=\"514\" height=\"342\" srcset=\"https:\/\/phukienflytech.vn\/wp-content\/uploads\/2020\/06\/vo-bung-phantom-4-chinh-hang-dji-6512-1-1-601x400.jpg 601w, https:\/\/phukienflytech.vn\/wp-content\/uploads\/2020\/06\/vo-bung-phantom-4-chinh-hang-dji-6512-1-1-768x512.jpg 768w, https:\/\/phukienflytech.vn\/wp-content\/uploads\/2020\/06\/vo-bung-phantom-4-chinh-hang-dji-6512-1-1-600x400.jpg 600w, https:\/\/phukienflytech.vn\/wp-content\/uploads\/2020\/06\/vo-bung-phantom-4-chinh-hang-dji-6512-1-1.jpg 1030w\" sizes=\"auto, (max-width: 514px) 100vw, 514px\" \/><\/span><\/p>\n<p>&nbsp;<\/p>\n<p><span style=\"font-size: 18px;\"><strong>Ph\u1ea7n b\u1ee5ng c\u1ee7a DJI Phantom 4<\/strong>\u00a0l\u00e0 m\u1ed9t n\u01a1i quan tr\u1ecdng v\u00ec \u0111\u00f3 l\u00e0 n\u01a1i ch\u01b0a c\u00e1c c\u1ea3m bi\u1ebfn c\u0169ng nh\u01b0 \u0111\u1ed9ng c\u01a1 c\u00e1nh qu\u1ea1t. V\u00ec th\u1ebf khi xu\u1ea5t hi\u1ec7n hi\u1ec7n t\u01b0\u1ee3ng h\u1ecfng, n\u1ee9t, g\u00e3y,&#8230; b\u1ea1n n\u00ean mua m\u1ed9t b\u1ed9\u00a0<strong>v\u1ecf b\u1ee5ng DJI Phantom 4<\/strong>\u00a0m\u1edbi \u0111\u1ec3 thay th\u1ebf.\u00a0<\/span><\/p>\n<h2><span style=\"font-size: 21px;\"><strong><span style=\"color: #0000ff;\">Mua v\u1ecf b\u1ee5ng Phantom 4 \u1edf \u0111\u00e2u?\u00a0<\/span><\/strong><\/span><\/h2>\n<p><span style=\"font-size: 18px;\">Hi\u1ec7n nay tr\u00ean th\u1ecb tr\u01b0\u1eddng c\u00f3 nhi\u1ec1u s\u1ea3n ph\u1ea9m\u00a0<strong>linh<\/strong>\u00a0<strong>ph\u1ee5 ki\u1ec7n V\u1ecf l\u01b0ng phantom 4<\/strong>\u00a0 t\u1eeb h\u00e3ng th\u1ee9 3. So v\u1ec1 gi\u00e1 c\u00f3 th\u1ec3 t\u1ed1t h\u01a1n so v\u1edbi nh\u1eefng\u00a0<strong>linh ki\u1ec7n ch\u00ednh h\u00e3ng DJI<\/strong>. Nh\u01b0ng v\u00ea m\u1eb7t th\u00f4ng s\u1ed1 k\u1ef9 thu\u1eadt s\u1ebd kh\u00f4ng th\u1ec3 \u0111\u00fang nh\u01b0 t\u1eeb ph\u00eda Nh\u00e0 s\u1ea3n xu\u1ea5t.<\/span><\/p>\n<p><span style=\"font-size: 18px;\">V\u00ec th\u1ebf h\u00e3y ch\u1ecdn mua nh\u1eefng\u00a0<strong>linh ki\u1ec7n ch\u00ednh h\u00e3ng<\/strong>\u00a0c\u00f3 xu\u1ea5t x\u1ee9 r\u00f5 r\u00e0ng vi\u1ec7c thay th\u1ebf s\u1ebd tr\u1edf\u00a0 n\u00ean d\u1ec5 d\u00e0ng v\u00e0 an to\u00e0n h\u01a1n cho chi\u1ebfc flycam c\u1ee7a b\u1ea1n.<\/span><\/p>\n<p><span style=\"font-size: 18px;\"><strong>Ph\u1ee5 ki\u1ec7n Flycam Gi\u00e1 t\u1ed1t<\/strong>\u00a0chuy\u00ean cung c\u1ea5p c\u00e1c linh ki\u1ec7n thay th\u1ebf ch\u00ednh h\u00e3ng DJI c\u1ee7a c\u00e1c d\u00f2ng flycam\u00a0<a href=\"https:\/\/phukienflytech.vn\/danh-muc\/linh-kien-flycam-dji\/linh-kien-dji-mavic.html\" target=\"_blank\" rel=\"noopener noreferrer\"><strong>DJI Mavic series<\/strong><\/a>,\u00a0<a href=\"https:\/\/phukienflytech.vn\/danh-muc\/linh-kien-flycam-dji\/linh-kien-dji-phantom-3.html\" target=\"_blank\" rel=\"noopener noreferrer\"><strong>DJI Phantom 3<\/strong><\/a>,\u00a0<a href=\"https:\/\/phukienflytech.vn\/danh-muc\/linh-kien-flycam-dji\/linh-kien-dji-phantom-4.html\" target=\"_blank\" rel=\"noopener noreferrer\"><strong>DJI Phantom 4<\/strong><\/a>,\u2026 v\u00e0\u00a0<a href=\"https:\/\/phukienflytech.vn\/en\/dich-vu-sua-chua-flycam.html\" target=\"_blank\" rel=\"noopener noreferrer\"><strong>d\u1ecbch v\u1ee5 s\u1eeda ch\u1eefa flycam uy t\u00edn, \u0111\u1ea3m b\u1ea3o v\u00e0 ch\u1ea5t l\u01b0\u1ee3ng.<\/strong><\/a><\/span><\/p>\n<p><span style=\"font-size: 18px;\">H\u00e3y \u0111\u1ec3<a href=\"https:\/\/www.facebook.com\/phukienflycam\/?eid=ARCBQ0q12-UOhL1gpeDFhnjm3HjlPSUqIz1ct1Ga5JrKpqFStQo353trGLZf0uATv1_nR7erjs8t17n_\" target=\"_blank\" rel=\"noopener noreferrer\">\u00a0<strong>Ph\u1ee5 Ki\u1ec7n Fly-cam Gi\u00e1 T\u1ed1t<\/strong><\/a>\u00a0ti\u1ebfp s\u1ee9c \u0111am m\u00ea, c\u00f4ng vi\u1ec7c c\u1ee7a b\u1ea1n, gi\u00fap b\u1ea1n th\u00eam ni\u1ec1m h\u1ee9ng kh\u1edfi trong \u0111am m\u00ea c\u0169ng nh\u01b0 c\u00f4ng vi\u1ec7c c\u1ee7a m\u00ecnh th\u00eam su\u00f4n s\u1ebb<\/span><\/p>\n<p><span style=\"font-size: 18px;\">Nh\u00e0 s\u1ea3n xu\u1ea5t :\u00a0<strong>DJI<\/strong>\u00a0\u2013 l\u00e0 m\u1ed9t trong nh\u1eefng Vendor cung c\u1ea5p c\u00e1c ph\u1ee5 ki\u1ec7n, linh ki\u1ec7n thay th\u1ebf cho\u00a0<strong>DJI Flycam<\/strong>.<\/span><\/p>\n","protected":false},"excerpt":{"rendered":"<p>Orginal Bottom Shell of Phantom 4 Orginal Bottom Shell of Phantom 4 \u0110\u1ec3 thay v\u1ecf b\u1ee5ng phantom 4 &gt;&gt; H\u00e3y li\u00ean h\u1ec7 tr\u1ef1c ti\u1ebfp v\u1edbi ch\u00fang t\u00f4i \u0111\u1ec3 \u0111\u01b0\u1ee3c h\u01b0\u1edbng d\u1eabn c\u1ee5 th\u1ec3 c\u00e1ch s\u1eeda v\u00e0 thay &nbsp; Linh ki\u1ec7n thay th\u1ebf DJI Phantom 4 &#8211; Ch\u00ednh h\u00e3ng\u00a0 DJI Phantom 4\u00a0c\u00f3 m\u1ed9t thi\u1ebft k\u1ebf v\u00e0 &#8230;<\/p>\n","protected":false},"featured_media":7117,"comment_status":"open","ping_status":"closed","template":"","meta":{"_acf_changed":false},"product_brand":[],"product_cat":[182],"product_tag":[206,227],"class_list":{"0":"post-6517","1":"product","2":"type-product","3":"status-publish","4":"has-post-thumbnail","6":"product_cat-phantom-4-accessory","7":"product_tag-phu-kien-dji-en","8":"product_tag-phu-kien-phantom-4-en","10":"first","11":"instock","12":"shipping-taxable","13":"purchasable","14":"product-type-simple"},"acf":[],"yoast_head":"<!-- This site is optimized with the Yoast SEO plugin v25.7 - https:\/\/yoast.com\/wordpress\/plugins\/seo\/ -->\n<title>Orginal Bottom Shell of Phantom 4 - DJI - phantom accessory - available.<\/title>\n<meta name=\"description\" content=\"Orginal Bottom Shell of Phantom 4 is one of the most important accessory. Contact us to buy it for best price, fast shipping in Vietnam.\" \/>\n<meta name=\"robots\" content=\"index, follow, max-snippet:-1, max-image-preview:large, max-video-preview:-1\" \/>\n<link rel=\"canonical\" href=\"https:\/\/phukienflytech.vn\/en\/san-pham\/orginal-bottom-shell-of-phantom-4.html\" \/>\n<meta property=\"og:locale\" content=\"en_US\" \/>\n<meta property=\"og:type\" content=\"article\" \/>\n<meta property=\"og:title\" content=\"Orginal Bottom Shell of Phantom 4 - DJI - phantom accessory - available.\" \/>\n<meta property=\"og:description\" content=\"Orginal Bottom Shell of Phantom 4 is one of the most important accessory. Contact us to buy it for best price, fast shipping in Vietnam.\" \/>\n<meta property=\"og:url\" content=\"https:\/\/phukienflytech.vn\/en\/san-pham\/orginal-bottom-shell-of-phantom-4.html\" \/>\n<meta property=\"og:site_name\" content=\"Shop M\u00e1y \u1ea3nh - Action Camera - Gimbal - Flycam - Ph\u1ee5 ki\u1ec7n\" \/>\n<meta property=\"article:publisher\" content=\"https:\/\/facebook.com\/phukienflycam\" \/>\n<meta property=\"article:modified_time\" content=\"2020-10-16T12:14:11+00:00\" \/>\n<meta property=\"og:image\" content=\"https:\/\/phukienflytech.vn\/wp-content\/uploads\/2020\/06\/300x300_vo-giua-phantom-4-1_-_Copy_2.jpg\" \/>\n\t<meta property=\"og:image:width\" content=\"300\" \/>\n\t<meta property=\"og:image:height\" content=\"300\" \/>\n\t<meta property=\"og:image:type\" content=\"image\/jpeg\" \/>\n<meta name=\"twitter:card\" content=\"summary_large_image\" \/>\n<meta name=\"twitter:label1\" content=\"Est. reading time\" \/>\n\t<meta name=\"twitter:data1\" content=\"3 minutes\" \/>\n<script type=\"application\/ld+json\" class=\"yoast-schema-graph\">{\"@context\":\"https:\/\/schema.org\",\"@graph\":[{\"@type\":\"WebPage\",\"@id\":\"https:\/\/phukienflytech.vn\/en\/san-pham\/orginal-bottom-shell-of-phantom-4.html\",\"url\":\"https:\/\/phukienflytech.vn\/en\/san-pham\/orginal-bottom-shell-of-phantom-4.html\",\"name\":\"Orginal Bottom Shell of Phantom 4 - DJI - phantom accessory - available.\",\"isPartOf\":{\"@id\":\"https:\/\/phukienflytech.vn\/#website\"},\"primaryImageOfPage\":{\"@id\":\"https:\/\/phukienflytech.vn\/en\/san-pham\/orginal-bottom-shell-of-phantom-4.html#primaryimage\"},\"image\":{\"@id\":\"https:\/\/phukienflytech.vn\/en\/san-pham\/orginal-bottom-shell-of-phantom-4.html#primaryimage\"},\"thumbnailUrl\":\"https:\/\/phukienflytech.vn\/wp-content\/uploads\/2020\/06\/300x300_vo-giua-phantom-4-1_-_Copy_2.jpg\",\"datePublished\":\"2020-06-16T09:05:00+00:00\",\"dateModified\":\"2020-10-16T12:14:11+00:00\",\"description\":\"Orginal Bottom Shell of Phantom 4 is one of the most important accessory. Contact us to buy it for best price, fast shipping in Vietnam.\",\"breadcrumb\":{\"@id\":\"https:\/\/phukienflytech.vn\/en\/san-pham\/orginal-bottom-shell-of-phantom-4.html#breadcrumb\"},\"inLanguage\":\"en-US\",\"potentialAction\":[{\"@type\":\"ReadAction\",\"target\":[\"https:\/\/phukienflytech.vn\/en\/san-pham\/orginal-bottom-shell-of-phantom-4.html\"]}]},{\"@type\":\"ImageObject\",\"inLanguage\":\"en-US\",\"@id\":\"https:\/\/phukienflytech.vn\/en\/san-pham\/orginal-bottom-shell-of-phantom-4.html#primaryimage\",\"url\":\"https:\/\/phukienflytech.vn\/wp-content\/uploads\/2020\/06\/300x300_vo-giua-phantom-4-1_-_Copy_2.jpg\",\"contentUrl\":\"https:\/\/phukienflytech.vn\/wp-content\/uploads\/2020\/06\/300x300_vo-giua-phantom-4-1_-_Copy_2.jpg\",\"width\":300,\"height\":300},{\"@type\":\"BreadcrumbList\",\"@id\":\"https:\/\/phukienflytech.vn\/en\/san-pham\/orginal-bottom-shell-of-phantom-4.html#breadcrumb\",\"itemListElement\":[{\"@type\":\"ListItem\",\"position\":1,\"name\":\"Home\",\"item\":\"https:\/\/phukienflytech.vn\/en\"},{\"@type\":\"ListItem\",\"position\":2,\"name\":\"Ph\u1ee5 ki\u1ec7n Mavic Pro\",\"item\":\"https:\/\/phukienflytech.vn\/en\/phu-kien-mavic-pro.html\"},{\"@type\":\"ListItem\",\"position\":3,\"name\":\"DJI Osmo &amp; Drone's accessories\",\"item\":\"https:\/\/phukienflytech.vn\/en\/danh-muc\/dji-osmo-drones-accessories.html\"},{\"@type\":\"ListItem\",\"position\":4,\"name\":\"Ph\u1ee5 ki\u1ec7n flycam Phantom 4\",\"item\":\"https:\/\/phukienflytech.vn\/en\/danh-muc\/phantom-4-accessory.html\"},{\"@type\":\"ListItem\",\"position\":5,\"name\":\"Orginal Bottom Shell of Phantom 4\"}]},{\"@type\":\"WebSite\",\"@id\":\"https:\/\/phukienflytech.vn\/#website\",\"url\":\"https:\/\/phukienflytech.vn\/\",\"name\":\"Shop M\u00e1y \u1ea3nh - Action Camera - Gimbal - Flycam - Ph\u1ee5 ki\u1ec7n\",\"description\":\"Shop M\u00e1y \u1ea3nh - Action Camera - Gimbal - Flycam - Ph\u1ee5 ki\u1ec7n\",\"publisher\":{\"@id\":\"https:\/\/phukienflytech.vn\/#organization\"},\"potentialAction\":[{\"@type\":\"SearchAction\",\"target\":{\"@type\":\"EntryPoint\",\"urlTemplate\":\"https:\/\/phukienflytech.vn\/?s={search_term_string}\"},\"query-input\":{\"@type\":\"PropertyValueSpecification\",\"valueRequired\":true,\"valueName\":\"search_term_string\"}}],\"inLanguage\":\"en-US\"},{\"@type\":\"Organization\",\"@id\":\"https:\/\/phukienflytech.vn\/#organization\",\"name\":\"DJI Store - Shop Drone, Action camera, Gimbal DJI |Phukienflytech\",\"alternateName\":\"DJI Store - Shop Drone, Action camera, Gimbal DJI |Phukienflytech\",\"url\":\"https:\/\/phukienflytech.vn\/\",\"logo\":{\"@type\":\"ImageObject\",\"inLanguage\":\"en-US\",\"@id\":\"https:\/\/phukienflytech.vn\/#\/schema\/logo\/image\/\",\"url\":\"https:\/\/phukienflytech.vn\/wp-content\/uploads\/2020\/05\/hAnh_nan.jpg1_.jpg\",\"contentUrl\":\"https:\/\/phukienflytech.vn\/wp-content\/uploads\/2020\/05\/hAnh_nan.jpg1_.jpg\",\"width\":800,\"height\":450,\"caption\":\"DJI Store - Shop Drone, Action camera, Gimbal DJI |Phukienflytech\"},\"image\":{\"@id\":\"https:\/\/phukienflytech.vn\/#\/schema\/logo\/image\/\"},\"sameAs\":[\"https:\/\/facebook.com\/phukienflycam\",\"https:\/\/www.youtube.com\/@phukienflytech\",\"https:\/\/www.tiktok.com\/@flytech.channel?fbclid=IwY2xjawGjg7BleHRuA2FlbQIxMAABHYVGmlXpuSMs0UB2zTpYvyT4GMVfN2qJa4urF4vkSQ6FAVBwXZtDP30qQA_aem_UwMiDcUvlEbd2tXAmsc8Og\"]}]}<\/script>\n<!-- \/ Yoast SEO plugin. -->","yoast_head_json":{"title":"Orginal Bottom Shell of Phantom 4 - DJI - phantom accessory - available.","description":"Orginal Bottom Shell of Phantom 4 is one of the most important accessory. Contact us to buy it for best price, fast shipping in Vietnam.","robots":{"index":"index","follow":"follow","max-snippet":"max-snippet:-1","max-image-preview":"max-image-preview:large","max-video-preview":"max-video-preview:-1"},"canonical":"https:\/\/phukienflytech.vn\/en\/san-pham\/orginal-bottom-shell-of-phantom-4.html","og_locale":"en_US","og_type":"article","og_title":"Orginal Bottom Shell of Phantom 4 - DJI - phantom accessory - available.","og_description":"Orginal Bottom Shell of Phantom 4 is one of the most important accessory. Contact us to buy it for best price, fast shipping in Vietnam.","og_url":"https:\/\/phukienflytech.vn\/en\/san-pham\/orginal-bottom-shell-of-phantom-4.html","og_site_name":"Shop M\u00e1y \u1ea3nh - Action Camera - Gimbal - Flycam - Ph\u1ee5 ki\u1ec7n","article_publisher":"https:\/\/facebook.com\/phukienflycam","article_modified_time":"2020-10-16T12:14:11+00:00","og_image":[{"width":300,"height":300,"url":"https:\/\/phukienflytech.vn\/wp-content\/uploads\/2020\/06\/300x300_vo-giua-phantom-4-1_-_Copy_2.jpg","type":"image\/jpeg"}],"twitter_card":"summary_large_image","twitter_misc":{"Est. reading time":"3 minutes"},"schema":{"@context":"https:\/\/schema.org","@graph":[{"@type":"WebPage","@id":"https:\/\/phukienflytech.vn\/en\/san-pham\/orginal-bottom-shell-of-phantom-4.html","url":"https:\/\/phukienflytech.vn\/en\/san-pham\/orginal-bottom-shell-of-phantom-4.html","name":"Orginal Bottom Shell of Phantom 4 - DJI - phantom accessory - available.","isPartOf":{"@id":"https:\/\/phukienflytech.vn\/#website"},"primaryImageOfPage":{"@id":"https:\/\/phukienflytech.vn\/en\/san-pham\/orginal-bottom-shell-of-phantom-4.html#primaryimage"},"image":{"@id":"https:\/\/phukienflytech.vn\/en\/san-pham\/orginal-bottom-shell-of-phantom-4.html#primaryimage"},"thumbnailUrl":"https:\/\/phukienflytech.vn\/wp-content\/uploads\/2020\/06\/300x300_vo-giua-phantom-4-1_-_Copy_2.jpg","datePublished":"2020-06-16T09:05:00+00:00","dateModified":"2020-10-16T12:14:11+00:00","description":"Orginal Bottom Shell of Phantom 4 is one of the most important accessory. Contact us to buy it for best price, fast shipping in Vietnam.","breadcrumb":{"@id":"https:\/\/phukienflytech.vn\/en\/san-pham\/orginal-bottom-shell-of-phantom-4.html#breadcrumb"},"inLanguage":"en-US","potentialAction":[{"@type":"ReadAction","target":["https:\/\/phukienflytech.vn\/en\/san-pham\/orginal-bottom-shell-of-phantom-4.html"]}]},{"@type":"ImageObject","inLanguage":"en-US","@id":"https:\/\/phukienflytech.vn\/en\/san-pham\/orginal-bottom-shell-of-phantom-4.html#primaryimage","url":"https:\/\/phukienflytech.vn\/wp-content\/uploads\/2020\/06\/300x300_vo-giua-phantom-4-1_-_Copy_2.jpg","contentUrl":"https:\/\/phukienflytech.vn\/wp-content\/uploads\/2020\/06\/300x300_vo-giua-phantom-4-1_-_Copy_2.jpg","width":300,"height":300},{"@type":"BreadcrumbList","@id":"https:\/\/phukienflytech.vn\/en\/san-pham\/orginal-bottom-shell-of-phantom-4.html#breadcrumb","itemListElement":[{"@type":"ListItem","position":1,"name":"Home","item":"https:\/\/phukienflytech.vn\/en"},{"@type":"ListItem","position":2,"name":"Ph\u1ee5 ki\u1ec7n Mavic Pro","item":"https:\/\/phukienflytech.vn\/en\/phu-kien-mavic-pro.html"},{"@type":"ListItem","position":3,"name":"DJI Osmo &amp; Drone's accessories","item":"https:\/\/phukienflytech.vn\/en\/danh-muc\/dji-osmo-drones-accessories.html"},{"@type":"ListItem","position":4,"name":"Ph\u1ee5 ki\u1ec7n flycam Phantom 4","item":"https:\/\/phukienflytech.vn\/en\/danh-muc\/phantom-4-accessory.html"},{"@type":"ListItem","position":5,"name":"Orginal Bottom Shell of Phantom 4"}]},{"@type":"WebSite","@id":"https:\/\/phukienflytech.vn\/#website","url":"https:\/\/phukienflytech.vn\/","name":"Shop M\u00e1y \u1ea3nh - Action Camera - Gimbal - Flycam - Ph\u1ee5 ki\u1ec7n","description":"Shop M\u00e1y \u1ea3nh - Action Camera - Gimbal - Flycam - Ph\u1ee5 ki\u1ec7n","publisher":{"@id":"https:\/\/phukienflytech.vn\/#organization"},"potentialAction":[{"@type":"SearchAction","target":{"@type":"EntryPoint","urlTemplate":"https:\/\/phukienflytech.vn\/?s={search_term_string}"},"query-input":{"@type":"PropertyValueSpecification","valueRequired":true,"valueName":"search_term_string"}}],"inLanguage":"en-US"},{"@type":"Organization","@id":"https:\/\/phukienflytech.vn\/#organization","name":"DJI Store - Shop Drone, Action camera, Gimbal DJI |Phukienflytech","alternateName":"DJI Store - Shop Drone, Action camera, Gimbal DJI |Phukienflytech","url":"https:\/\/phukienflytech.vn\/","logo":{"@type":"ImageObject","inLanguage":"en-US","@id":"https:\/\/phukienflytech.vn\/#\/schema\/logo\/image\/","url":"https:\/\/phukienflytech.vn\/wp-content\/uploads\/2020\/05\/hAnh_nan.jpg1_.jpg","contentUrl":"https:\/\/phukienflytech.vn\/wp-content\/uploads\/2020\/05\/hAnh_nan.jpg1_.jpg","width":800,"height":450,"caption":"DJI Store - Shop Drone, Action camera, Gimbal DJI |Phukienflytech"},"image":{"@id":"https:\/\/phukienflytech.vn\/#\/schema\/logo\/image\/"},"sameAs":["https:\/\/facebook.com\/phukienflycam","https:\/\/www.youtube.com\/@phukienflytech","https:\/\/www.tiktok.com\/@flytech.channel?fbclid=IwY2xjawGjg7BleHRuA2FlbQIxMAABHYVGmlXpuSMs0UB2zTpYvyT4GMVfN2qJa4urF4vkSQ6FAVBwXZtDP30qQA_aem_UwMiDcUvlEbd2tXAmsc8Og"]}]}},"_links":{"self":[{"href":"https:\/\/phukienflytech.vn\/en\/wp-json\/wp\/v2\/product\/6517","targetHints":{"allow":["GET"]}}],"collection":[{"href":"https:\/\/phukienflytech.vn\/en\/wp-json\/wp\/v2\/product"}],"about":[{"href":"https:\/\/phukienflytech.vn\/en\/wp-json\/wp\/v2\/types\/product"}],"replies":[{"embeddable":true,"href":"https:\/\/phukienflytech.vn\/en\/wp-json\/wp\/v2\/comments?post=6517"}],"wp:featuredmedia":[{"embeddable":true,"href":"https:\/\/phukienflytech.vn\/en\/wp-json\/wp\/v2\/media\/7117"}],"wp:attachment":[{"href":"https:\/\/phukienflytech.vn\/en\/wp-json\/wp\/v2\/media?parent=6517"}],"wp:term":[{"taxonomy":"product_brand","embeddable":true,"href":"https:\/\/phukienflytech.vn\/en\/wp-json\/wp\/v2\/product_brand?post=6517"},{"taxonomy":"product_cat","embeddable":true,"href":"https:\/\/phukienflytech.vn\/en\/wp-json\/wp\/v2\/product_cat?post=6517"},{"taxonomy":"product_tag","embeddable":true,"href":"https:\/\/phukienflytech.vn\/en\/wp-json\/wp\/v2\/product_tag?post=6517"}],"curies":[{"name":"wp","href":"https:\/\/api.w.org\/{rel}","templated":true}]}}