{"id":6617,"date":"2020-06-24T15:42:59","date_gmt":"2020-06-24T08:42:59","guid":{"rendered":"http:\/\/27430.lamdx.vinawebsite.vn\/san-pham\/hub-sac-4-pin-mavic-pro.html"},"modified":"2021-01-16T09:22:05","modified_gmt":"2021-01-16T02:22:05","slug":"charging-hub-mavic-pro","status":"publish","type":"product","link":"https:\/\/phukienflytech.vn\/en\/san-pham\/charging-hub-mavic-pro.html","title":{"rendered":"Charging hub for Mavic pro"},"content":{"rendered":"<h2><span style=\"color: #0000ff;\"><em><strong>Charging hub Mavic pro<\/strong><\/em><\/span><\/h2>\n<p>&nbsp;<\/p>\n<p><span style=\"font-size: 18px;\">Charging hub Mavic pro<\/span><\/p>\n<p><span style=\"font-size: 18px;\"><img loading=\"lazy\" decoding=\"async\" class=\"alignnone wp-image-16030 size-full\" src=\"https:\/\/phukienflytech.vn\/wp-content\/uploads\/2020\/06\/hub-sac-4-pin-mavic-pro-6608-2-1.jpg\" alt=\"Charging-hub-Mavic-pro-9\" width=\"400\" height=\"386\" \/><\/span><\/p>\n<p><span style=\"font-size: 18px;\">C\u00f3 m\u1ed9t s\u1ef1 th\u1eadt kh\u00f4ng th\u1ec3 ch\u1ed1i c\u00e3i l\u00e0 khi ch\u00fang ta ch\u01a1i flycam DJI Mavic pro, ai ai c\u0169ng c\u00f3 cho m\u00ecnh t\u1eeb 2 t\u1edbi 3\u00a0<a href=\"http:\/\/phukienflytech.vn\/san-pham\/pin-mavic-pro-dji.html\" target=\"_blank\" rel=\"noopener noreferrer\">vi\u00ean pin<\/a>\u00a0\u0111\u1ec3 c\u00f3 th\u1ec3 th\u1ecfa m\u00e3n th\u1eddi gian \u0111am m\u00ea c\u0169ng nh\u01b0 l\u00e0 \u0111\u00e1p \u1ee9ng \u0111\u01b0\u1ee3c nhu c\u1ea7u quay film v\u00e0 ch\u1ee5p h\u00ecnh t\u1eeb tr\u00ean cao c\u1ee7a m\u00ecnh.<\/span><\/p>\n<p>&nbsp;<\/p>\n<p><img loading=\"lazy\" decoding=\"async\" class=\"alignnone size-medium wp-image-20665\" src=\"https:\/\/phukienflytech.vn\/wp-content\/uploads\/2020\/06\/hub_power_01-1-1-400x400.jpg\" alt=\"\" width=\"400\" height=\"400\" srcset=\"https:\/\/phukienflytech.vn\/wp-content\/uploads\/2020\/06\/hub_power_01-1-1-400x400.jpg 400w, https:\/\/phukienflytech.vn\/wp-content\/uploads\/2020\/06\/hub_power_01-1-1-800x800.jpg 800w, https:\/\/phukienflytech.vn\/wp-content\/uploads\/2020\/06\/hub_power_01-1-1-280x280.jpg 280w, https:\/\/phukienflytech.vn\/wp-content\/uploads\/2020\/06\/hub_power_01-1-1-768x768.jpg 768w, https:\/\/phukienflytech.vn\/wp-content\/uploads\/2020\/06\/hub_power_01-1-1-300x300.jpg 300w, https:\/\/phukienflytech.vn\/wp-content\/uploads\/2020\/06\/hub_power_01-1-1-600x600.jpg 600w, https:\/\/phukienflytech.vn\/wp-content\/uploads\/2020\/06\/hub_power_01-1-1-100x100.jpg 100w, https:\/\/phukienflytech.vn\/wp-content\/uploads\/2020\/06\/hub_power_01-1-1.jpg 1000w\" sizes=\"auto, (max-width: 400px) 100vw, 400px\" \/><\/p>\n<p>&nbsp;<\/p>\n<p><span style=\"font-size: 18px;\">Do v\u1eady, v\u1edbi b\u1ed9 s\u1ea1c g\u1ed1c theo m\u00e1y bay ch\u1ec9 \u0111\u00e1p \u1ee9ng s\u1ea1c 1 c\u1ee5c pin\u00a0 m\u1ed7i l\u1ea7n, v\u00e0 c\u1ee9 m\u1ed7i l\u1ea7n 1 c\u1ee5c pin s\u1ea1c \u0111\u1ea7y ta c\u1ea7n ph\u1ea3i th\u00e1o ra v\u00e0 l\u1eafp s\u1ea1c c\u1ee5c k\u1ebf ti\u1ebfp, c\u1ee9 nh\u01b0 v\u1eady ch\u00fang ta ph\u1ea3i c\u0103n th\u1eddi gian \u0111\u1ec3 thay th\u1ebf ch\u00fang cho t\u1edbi khi t\u1ea5t c\u1ea3 c\u00f9ng \u0111\u1ea7y. Nh\u01b0 v\u1eady th\u1eadt b\u1ea5t ti\u1ec7n, ch\u01b0a k\u1ec3 c\u00f3 nh\u1eefng h\u00f4m sau ch\u00fang ta c\u1ea7n quay nhi\u1ec1u, m\u00e0 \u0111\u00eam nay ta l\u1ea1i ph\u1ea3i s\u1ea1c t\u1eebng c\u1ee5c pin nh\u01b0 v\u1eady th\u00ec l\u00e0m sao c\u00f3 th\u1ec3 ng\u1ee7 ngon gi\u1ea5c<\/span><\/p>\n<p><span style=\"font-size: 18px;\"><img loading=\"lazy\" decoding=\"async\" src=\"https:\/\/phukienflytech.vn\/wp-content\/uploads\/2020\/06\/hub-sac-4-pin-mavic-pro-6608-1.jpg\" alt=\"\" width=\"355\" height=\"289\" \/><img loading=\"lazy\" decoding=\"async\" class=\"wp-image-16032 size-medium alignleft\" src=\"https:\/\/phukienflytech.vn\/wp-content\/uploads\/2020\/06\/hub-sac-4-pin-mavic-pro-6608-3-1-400x400.jpg\" alt=\"Charging-hub-Mavic-pro\" width=\"400\" height=\"400\" srcset=\"https:\/\/phukienflytech.vn\/wp-content\/uploads\/2020\/06\/hub-sac-4-pin-mavic-pro-6608-3-1.jpg 400w, https:\/\/phukienflytech.vn\/wp-content\/uploads\/2020\/06\/hub-sac-4-pin-mavic-pro-6608-3-1-280x280.jpg 280w, https:\/\/phukienflytech.vn\/wp-content\/uploads\/2020\/06\/hub-sac-4-pin-mavic-pro-6608-3-1-300x300.jpg 300w, https:\/\/phukienflytech.vn\/wp-content\/uploads\/2020\/06\/hub-sac-4-pin-mavic-pro-6608-3-1-100x100.jpg 100w\" sizes=\"auto, (max-width: 400px) 100vw, 400px\" \/><\/span><\/p>\n<p>&nbsp;<\/p>\n<p>&nbsp;<\/p>\n<p>&nbsp;<\/p>\n<p>&nbsp;<\/p>\n<p>&nbsp;<\/p>\n<p>&nbsp;<\/p>\n<p>&nbsp;<\/p>\n<p>&nbsp;<\/p>\n<p>&nbsp;<\/p>\n<p>&nbsp;<\/p>\n<p>&nbsp;<\/p>\n<p><span style=\"font-size: 18px;\">V\u00ec v\u1eady, h\u00e3y ngh\u0129 t\u1edbi gi\u1ea3i ph\u00e1p s\u1ea1c 4 c\u1ee5c pin trong c\u00f9ng m\u1ed9t l\u1ea7n c\u1eafm s\u1ea1c b\u1eb1ng\u00a0<strong>Hub s\u1ea1c 4 pin Mavic pro\u00a0<\/strong>l\u00e0 r\u1ea5t c\u1ea7n thi\u1ebft.Tuy kh\u00f4ng h\u1ed7 tr\u1ee3 s\u1ea1c nhanh nh\u01b0ng trong tr\u01b0\u01a1ng h\u1ee3p ta s\u1ea1c \u0111\u00eam s\u1ebd kh\u00f4ng c\u1ea7n ph\u1ea3i canh th\u1eddi gian t\u1eebng vi\u00ean pin \u0111\u1ea7y \u0111\u1ec3 thay th\u1ebf s\u1ea1c vi\u00ean kh\u00e1c, nh\u01b0 v\u1eady th\u1eadt b\u1ea5t ti\u1ec7n<\/span><\/p>\n<p>&nbsp;<\/p>\n<h2><em><strong><span style=\"font-size: 21px; color: #0000ff;\">Th\u00f4ng s\u1ed1 s\u1ea3n ph\u1ea9m :<\/span><\/strong><\/em><\/h2>\n<ul>\n<li><span style=\"font-size: 18px;\">Th\u1eddi gian s\u1ea1c: 250-270\u00a0ph\u00fat \/ 4 vi\u00ean pin<\/span><\/li>\n<li><span style=\"font-size: 18px;\">H\u1ed7 tr\u1ee3 s\u1ea1c nhanh: kh\u00f4ng<\/span><\/li>\n<li><span style=\"font-size: 18px;\">T\u1ea1i sao kh\u00f4ng?<\/span><\/li>\n<\/ul>\n<p><span style=\"font-size: 18px;\">C\u00f2n n\u1ebfu b\u1ea1n c\u00f2n \u0111ang b\u0103n kho\u0103n lo ngh\u0129 v\u1ec1 th\u1eddi gian s\u1ea1c, b\u1ea1n mu\u1ed1n th\u1eddi gian s\u1ea1c 3 vi\u00ean pin ch\u1ec9 nh\u01b0 th\u1eddi gian s\u1ea1c c\u1ee7a m\u1ed9t vi\u00ean pin th\u00ec h\u00e3y xem ngay\u00a0<strong><span style=\"color: #0000ff;\"><a style=\"color: #0000ff;\" href=\"http:\/\/phukienflytech.vn\/san-pham\/bo-sac-nhanh-mavic-pro.html\" target=\"_blank\" rel=\"noopener noreferrer\">B\u1ed9 s\u1ea1c nhanh\u00a0Mavic pro<\/a><\/span>\u00a0<\/strong>\u0111\u00e3 v\u00e0 \u0111ang l\u00e0m m\u01b0a l\u00e0m gi\u00f3 trong th\u1eddi gian g\u1ea7n \u0111\u00e2y<\/span><\/p>\n<p>&nbsp;<\/p>\n<p><img loading=\"lazy\" decoding=\"async\" class=\"alignnone size-medium wp-image-20658\" src=\"https:\/\/phukienflytech.vn\/wp-content\/uploads\/2020\/06\/RC538-E-10-main1-400x400.jpg\" alt=\"\" width=\"400\" height=\"400\" srcset=\"https:\/\/phukienflytech.vn\/wp-content\/uploads\/2020\/06\/RC538-E-10-main1-400x400.jpg 400w, https:\/\/phukienflytech.vn\/wp-content\/uploads\/2020\/06\/RC538-E-10-main1-800x800.jpg 800w, https:\/\/phukienflytech.vn\/wp-content\/uploads\/2020\/06\/RC538-E-10-main1-280x280.jpg 280w, https:\/\/phukienflytech.vn\/wp-content\/uploads\/2020\/06\/RC538-E-10-main1-768x768.jpg 768w, https:\/\/phukienflytech.vn\/wp-content\/uploads\/2020\/06\/RC538-E-10-main1-300x300.jpg 300w, https:\/\/phukienflytech.vn\/wp-content\/uploads\/2020\/06\/RC538-E-10-main1-600x600.jpg 600w, https:\/\/phukienflytech.vn\/wp-content\/uploads\/2020\/06\/RC538-E-10-main1-100x100.jpg 100w, https:\/\/phukienflytech.vn\/wp-content\/uploads\/2020\/06\/RC538-E-10-main1.jpg 1000w\" sizes=\"auto, (max-width: 400px) 100vw, 400px\" \/><\/p>\n<p>&nbsp;<\/p>\n<p><span style=\"font-size: 18px;\">H\u00e3y \u0111\u1ec3<span style=\"color: #0000ff;\">\u00a0<strong><a style=\"color: #0000ff;\" href=\"https:\/\/facebook.com\/phukienflycam\/\" target=\"_blank\" rel=\"noopener noreferrer\">Ph\u1ee5 Ki\u1ec7n Fly-cam Gi\u00e1 T\u1ed1t<\/a><\/strong><\/span>\u00a0ti\u1ebfp s\u1ee9c \u0111am m\u00ea, c\u00f4ng vi\u1ec7c c\u1ee7a b\u1ea1n, gi\u00fap b\u1ea1n th\u00eam ni\u1ec1m h\u1ee9ng kh\u1edfi trong \u0111am m\u00ea c\u0169ng nh\u01b0 c\u00f4ng vi\u1ec7c c\u1ee7a m\u00ecnh th\u00eam su\u00f4n s\u1ebb v\u00e0 c\u00f3 nh\u1eefng chuy\u1ebfn bay an to\u00e0n<\/span><\/p>\n<p><span style=\"font-size: 18px;\">Nh\u00e0 s\u1ea3n xu\u1ea5t: Sunnylife \u2013 Vendor chuy\u00ean cung c\u1ea5p ph\u1ee5 ki\u1ec7n, linh ki\u1ec7n cho DJI flycam<\/span><\/p>\n","protected":false},"excerpt":{"rendered":"<p>Charging hub Mavic pro &nbsp; Charging hub Mavic pro C\u00f3 m\u1ed9t s\u1ef1 th\u1eadt kh\u00f4ng th\u1ec3 ch\u1ed1i c\u00e3i l\u00e0 khi ch\u00fang ta ch\u01a1i flycam DJI Mavic pro, ai ai c\u0169ng c\u00f3 cho m\u00ecnh t\u1eeb 2 t\u1edbi 3\u00a0vi\u00ean pin\u00a0\u0111\u1ec3 c\u00f3 th\u1ec3 th\u1ecfa m\u00e3n th\u1eddi gian \u0111am m\u00ea c\u0169ng nh\u01b0 l\u00e0 \u0111\u00e1p \u1ee9ng \u0111\u01b0\u1ee3c nhu c\u1ea7u quay film &#8230;<\/p>\n","protected":false},"featured_media":20663,"comment_status":"open","ping_status":"closed","template":"","meta":{"_acf_changed":false},"product_brand":[],"product_cat":[178],"product_tag":[520,223],"class_list":{"0":"post-6617","1":"product","2":"type-product","3":"status-publish","4":"has-post-thumbnail","6":"product_cat-mavic-pro-accessory","7":"product_tag-hub-sac-4-pin-mavic-pro-en","8":"product_tag-phu-kien-mavic-pro-en","10":"first","11":"instock","12":"shipping-taxable","13":"purchasable","14":"product-type-simple"},"acf":[],"yoast_head":"<!-- This site is optimized with the Yoast SEO plugin v25.7 - https:\/\/yoast.com\/wordpress\/plugins\/seo\/ -->\n<title>Charging hub Mavic pro - Mavic pro accessory - Available - Original<\/title>\n<meta name=\"description\" content=\"Charging hub Mavic pro is one of the most important accessory. Contact us to buy Charging hub Mavic pro for best price, fast shipping\" \/>\n<meta name=\"robots\" content=\"index, follow, max-snippet:-1, max-image-preview:large, max-video-preview:-1\" \/>\n<link rel=\"canonical\" href=\"https:\/\/phukienflytech.vn\/en\/san-pham\/charging-hub-mavic-pro.html\" \/>\n<meta property=\"og:locale\" content=\"en_US\" \/>\n<meta property=\"og:type\" content=\"article\" \/>\n<meta property=\"og:title\" content=\"Charging hub Mavic pro - Mavic pro accessory - Available - Original\" \/>\n<meta property=\"og:description\" content=\"Charging hub Mavic pro is one of the most important accessory. Contact us to buy Charging hub Mavic pro for best price, fast shipping\" \/>\n<meta property=\"og:url\" content=\"https:\/\/phukienflytech.vn\/en\/san-pham\/charging-hub-mavic-pro.html\" \/>\n<meta property=\"og:site_name\" content=\"Shop M\u00e1y \u1ea3nh - Action Camera - Gimbal - Flycam - Ph\u1ee5 ki\u1ec7n\" \/>\n<meta property=\"article:publisher\" content=\"https:\/\/facebook.com\/phukienflycam\" \/>\n<meta property=\"article:modified_time\" content=\"2021-01-16T02:22:05+00:00\" \/>\n<meta property=\"og:image\" content=\"https:\/\/phukienflytech.vn\/wp-content\/uploads\/2020\/06\/s\u1ea1c-mavic-pro-Copy-2.png\" \/>\n\t<meta property=\"og:image:width\" content=\"300\" \/>\n\t<meta property=\"og:image:height\" content=\"237\" \/>\n\t<meta property=\"og:image:type\" content=\"image\/png\" \/>\n<meta name=\"twitter:card\" content=\"summary_large_image\" \/>\n<meta name=\"twitter:label1\" content=\"Est. reading time\" \/>\n\t<meta name=\"twitter:data1\" content=\"3 minutes\" \/>\n<script type=\"application\/ld+json\" class=\"yoast-schema-graph\">{\"@context\":\"https:\/\/schema.org\",\"@graph\":[{\"@type\":\"WebPage\",\"@id\":\"https:\/\/phukienflytech.vn\/en\/san-pham\/charging-hub-mavic-pro.html\",\"url\":\"https:\/\/phukienflytech.vn\/en\/san-pham\/charging-hub-mavic-pro.html\",\"name\":\"Charging hub Mavic pro - Mavic pro accessory - Available - Original\",\"isPartOf\":{\"@id\":\"https:\/\/phukienflytech.vn\/#website\"},\"primaryImageOfPage\":{\"@id\":\"https:\/\/phukienflytech.vn\/en\/san-pham\/charging-hub-mavic-pro.html#primaryimage\"},\"image\":{\"@id\":\"https:\/\/phukienflytech.vn\/en\/san-pham\/charging-hub-mavic-pro.html#primaryimage\"},\"thumbnailUrl\":\"https:\/\/phukienflytech.vn\/wp-content\/uploads\/2020\/06\/s\u1ea1c-mavic-pro-Copy-2.png\",\"datePublished\":\"2020-06-24T08:42:59+00:00\",\"dateModified\":\"2021-01-16T02:22:05+00:00\",\"description\":\"Charging hub Mavic pro is one of the most important accessory. Contact us to buy Charging hub Mavic pro for best price, fast shipping\",\"breadcrumb\":{\"@id\":\"https:\/\/phukienflytech.vn\/en\/san-pham\/charging-hub-mavic-pro.html#breadcrumb\"},\"inLanguage\":\"en-US\",\"potentialAction\":[{\"@type\":\"ReadAction\",\"target\":[\"https:\/\/phukienflytech.vn\/en\/san-pham\/charging-hub-mavic-pro.html\"]}]},{\"@type\":\"ImageObject\",\"inLanguage\":\"en-US\",\"@id\":\"https:\/\/phukienflytech.vn\/en\/san-pham\/charging-hub-mavic-pro.html#primaryimage\",\"url\":\"https:\/\/phukienflytech.vn\/wp-content\/uploads\/2020\/06\/s\u1ea1c-mavic-pro-Copy-2.png\",\"contentUrl\":\"https:\/\/phukienflytech.vn\/wp-content\/uploads\/2020\/06\/s\u1ea1c-mavic-pro-Copy-2.png\",\"width\":300,\"height\":237},{\"@type\":\"BreadcrumbList\",\"@id\":\"https:\/\/phukienflytech.vn\/en\/san-pham\/charging-hub-mavic-pro.html#breadcrumb\",\"itemListElement\":[{\"@type\":\"ListItem\",\"position\":1,\"name\":\"Home\",\"item\":\"https:\/\/phukienflytech.vn\/en\"},{\"@type\":\"ListItem\",\"position\":2,\"name\":\"Ph\u1ee5 ki\u1ec7n Mavic Pro\",\"item\":\"https:\/\/phukienflytech.vn\/en\/phu-kien-mavic-pro.html\"},{\"@type\":\"ListItem\",\"position\":3,\"name\":\"DJI Osmo &amp; Drone's accessories\",\"item\":\"https:\/\/phukienflytech.vn\/en\/danh-muc\/dji-osmo-drones-accessories.html\"},{\"@type\":\"ListItem\",\"position\":4,\"name\":\"Mavic Pro Accessory\",\"item\":\"https:\/\/phukienflytech.vn\/en\/danh-muc\/mavic-pro-accessory.html\"},{\"@type\":\"ListItem\",\"position\":5,\"name\":\"Charging hub for Mavic pro\"}]},{\"@type\":\"WebSite\",\"@id\":\"https:\/\/phukienflytech.vn\/#website\",\"url\":\"https:\/\/phukienflytech.vn\/\",\"name\":\"Shop M\u00e1y \u1ea3nh - Action Camera - Gimbal - Flycam - Ph\u1ee5 ki\u1ec7n\",\"description\":\"Shop M\u00e1y \u1ea3nh - Action Camera - Gimbal - Flycam - Ph\u1ee5 ki\u1ec7n\",\"publisher\":{\"@id\":\"https:\/\/phukienflytech.vn\/#organization\"},\"potentialAction\":[{\"@type\":\"SearchAction\",\"target\":{\"@type\":\"EntryPoint\",\"urlTemplate\":\"https:\/\/phukienflytech.vn\/?s={search_term_string}\"},\"query-input\":{\"@type\":\"PropertyValueSpecification\",\"valueRequired\":true,\"valueName\":\"search_term_string\"}}],\"inLanguage\":\"en-US\"},{\"@type\":\"Organization\",\"@id\":\"https:\/\/phukienflytech.vn\/#organization\",\"name\":\"DJI Store - Shop Drone, Action camera, Gimbal DJI |Phukienflytech\",\"alternateName\":\"DJI Store - Shop Drone, Action camera, Gimbal DJI |Phukienflytech\",\"url\":\"https:\/\/phukienflytech.vn\/\",\"logo\":{\"@type\":\"ImageObject\",\"inLanguage\":\"en-US\",\"@id\":\"https:\/\/phukienflytech.vn\/#\/schema\/logo\/image\/\",\"url\":\"https:\/\/phukienflytech.vn\/wp-content\/uploads\/2020\/05\/hAnh_nan.jpg1_.jpg\",\"contentUrl\":\"https:\/\/phukienflytech.vn\/wp-content\/uploads\/2020\/05\/hAnh_nan.jpg1_.jpg\",\"width\":800,\"height\":450,\"caption\":\"DJI Store - Shop Drone, Action camera, Gimbal DJI |Phukienflytech\"},\"image\":{\"@id\":\"https:\/\/phukienflytech.vn\/#\/schema\/logo\/image\/\"},\"sameAs\":[\"https:\/\/facebook.com\/phukienflycam\",\"https:\/\/www.youtube.com\/@phukienflytech\",\"https:\/\/www.tiktok.com\/@flytech.channel?fbclid=IwY2xjawGjg7BleHRuA2FlbQIxMAABHYVGmlXpuSMs0UB2zTpYvyT4GMVfN2qJa4urF4vkSQ6FAVBwXZtDP30qQA_aem_UwMiDcUvlEbd2tXAmsc8Og\"]}]}<\/script>\n<!-- \/ Yoast SEO plugin. -->","yoast_head_json":{"title":"Charging hub Mavic pro - Mavic pro accessory - Available - Original","description":"Charging hub Mavic pro is one of the most important accessory. Contact us to buy Charging hub Mavic pro for best price, fast shipping","robots":{"index":"index","follow":"follow","max-snippet":"max-snippet:-1","max-image-preview":"max-image-preview:large","max-video-preview":"max-video-preview:-1"},"canonical":"https:\/\/phukienflytech.vn\/en\/san-pham\/charging-hub-mavic-pro.html","og_locale":"en_US","og_type":"article","og_title":"Charging hub Mavic pro - Mavic pro accessory - Available - Original","og_description":"Charging hub Mavic pro is one of the most important accessory. Contact us to buy Charging hub Mavic pro for best price, fast shipping","og_url":"https:\/\/phukienflytech.vn\/en\/san-pham\/charging-hub-mavic-pro.html","og_site_name":"Shop M\u00e1y \u1ea3nh - Action Camera - Gimbal - Flycam - Ph\u1ee5 ki\u1ec7n","article_publisher":"https:\/\/facebook.com\/phukienflycam","article_modified_time":"2021-01-16T02:22:05+00:00","og_image":[{"width":300,"height":237,"url":"https:\/\/phukienflytech.vn\/wp-content\/uploads\/2020\/06\/s\u1ea1c-mavic-pro-Copy-2.png","type":"image\/png"}],"twitter_card":"summary_large_image","twitter_misc":{"Est. reading time":"3 minutes"},"schema":{"@context":"https:\/\/schema.org","@graph":[{"@type":"WebPage","@id":"https:\/\/phukienflytech.vn\/en\/san-pham\/charging-hub-mavic-pro.html","url":"https:\/\/phukienflytech.vn\/en\/san-pham\/charging-hub-mavic-pro.html","name":"Charging hub Mavic pro - Mavic pro accessory - Available - Original","isPartOf":{"@id":"https:\/\/phukienflytech.vn\/#website"},"primaryImageOfPage":{"@id":"https:\/\/phukienflytech.vn\/en\/san-pham\/charging-hub-mavic-pro.html#primaryimage"},"image":{"@id":"https:\/\/phukienflytech.vn\/en\/san-pham\/charging-hub-mavic-pro.html#primaryimage"},"thumbnailUrl":"https:\/\/phukienflytech.vn\/wp-content\/uploads\/2020\/06\/s\u1ea1c-mavic-pro-Copy-2.png","datePublished":"2020-06-24T08:42:59+00:00","dateModified":"2021-01-16T02:22:05+00:00","description":"Charging hub Mavic pro is one of the most important accessory. Contact us to buy Charging hub Mavic pro for best price, fast shipping","breadcrumb":{"@id":"https:\/\/phukienflytech.vn\/en\/san-pham\/charging-hub-mavic-pro.html#breadcrumb"},"inLanguage":"en-US","potentialAction":[{"@type":"ReadAction","target":["https:\/\/phukienflytech.vn\/en\/san-pham\/charging-hub-mavic-pro.html"]}]},{"@type":"ImageObject","inLanguage":"en-US","@id":"https:\/\/phukienflytech.vn\/en\/san-pham\/charging-hub-mavic-pro.html#primaryimage","url":"https:\/\/phukienflytech.vn\/wp-content\/uploads\/2020\/06\/s\u1ea1c-mavic-pro-Copy-2.png","contentUrl":"https:\/\/phukienflytech.vn\/wp-content\/uploads\/2020\/06\/s\u1ea1c-mavic-pro-Copy-2.png","width":300,"height":237},{"@type":"BreadcrumbList","@id":"https:\/\/phukienflytech.vn\/en\/san-pham\/charging-hub-mavic-pro.html#breadcrumb","itemListElement":[{"@type":"ListItem","position":1,"name":"Home","item":"https:\/\/phukienflytech.vn\/en"},{"@type":"ListItem","position":2,"name":"Ph\u1ee5 ki\u1ec7n Mavic Pro","item":"https:\/\/phukienflytech.vn\/en\/phu-kien-mavic-pro.html"},{"@type":"ListItem","position":3,"name":"DJI Osmo &amp; Drone's accessories","item":"https:\/\/phukienflytech.vn\/en\/danh-muc\/dji-osmo-drones-accessories.html"},{"@type":"ListItem","position":4,"name":"Mavic Pro Accessory","item":"https:\/\/phukienflytech.vn\/en\/danh-muc\/mavic-pro-accessory.html"},{"@type":"ListItem","position":5,"name":"Charging hub for Mavic pro"}]},{"@type":"WebSite","@id":"https:\/\/phukienflytech.vn\/#website","url":"https:\/\/phukienflytech.vn\/","name":"Shop M\u00e1y \u1ea3nh - Action Camera - Gimbal - Flycam - Ph\u1ee5 ki\u1ec7n","description":"Shop M\u00e1y \u1ea3nh - Action Camera - Gimbal - Flycam - Ph\u1ee5 ki\u1ec7n","publisher":{"@id":"https:\/\/phukienflytech.vn\/#organization"},"potentialAction":[{"@type":"SearchAction","target":{"@type":"EntryPoint","urlTemplate":"https:\/\/phukienflytech.vn\/?s={search_term_string}"},"query-input":{"@type":"PropertyValueSpecification","valueRequired":true,"valueName":"search_term_string"}}],"inLanguage":"en-US"},{"@type":"Organization","@id":"https:\/\/phukienflytech.vn\/#organization","name":"DJI Store - Shop Drone, Action camera, Gimbal DJI |Phukienflytech","alternateName":"DJI Store - Shop Drone, Action camera, Gimbal DJI |Phukienflytech","url":"https:\/\/phukienflytech.vn\/","logo":{"@type":"ImageObject","inLanguage":"en-US","@id":"https:\/\/phukienflytech.vn\/#\/schema\/logo\/image\/","url":"https:\/\/phukienflytech.vn\/wp-content\/uploads\/2020\/05\/hAnh_nan.jpg1_.jpg","contentUrl":"https:\/\/phukienflytech.vn\/wp-content\/uploads\/2020\/05\/hAnh_nan.jpg1_.jpg","width":800,"height":450,"caption":"DJI Store - Shop Drone, Action camera, Gimbal DJI |Phukienflytech"},"image":{"@id":"https:\/\/phukienflytech.vn\/#\/schema\/logo\/image\/"},"sameAs":["https:\/\/facebook.com\/phukienflycam","https:\/\/www.youtube.com\/@phukienflytech","https:\/\/www.tiktok.com\/@flytech.channel?fbclid=IwY2xjawGjg7BleHRuA2FlbQIxMAABHYVGmlXpuSMs0UB2zTpYvyT4GMVfN2qJa4urF4vkSQ6FAVBwXZtDP30qQA_aem_UwMiDcUvlEbd2tXAmsc8Og"]}]}},"_links":{"self":[{"href":"https:\/\/phukienflytech.vn\/en\/wp-json\/wp\/v2\/product\/6617","targetHints":{"allow":["GET"]}}],"collection":[{"href":"https:\/\/phukienflytech.vn\/en\/wp-json\/wp\/v2\/product"}],"about":[{"href":"https:\/\/phukienflytech.vn\/en\/wp-json\/wp\/v2\/types\/product"}],"replies":[{"embeddable":true,"href":"https:\/\/phukienflytech.vn\/en\/wp-json\/wp\/v2\/comments?post=6617"}],"wp:featuredmedia":[{"embeddable":true,"href":"https:\/\/phukienflytech.vn\/en\/wp-json\/wp\/v2\/media\/20663"}],"wp:attachment":[{"href":"https:\/\/phukienflytech.vn\/en\/wp-json\/wp\/v2\/media?parent=6617"}],"wp:term":[{"taxonomy":"product_brand","embeddable":true,"href":"https:\/\/phukienflytech.vn\/en\/wp-json\/wp\/v2\/product_brand?post=6617"},{"taxonomy":"product_cat","embeddable":true,"href":"https:\/\/phukienflytech.vn\/en\/wp-json\/wp\/v2\/product_cat?post=6617"},{"taxonomy":"product_tag","embeddable":true,"href":"https:\/\/phukienflytech.vn\/en\/wp-json\/wp\/v2\/product_tag?post=6617"}],"curies":[{"name":"wp","href":"https:\/\/api.w.org\/{rel}","templated":true}]}}