{"id":6668,"date":"2020-06-05T16:57:11","date_gmt":"2020-06-05T09:57:11","guid":{"rendered":"http:\/\/27430.lamdx.vinawebsite.vn\/san-pham\/pin-fimi-x8-se-chinh-hang-xiaomi.html"},"modified":"2020-10-21T16:02:07","modified_gmt":"2020-10-21T09:02:07","slug":"original-fimi-x8-se-battery","status":"publish","type":"product","link":"https:\/\/phukienflytech.vn\/en\/san-pham\/original-fimi-x8-se-battery.html","title":{"rendered":"Original Fimi X8 SE battery &#8211; Xiaomi"},"content":{"rendered":"<h2><span style=\"color: #0000ff;\"><em><strong>Original Fimi X8 SE Battery<\/strong><\/em><\/span><\/h2>\n<p>&nbsp;<\/p>\n<p><span style=\"font-size: 18px;\">Original Fimi X8 SE Battery<\/span><\/p>\n<p><span style=\"font-size: 18px;\"><strong>Th\u00e1ng 1 n\u0103m 2019<\/strong>\u00a0l\u00e0 n\u0103m \u0111\u00e1nh d\u1ea5u s\u1ef1 ra m\u1eaft m\u1ed9t si\u00eau ph\u1ea9m thi\u1ebft b\u1ecb bay kh\u00f4ng ng\u01b0\u1eddi l\u00e1i c\u1ee7a h\u00e3ng Xiaomi thu\u1ed9c d\u00f2ng Midrone v\u1edbi t\u00ean g\u1ecdi Fimi X8 SE. \u0110\u00e2y \u0111\u01b0\u1ee3c xem l\u00e0 \u0111\u1ed1i th\u1ee7 c\u1ea1nh tranh tr\u1ef1c ti\u1ebfp v\u1ec1 gi\u00e1 v\u1edbi DJI Spark c\u00f9ng th\u1eddi \u0111i\u1ec3m v\u00e0 c\u1ea1nh tranh v\u1ec1 t\u00ednh n\u0103ng v\u1edbi Mavic Air, Parrot Anafi, Zino c\u1ef1c k\u1ef3 gay g\u1eaft.<\/span><\/p>\n<p><span style=\"font-size: 18px;\">Fimi X8 SE &#8211; m\u00e1y bay kh\u00f4ng ng\u01b0\u1eddi l\u00e1i th\u1ebf h\u1ec7 m\u1edbi c\u1ee7a Midrone c\u00f3 thi\u1ebft k\u1ebf g\u1eadp 4 c\u00e0ng nh\u01b0ng kh\u1ecfe kho\u1eafn, flycam c\u1ee7a Xiaomi l\u1ea7n n\u00e0y \u0111\u01b0\u1ee3c trang b\u1ecb c\u1ee5m camera gimbal g\u1ecdn nh\u1eb9 h\u01a1n v\u1edbi camera chuy\u00ean nghi\u1ec7p quay 4K c\u00f9ng gimbal 3 tr\u1ee5c (3 axis) linh ho\u1ea1t.\u00a0<\/span><\/p>\n<p><iframe loading=\"lazy\" src=\"\/\/www.youtube.com\/embed\/dY0itSqxPJs?gidzl=iQnU14MJ1nAnkrS5HOK17h-rM0rSWLiMgR9OK5E731QiiLe7LTDVGwcp2G80qL0IhkS723ZD1c4YJPi65W\" width=\"500\" height=\"314\" allowfullscreen=\"allowfullscreen\"><\/iframe><\/p>\n<h3><strong><span style=\"font-size: 18px;\">Video: M\u1edf h\u1ed9p Pin Flycam Xiaomi Fimi X8 SE<\/span><\/strong><\/h3>\n<p>&nbsp;<\/p>\n<p><span style=\"font-size: 18px;\">B\u00ean c\u1ea1nh \u0111\u00f3, vi\u1ec7c \u0111\u01b0\u1ee3c &#8220;n\u00e2ng c\u1ea5p&#8221; ngu\u1ed3n l\u00e0 vi\u00ean\u00a0<em><strong>Pin Fimi X8 SE<\/strong><\/em>\u00a0v\u1edbi dung l\u01b0\u1ee3ng 4500 Mah \u0111\u00e3 gi\u00fap cho th\u1eddi gian bay \u0111\u01b0\u1ee3c k\u00e9o d\u00e0i l\u00ean t\u1edbi 33 ph\u00fat, m\u1ed9t \u0111i\u1ec3m c\u1ed9ng c\u1ef1c l\u1edbn \u0111\u1ec3 h\u1ea1 g\u1ee5c c\u00e1c \u0111\u1ed1i th\u1ee7 \u0111\u00e3 k\u1ec3 tr\u00ean. V\u1eady h\u00e3y c\u00f9ng phukienflytech xem k\u1ef9 c\u00e1c th\u00f4ng s\u1ed1 k\u1ef9 thu\u1eadt c\u1ee7a Pin Fimi X8 SE Xiaomi c\u00f3 g\u00ec \u0111\u1eb7c bi\u1ec7t kh\u00f4ng nh\u00e9<\/span><\/p>\n<p>&nbsp;<\/p>\n<p><span style=\"font-size: 18px;\"><img loading=\"lazy\" decoding=\"async\" class=\"alignnone wp-image-14164\" src=\"https:\/\/phukienflytech.vn\/wp-content\/uploads\/2020\/06\/pin-fimi-x8-se-chinh-hang-xiaomi-6659-4-660x400.jpg\" alt=\"\" width=\"502\" height=\"304\" srcset=\"https:\/\/phukienflytech.vn\/wp-content\/uploads\/2020\/06\/pin-fimi-x8-se-chinh-hang-xiaomi-6659-4-660x400.jpg 660w, https:\/\/phukienflytech.vn\/wp-content\/uploads\/2020\/06\/pin-fimi-x8-se-chinh-hang-xiaomi-6659-4-600x364.jpg 600w, https:\/\/phukienflytech.vn\/wp-content\/uploads\/2020\/06\/pin-fimi-x8-se-chinh-hang-xiaomi-6659-4.jpg 668w\" sizes=\"auto, (max-width: 502px) 100vw, 502px\" \/> \u00a0\u00a0<\/span><\/p>\n<p>&nbsp;<\/p>\n<p>&nbsp;<\/p>\n<h2><span style=\"font-size: 21px; color: #0000ff;\"><strong>Th\u00f4ng s\u1ed1 Pin Fimi X8 SE ch\u00ednh h\u00e3ng :<\/strong><\/span><\/h2>\n<ul>\n<li><span style=\"font-size: 18px;\">T\u00ean s\u1ea3n ph\u1ea9m: Pin FIMI x8 SE<\/span><\/li>\n<li><span style=\"font-size: 18px;\">Dung l\u01b0\u1ee3ng \u0111\u1ecbnh m\u1ee9c: 4500mAh v\u00e0 51.3Wh<\/span><\/li>\n<li><span style=\"font-size: 18px;\">\u0110i\u1ec7n \u00e1p danh \u0111\u1ecbnh: 11,4V<\/span><\/li>\n<li><span style=\"font-size: 18px;\">Th\u1eddi gian bay (kh\u00f4ng c\u00f3 gi\u00f3): Kho\u1ea3ng 33 ph\u00fat<\/span><\/li>\n<li><span style=\"font-size: 18px;\">\u0110i\u1ec7n \u00e1p s\u1ea1c t\u1ed1i \u0111a: 13,05V<\/span><\/li>\n<li><span style=\"font-size: 18px;\">Tr\u1ecdng l\u01b0\u1ee3ng: 273g<\/span><\/li>\n<li><span style=\"font-size: 18px;\">K\u00edch th\u01b0\u1edbc: 103 x 38 x 67mm<\/span><\/li>\n<li><span style=\"font-size: 18px;\">Pin Lipo 1 x 11,4V 4500mAh (s\u1ed1 l\u01b0\u1ee3ng t\u00f9y ch\u1ecdn)<\/span><\/li>\n<\/ul>\n<p><span style=\"font-size: 18px;\"><img loading=\"lazy\" decoding=\"async\" class=\"alignnone size-medium wp-image-14166\" src=\"https:\/\/phukienflytech.vn\/wp-content\/uploads\/2020\/06\/pin-fimi-x8-se-chinh-hang-xiaomi-6659-1-1-400x400.jpg\" alt=\"\" width=\"400\" height=\"400\" srcset=\"https:\/\/phukienflytech.vn\/wp-content\/uploads\/2020\/06\/pin-fimi-x8-se-chinh-hang-xiaomi-6659-1-1-400x400.jpg 400w, https:\/\/phukienflytech.vn\/wp-content\/uploads\/2020\/06\/pin-fimi-x8-se-chinh-hang-xiaomi-6659-1-1-280x280.jpg 280w, https:\/\/phukienflytech.vn\/wp-content\/uploads\/2020\/06\/pin-fimi-x8-se-chinh-hang-xiaomi-6659-1-1-768x768.jpg 768w, https:\/\/phukienflytech.vn\/wp-content\/uploads\/2020\/06\/pin-fimi-x8-se-chinh-hang-xiaomi-6659-1-1.jpg 800w, https:\/\/phukienflytech.vn\/wp-content\/uploads\/2020\/06\/pin-fimi-x8-se-chinh-hang-xiaomi-6659-1-1-300x300.jpg 300w, https:\/\/phukienflytech.vn\/wp-content\/uploads\/2020\/06\/pin-fimi-x8-se-chinh-hang-xiaomi-6659-1-1-600x600.jpg 600w, https:\/\/phukienflytech.vn\/wp-content\/uploads\/2020\/06\/pin-fimi-x8-se-chinh-hang-xiaomi-6659-1-1-100x100.jpg 100w\" sizes=\"auto, (max-width: 400px) 100vw, 400px\" \/><\/span><\/p>\n<p>&nbsp;<\/p>\n<p>&nbsp;<\/p>\n<h2><span style=\"font-size: 21px; color: #0000ff;\"><strong>S\u1eed d\u1ee5ng Original Fimi X8 SE Battery \u0111\u00fang c\u00e1ch:<\/strong><\/span><\/h2>\n<p><span style=\"font-size: 18px;\">Ch\u00fang t\u00f4i \u0111\u00e3 g\u1eb7p r\u1ea5t nhi\u1ec1u ng\u01b0\u1eddi d\u00f9ng Fimi X8 SE c\u00f9ng h\u1ecfi chung m\u1ed9t v\u1ea5n \u0111\u1ec1 \u0111\u00f3 l\u00e0: L\u00e0m sao \u0111\u1ec3 s\u1eed d\u1ee5ng v\u00e0 b\u1ea3o qu\u1ea3n Pin Fimi X8 SE b\u1ec1n v\u00e0 l\u00e2u h\u01a1n?<\/span><\/p>\n<p><span style=\"font-size: 18px;\">N\u00e0o h\u00e3y c\u00f9ng\u00a0<strong>phukienflytech<\/strong>\u00a0theo d\u00f5i h\u01b0\u1edbng d\u1eabn d\u01b0\u1edbi \u0111\u00e2y \u0111\u1ec3 r\u00fat ra kinh nghi\u1ec7m nh\u00e9.<\/span><\/p>\n<p>&nbsp;<\/p>\n<p><span style=\"font-size: 18px;\"><img loading=\"lazy\" decoding=\"async\" class=\"alignnone wp-image-14172 size-medium\" src=\"https:\/\/phukienflytech.vn\/wp-content\/uploads\/2020\/06\/pin-fimi-x8-se-chinh-hang-xiaomi-6659-3-1-400x400.jpg\" alt=\"Original-Fimi-X8-SE-Battery\" width=\"400\" height=\"400\" srcset=\"https:\/\/phukienflytech.vn\/wp-content\/uploads\/2020\/06\/pin-fimi-x8-se-chinh-hang-xiaomi-6659-3-1-400x400.jpg 400w, https:\/\/phukienflytech.vn\/wp-content\/uploads\/2020\/06\/pin-fimi-x8-se-chinh-hang-xiaomi-6659-3-1-280x280.jpg 280w, https:\/\/phukienflytech.vn\/wp-content\/uploads\/2020\/06\/pin-fimi-x8-se-chinh-hang-xiaomi-6659-3-1-768x768.jpg 768w, https:\/\/phukienflytech.vn\/wp-content\/uploads\/2020\/06\/pin-fimi-x8-se-chinh-hang-xiaomi-6659-3-1.jpg 800w, https:\/\/phukienflytech.vn\/wp-content\/uploads\/2020\/06\/pin-fimi-x8-se-chinh-hang-xiaomi-6659-3-1-300x300.jpg 300w, https:\/\/phukienflytech.vn\/wp-content\/uploads\/2020\/06\/pin-fimi-x8-se-chinh-hang-xiaomi-6659-3-1-600x600.jpg 600w, https:\/\/phukienflytech.vn\/wp-content\/uploads\/2020\/06\/pin-fimi-x8-se-chinh-hang-xiaomi-6659-3-1-100x100.jpg 100w\" sizes=\"auto, (max-width: 400px) 100vw, 400px\" \/><\/span><\/p>\n<p>&nbsp;<\/p>\n<p><span style=\"font-size: 18px;\"><strong>Tu\u1ed5i th\u1ecd pin<\/strong><\/span><\/p>\n<p><span style=\"font-size: 18px;\">Nh\u01b0 b\u1ea1n c\u0169ng bi\u1ebft, b\u1ea5t k\u1ef3 m\u1ed9t s\u1ea3n ph\u1ea9m n\u00e0o c\u0169ng \u0111\u1ec1u c\u00f3 tu\u1ed5i th\u1ecd c\u1ee7a ch\u00fang, \u0111\u1eb7c bi\u1ec7t l\u00e0 nh\u1eefng s\u1ea3n ph\u1ea9m \u0111i\u1ec7n t\u1eed nh\u01b0 flycam c\u00f9ng nh\u1eefng ph\u1ee5 ki\u1ec7n c\u1ee7a ch\u00fang v\u00e0 c\u1ee5 th\u1ec3 \u1edf \u0111\u00e2y l\u00e0\u00a0<strong>Pin Fimi X8 SE<\/strong>. N\u1ebfu ch\u00fang ta bi\u1ebft c\u00e1ch s\u1eed d\u1ee5ng v\u00e0 b\u1ea3o qu\u1ea3n khoa h\u1ecdc v\u00e0 theo h\u01b0\u1edbng d\u1eabn c\u1ee5 th\u1ec3 th\u00ec ch\u1eafc ch\u1eafn tu\u1ed5i th\u1ecd c\u1ee7a ch\u00fang c\u0169ng s\u1ebd d\u00e0i h\u01a1n.<\/span><\/p>\n<p><span style=\"font-size: 18px;\">C\u00f3 th\u1ec3 b\u1ea1n \u0111\u00e3 bi\u1ebft, tu\u1ed5i th\u1ecd trung b\u00ecnh c\u1ee7a m\u1ed9t vi\u00ean Pin Fimi X8 SE l\u00e0 150 &#8211; 200 l\u1ea7n s\u1ea1c, t\u1ee9c kho\u1ea3ng 2 n\u0103m s\u1eed d\u1ee5ng v\u1edbi t\u1ea7n su\u1ea5t v\u1eeba ph\u1ea3i.<\/span><\/p>\n<p>&nbsp;<\/p>\n<h2><span style=\"font-size: 21px; color: #0000ff;\"><strong>D\u01b0\u1edbi \u0111\u00e2y l\u00e0 nh\u1eefng khuy\u1ebfn c\u00e1o:<\/strong><\/span><\/h2>\n<p><span style=\"font-size: 18px;\"><em>\u0110i\u1ec1u 1<\/em>:\u00a0 X\u1ea3 pin \u0111\u1ebfn 25% -60% n\u1ebfu KH\u00d4NG \u0111\u01b0\u1ee3c s\u1eed d\u1ee5ng trong 7 ng\u00e0y ho\u1eb7c l\u00e2u h\u01a1n. \u0110i\u1ec1u n\u00e0y c\u00f3 th\u1ec3 k\u00e9o d\u00e0i tu\u1ed5i th\u1ecd pin v\u00e0 \u0111\u1ea3m b\u1ea3o \u0111\u01b0\u1ee3c c\u00e1c cell c\u1ee7a Pin s\u1ebd lu\u00f4n \u1edf m\u1ee9c \u1ed5n \u0111\u1ecbnh, h\u1ea1n ch\u1ebf t\u1ed1i \u0111a vi\u1ec7c t\u1ee5t cell\u00a0<strong><em><br \/>\n<\/em><\/strong><\/span><\/p>\n<p><span style=\"font-size: 18px;\"><em>\u0110i\u1ec1u 2.<\/em>\u00a0B\u1ea1n n\u00ean ch\u1ee7 \u0111\u1ed9ng c\u00e0i \u0111\u1eb7t th\u1eddi gian x\u1ea3 pin trong ph\u1ea7n m\u1ec1m DJI GO sau th\u1eddi gian 7 ng\u00e0y. Pin s\u1ebd t\u1ef1 \u0111\u1ed9ng x\u1ea3 d\u01b0\u1edbi 60% khi kh\u00f4ng s\u1eed d\u1ee5ng trong h\u01a1n 7 ng\u00e0y \u0111\u1ec3 tr\u00e1nh hi\u1ec7n t\u01b0\u1ee3ng ph\u00f9 pin.\u00a0<\/span><\/p>\n<p><span style=\"font-size: 18px;\"><em>\u0110i\u1ec1u 3.\u00a0<\/em>Th\u00e1o pin ra kh\u1ecfi m\u00e1y bay khi \u0111\u01b0\u1ee3c l\u01b0u tr\u1eef trong m\u1ed9t kho\u1ea3ng th\u1eddi gian d\u00e0i, v\u00e0 tuy\u1ec7t \u0111\u1ed1i kh\u00f4ng s\u1ea1c pin trong ph\u00f2ng 30 ph\u00fat ngay sau khi bay xong<\/span><\/p>\n<p><span style=\"font-size: 18px;\"><em>\u0110i\u1ec1u 4<\/em>: C\u00f3 k\u1ebf ho\u1ea1ch\u00a0<em><strong>s\u1eed d\u1ee5ng pin\u00a0Fimi X8 SE\u00a0<\/strong><\/em>m\u1ed9t c\u00e1ch c\u1ee5 th\u1ec3, h\u1ea1n ch\u1ebf vi\u1ec7c \u0111\u1ec3 pin b\u1ecb t\u1ee5t d\u1ee5ng l\u01b0\u1ee3ng t\u1edbi \u0111i\u1ec3m 0 mAh qu\u00e1 nhi\u1ec1u l\u1ea7n li\u00ean ti\u1ebfp. N\u00ean bay ch\u1ec9 c\u00f2n 5-15% l\u00e0\u00a0kho\u1ea3ng\u00a0an to\u00e0n nh\u1ea5t<\/span><\/p>\n<p><span style=\"font-size: 18px;\"><em>\u0110i\u1ec1u 5<\/em>: S\u1eed d\u1ee5ng c\u00e1c thi\u1ebft b\u1ecb s\u1ea1c r\u00f5 ngu\u1ed3n g\u1ed1c, xu\u1ea5t s\u1ee9 v\u00e0 mua t\u1ea1i c\u00e1c shop uy t\u00edn c\u00f3 \u0111\u1ea3m b\u1ea3o ch\u1ea5t l\u01b0\u1ee3ng<\/span><\/p>\n<p>&nbsp;<\/p>\n<p><span style=\"font-size: 18px;\"><img loading=\"lazy\" decoding=\"async\" class=\"alignnone wp-image-14168 size-medium\" src=\"https:\/\/phukienflytech.vn\/wp-content\/uploads\/2020\/06\/pin-fimi-x8-se-chinh-hang-xiaomi-6659-2-1-400x400.jpg\" alt=\"Original-Fimi-X8-SE-Battery-9\" width=\"400\" height=\"400\" srcset=\"https:\/\/phukienflytech.vn\/wp-content\/uploads\/2020\/06\/pin-fimi-x8-se-chinh-hang-xiaomi-6659-2-1-400x400.jpg 400w, https:\/\/phukienflytech.vn\/wp-content\/uploads\/2020\/06\/pin-fimi-x8-se-chinh-hang-xiaomi-6659-2-1-280x280.jpg 280w, https:\/\/phukienflytech.vn\/wp-content\/uploads\/2020\/06\/pin-fimi-x8-se-chinh-hang-xiaomi-6659-2-1-768x768.jpg 768w, https:\/\/phukienflytech.vn\/wp-content\/uploads\/2020\/06\/pin-fimi-x8-se-chinh-hang-xiaomi-6659-2-1.jpg 800w, https:\/\/phukienflytech.vn\/wp-content\/uploads\/2020\/06\/pin-fimi-x8-se-chinh-hang-xiaomi-6659-2-1-300x300.jpg 300w, https:\/\/phukienflytech.vn\/wp-content\/uploads\/2020\/06\/pin-fimi-x8-se-chinh-hang-xiaomi-6659-2-1-600x600.jpg 600w, https:\/\/phukienflytech.vn\/wp-content\/uploads\/2020\/06\/pin-fimi-x8-se-chinh-hang-xiaomi-6659-2-1-100x100.jpg 100w\" sizes=\"auto, (max-width: 400px) 100vw, 400px\" \/><\/span><\/p>\n<p>&nbsp;<\/p>\n<h2><span style=\"font-size: 21px; color: #0000ff;\"><strong>B\u1ea3o h\u00e0nh Pin Fimi X8 SE khi mua m\u1edbi<\/strong><\/span><\/h2>\n<ul>\n<li><span style=\"font-size: 18px;\">Th\u1eddi gian b\u1ea3o h\u00e0nh: 6 th\u00e1ng<\/span><\/li>\n<li><span style=\"font-size: 18px;\">Th\u1eddi gian \u0111\u1ed5i l\u1ed7i : 1 tu\u1ea7n<\/span><\/li>\n<\/ul>\n<p><span style=\"font-size: 18px;\">&gt;&gt; Contact us on: <a href=\"https:\/\/www.facebook.com\/phukienflycam\"><strong>Facebook<\/strong><\/a><\/span><\/p>\n<p>&nbsp;<\/p>\n<p><span style=\"font-size: 18px;\"><strong>Xem th\u00eam:\u00a0<a href=\"\/?product_cat=phu-kien-flycam-xiaomi\" target=\"_blank\" rel=\"noopener noreferrer\">Ph\u1ee5 ki\u1ec7n Fimi X8 SE s\u1eb5n h\u00e0ng<\/a><\/strong><\/span><\/p>\n","protected":false},"excerpt":{"rendered":"<p>Original Fimi X8 SE Battery &nbsp; Original Fimi X8 SE Battery Th\u00e1ng 1 n\u0103m 2019\u00a0l\u00e0 n\u0103m \u0111\u00e1nh d\u1ea5u s\u1ef1 ra m\u1eaft m\u1ed9t si\u00eau ph\u1ea9m thi\u1ebft b\u1ecb bay kh\u00f4ng ng\u01b0\u1eddi l\u00e1i c\u1ee7a h\u00e3ng Xiaomi thu\u1ed9c d\u00f2ng Midrone v\u1edbi t\u00ean g\u1ecdi Fimi X8 SE. \u0110\u00e2y \u0111\u01b0\u1ee3c xem l\u00e0 \u0111\u1ed1i th\u1ee7 c\u1ea1nh tranh tr\u1ef1c ti\u1ebfp v\u1ec1 gi\u00e1 v\u1edbi &#8230;<\/p>\n","protected":false},"featured_media":7493,"comment_status":"open","ping_status":"closed","template":"","meta":{"_acf_changed":false},"product_brand":[],"product_cat":[189,188],"product_tag":[240,530],"class_list":{"0":"post-6668","1":"product","2":"type-product","3":"status-publish","4":"has-post-thumbnail","6":"product_cat-midrone-accessory","7":"product_cat-medium-drone-accessory","8":"product_tag-phu-kien-xiaomi-en","9":"product_tag-pin-fimi-x8-se-chinh-hang-en","11":"first","12":"instock","13":"shipping-taxable","14":"purchasable","15":"product-type-simple"},"acf":[],"yoast_head":"<!-- This site is optimized with the Yoast SEO plugin v25.7 - https:\/\/yoast.com\/wordpress\/plugins\/seo\/ -->\n<title>Original Fimi X8 SE Battery - Fimi X8 SE accessory - Available - Original<\/title>\n<meta name=\"description\" content=\"Original Fimi X8 SE Battery is one of the most important accessory. Contact us to buy Original Fimi X8 SE Battery for best price\" \/>\n<meta name=\"robots\" content=\"index, follow, max-snippet:-1, max-image-preview:large, max-video-preview:-1\" \/>\n<link rel=\"canonical\" href=\"https:\/\/phukienflytech.vn\/san-pham\/pin-fimi-x8-se-chinh-hang-xiaomi.html\" \/>\n<meta property=\"og:locale\" content=\"en_US\" \/>\n<meta property=\"og:type\" content=\"article\" \/>\n<meta property=\"og:title\" content=\"Original Fimi X8 SE Battery - Fimi X8 SE accessory - Available - Original\" \/>\n<meta property=\"og:description\" content=\"Original Fimi X8 SE Battery is one of the most important accessory. Contact us to buy Original Fimi X8 SE Battery for best price\" \/>\n<meta property=\"og:url\" content=\"https:\/\/phukienflytech.vn\/san-pham\/pin-fimi-x8-se-chinh-hang-xiaomi.html\" \/>\n<meta property=\"og:site_name\" content=\"Shop M\u00e1y \u1ea3nh - Action Camera - Gimbal - Flycam - Ph\u1ee5 ki\u1ec7n\" \/>\n<meta property=\"article:publisher\" content=\"https:\/\/facebook.com\/phukienflycam\" \/>\n<meta property=\"article:modified_time\" content=\"2020-10-21T09:02:07+00:00\" \/>\n<meta property=\"og:image\" content=\"https:\/\/phukienflytech.vn\/wp-content\/uploads\/2020\/06\/pin-fimi-x8-se-chinh-hang-gia-tot-midrone-xiaomi-flycam-6.jpg\" \/>\n\t<meta property=\"og:image:width\" content=\"550\" \/>\n\t<meta property=\"og:image:height\" content=\"550\" \/>\n\t<meta property=\"og:image:type\" content=\"image\/jpeg\" \/>\n<meta name=\"twitter:card\" content=\"summary_large_image\" \/>\n<meta name=\"twitter:label1\" content=\"Est. reading time\" \/>\n\t<meta name=\"twitter:data1\" content=\"5 minutes\" \/>\n<script type=\"application\/ld+json\" class=\"yoast-schema-graph\">{\"@context\":\"https:\/\/schema.org\",\"@graph\":[{\"@type\":\"WebPage\",\"@id\":\"https:\/\/phukienflytech.vn\/san-pham\/pin-fimi-x8-se-chinh-hang-xiaomi.html\",\"url\":\"https:\/\/phukienflytech.vn\/san-pham\/pin-fimi-x8-se-chinh-hang-xiaomi.html\",\"name\":\"Original Fimi X8 SE Battery - Fimi X8 SE accessory - Available - Original\",\"isPartOf\":{\"@id\":\"https:\/\/phukienflytech.vn\/#website\"},\"primaryImageOfPage\":{\"@id\":\"https:\/\/phukienflytech.vn\/san-pham\/pin-fimi-x8-se-chinh-hang-xiaomi.html#primaryimage\"},\"image\":{\"@id\":\"https:\/\/phukienflytech.vn\/san-pham\/pin-fimi-x8-se-chinh-hang-xiaomi.html#primaryimage\"},\"thumbnailUrl\":\"https:\/\/phukienflytech.vn\/wp-content\/uploads\/2020\/06\/pin-fimi-x8-se-chinh-hang-gia-tot-midrone-xiaomi-flycam-6.jpg\",\"datePublished\":\"2020-06-05T09:57:11+00:00\",\"dateModified\":\"2020-10-21T09:02:07+00:00\",\"description\":\"Original Fimi X8 SE Battery is one of the most important accessory. Contact us to buy Original Fimi X8 SE Battery for best price\",\"breadcrumb\":{\"@id\":\"https:\/\/phukienflytech.vn\/san-pham\/pin-fimi-x8-se-chinh-hang-xiaomi.html#breadcrumb\"},\"inLanguage\":\"en-US\",\"potentialAction\":[{\"@type\":\"ReadAction\",\"target\":[\"https:\/\/phukienflytech.vn\/san-pham\/pin-fimi-x8-se-chinh-hang-xiaomi.html\"]}]},{\"@type\":\"ImageObject\",\"inLanguage\":\"en-US\",\"@id\":\"https:\/\/phukienflytech.vn\/san-pham\/pin-fimi-x8-se-chinh-hang-xiaomi.html#primaryimage\",\"url\":\"https:\/\/phukienflytech.vn\/wp-content\/uploads\/2020\/06\/pin-fimi-x8-se-chinh-hang-gia-tot-midrone-xiaomi-flycam-6.jpg\",\"contentUrl\":\"https:\/\/phukienflytech.vn\/wp-content\/uploads\/2020\/06\/pin-fimi-x8-se-chinh-hang-gia-tot-midrone-xiaomi-flycam-6.jpg\",\"width\":550,\"height\":550},{\"@type\":\"BreadcrumbList\",\"@id\":\"https:\/\/phukienflytech.vn\/san-pham\/pin-fimi-x8-se-chinh-hang-xiaomi.html#breadcrumb\",\"itemListElement\":[{\"@type\":\"ListItem\",\"position\":1,\"name\":\"Home\",\"item\":\"https:\/\/phukienflytech.vn\/en\"},{\"@type\":\"ListItem\",\"position\":2,\"name\":\"Ph\u1ee5 ki\u1ec7n Mavic Pro\",\"item\":\"https:\/\/phukienflytech.vn\/en\/phu-kien-mavic-pro.html\"},{\"@type\":\"ListItem\",\"position\":3,\"name\":\"Ph\u1ee5 ki\u1ec7n flycam t\u1ea7m trung\",\"item\":\"https:\/\/phukienflytech.vn\/danh-muc\/phu-kien-flycam-tam-trung.html\"},{\"@type\":\"ListItem\",\"position\":4,\"name\":\"Original Fimi X8 SE battery &#8211; Xiaomi\"}]},{\"@type\":\"WebSite\",\"@id\":\"https:\/\/phukienflytech.vn\/#website\",\"url\":\"https:\/\/phukienflytech.vn\/\",\"name\":\"Shop M\u00e1y \u1ea3nh - Action Camera - Gimbal - Flycam - Ph\u1ee5 ki\u1ec7n\",\"description\":\"Shop M\u00e1y \u1ea3nh - Action Camera - Gimbal - Flycam - Ph\u1ee5 ki\u1ec7n\",\"publisher\":{\"@id\":\"https:\/\/phukienflytech.vn\/#organization\"},\"potentialAction\":[{\"@type\":\"SearchAction\",\"target\":{\"@type\":\"EntryPoint\",\"urlTemplate\":\"https:\/\/phukienflytech.vn\/?s={search_term_string}\"},\"query-input\":{\"@type\":\"PropertyValueSpecification\",\"valueRequired\":true,\"valueName\":\"search_term_string\"}}],\"inLanguage\":\"en-US\"},{\"@type\":\"Organization\",\"@id\":\"https:\/\/phukienflytech.vn\/#organization\",\"name\":\"DJI Store - Shop Drone, Action camera, Gimbal DJI |Phukienflytech\",\"alternateName\":\"DJI Store - Shop Drone, Action camera, Gimbal DJI |Phukienflytech\",\"url\":\"https:\/\/phukienflytech.vn\/\",\"logo\":{\"@type\":\"ImageObject\",\"inLanguage\":\"en-US\",\"@id\":\"https:\/\/phukienflytech.vn\/#\/schema\/logo\/image\/\",\"url\":\"https:\/\/phukienflytech.vn\/wp-content\/uploads\/2020\/05\/hAnh_nan.jpg1_.jpg\",\"contentUrl\":\"https:\/\/phukienflytech.vn\/wp-content\/uploads\/2020\/05\/hAnh_nan.jpg1_.jpg\",\"width\":800,\"height\":450,\"caption\":\"DJI Store - Shop Drone, Action camera, Gimbal DJI |Phukienflytech\"},\"image\":{\"@id\":\"https:\/\/phukienflytech.vn\/#\/schema\/logo\/image\/\"},\"sameAs\":[\"https:\/\/facebook.com\/phukienflycam\",\"https:\/\/www.youtube.com\/@phukienflytech\",\"https:\/\/www.tiktok.com\/@flytech.channel?fbclid=IwY2xjawGjg7BleHRuA2FlbQIxMAABHYVGmlXpuSMs0UB2zTpYvyT4GMVfN2qJa4urF4vkSQ6FAVBwXZtDP30qQA_aem_UwMiDcUvlEbd2tXAmsc8Og\"]}]}<\/script>\n<!-- \/ Yoast SEO plugin. -->","yoast_head_json":{"title":"Original Fimi X8 SE Battery - Fimi X8 SE accessory - Available - Original","description":"Original Fimi X8 SE Battery is one of the most important accessory. Contact us to buy Original Fimi X8 SE Battery for best price","robots":{"index":"index","follow":"follow","max-snippet":"max-snippet:-1","max-image-preview":"max-image-preview:large","max-video-preview":"max-video-preview:-1"},"canonical":"https:\/\/phukienflytech.vn\/san-pham\/pin-fimi-x8-se-chinh-hang-xiaomi.html","og_locale":"en_US","og_type":"article","og_title":"Original Fimi X8 SE Battery - Fimi X8 SE accessory - Available - Original","og_description":"Original Fimi X8 SE Battery is one of the most important accessory. Contact us to buy Original Fimi X8 SE Battery for best price","og_url":"https:\/\/phukienflytech.vn\/san-pham\/pin-fimi-x8-se-chinh-hang-xiaomi.html","og_site_name":"Shop M\u00e1y \u1ea3nh - Action Camera - Gimbal - Flycam - Ph\u1ee5 ki\u1ec7n","article_publisher":"https:\/\/facebook.com\/phukienflycam","article_modified_time":"2020-10-21T09:02:07+00:00","og_image":[{"width":550,"height":550,"url":"https:\/\/phukienflytech.vn\/wp-content\/uploads\/2020\/06\/pin-fimi-x8-se-chinh-hang-gia-tot-midrone-xiaomi-flycam-6.jpg","type":"image\/jpeg"}],"twitter_card":"summary_large_image","twitter_misc":{"Est. reading time":"5 minutes"},"schema":{"@context":"https:\/\/schema.org","@graph":[{"@type":"WebPage","@id":"https:\/\/phukienflytech.vn\/san-pham\/pin-fimi-x8-se-chinh-hang-xiaomi.html","url":"https:\/\/phukienflytech.vn\/san-pham\/pin-fimi-x8-se-chinh-hang-xiaomi.html","name":"Original Fimi X8 SE Battery - Fimi X8 SE accessory - Available - Original","isPartOf":{"@id":"https:\/\/phukienflytech.vn\/#website"},"primaryImageOfPage":{"@id":"https:\/\/phukienflytech.vn\/san-pham\/pin-fimi-x8-se-chinh-hang-xiaomi.html#primaryimage"},"image":{"@id":"https:\/\/phukienflytech.vn\/san-pham\/pin-fimi-x8-se-chinh-hang-xiaomi.html#primaryimage"},"thumbnailUrl":"https:\/\/phukienflytech.vn\/wp-content\/uploads\/2020\/06\/pin-fimi-x8-se-chinh-hang-gia-tot-midrone-xiaomi-flycam-6.jpg","datePublished":"2020-06-05T09:57:11+00:00","dateModified":"2020-10-21T09:02:07+00:00","description":"Original Fimi X8 SE Battery is one of the most important accessory. Contact us to buy Original Fimi X8 SE Battery for best price","breadcrumb":{"@id":"https:\/\/phukienflytech.vn\/san-pham\/pin-fimi-x8-se-chinh-hang-xiaomi.html#breadcrumb"},"inLanguage":"en-US","potentialAction":[{"@type":"ReadAction","target":["https:\/\/phukienflytech.vn\/san-pham\/pin-fimi-x8-se-chinh-hang-xiaomi.html"]}]},{"@type":"ImageObject","inLanguage":"en-US","@id":"https:\/\/phukienflytech.vn\/san-pham\/pin-fimi-x8-se-chinh-hang-xiaomi.html#primaryimage","url":"https:\/\/phukienflytech.vn\/wp-content\/uploads\/2020\/06\/pin-fimi-x8-se-chinh-hang-gia-tot-midrone-xiaomi-flycam-6.jpg","contentUrl":"https:\/\/phukienflytech.vn\/wp-content\/uploads\/2020\/06\/pin-fimi-x8-se-chinh-hang-gia-tot-midrone-xiaomi-flycam-6.jpg","width":550,"height":550},{"@type":"BreadcrumbList","@id":"https:\/\/phukienflytech.vn\/san-pham\/pin-fimi-x8-se-chinh-hang-xiaomi.html#breadcrumb","itemListElement":[{"@type":"ListItem","position":1,"name":"Home","item":"https:\/\/phukienflytech.vn\/en"},{"@type":"ListItem","position":2,"name":"Ph\u1ee5 ki\u1ec7n Mavic Pro","item":"https:\/\/phukienflytech.vn\/en\/phu-kien-mavic-pro.html"},{"@type":"ListItem","position":3,"name":"Ph\u1ee5 ki\u1ec7n flycam t\u1ea7m trung","item":"https:\/\/phukienflytech.vn\/danh-muc\/phu-kien-flycam-tam-trung.html"},{"@type":"ListItem","position":4,"name":"Original Fimi X8 SE battery &#8211; Xiaomi"}]},{"@type":"WebSite","@id":"https:\/\/phukienflytech.vn\/#website","url":"https:\/\/phukienflytech.vn\/","name":"Shop M\u00e1y \u1ea3nh - Action Camera - Gimbal - Flycam - Ph\u1ee5 ki\u1ec7n","description":"Shop M\u00e1y \u1ea3nh - Action Camera - Gimbal - Flycam - Ph\u1ee5 ki\u1ec7n","publisher":{"@id":"https:\/\/phukienflytech.vn\/#organization"},"potentialAction":[{"@type":"SearchAction","target":{"@type":"EntryPoint","urlTemplate":"https:\/\/phukienflytech.vn\/?s={search_term_string}"},"query-input":{"@type":"PropertyValueSpecification","valueRequired":true,"valueName":"search_term_string"}}],"inLanguage":"en-US"},{"@type":"Organization","@id":"https:\/\/phukienflytech.vn\/#organization","name":"DJI Store - Shop Drone, Action camera, Gimbal DJI |Phukienflytech","alternateName":"DJI Store - Shop Drone, Action camera, Gimbal DJI |Phukienflytech","url":"https:\/\/phukienflytech.vn\/","logo":{"@type":"ImageObject","inLanguage":"en-US","@id":"https:\/\/phukienflytech.vn\/#\/schema\/logo\/image\/","url":"https:\/\/phukienflytech.vn\/wp-content\/uploads\/2020\/05\/hAnh_nan.jpg1_.jpg","contentUrl":"https:\/\/phukienflytech.vn\/wp-content\/uploads\/2020\/05\/hAnh_nan.jpg1_.jpg","width":800,"height":450,"caption":"DJI Store - Shop Drone, Action camera, Gimbal DJI |Phukienflytech"},"image":{"@id":"https:\/\/phukienflytech.vn\/#\/schema\/logo\/image\/"},"sameAs":["https:\/\/facebook.com\/phukienflycam","https:\/\/www.youtube.com\/@phukienflytech","https:\/\/www.tiktok.com\/@flytech.channel?fbclid=IwY2xjawGjg7BleHRuA2FlbQIxMAABHYVGmlXpuSMs0UB2zTpYvyT4GMVfN2qJa4urF4vkSQ6FAVBwXZtDP30qQA_aem_UwMiDcUvlEbd2tXAmsc8Og"]}]}},"_links":{"self":[{"href":"https:\/\/phukienflytech.vn\/en\/wp-json\/wp\/v2\/product\/6668","targetHints":{"allow":["GET"]}}],"collection":[{"href":"https:\/\/phukienflytech.vn\/en\/wp-json\/wp\/v2\/product"}],"about":[{"href":"https:\/\/phukienflytech.vn\/en\/wp-json\/wp\/v2\/types\/product"}],"replies":[{"embeddable":true,"href":"https:\/\/phukienflytech.vn\/en\/wp-json\/wp\/v2\/comments?post=6668"}],"wp:featuredmedia":[{"embeddable":true,"href":"https:\/\/phukienflytech.vn\/en\/wp-json\/wp\/v2\/media\/7493"}],"wp:attachment":[{"href":"https:\/\/phukienflytech.vn\/en\/wp-json\/wp\/v2\/media?parent=6668"}],"wp:term":[{"taxonomy":"product_brand","embeddable":true,"href":"https:\/\/phukienflytech.vn\/en\/wp-json\/wp\/v2\/product_brand?post=6668"},{"taxonomy":"product_cat","embeddable":true,"href":"https:\/\/phukienflytech.vn\/en\/wp-json\/wp\/v2\/product_cat?post=6668"},{"taxonomy":"product_tag","embeddable":true,"href":"https:\/\/phukienflytech.vn\/en\/wp-json\/wp\/v2\/product_tag?post=6668"}],"curies":[{"name":"wp","href":"https:\/\/api.w.org\/{rel}","templated":true}]}}