{"id":6691,"date":"2020-06-26T17:23:16","date_gmt":"2020-06-26T10:23:16","guid":{"rendered":"http:\/\/27430.lamdx.vinawebsite.vn\/san-pham\/pin-mavic-pro-chinh-hang-dji.html"},"modified":"2024-05-25T09:35:32","modified_gmt":"2024-05-25T02:35:32","slug":"original-mavic-pro-battery","status":"publish","type":"product","link":"https:\/\/phukienflytech.vn\/en\/san-pham\/original-mavic-pro-battery.html","title":{"rendered":"Orginal Mavic pro Battery"},"content":{"rendered":"<h2 style=\"text-align: justify;\"><span style=\"color: #0000ff;\"><em><strong>Orginal Mavic pro Battery<\/strong><\/em><\/span><\/h2>\n<p>&nbsp;<\/p>\n<p><span style=\"font-size: 18px;\">Orginal Mavic pro Battery<\/span><\/p>\n<p style=\"text-align: justify;\"><span style=\"font-size: 18px;\"><strong>Pin Mavic Pro ch\u00ednh h\u00e3ng DJI\u00a0<\/strong>l\u00e0 pin th\u00f4ng minh t\u1ef1 x\u1ea3. C\u00f3 kh\u1ea3 n\u0103ng b\u1ea3o v\u1ec7 s\u1ea1c qu\u00e1 m\u1ee9c v\u00e0 x\u1ea3 qu\u00e1 m\u1ee9c. B\u1ea1n c\u00f3 th\u1ec3 ki\u1ec3m tra t\u00ecnh tr\u1ea1ng pin th\u00f4ng qua \u1ee9ng d\u1ee5ng DJI Go. M\u1ed9t vi\u00ean pin Mavic Pro s\u1ebd cho th\u1eddi gian bay t\u1ed1i \u0111a l\u00e0 25 ph\u00fat.<\/span><\/p>\n<p>&nbsp;<\/p>\n<p style=\"text-align: justify;\"><span style=\"font-size: 18px;\"> <img loading=\"lazy\" decoding=\"async\" class=\"alignnone wp-image-15996 size-full\" src=\"https:\/\/phukienflytech.vn\/wp-content\/uploads\/2020\/06\/pin-mavic-pro-chinh-hang-dji-6677-6.jpg\" alt=\"Original-mavic-platinum-battery-9\" width=\"500\" height=\"293\" \/> \u00a0\u00a0 \u00a0\u00a0 \u00a0\u00a0\u00a0<\/span><\/p>\n<p>&nbsp;<\/p>\n<p style=\"text-align: justify;\"><span style=\"font-size: 18px;\"><strong>Pin Mavic Pro<\/strong>\u00a0\u00e1p d\u1ee5ng c\u00e1c c\u00f4ng ngh\u1ec7 m\u1edbi nh\u1ea5t \u0111\u1ec3 \u0111\u1ea3m b\u1ea3o h\u1ec7 th\u1ed1ng \u0111i\u1ec1u khi\u1ec3n chuy\u1ebfn bay c\u00f3 th\u1ec3 \u0111\u1ea1t \u0111\u01b0\u1ee3c m\u1ee9c pin ch\u00ednh x\u00e1c.\u00a0\u0110i\u1ec1u n\u00e0y cho ph\u00e9p n\u00f3 t\u00ednh to\u00e1n th\u1eddi gian bay c\u00f2n l\u1ea1i ch\u00ednh x\u00e1c h\u01a1n.<\/span><\/p>\n<p style=\"text-align: justify;\"><span style=\"font-size: 18px;\"> V\u1edbi \u1ee9ng d\u1ee5ng DJI GO, ng\u01b0\u1eddi \u0111i\u1ec1u khi\u1ec3n ho\u00e0n to\u00e0n c\u00f3 th\u1ec3 n\u1eafm \u0111\u01b0\u1ee3c ch\u00ednh x\u00e1c t\u00ecnh tr\u1ea1ng pin t\u1ed5ng th\u1ec3. Bao g\u1ed3m tr\u1ea1ng th\u00e1i pin th\u1eddi gian th\u1ef1c,\u00a0 nhi\u1ec7t \u0111\u1ed9 v\u00e0 nhi\u1ec1u th\u00f4ng s\u1ed1 kh\u00e1c. N\u00f3 s\u1ebd t\u00ednh to\u00e1n th\u1eddi gian bay c\u00f2n l\u1ea1i theo kho\u1ea3ng c\u00e1ch di chuy\u1ec3n. V\u00e0 \u0111\u01b0a ra c\u1ea3nh b\u00e1o khi \u0111\u1ea1t \u0111\u1ebfn m\u1ee9c an to\u00e0n t\u1ed1i thi\u1ec3u c\u1ea7n thi\u1ebft \u0111\u1ec3 flycam quay v\u1ec1 nh\u00e0.<\/span><\/p>\n<p style=\"text-align: justify;\"><span style=\"font-size: 18px;\"><img loading=\"lazy\" decoding=\"async\" class=\"alignnone size-medium wp-image-16000\" src=\"https:\/\/phukienflytech.vn\/wp-content\/uploads\/2020\/06\/pin-mavic-pro-chinh-hang-dji-6677-2-1.jpg\" alt=\"\" width=\"500\" height=\"281\" \/><\/span><\/p>\n<p>&nbsp;<\/p>\n<p style=\"text-align: justify;\"><span style=\"font-size: 18px;\"><strong>Pin Mavic Pro<\/strong>\u00a0c\u0169ng c\u00f3 ch\u1ee9c n\u0103ng b\u1ea3o v\u1ec7 s\u1ea1c qu\u00e1 m\u1ee9c v\u00e0 x\u1ea3 qu\u00e1 m\u1ee9c, gi\u1ea3m kh\u1ea3 n\u0103ng h\u01b0 h\u1ecfng pin.\u00a0Khi kh\u00f4ng \u0111\u01b0\u1ee3c s\u1eed d\u1ee5ng trong th\u1eddi gian d\u00e0i\u00a0Pin<strong>\u00a0<\/strong>s\u1ebd t\u1ef1 \u0111\u1ed9ng x\u1ea3 xu\u1ed1ng m\u1ee9c 50%, gi\u1eef cho m\u1ee9c s\u1ea1c t\u1ed1i \u01b0u \u0111\u1ec3 k\u00e9o d\u00e0i tu\u1ed5i th\u1ecd pin.\u00a0Khi bay \u1edf nhi\u1ec7t \u0111\u1ed9 l\u1ea1nh, pin s\u1ebd t\u1ef1 \u0111\u1ed9ng k\u00edch ho\u1ea1t tr\u1ea1ng th\u00e1i b\u1ea3o v\u1ec7 v\u00e0 s\u1ebd \u0111i\u1ec1u khi\u1ec3n c\u00f4ng su\u1ea5t \u0111\u1ea7u ra theo nhi\u1ec7t \u0111\u1ed9.<\/span><\/p>\n<p>&nbsp;<\/p>\n<p style=\"text-align: justify;\"><span style=\"font-size: 18px;\"> <img loading=\"lazy\" decoding=\"async\" class=\"alignnone wp-image-16016 size-medium\" src=\"https:\/\/phukienflytech.vn\/wp-content\/uploads\/2020\/06\/pin-mavic-pro-dji-6564-4-1-600x400.jpg\" alt=\"original-mavic-pro-battery-2\" width=\"600\" height=\"400\" srcset=\"https:\/\/phukienflytech.vn\/wp-content\/uploads\/2020\/06\/pin-mavic-pro-dji-6564-4-1-600x400.jpg 600w, https:\/\/phukienflytech.vn\/wp-content\/uploads\/2020\/06\/pin-mavic-pro-dji-6564-4-1-768x512.jpg 768w, https:\/\/phukienflytech.vn\/wp-content\/uploads\/2020\/06\/pin-mavic-pro-dji-6564-4-1.jpg 1200w\" sizes=\"auto, (max-width: 600px) 100vw, 600px\" \/><\/span><\/p>\n<p>&nbsp;<\/p>\n<p style=\"text-align: justify;\"><span style=\"font-size: 18px;\"><strong>Pin Mavic Pro\u00a0<\/strong>t\u01b0\u01a1ng th\u00edch v\u1edbi flycam Mavic Pro v\u00e0 Mavic platinum, b\u1ed9 s\u1ea1c xe h\u01a1i Mavic, Hub s\u1ea1c pin Mavic, Hub s\u1ea1c pin Mavic n\u00e2ng cao v\u00e0 b\u1ed9 chuy\u1ec3n \u0111\u1ed5i pin Mavic.<\/span><\/p>\n<p>&nbsp;<\/p>\n<p style=\"text-align: justify;\"><span style=\"font-size: 18px;\"><strong> <img loading=\"lazy\" decoding=\"async\" class=\"alignnone wp-image-16012 size-medium\" src=\"https:\/\/phukienflytech.vn\/wp-content\/uploads\/2020\/06\/pin-mavic-pro-dji-6564-2-1-510x400.jpg\" alt=\"original-mavic-pro-battery-9\" width=\"510\" height=\"400\" srcset=\"https:\/\/phukienflytech.vn\/wp-content\/uploads\/2020\/06\/pin-mavic-pro-dji-6564-2-1-510x400.jpg 510w, https:\/\/phukienflytech.vn\/wp-content\/uploads\/2020\/06\/pin-mavic-pro-dji-6564-2-1-768x602.jpg 768w, https:\/\/phukienflytech.vn\/wp-content\/uploads\/2020\/06\/pin-mavic-pro-dji-6564-2-1-600x471.jpg 600w, https:\/\/phukienflytech.vn\/wp-content\/uploads\/2020\/06\/pin-mavic-pro-dji-6564-2-1.jpg 779w\" sizes=\"auto, (max-width: 510px) 100vw, 510px\" \/><\/strong><\/span><\/p>\n<p>&nbsp;<\/p>\n<h2 style=\"text-align: justify;\"><span style=\"font-size: 21px; color: #0000ff;\"><strong>Th\u00f4ng s\u1ed1 k\u1ef9 thu\u1eadt Orginal Mavic pro Battery<\/strong><\/span><\/h2>\n<p style=\"text-align: justify;\"><span style=\"font-size: 18px;\">&#8211; Dung l\u01b0\u1ee3ng: 3830 mAh<\/span><br \/>\n<span style=\"font-size: 18px;\">&#8211; \u0110i\u1ec7n \u00e1p: 11,4 V<\/span><br \/>\n<span style=\"font-size: 18px;\">&#8211; Lo\u1ea1i pin: LiPo 3S<\/span><br \/>\n<span style=\"font-size: 18px;\">&#8211; N\u0103ng l\u01b0\u1ee3ng: 43,6 Wh<\/span><br \/>\n<span style=\"font-size: 18px;\">&#8211; Tr\u1ecdng l\u01b0\u1ee3ng t\u1ecbnh: 240 g<\/span><br \/>\n<span style=\"font-size: 18px;\">&#8211; Nhi\u1ec7t \u0111\u1ed9 s\u1ea1c Ph\u1ea1m vi: 41\u00b0 \u0111\u1ebfn 104\u00b0F (5\u00b0 \u0111\u1ebfn 40\u00b0C)<\/span><\/p>\n<p style=\"text-align: justify;\"><span style=\"font-size: 18px;\">&#8211; Th\u1eddi gian s\u1ea1c \u0111\u1ea7y t\u1eeb 20% &#8211; 100% : 70 ph\u00fat<\/span><\/p>\n<p style=\"text-align: justify;\"><span style=\"font-size: 18px;\">&#8211; Th\u1eddi gian s\u1eed d\u1ee5ng 100%: 27 ph\u00fat.<\/span><\/p>\n<p style=\"text-align: justify;\"><span style=\"font-size: 18px;\">&#8211; Th\u1eddi gian kh\u1ea3 d\u1ee5ng: 23 ph\u00fat<\/span><\/p>\n<p>&nbsp;<\/p>\n<p style=\"text-align: justify;\"><span style=\"font-size: 18px;\"> <img loading=\"lazy\" decoding=\"async\" class=\"alignnone wp-image-16004\" src=\"https:\/\/phukienflytech.vn\/wp-content\/uploads\/2020\/06\/pin-mavic-pro-chinh-hang-dji-6677-4-1-280x280.jpg\" alt=\"original-mavic-pro-battery\" width=\"390\" height=\"390\" srcset=\"https:\/\/phukienflytech.vn\/wp-content\/uploads\/2020\/06\/pin-mavic-pro-chinh-hang-dji-6677-4-1-280x280.jpg 280w, https:\/\/phukienflytech.vn\/wp-content\/uploads\/2020\/06\/pin-mavic-pro-chinh-hang-dji-6677-4-1-100x100.jpg 100w\" sizes=\"auto, (max-width: 390px) 100vw, 390px\" \/><\/span><\/p>\n<p>&nbsp;<\/p>\n<p style=\"text-align: justify;\"><span style=\"font-size: 18px;\"><strong>Gi\u00e1 Pin Mavic Pro\u00a0<\/strong>l\u00e0 bao nhi\u00eau? Hi\u1ec7n nay, t\u1ea1i Phukienflytech.vn ch\u00fang t\u00f4i b\u00e1n Pin Mavic Pro ch\u00ednh h\u00e3ng DJI v\u1edbi gi\u00e1 r\u1ea5t t\u1ed1t l\u00e0 1.950.000\u0111.<\/span><\/p>\n<p>&nbsp;<\/p>\n<h2 style=\"text-align: justify;\"><span style=\"font-size: 21px; color: #0000ff;\"><strong>S\u1eed d\u1ee5ng pin Mavic pro ch\u00ednh h\u00e3ng sao cho \u0111\u00fang?<\/strong><\/span><\/h2>\n<p>&nbsp;<\/p>\n<ul>\n<li style=\"text-align: justify;\"><span style=\"font-size: 18px;\">\u0110i\u1ec1u 1:\u00a0 X\u1ea3 pin \u0111\u1ebfn 25% -60% n\u1ebfu KH\u00d4NG \u0111\u01b0\u1ee3c s\u1eed d\u1ee5ng trong 7 ng\u00e0y ho\u1eb7c l\u00e2u h\u01a1n. \u0110i\u1ec1u n\u00e0y c\u00f3 th\u1ec3 k\u00e9o d\u00e0i tu\u1ed5i th\u1ecd pin v\u00e0 \u0111\u1ea3m b\u1ea3o \u0111\u01b0\u1ee3c c\u00e1c cell c\u1ee7a Pin s\u1ebd lu\u00f4n \u1edf m\u1ee9c \u1ed5n \u0111\u1ecbnh, h\u1ea1n ch\u1ebf t\u1ed1i \u0111a vi\u1ec7c t\u1ee5t cell\u00a0<strong><br \/>\n<\/strong><\/span><\/li>\n<li style=\"text-align: justify;\"><span style=\"font-size: 18px;\">\u0110i\u1ec1u 2.\u00a0B\u1ea1n n\u00ean ch\u1ee7 \u0111\u1ed9ng c\u00e0i \u0111\u1eb7t th\u1eddi gian x\u1ea3 pin trong ph\u1ea7n m\u1ec1m DJI GO 4 sau th\u1eddi gian 7 ng\u00e0y. Pin s\u1ebd t\u1ef1 \u0111\u1ed9ng x\u1ea3 d\u01b0\u1edbi 60% khi kh\u00f4ng s\u1eed d\u1ee5ng trong h\u01a1n 7 ng\u00e0y \u0111\u1ec3 tr\u00e1nh hi\u1ec7n t\u01b0\u1ee3ng ph\u00f9 pin.\u00a0<\/span><\/li>\n<li style=\"text-align: justify;\"><span style=\"font-size: 18px;\">\u0110i\u1ec1u 3.\u00a0Th\u00e1o pin ra kh\u1ecfi m\u00e1y bay khi \u0111\u01b0\u1ee3c l\u01b0u tr\u1eef trong m\u1ed9t kho\u1ea3ng th\u1eddi gian d\u00e0i.<\/span><\/li>\n<li style=\"text-align: justify;\"><span style=\"font-size: 18px;\">\u0110i\u1ec1u 4: C\u00f3 k\u1ebf ho\u1ea1ch s\u1eed d\u1ee5ng pin Mavic m\u1ed9t c\u00e1ch c\u1ee5 th\u1ec3, h\u1ea1n ch\u1ebf vi\u1ec7c \u0111\u1ec3 pin b\u1ecb t\u1ee5t d\u1ee5ng l\u01b0\u1ee3ng t\u1edbi \u0111i\u1ec3m 0 mAh qu\u00e1 nhi\u1ec1u<\/span><\/li>\n<li style=\"text-align: justify;\"><span style=\"font-size: 18px;\">\u0110i\u1ec1u 5: S\u1eed d\u1ee5ng c\u00e1c thi\u1ebft b\u1ecb s\u1ea1c r\u00f5 ngu\u1ed3n g\u1ed1c, xu\u1ea5t s\u1ee9 v\u00e0 mua t\u1ea1i c\u00e1c shop uy t\u00edn c\u00f3 \u0111\u1ea3m b\u1ea3o ch\u1ea5t l\u01b0\u1ee3ng<\/span><\/li>\n<\/ul>\n<p style=\"text-align: justify;\"><span style=\"font-size: 18px;\">C\u00f3 th\u1ec3 b\u1ea1n quan t\u00e2m:\u00a0<a href=\"https:\/\/phukienflytech.vn\/en\/san-pham\/bo-sac-nhanh-mavic-pro.html\" target=\"_blank\" rel=\"noopener noreferrer\"><strong>S\u1ea1c pin nhanh Mavic pro\/platium <\/strong><\/a>,\u00a0<a href=\"https:\/\/phukienflytech.vn\/san-pham\/hub-sac-3-pin-mavic-pro.html\" target=\"_blank\" rel=\"noopener noreferrer\"><strong>Hub s\u1ea1c pin Mavic pro\/platium<\/strong><\/a><\/span><\/p>\n<p style=\"text-align: justify;\"><span style=\"font-size: 18px;\">C\u00f9ng b\u1ed5 sung ngay\u00a0<strong>Pin th\u00f4ng minh Mavic pro\/platium\u00a0<\/strong>v\u00e0o\u00a0<strong><a href=\"https:\/\/phukienflytech.vn\/en\/danh-muc\/mavic-pro-accessory.html\" target=\"_blank\" rel=\"noopener noreferrer\">b\u1ed9 ph\u1ee5 ki\u1ec7n mavic pro\/platium<\/a><\/strong>\u00a0c\u1ee7a b\u1ea1n\u00a0<\/span><\/p>\n<p>&nbsp;<\/p>\n<h2 style=\"text-align: justify;\"><span style=\"font-size: 21px;\"><span style=\"color: #0000ff;\"><strong>B\u1ea3o h\u00e0nh pin Mavic pro\/platium <\/strong><\/span><strong>ch\u00ednh h\u00e3ng dji<\/strong><\/span><\/h2>\n<ul style=\"text-align: justify;\">\n<li><span style=\"font-size: 18px;\">Th\u1eddi gian b\u1ea3o h\u00e0nh: 6 th\u00e1ng<\/span><\/li>\n<li><span style=\"font-size: 18px;\">Th\u1eddi gian \u0111\u1ed5i l\u1ed7i : 1 tu\u1ea7n<\/span><\/li>\n<\/ul>\n<p style=\"text-align: justify;\"><span style=\"font-size: 18px;\">Khi b\u1ea1n mua c\u00e1c s\u1ea3n ph\u1ea9m\u00a0PIN th\u00f4ng minh ch\u00ednh h\u00e3ng DJI d\u00e0nh cho mavic pro platium, Phantom 4, DJI Mavic, Spark v\u00e0 Inspire series t\u1ea1i Ph\u1ee5 ki\u1ec7n fly-tech gi\u00e1 t\u1ed1t, b\u1ea1n s\u1ebd \u0111\u01b0\u1ee3c ch\u00fang t\u00f4i t\u01b0 v\u1ea5n c\u00e1c th\u00f4ng tin v\u00e0 h\u1ed7 tr\u1ee3 b\u1ea3o h\u00e0nh s\u1ea3n ph\u1ea9m nh\u01b0 sau:<\/span><\/p>\n<h2 style=\"text-align: justify;\"><span style=\"font-size: 21px; color: #0000ff;\"><strong>Mua Pin Mavic pro ch\u00ednh h\u00e3ng DJI \u1edf \u0111\u00e2u?<\/strong><\/span><\/h2>\n<p style=\"text-align: justify;\"><span style=\"font-size: 18px;\"><strong><a href=\"https:\/\/facebook.com\/phukienflycam\/\" target=\"_blank\" rel=\"noopener noreferrer\">Ph\u1ee5 Ki\u1ec7n Fly-cam Gi\u00e1 T\u1ed1t<\/a><\/strong> l\u00e0 1 trong nh\u1eefng \u0111\u1ecba ch\u1ec9 uy t\u00edn \u0111\u1ec3 c\u00e1c b\u1ea1n c\u00f3 th\u1ec3 tin t\u01b0\u1edfng v\u00e0 mua Pin ch\u00ednh h\u00e3ng Mavic Pro, ch\u00fang t\u00f4i lu\u00f4n \u0111\u1eb7t quy\u1ec1n l\u1ee3i c\u1ee7a kh\u00e1ch h\u00e0ng l\u00ean h\u00e0ng \u0111\u1ea7u. Ngo\u00e0i Pin Mavic Pro.<strong>\u00a0Ph\u1ee5 ki\u1ec7n flytech<\/strong> c\u00f2n chung c\u1ea5p ph\u1ee5 ki\u1ec7n flycam DJI Mavic Pro \u0111\u1ec3 ph\u1ee5c v\u1ee5 nhu c\u1ea7u c\u1ee7a c\u00e1c b\u1ea1n.<\/span><\/p>\n<p>&nbsp;<\/p>\n<p style=\"text-align: justify;\"><span style=\"font-size: 18px;\"><img loading=\"lazy\" decoding=\"async\" class=\"alignnone wp-image-15966\" src=\"https:\/\/phukienflytech.vn\/wp-content\/uploads\/2020\/06\/bo-sac-nhanh-mavic-pro-6969-8-800x251.png\" alt=\"\" width=\"642\" height=\"202\" srcset=\"https:\/\/phukienflytech.vn\/wp-content\/uploads\/2020\/06\/bo-sac-nhanh-mavic-pro-6969-8-800x251.png 800w, https:\/\/phukienflytech.vn\/wp-content\/uploads\/2020\/06\/bo-sac-nhanh-mavic-pro-6969-8-768x241.png 768w, https:\/\/phukienflytech.vn\/wp-content\/uploads\/2020\/06\/bo-sac-nhanh-mavic-pro-6969-8-600x188.png 600w, https:\/\/phukienflytech.vn\/wp-content\/uploads\/2020\/06\/bo-sac-nhanh-mavic-pro-6969-8.png 1013w\" sizes=\"auto, (max-width: 642px) 100vw, 642px\" \/><\/span><\/p>\n","protected":false},"excerpt":{"rendered":"<p>Orginal Mavic pro Battery &nbsp; Orginal Mavic pro Battery Pin Mavic Pro ch\u00ednh h\u00e3ng DJI\u00a0l\u00e0 pin th\u00f4ng minh t\u1ef1 x\u1ea3. C\u00f3 kh\u1ea3 n\u0103ng b\u1ea3o v\u1ec7 s\u1ea1c qu\u00e1 m\u1ee9c v\u00e0 x\u1ea3 qu\u00e1 m\u1ee9c. B\u1ea1n c\u00f3 th\u1ec3 ki\u1ec3m tra t\u00ecnh tr\u1ea1ng pin th\u00f4ng qua \u1ee9ng d\u1ee5ng DJI Go. M\u1ed9t vi\u00ean pin Mavic Pro s\u1ebd cho th\u1eddi gian &#8230;<\/p>\n","protected":false},"featured_media":7479,"comment_status":"open","ping_status":"closed","template":"","meta":{"_acf_changed":false},"product_brand":[],"product_cat":[178],"product_tag":[223,516],"class_list":{"0":"post-6691","1":"product","2":"type-product","3":"status-publish","4":"has-post-thumbnail","6":"product_cat-mavic-pro-accessory","7":"product_tag-phu-kien-mavic-pro-en","8":"product_tag-pin-mavic-pro-chinh-hang-dji-en","10":"first","11":"instock","12":"sale","13":"shipping-taxable","14":"purchasable","15":"product-type-variable"},"acf":[],"yoast_head":"<!-- This site is optimized with the Yoast SEO plugin v25.7 - https:\/\/yoast.com\/wordpress\/plugins\/seo\/ -->\n<title>Orginal Mavic pro Battery -Mavic pro accessory - Available - Original<\/title>\n<meta name=\"description\" content=\"Orginal Mavic pro Battery is one of the most important accessory. Contact us to buy Orginal Mavic pro Battery for best price\" \/>\n<meta name=\"robots\" content=\"index, follow, max-snippet:-1, max-image-preview:large, max-video-preview:-1\" \/>\n<link rel=\"canonical\" href=\"https:\/\/phukienflytech.vn\/en\/san-pham\/original-mavic-pro-battery.html\" \/>\n<meta property=\"og:locale\" content=\"en_US\" \/>\n<meta property=\"og:type\" content=\"article\" \/>\n<meta property=\"og:title\" content=\"Orginal Mavic pro Battery -Mavic pro accessory - Available - Original\" \/>\n<meta property=\"og:description\" content=\"Orginal Mavic pro Battery is one of the most important accessory. Contact us to buy Orginal Mavic pro Battery for best price\" \/>\n<meta property=\"og:url\" content=\"https:\/\/phukienflytech.vn\/en\/san-pham\/original-mavic-pro-battery.html\" \/>\n<meta property=\"og:site_name\" content=\"Shop M\u00e1y \u1ea3nh - Action Camera - Gimbal - Flycam - Ph\u1ee5 ki\u1ec7n\" \/>\n<meta property=\"article:publisher\" content=\"https:\/\/facebook.com\/phukienflycam\" \/>\n<meta property=\"article:modified_time\" content=\"2024-05-25T02:35:32+00:00\" \/>\n<meta property=\"og:image\" content=\"https:\/\/phukienflytech.vn\/wp-content\/uploads\/2020\/06\/pin-mavic-pro-ch\u00ednh-h\u00e3ng.png\" \/>\n\t<meta property=\"og:image:width\" content=\"1000\" \/>\n\t<meta property=\"og:image:height\" content=\"1000\" \/>\n\t<meta property=\"og:image:type\" content=\"image\/png\" \/>\n<meta name=\"twitter:card\" content=\"summary_large_image\" \/>\n<meta name=\"twitter:label1\" content=\"Est. reading time\" \/>\n\t<meta name=\"twitter:data1\" content=\"5 minutes\" \/>\n<script type=\"application\/ld+json\" class=\"yoast-schema-graph\">{\"@context\":\"https:\/\/schema.org\",\"@graph\":[{\"@type\":\"WebPage\",\"@id\":\"https:\/\/phukienflytech.vn\/en\/san-pham\/original-mavic-pro-battery.html\",\"url\":\"https:\/\/phukienflytech.vn\/en\/san-pham\/original-mavic-pro-battery.html\",\"name\":\"Orginal Mavic pro Battery -Mavic pro accessory - Available - Original\",\"isPartOf\":{\"@id\":\"https:\/\/phukienflytech.vn\/#website\"},\"primaryImageOfPage\":{\"@id\":\"https:\/\/phukienflytech.vn\/en\/san-pham\/original-mavic-pro-battery.html#primaryimage\"},\"image\":{\"@id\":\"https:\/\/phukienflytech.vn\/en\/san-pham\/original-mavic-pro-battery.html#primaryimage\"},\"thumbnailUrl\":\"https:\/\/phukienflytech.vn\/wp-content\/uploads\/2020\/06\/pin-mavic-pro-ch\u00ednh-h\u00e3ng.png\",\"datePublished\":\"2020-06-26T10:23:16+00:00\",\"dateModified\":\"2024-05-25T02:35:32+00:00\",\"description\":\"Orginal Mavic pro Battery is one of the most important accessory. Contact us to buy Orginal Mavic pro Battery for best price\",\"breadcrumb\":{\"@id\":\"https:\/\/phukienflytech.vn\/en\/san-pham\/original-mavic-pro-battery.html#breadcrumb\"},\"inLanguage\":\"en-US\",\"potentialAction\":[{\"@type\":\"ReadAction\",\"target\":[\"https:\/\/phukienflytech.vn\/en\/san-pham\/original-mavic-pro-battery.html\"]}]},{\"@type\":\"ImageObject\",\"inLanguage\":\"en-US\",\"@id\":\"https:\/\/phukienflytech.vn\/en\/san-pham\/original-mavic-pro-battery.html#primaryimage\",\"url\":\"https:\/\/phukienflytech.vn\/wp-content\/uploads\/2020\/06\/pin-mavic-pro-ch\u00ednh-h\u00e3ng.png\",\"contentUrl\":\"https:\/\/phukienflytech.vn\/wp-content\/uploads\/2020\/06\/pin-mavic-pro-ch\u00ednh-h\u00e3ng.png\",\"width\":1000,\"height\":1000},{\"@type\":\"BreadcrumbList\",\"@id\":\"https:\/\/phukienflytech.vn\/en\/san-pham\/original-mavic-pro-battery.html#breadcrumb\",\"itemListElement\":[{\"@type\":\"ListItem\",\"position\":1,\"name\":\"Home\",\"item\":\"https:\/\/phukienflytech.vn\/en\"},{\"@type\":\"ListItem\",\"position\":2,\"name\":\"Ph\u1ee5 ki\u1ec7n Mavic Pro\",\"item\":\"https:\/\/phukienflytech.vn\/en\/phu-kien-mavic-pro.html\"},{\"@type\":\"ListItem\",\"position\":3,\"name\":\"DJI Osmo &amp; Drone's accessories\",\"item\":\"https:\/\/phukienflytech.vn\/en\/danh-muc\/dji-osmo-drones-accessories.html\"},{\"@type\":\"ListItem\",\"position\":4,\"name\":\"Mavic Pro Accessory\",\"item\":\"https:\/\/phukienflytech.vn\/en\/danh-muc\/mavic-pro-accessory.html\"},{\"@type\":\"ListItem\",\"position\":5,\"name\":\"Orginal Mavic pro Battery\"}]},{\"@type\":\"WebSite\",\"@id\":\"https:\/\/phukienflytech.vn\/#website\",\"url\":\"https:\/\/phukienflytech.vn\/\",\"name\":\"Shop M\u00e1y \u1ea3nh - Action Camera - Gimbal - Flycam - Ph\u1ee5 ki\u1ec7n\",\"description\":\"Shop M\u00e1y \u1ea3nh - Action Camera - Gimbal - Flycam - Ph\u1ee5 ki\u1ec7n\",\"publisher\":{\"@id\":\"https:\/\/phukienflytech.vn\/#organization\"},\"potentialAction\":[{\"@type\":\"SearchAction\",\"target\":{\"@type\":\"EntryPoint\",\"urlTemplate\":\"https:\/\/phukienflytech.vn\/?s={search_term_string}\"},\"query-input\":{\"@type\":\"PropertyValueSpecification\",\"valueRequired\":true,\"valueName\":\"search_term_string\"}}],\"inLanguage\":\"en-US\"},{\"@type\":\"Organization\",\"@id\":\"https:\/\/phukienflytech.vn\/#organization\",\"name\":\"DJI Store - Shop Drone, Action camera, Gimbal DJI |Phukienflytech\",\"alternateName\":\"DJI Store - Shop Drone, Action camera, Gimbal DJI |Phukienflytech\",\"url\":\"https:\/\/phukienflytech.vn\/\",\"logo\":{\"@type\":\"ImageObject\",\"inLanguage\":\"en-US\",\"@id\":\"https:\/\/phukienflytech.vn\/#\/schema\/logo\/image\/\",\"url\":\"https:\/\/phukienflytech.vn\/wp-content\/uploads\/2020\/05\/hAnh_nan.jpg1_.jpg\",\"contentUrl\":\"https:\/\/phukienflytech.vn\/wp-content\/uploads\/2020\/05\/hAnh_nan.jpg1_.jpg\",\"width\":800,\"height\":450,\"caption\":\"DJI Store - Shop Drone, Action camera, Gimbal DJI |Phukienflytech\"},\"image\":{\"@id\":\"https:\/\/phukienflytech.vn\/#\/schema\/logo\/image\/\"},\"sameAs\":[\"https:\/\/facebook.com\/phukienflycam\",\"https:\/\/www.youtube.com\/@phukienflytech\",\"https:\/\/www.tiktok.com\/@flytech.channel?fbclid=IwY2xjawGjg7BleHRuA2FlbQIxMAABHYVGmlXpuSMs0UB2zTpYvyT4GMVfN2qJa4urF4vkSQ6FAVBwXZtDP30qQA_aem_UwMiDcUvlEbd2tXAmsc8Og\"]}]}<\/script>\n<!-- \/ Yoast SEO plugin. -->","yoast_head_json":{"title":"Orginal Mavic pro Battery -Mavic pro accessory - Available - Original","description":"Orginal Mavic pro Battery is one of the most important accessory. Contact us to buy Orginal Mavic pro Battery for best price","robots":{"index":"index","follow":"follow","max-snippet":"max-snippet:-1","max-image-preview":"max-image-preview:large","max-video-preview":"max-video-preview:-1"},"canonical":"https:\/\/phukienflytech.vn\/en\/san-pham\/original-mavic-pro-battery.html","og_locale":"en_US","og_type":"article","og_title":"Orginal Mavic pro Battery -Mavic pro accessory - Available - Original","og_description":"Orginal Mavic pro Battery is one of the most important accessory. Contact us to buy Orginal Mavic pro Battery for best price","og_url":"https:\/\/phukienflytech.vn\/en\/san-pham\/original-mavic-pro-battery.html","og_site_name":"Shop M\u00e1y \u1ea3nh - Action Camera - Gimbal - Flycam - Ph\u1ee5 ki\u1ec7n","article_publisher":"https:\/\/facebook.com\/phukienflycam","article_modified_time":"2024-05-25T02:35:32+00:00","og_image":[{"width":1000,"height":1000,"url":"https:\/\/phukienflytech.vn\/wp-content\/uploads\/2020\/06\/pin-mavic-pro-ch\u00ednh-h\u00e3ng.png","type":"image\/png"}],"twitter_card":"summary_large_image","twitter_misc":{"Est. reading time":"5 minutes"},"schema":{"@context":"https:\/\/schema.org","@graph":[{"@type":"WebPage","@id":"https:\/\/phukienflytech.vn\/en\/san-pham\/original-mavic-pro-battery.html","url":"https:\/\/phukienflytech.vn\/en\/san-pham\/original-mavic-pro-battery.html","name":"Orginal Mavic pro Battery -Mavic pro accessory - Available - Original","isPartOf":{"@id":"https:\/\/phukienflytech.vn\/#website"},"primaryImageOfPage":{"@id":"https:\/\/phukienflytech.vn\/en\/san-pham\/original-mavic-pro-battery.html#primaryimage"},"image":{"@id":"https:\/\/phukienflytech.vn\/en\/san-pham\/original-mavic-pro-battery.html#primaryimage"},"thumbnailUrl":"https:\/\/phukienflytech.vn\/wp-content\/uploads\/2020\/06\/pin-mavic-pro-ch\u00ednh-h\u00e3ng.png","datePublished":"2020-06-26T10:23:16+00:00","dateModified":"2024-05-25T02:35:32+00:00","description":"Orginal Mavic pro Battery is one of the most important accessory. Contact us to buy Orginal Mavic pro Battery for best price","breadcrumb":{"@id":"https:\/\/phukienflytech.vn\/en\/san-pham\/original-mavic-pro-battery.html#breadcrumb"},"inLanguage":"en-US","potentialAction":[{"@type":"ReadAction","target":["https:\/\/phukienflytech.vn\/en\/san-pham\/original-mavic-pro-battery.html"]}]},{"@type":"ImageObject","inLanguage":"en-US","@id":"https:\/\/phukienflytech.vn\/en\/san-pham\/original-mavic-pro-battery.html#primaryimage","url":"https:\/\/phukienflytech.vn\/wp-content\/uploads\/2020\/06\/pin-mavic-pro-ch\u00ednh-h\u00e3ng.png","contentUrl":"https:\/\/phukienflytech.vn\/wp-content\/uploads\/2020\/06\/pin-mavic-pro-ch\u00ednh-h\u00e3ng.png","width":1000,"height":1000},{"@type":"BreadcrumbList","@id":"https:\/\/phukienflytech.vn\/en\/san-pham\/original-mavic-pro-battery.html#breadcrumb","itemListElement":[{"@type":"ListItem","position":1,"name":"Home","item":"https:\/\/phukienflytech.vn\/en"},{"@type":"ListItem","position":2,"name":"Ph\u1ee5 ki\u1ec7n Mavic Pro","item":"https:\/\/phukienflytech.vn\/en\/phu-kien-mavic-pro.html"},{"@type":"ListItem","position":3,"name":"DJI Osmo &amp; Drone's accessories","item":"https:\/\/phukienflytech.vn\/en\/danh-muc\/dji-osmo-drones-accessories.html"},{"@type":"ListItem","position":4,"name":"Mavic Pro Accessory","item":"https:\/\/phukienflytech.vn\/en\/danh-muc\/mavic-pro-accessory.html"},{"@type":"ListItem","position":5,"name":"Orginal Mavic pro Battery"}]},{"@type":"WebSite","@id":"https:\/\/phukienflytech.vn\/#website","url":"https:\/\/phukienflytech.vn\/","name":"Shop M\u00e1y \u1ea3nh - Action Camera - Gimbal - Flycam - Ph\u1ee5 ki\u1ec7n","description":"Shop M\u00e1y \u1ea3nh - Action Camera - Gimbal - Flycam - Ph\u1ee5 ki\u1ec7n","publisher":{"@id":"https:\/\/phukienflytech.vn\/#organization"},"potentialAction":[{"@type":"SearchAction","target":{"@type":"EntryPoint","urlTemplate":"https:\/\/phukienflytech.vn\/?s={search_term_string}"},"query-input":{"@type":"PropertyValueSpecification","valueRequired":true,"valueName":"search_term_string"}}],"inLanguage":"en-US"},{"@type":"Organization","@id":"https:\/\/phukienflytech.vn\/#organization","name":"DJI Store - Shop Drone, Action camera, Gimbal DJI |Phukienflytech","alternateName":"DJI Store - Shop Drone, Action camera, Gimbal DJI |Phukienflytech","url":"https:\/\/phukienflytech.vn\/","logo":{"@type":"ImageObject","inLanguage":"en-US","@id":"https:\/\/phukienflytech.vn\/#\/schema\/logo\/image\/","url":"https:\/\/phukienflytech.vn\/wp-content\/uploads\/2020\/05\/hAnh_nan.jpg1_.jpg","contentUrl":"https:\/\/phukienflytech.vn\/wp-content\/uploads\/2020\/05\/hAnh_nan.jpg1_.jpg","width":800,"height":450,"caption":"DJI Store - Shop Drone, Action camera, Gimbal DJI |Phukienflytech"},"image":{"@id":"https:\/\/phukienflytech.vn\/#\/schema\/logo\/image\/"},"sameAs":["https:\/\/facebook.com\/phukienflycam","https:\/\/www.youtube.com\/@phukienflytech","https:\/\/www.tiktok.com\/@flytech.channel?fbclid=IwY2xjawGjg7BleHRuA2FlbQIxMAABHYVGmlXpuSMs0UB2zTpYvyT4GMVfN2qJa4urF4vkSQ6FAVBwXZtDP30qQA_aem_UwMiDcUvlEbd2tXAmsc8Og"]}]}},"_links":{"self":[{"href":"https:\/\/phukienflytech.vn\/en\/wp-json\/wp\/v2\/product\/6691","targetHints":{"allow":["GET"]}}],"collection":[{"href":"https:\/\/phukienflytech.vn\/en\/wp-json\/wp\/v2\/product"}],"about":[{"href":"https:\/\/phukienflytech.vn\/en\/wp-json\/wp\/v2\/types\/product"}],"replies":[{"embeddable":true,"href":"https:\/\/phukienflytech.vn\/en\/wp-json\/wp\/v2\/comments?post=6691"}],"wp:featuredmedia":[{"embeddable":true,"href":"https:\/\/phukienflytech.vn\/en\/wp-json\/wp\/v2\/media\/7479"}],"wp:attachment":[{"href":"https:\/\/phukienflytech.vn\/en\/wp-json\/wp\/v2\/media?parent=6691"}],"wp:term":[{"taxonomy":"product_brand","embeddable":true,"href":"https:\/\/phukienflytech.vn\/en\/wp-json\/wp\/v2\/product_brand?post=6691"},{"taxonomy":"product_cat","embeddable":true,"href":"https:\/\/phukienflytech.vn\/en\/wp-json\/wp\/v2\/product_cat?post=6691"},{"taxonomy":"product_tag","embeddable":true,"href":"https:\/\/phukienflytech.vn\/en\/wp-json\/wp\/v2\/product_tag?post=6691"}],"curies":[{"name":"wp","href":"https:\/\/api.w.org\/{rel}","templated":true}]}}