{"id":6758,"date":"2020-06-23T09:28:14","date_gmt":"2020-06-23T02:28:14","guid":{"rendered":"http:\/\/27430.lamdx.vinawebsite.vn\/san-pham\/canh-phantom-3-canh-carbon-sieu-cung.html"},"modified":"2021-01-16T10:16:46","modified_gmt":"2021-01-16T03:16:46","slug":"carbon-filter-propellers-for-phantom-3","status":"publish","type":"product","link":"https:\/\/phukienflytech.vn\/en\/san-pham\/carbon-filter-propellers-for-phantom-3.html","title":{"rendered":"Carbon Filter Propellers for Phantom 3"},"content":{"rendered":"<h2><span style=\"color: #0000ff;\"><em><strong><span style=\"font-size: 21px;\">Carbon Filter Propellers for Phantom 3<\/span><\/strong><\/em><\/span><\/h2>\n<p><span style=\"font-size: 18px;\">Carbon Filter Propellers for Phantom 3<\/span><\/p>\n<p><span style=\"font-size: 18px;\"><em><strong>C\u00e1nh carbon phantom 3 si\u00eau c\u1ee9ng<\/strong><\/em> \u0111\u01b0\u1ee3c thi\u1ebft k\u1ebf d\u1ef1a tr\u00ean c\u00e1c th\u00f4ng s\u1ed1 k\u1ef9 thu\u1eadt c\u00e1nh carbon ch\u00ednh h\u00e3ng do Sunnylife s\u1ea3n xu\u1ea5t v\u00e0 ph\u00e2n ph\u1ed1i.<\/span><\/p>\n<p>&nbsp;<\/p>\n<p>&nbsp;<\/p>\n<p><span style=\"font-size: 18px;\"><img loading=\"lazy\" decoding=\"async\" src=\"https:\/\/phukienflytech.vn\/wp-content\/uploads\/2020\/06\/canh-phantom-3-canh-carbon-sieu-cung-6747.jpg\" alt=\"\" width=\"465\" height=\"284\" \/><img loading=\"lazy\" decoding=\"async\" class=\"alignnone size-medium wp-image-12930\" src=\"https:\/\/phukienflytech.vn\/wp-content\/uploads\/2020\/06\/canh-phantom-3-canh-carbon-sieu-cung-6747-1-1-400x400.jpg\" alt=\"\" width=\"400\" height=\"400\" srcset=\"https:\/\/phukienflytech.vn\/wp-content\/uploads\/2020\/06\/canh-phantom-3-canh-carbon-sieu-cung-6747-1-1-400x400.jpg 400w, https:\/\/phukienflytech.vn\/wp-content\/uploads\/2020\/06\/canh-phantom-3-canh-carbon-sieu-cung-6747-1-1-280x280.jpg 280w, https:\/\/phukienflytech.vn\/wp-content\/uploads\/2020\/06\/canh-phantom-3-canh-carbon-sieu-cung-6747-1-1-768x768.jpg 768w, https:\/\/phukienflytech.vn\/wp-content\/uploads\/2020\/06\/canh-phantom-3-canh-carbon-sieu-cung-6747-1-1-800x800.jpg 800w, https:\/\/phukienflytech.vn\/wp-content\/uploads\/2020\/06\/canh-phantom-3-canh-carbon-sieu-cung-6747-1-1-300x300.jpg 300w, https:\/\/phukienflytech.vn\/wp-content\/uploads\/2020\/06\/canh-phantom-3-canh-carbon-sieu-cung-6747-1-1-600x600.jpg 600w, https:\/\/phukienflytech.vn\/wp-content\/uploads\/2020\/06\/canh-phantom-3-canh-carbon-sieu-cung-6747-1-1-100x100.jpg 100w, https:\/\/phukienflytech.vn\/wp-content\/uploads\/2020\/06\/canh-phantom-3-canh-carbon-sieu-cung-6747-1-1.jpg 900w\" sizes=\"auto, (max-width: 400px) 100vw, 400px\" \/> \u00a0<\/span><\/p>\n<p>&nbsp;<\/p>\n<p>&nbsp;<\/p>\n<p><span style=\"font-size: 18px;\">&#8211; Ch\u1ea5t li\u1ec7u: th\u00e9p kh\u00f4ng g\u1ec9 + s\u1ee3i carbon , do v\u1eady c\u00f3 \u0111\u1ed9 c\u1ee9ng g\u1ea7n nh\u01b0 tuy\u1ec7t \u0111\u1ed1i, s\u1ee9c l\u00ec c\u1ee7a c\u00e1nh s\u1ebd gi\u00fap cho vi\u1ec7c kh\u00e1ng gi\u00f3 tr\u1edf l\u00ean m\u1ea1nh m\u1ebd h\u01a1n bao gi\u1edd h\u1ebft<\/span><\/p>\n<p><span style=\"font-size: 18px;\">&#8211; Size: t\u01b0\u01a1ng \u0111\u1ed1i d\u00e0y<\/span><\/p>\n<p><span style=\"font-size: 18px;\">&#8211; H\u00ecnh th\u1ee9c: \u0111en b\u00f3ng v\u00e0 c\u00f3 v\u00e2n carbon<\/span><\/p>\n<p>&nbsp;<\/p>\n<p>&nbsp;<\/p>\n<p><span style=\"font-size: 18px;\"><img loading=\"lazy\" decoding=\"async\" src=\"https:\/\/phukienflytech.vn\/wp-content\/uploads\/2020\/06\/canh-phantom-3-canh-carbon-sieu-cung-6747-2.jpg\" alt=\"\" width=\"449\" height=\"338\" \/><img loading=\"lazy\" decoding=\"async\" class=\"alignnone wp-image-12934 size-medium\" src=\"https:\/\/phukienflytech.vn\/wp-content\/uploads\/2020\/06\/canh-phantom-3-canh-carbon-sieu-cung-6747-3-1-400x400.jpg\" alt=\"Carbon-Filter-Propellers-for-Phantom-3-1\" width=\"400\" height=\"400\" srcset=\"https:\/\/phukienflytech.vn\/wp-content\/uploads\/2020\/06\/canh-phantom-3-canh-carbon-sieu-cung-6747-3-1-400x400.jpg 400w, https:\/\/phukienflytech.vn\/wp-content\/uploads\/2020\/06\/canh-phantom-3-canh-carbon-sieu-cung-6747-3-1-280x280.jpg 280w, https:\/\/phukienflytech.vn\/wp-content\/uploads\/2020\/06\/canh-phantom-3-canh-carbon-sieu-cung-6747-3-1-768x768.jpg 768w, https:\/\/phukienflytech.vn\/wp-content\/uploads\/2020\/06\/canh-phantom-3-canh-carbon-sieu-cung-6747-3-1-800x800.jpg 800w, https:\/\/phukienflytech.vn\/wp-content\/uploads\/2020\/06\/canh-phantom-3-canh-carbon-sieu-cung-6747-3-1-300x300.jpg 300w, https:\/\/phukienflytech.vn\/wp-content\/uploads\/2020\/06\/canh-phantom-3-canh-carbon-sieu-cung-6747-3-1-600x600.jpg 600w, https:\/\/phukienflytech.vn\/wp-content\/uploads\/2020\/06\/canh-phantom-3-canh-carbon-sieu-cung-6747-3-1-100x100.jpg 100w, https:\/\/phukienflytech.vn\/wp-content\/uploads\/2020\/06\/canh-phantom-3-canh-carbon-sieu-cung-6747-3-1.jpg 900w\" sizes=\"auto, (max-width: 400px) 100vw, 400px\" \/><\/span><\/p>\n<p>&nbsp;<\/p>\n<p>&nbsp;<\/p>\n<p><span style=\"font-size: 18px;\">&#8211; Th\u00e2n c\u00e1nh: kh\u00f4ng c\u00f3 logo h\u00e3ng DJI<\/span><\/p>\n<p><span style=\"font-size: 18px;\">=&gt; S\u1eed dung v\u1edbi m\u1ee5c \u0111\u00edch t\u0103ng s\u1ee9c c\u1ea3n l\u01b0\u1edbt trong \u0111i\u1ec1u ki\u1ec7n gi\u00f3 l\u1edbn, kh\u00e1ng gi\u00f3 m\u1ea1nh m\u1ebd h\u01a1n c\u00e1nh nh\u1ef1a g\u1ed1c th\u01b0\u1eddng.<\/span><\/p>\n<p><span style=\"font-size: 18px;\">Nh\u00e0 s\u1ea3n xu\u1ea5t : Sunnylife \u2013 vendor cung c\u1ea5p ph\u1ee5 ki\u1ec7n c\u1ee7a DJI<\/span><\/p>\n<p>&nbsp;<\/p>\n<p>&nbsp;<\/p>\n<p><span style=\"font-size: 18px;\"><img loading=\"lazy\" decoding=\"async\" class=\"alignnone wp-image-12936 size-medium\" src=\"https:\/\/phukienflytech.vn\/wp-content\/uploads\/2020\/06\/canh-phantom-3-canh-carbon-sieu-cung-6747-4-1-400x400.jpg\" alt=\"Carbon-Filter-Propellers-for-Phantom-3\" width=\"400\" height=\"400\" srcset=\"https:\/\/phukienflytech.vn\/wp-content\/uploads\/2020\/06\/canh-phantom-3-canh-carbon-sieu-cung-6747-4-1-400x400.jpg 400w, https:\/\/phukienflytech.vn\/wp-content\/uploads\/2020\/06\/canh-phantom-3-canh-carbon-sieu-cung-6747-4-1-280x280.jpg 280w, https:\/\/phukienflytech.vn\/wp-content\/uploads\/2020\/06\/canh-phantom-3-canh-carbon-sieu-cung-6747-4-1-768x768.jpg 768w, https:\/\/phukienflytech.vn\/wp-content\/uploads\/2020\/06\/canh-phantom-3-canh-carbon-sieu-cung-6747-4-1-800x800.jpg 800w, https:\/\/phukienflytech.vn\/wp-content\/uploads\/2020\/06\/canh-phantom-3-canh-carbon-sieu-cung-6747-4-1-300x300.jpg 300w, https:\/\/phukienflytech.vn\/wp-content\/uploads\/2020\/06\/canh-phantom-3-canh-carbon-sieu-cung-6747-4-1-600x600.jpg 600w, https:\/\/phukienflytech.vn\/wp-content\/uploads\/2020\/06\/canh-phantom-3-canh-carbon-sieu-cung-6747-4-1-100x100.jpg 100w, https:\/\/phukienflytech.vn\/wp-content\/uploads\/2020\/06\/canh-phantom-3-canh-carbon-sieu-cung-6747-4-1.jpg 900w\" sizes=\"auto, (max-width: 400px) 100vw, 400px\" \/><\/span><\/p>\n<p><span style=\"font-size: 18px;\">&gt;&gt; Contact us on: <a href=\"https:\/\/www.facebook.com\/phukienflycam\"><strong>Facebook<\/strong><\/a><\/span><\/p>\n<p><span style=\"font-size: 18px;\">&gt;&gt; Learn More : <a href=\"https:\/\/phukienflytech.vn\/danh-muc\/phu-kien-dji-phantom-3-series.html\"><strong>Phantom accessories<\/strong><\/a><\/span><\/p>\n","protected":false},"excerpt":{"rendered":"<p>Carbon Filter Propellers for Phantom 3 Carbon Filter Propellers for Phantom 3 C\u00e1nh carbon phantom 3 si\u00eau c\u1ee9ng \u0111\u01b0\u1ee3c thi\u1ebft k\u1ebf d\u1ef1a tr\u00ean c\u00e1c th\u00f4ng s\u1ed1 k\u1ef9 thu\u1eadt c\u00e1nh carbon ch\u00ednh h\u00e3ng do Sunnylife s\u1ea3n xu\u1ea5t v\u00e0 ph\u00e2n ph\u1ed1i. &nbsp; &nbsp; \u00a0 &nbsp; &nbsp; &#8211; Ch\u1ea5t li\u1ec7u: th\u00e9p kh\u00f4ng g\u1ec9 + s\u1ee3i carbon , do &#8230;<\/p>\n","protected":false},"featured_media":7511,"comment_status":"open","ping_status":"closed","template":"","meta":{"_acf_changed":false},"product_brand":[],"product_cat":[183],"product_tag":[542,245],"class_list":{"0":"post-6758","1":"product","2":"type-product","3":"status-publish","4":"has-post-thumbnail","6":"product_cat-phantom-3-accessory","7":"product_tag-canh-carbon-phantom-3-sieu-cung-en","8":"product_tag-phu-kien-phantom-3-en","10":"first","11":"instock","12":"shipping-taxable","13":"purchasable","14":"product-type-simple"},"acf":[],"yoast_head":"<!-- This site is optimized with the Yoast SEO plugin v25.7 - https:\/\/yoast.com\/wordpress\/plugins\/seo\/ -->\n<title>Carbon Filter Propellers for Phantom 3 - Phantom 3 accessory - available.<\/title>\n<meta name=\"description\" content=\"Carbon Filter Propellers for Phantom 3 is one of the most important accessory. Contact us to buy Carbon Filter Propellers for Phantom 3\" \/>\n<meta name=\"robots\" content=\"index, follow, max-snippet:-1, max-image-preview:large, max-video-preview:-1\" \/>\n<link rel=\"canonical\" href=\"https:\/\/phukienflytech.vn\/en\/san-pham\/carbon-filter-propellers-for-phantom-3.html\" \/>\n<meta property=\"og:locale\" content=\"en_US\" \/>\n<meta property=\"og:type\" content=\"article\" \/>\n<meta property=\"og:title\" content=\"Carbon Filter Propellers for Phantom 3 - Phantom 3 accessory - available.\" \/>\n<meta property=\"og:description\" content=\"Carbon Filter Propellers for Phantom 3 is one of the most important accessory. Contact us to buy Carbon Filter Propellers for Phantom 3\" \/>\n<meta property=\"og:url\" content=\"https:\/\/phukienflytech.vn\/en\/san-pham\/carbon-filter-propellers-for-phantom-3.html\" \/>\n<meta property=\"og:site_name\" content=\"Shop M\u00e1y \u1ea3nh - Action Camera - Gimbal - Flycam - Ph\u1ee5 ki\u1ec7n\" \/>\n<meta property=\"article:publisher\" content=\"https:\/\/facebook.com\/phukienflycam\" \/>\n<meta property=\"article:modified_time\" content=\"2021-01-16T03:16:46+00:00\" \/>\n<meta property=\"og:image\" content=\"https:\/\/phukienflytech.vn\/wp-content\/uploads\/2020\/06\/c\u00e1nh-carbon-phantom-3.png\" \/>\n\t<meta property=\"og:image:width\" content=\"900\" \/>\n\t<meta property=\"og:image:height\" content=\"900\" \/>\n\t<meta property=\"og:image:type\" content=\"image\/png\" \/>\n<meta name=\"twitter:card\" content=\"summary_large_image\" \/>\n<meta name=\"twitter:label1\" content=\"Est. reading time\" \/>\n\t<meta name=\"twitter:data1\" content=\"1 minute\" \/>\n<script type=\"application\/ld+json\" class=\"yoast-schema-graph\">{\"@context\":\"https:\/\/schema.org\",\"@graph\":[{\"@type\":\"WebPage\",\"@id\":\"https:\/\/phukienflytech.vn\/en\/san-pham\/carbon-filter-propellers-for-phantom-3.html\",\"url\":\"https:\/\/phukienflytech.vn\/en\/san-pham\/carbon-filter-propellers-for-phantom-3.html\",\"name\":\"Carbon Filter Propellers for Phantom 3 - Phantom 3 accessory - available.\",\"isPartOf\":{\"@id\":\"https:\/\/phukienflytech.vn\/#website\"},\"primaryImageOfPage\":{\"@id\":\"https:\/\/phukienflytech.vn\/en\/san-pham\/carbon-filter-propellers-for-phantom-3.html#primaryimage\"},\"image\":{\"@id\":\"https:\/\/phukienflytech.vn\/en\/san-pham\/carbon-filter-propellers-for-phantom-3.html#primaryimage\"},\"thumbnailUrl\":\"https:\/\/phukienflytech.vn\/wp-content\/uploads\/2020\/06\/c\u00e1nh-carbon-phantom-3.png\",\"datePublished\":\"2020-06-23T02:28:14+00:00\",\"dateModified\":\"2021-01-16T03:16:46+00:00\",\"description\":\"Carbon Filter Propellers for Phantom 3 is one of the most important accessory. Contact us to buy Carbon Filter Propellers for Phantom 3\",\"breadcrumb\":{\"@id\":\"https:\/\/phukienflytech.vn\/en\/san-pham\/carbon-filter-propellers-for-phantom-3.html#breadcrumb\"},\"inLanguage\":\"en-US\",\"potentialAction\":[{\"@type\":\"ReadAction\",\"target\":[\"https:\/\/phukienflytech.vn\/en\/san-pham\/carbon-filter-propellers-for-phantom-3.html\"]}]},{\"@type\":\"ImageObject\",\"inLanguage\":\"en-US\",\"@id\":\"https:\/\/phukienflytech.vn\/en\/san-pham\/carbon-filter-propellers-for-phantom-3.html#primaryimage\",\"url\":\"https:\/\/phukienflytech.vn\/wp-content\/uploads\/2020\/06\/c\u00e1nh-carbon-phantom-3.png\",\"contentUrl\":\"https:\/\/phukienflytech.vn\/wp-content\/uploads\/2020\/06\/c\u00e1nh-carbon-phantom-3.png\",\"width\":900,\"height\":900},{\"@type\":\"BreadcrumbList\",\"@id\":\"https:\/\/phukienflytech.vn\/en\/san-pham\/carbon-filter-propellers-for-phantom-3.html#breadcrumb\",\"itemListElement\":[{\"@type\":\"ListItem\",\"position\":1,\"name\":\"Home\",\"item\":\"https:\/\/phukienflytech.vn\/en\"},{\"@type\":\"ListItem\",\"position\":2,\"name\":\"Ph\u1ee5 ki\u1ec7n Mavic Pro\",\"item\":\"https:\/\/phukienflytech.vn\/en\/phu-kien-mavic-pro.html\"},{\"@type\":\"ListItem\",\"position\":3,\"name\":\"DJI Osmo &amp; Drone's accessories\",\"item\":\"https:\/\/phukienflytech.vn\/en\/danh-muc\/dji-osmo-drones-accessories.html\"},{\"@type\":\"ListItem\",\"position\":4,\"name\":\"Ph\u1ee5 ki\u1ec7n flycam Phantom 3\",\"item\":\"https:\/\/phukienflytech.vn\/en\/danh-muc\/phantom-3-accessory.html\"},{\"@type\":\"ListItem\",\"position\":5,\"name\":\"Carbon Filter Propellers for Phantom 3\"}]},{\"@type\":\"WebSite\",\"@id\":\"https:\/\/phukienflytech.vn\/#website\",\"url\":\"https:\/\/phukienflytech.vn\/\",\"name\":\"Shop M\u00e1y \u1ea3nh - Action Camera - Gimbal - Flycam - Ph\u1ee5 ki\u1ec7n\",\"description\":\"Shop M\u00e1y \u1ea3nh - Action Camera - Gimbal - Flycam - Ph\u1ee5 ki\u1ec7n\",\"publisher\":{\"@id\":\"https:\/\/phukienflytech.vn\/#organization\"},\"potentialAction\":[{\"@type\":\"SearchAction\",\"target\":{\"@type\":\"EntryPoint\",\"urlTemplate\":\"https:\/\/phukienflytech.vn\/?s={search_term_string}\"},\"query-input\":{\"@type\":\"PropertyValueSpecification\",\"valueRequired\":true,\"valueName\":\"search_term_string\"}}],\"inLanguage\":\"en-US\"},{\"@type\":\"Organization\",\"@id\":\"https:\/\/phukienflytech.vn\/#organization\",\"name\":\"DJI Store - Shop Drone, Action camera, Gimbal DJI |Phukienflytech\",\"alternateName\":\"DJI Store - Shop Drone, Action camera, Gimbal DJI |Phukienflytech\",\"url\":\"https:\/\/phukienflytech.vn\/\",\"logo\":{\"@type\":\"ImageObject\",\"inLanguage\":\"en-US\",\"@id\":\"https:\/\/phukienflytech.vn\/#\/schema\/logo\/image\/\",\"url\":\"https:\/\/phukienflytech.vn\/wp-content\/uploads\/2020\/05\/hAnh_nan.jpg1_.jpg\",\"contentUrl\":\"https:\/\/phukienflytech.vn\/wp-content\/uploads\/2020\/05\/hAnh_nan.jpg1_.jpg\",\"width\":800,\"height\":450,\"caption\":\"DJI Store - Shop Drone, Action camera, Gimbal DJI |Phukienflytech\"},\"image\":{\"@id\":\"https:\/\/phukienflytech.vn\/#\/schema\/logo\/image\/\"},\"sameAs\":[\"https:\/\/facebook.com\/phukienflycam\",\"https:\/\/www.youtube.com\/@phukienflytech\",\"https:\/\/www.tiktok.com\/@flytech.channel?fbclid=IwY2xjawGjg7BleHRuA2FlbQIxMAABHYVGmlXpuSMs0UB2zTpYvyT4GMVfN2qJa4urF4vkSQ6FAVBwXZtDP30qQA_aem_UwMiDcUvlEbd2tXAmsc8Og\"]}]}<\/script>\n<!-- \/ Yoast SEO plugin. -->","yoast_head_json":{"title":"Carbon Filter Propellers for Phantom 3 - Phantom 3 accessory - available.","description":"Carbon Filter Propellers for Phantom 3 is one of the most important accessory. Contact us to buy Carbon Filter Propellers for Phantom 3","robots":{"index":"index","follow":"follow","max-snippet":"max-snippet:-1","max-image-preview":"max-image-preview:large","max-video-preview":"max-video-preview:-1"},"canonical":"https:\/\/phukienflytech.vn\/en\/san-pham\/carbon-filter-propellers-for-phantom-3.html","og_locale":"en_US","og_type":"article","og_title":"Carbon Filter Propellers for Phantom 3 - Phantom 3 accessory - available.","og_description":"Carbon Filter Propellers for Phantom 3 is one of the most important accessory. Contact us to buy Carbon Filter Propellers for Phantom 3","og_url":"https:\/\/phukienflytech.vn\/en\/san-pham\/carbon-filter-propellers-for-phantom-3.html","og_site_name":"Shop M\u00e1y \u1ea3nh - Action Camera - Gimbal - Flycam - Ph\u1ee5 ki\u1ec7n","article_publisher":"https:\/\/facebook.com\/phukienflycam","article_modified_time":"2021-01-16T03:16:46+00:00","og_image":[{"width":900,"height":900,"url":"https:\/\/phukienflytech.vn\/wp-content\/uploads\/2020\/06\/c\u00e1nh-carbon-phantom-3.png","type":"image\/png"}],"twitter_card":"summary_large_image","twitter_misc":{"Est. reading time":"1 minute"},"schema":{"@context":"https:\/\/schema.org","@graph":[{"@type":"WebPage","@id":"https:\/\/phukienflytech.vn\/en\/san-pham\/carbon-filter-propellers-for-phantom-3.html","url":"https:\/\/phukienflytech.vn\/en\/san-pham\/carbon-filter-propellers-for-phantom-3.html","name":"Carbon Filter Propellers for Phantom 3 - Phantom 3 accessory - available.","isPartOf":{"@id":"https:\/\/phukienflytech.vn\/#website"},"primaryImageOfPage":{"@id":"https:\/\/phukienflytech.vn\/en\/san-pham\/carbon-filter-propellers-for-phantom-3.html#primaryimage"},"image":{"@id":"https:\/\/phukienflytech.vn\/en\/san-pham\/carbon-filter-propellers-for-phantom-3.html#primaryimage"},"thumbnailUrl":"https:\/\/phukienflytech.vn\/wp-content\/uploads\/2020\/06\/c\u00e1nh-carbon-phantom-3.png","datePublished":"2020-06-23T02:28:14+00:00","dateModified":"2021-01-16T03:16:46+00:00","description":"Carbon Filter Propellers for Phantom 3 is one of the most important accessory. Contact us to buy Carbon Filter Propellers for Phantom 3","breadcrumb":{"@id":"https:\/\/phukienflytech.vn\/en\/san-pham\/carbon-filter-propellers-for-phantom-3.html#breadcrumb"},"inLanguage":"en-US","potentialAction":[{"@type":"ReadAction","target":["https:\/\/phukienflytech.vn\/en\/san-pham\/carbon-filter-propellers-for-phantom-3.html"]}]},{"@type":"ImageObject","inLanguage":"en-US","@id":"https:\/\/phukienflytech.vn\/en\/san-pham\/carbon-filter-propellers-for-phantom-3.html#primaryimage","url":"https:\/\/phukienflytech.vn\/wp-content\/uploads\/2020\/06\/c\u00e1nh-carbon-phantom-3.png","contentUrl":"https:\/\/phukienflytech.vn\/wp-content\/uploads\/2020\/06\/c\u00e1nh-carbon-phantom-3.png","width":900,"height":900},{"@type":"BreadcrumbList","@id":"https:\/\/phukienflytech.vn\/en\/san-pham\/carbon-filter-propellers-for-phantom-3.html#breadcrumb","itemListElement":[{"@type":"ListItem","position":1,"name":"Home","item":"https:\/\/phukienflytech.vn\/en"},{"@type":"ListItem","position":2,"name":"Ph\u1ee5 ki\u1ec7n Mavic Pro","item":"https:\/\/phukienflytech.vn\/en\/phu-kien-mavic-pro.html"},{"@type":"ListItem","position":3,"name":"DJI Osmo &amp; Drone's accessories","item":"https:\/\/phukienflytech.vn\/en\/danh-muc\/dji-osmo-drones-accessories.html"},{"@type":"ListItem","position":4,"name":"Ph\u1ee5 ki\u1ec7n flycam Phantom 3","item":"https:\/\/phukienflytech.vn\/en\/danh-muc\/phantom-3-accessory.html"},{"@type":"ListItem","position":5,"name":"Carbon Filter Propellers for Phantom 3"}]},{"@type":"WebSite","@id":"https:\/\/phukienflytech.vn\/#website","url":"https:\/\/phukienflytech.vn\/","name":"Shop M\u00e1y \u1ea3nh - Action Camera - Gimbal - Flycam - Ph\u1ee5 ki\u1ec7n","description":"Shop M\u00e1y \u1ea3nh - Action Camera - Gimbal - Flycam - Ph\u1ee5 ki\u1ec7n","publisher":{"@id":"https:\/\/phukienflytech.vn\/#organization"},"potentialAction":[{"@type":"SearchAction","target":{"@type":"EntryPoint","urlTemplate":"https:\/\/phukienflytech.vn\/?s={search_term_string}"},"query-input":{"@type":"PropertyValueSpecification","valueRequired":true,"valueName":"search_term_string"}}],"inLanguage":"en-US"},{"@type":"Organization","@id":"https:\/\/phukienflytech.vn\/#organization","name":"DJI Store - Shop Drone, Action camera, Gimbal DJI |Phukienflytech","alternateName":"DJI Store - Shop Drone, Action camera, Gimbal DJI |Phukienflytech","url":"https:\/\/phukienflytech.vn\/","logo":{"@type":"ImageObject","inLanguage":"en-US","@id":"https:\/\/phukienflytech.vn\/#\/schema\/logo\/image\/","url":"https:\/\/phukienflytech.vn\/wp-content\/uploads\/2020\/05\/hAnh_nan.jpg1_.jpg","contentUrl":"https:\/\/phukienflytech.vn\/wp-content\/uploads\/2020\/05\/hAnh_nan.jpg1_.jpg","width":800,"height":450,"caption":"DJI Store - Shop Drone, Action camera, Gimbal DJI |Phukienflytech"},"image":{"@id":"https:\/\/phukienflytech.vn\/#\/schema\/logo\/image\/"},"sameAs":["https:\/\/facebook.com\/phukienflycam","https:\/\/www.youtube.com\/@phukienflytech","https:\/\/www.tiktok.com\/@flytech.channel?fbclid=IwY2xjawGjg7BleHRuA2FlbQIxMAABHYVGmlXpuSMs0UB2zTpYvyT4GMVfN2qJa4urF4vkSQ6FAVBwXZtDP30qQA_aem_UwMiDcUvlEbd2tXAmsc8Og"]}]}},"_links":{"self":[{"href":"https:\/\/phukienflytech.vn\/en\/wp-json\/wp\/v2\/product\/6758","targetHints":{"allow":["GET"]}}],"collection":[{"href":"https:\/\/phukienflytech.vn\/en\/wp-json\/wp\/v2\/product"}],"about":[{"href":"https:\/\/phukienflytech.vn\/en\/wp-json\/wp\/v2\/types\/product"}],"replies":[{"embeddable":true,"href":"https:\/\/phukienflytech.vn\/en\/wp-json\/wp\/v2\/comments?post=6758"}],"wp:featuredmedia":[{"embeddable":true,"href":"https:\/\/phukienflytech.vn\/en\/wp-json\/wp\/v2\/media\/7511"}],"wp:attachment":[{"href":"https:\/\/phukienflytech.vn\/en\/wp-json\/wp\/v2\/media?parent=6758"}],"wp:term":[{"taxonomy":"product_brand","embeddable":true,"href":"https:\/\/phukienflytech.vn\/en\/wp-json\/wp\/v2\/product_brand?post=6758"},{"taxonomy":"product_cat","embeddable":true,"href":"https:\/\/phukienflytech.vn\/en\/wp-json\/wp\/v2\/product_cat?post=6758"},{"taxonomy":"product_tag","embeddable":true,"href":"https:\/\/phukienflytech.vn\/en\/wp-json\/wp\/v2\/product_tag?post=6758"}],"curies":[{"name":"wp","href":"https:\/\/api.w.org\/{rel}","templated":true}]}}