{"id":6770,"date":"2020-06-23T09:44:38","date_gmt":"2020-06-23T02:44:38","guid":{"rendered":"http:\/\/27430.lamdx.vinawebsite.vn\/san-pham\/canh-composit-carbon-phantom-4.html"},"modified":"2022-09-28T10:44:19","modified_gmt":"2022-09-28T03:44:19","slug":"canh-composit-carbon-phantom-4","status":"publish","type":"product","link":"https:\/\/phukienflytech.vn\/en\/san-pham\/canh-composit-carbon-phantom-4.html","title":{"rendered":"C\u00e1nh composit carbon Phantom 4"},"content":{"rendered":"<h2><span style=\"color: #0000ff; font-size: 20px;\"><strong>C\u00e1nh composit carbon Phantom 4<\/strong><\/span><\/h2>\n<p><em><span style=\"font-size: 17px;\">C\u00e1nh Phantom 4 carbon DJI<\/span><\/em><\/p>\n<p><span style=\"font-size: 17px;\">.<\/span><\/p>\n<p><span style=\"font-size: 17px;\"><img loading=\"lazy\" decoding=\"async\" class=\"aligncenter wp-image-31707\" src=\"https:\/\/phukienflytech.vn\/wp-content\/uploads\/2020\/06\/6-19.jpg\" alt=\"\" width=\"850\" height=\"850\" srcset=\"https:\/\/phukienflytech.vn\/wp-content\/uploads\/2020\/06\/6-19.jpg 900w, https:\/\/phukienflytech.vn\/wp-content\/uploads\/2020\/06\/6-19-400x400.jpg 400w, https:\/\/phukienflytech.vn\/wp-content\/uploads\/2020\/06\/6-19-800x800.jpg 800w, https:\/\/phukienflytech.vn\/wp-content\/uploads\/2020\/06\/6-19-280x280.jpg 280w, https:\/\/phukienflytech.vn\/wp-content\/uploads\/2020\/06\/6-19-768x768.jpg 768w, https:\/\/phukienflytech.vn\/wp-content\/uploads\/2020\/06\/6-19-300x300.jpg 300w, https:\/\/phukienflytech.vn\/wp-content\/uploads\/2020\/06\/6-19-600x600.jpg 600w, https:\/\/phukienflytech.vn\/wp-content\/uploads\/2020\/06\/6-19-100x100.jpg 100w\" sizes=\"auto, (max-width: 850px) 100vw, 850px\" \/><\/span><\/p>\n<p><span style=\"font-size: 17px;\">.<\/span><\/p>\n<h2><span style=\"color: #0000ff; font-size: 20px;\"><strong>Gi\u1edbi thi\u1ec7u s\u1ea3n ph\u1ea9m:<\/strong><\/span><\/h2>\n<p><span style=\"font-size: 17px;\">Trong qua\u0301 tri\u0300nh s\u01b0\u0309 du\u0323ng Phantom ch\u0103ng may la\u0300m ca\u0301nh qua\u0323t bi\u0323 h\u01b0 ho\u0309ng do va \u0111\u00e2\u0323p, ho\u0103\u0323c nhi\u00ea\u0300u nguy\u00ean nh\u00e2n kha\u0301c,khi\u00ea\u0301n ba\u0323n pha\u0309i lo l\u0103\u0301ng\u2026Nay Ph\u1ee5 ki\u1ec7n flytech cung c\u00e2\u0301p C\u00e1nh s\u1ee3i carbon composit ch\u00ednh h\u00e3ng Phantom 3 DJI v\u01a1\u0301i thi\u00ea\u0301t k\u00ea\u0301 t\u01b0\u0323 th\u0103\u0301t ch\u0103\u0323t \u2013 Self-tightening Propellers- gi\u00fap t\u1ef1 b\u1ea3o v\u1ec7 c\u00e1nh qu\u1ea1t tr\u00ean m\u1ed7i m\u00f4 t\u01a1 Phantom C\u00e1nh Phantom 3 \u2013 c\u00e1nh carbon ch\u00ednh h\u00e3ng DJI.<\/span><\/p>\n<p><span style=\"font-size: 17px;\">.<\/span><\/p>\n<p><span style=\"font-size: 17px;\"><img loading=\"lazy\" decoding=\"async\" class=\"aligncenter wp-image-31709\" src=\"https:\/\/phukienflytech.vn\/wp-content\/uploads\/2020\/06\/P4-9450SB-2-1.jpg\" alt=\"\" width=\"850\" height=\"850\" srcset=\"https:\/\/phukienflytech.vn\/wp-content\/uploads\/2020\/06\/P4-9450SB-2-1.jpg 900w, https:\/\/phukienflytech.vn\/wp-content\/uploads\/2020\/06\/P4-9450SB-2-1-400x400.jpg 400w, https:\/\/phukienflytech.vn\/wp-content\/uploads\/2020\/06\/P4-9450SB-2-1-800x800.jpg 800w, https:\/\/phukienflytech.vn\/wp-content\/uploads\/2020\/06\/P4-9450SB-2-1-280x280.jpg 280w, https:\/\/phukienflytech.vn\/wp-content\/uploads\/2020\/06\/P4-9450SB-2-1-768x768.jpg 768w, https:\/\/phukienflytech.vn\/wp-content\/uploads\/2020\/06\/P4-9450SB-2-1-300x300.jpg 300w, https:\/\/phukienflytech.vn\/wp-content\/uploads\/2020\/06\/P4-9450SB-2-1-600x600.jpg 600w, https:\/\/phukienflytech.vn\/wp-content\/uploads\/2020\/06\/P4-9450SB-2-1-100x100.jpg 100w\" sizes=\"auto, (max-width: 850px) 100vw, 850px\" \/><\/span><\/p>\n<p><span style=\"font-size: 17px;\">.<\/span><\/p>\n<h2><span style=\"font-size: 20px;\"><strong><span style=\"color: #0000ff;\">M\u00f4 t\u1ea3 s\u1ea3n ph\u1ea9m : C\u00e1nh Phantom 4 carbon DJI<\/span><\/strong><\/span><\/h2>\n<p><span style=\"font-size: 17px;\">\u2705 S\u1ea3n ph\u1ea9m d\u00f9ng cho Phantom 4 Series <\/span><\/p>\n<p><span style=\"font-size: 17px;\">\u2705 H\u00e3ng ch\u00ednh h\u00e3ng DJI <\/span><\/p>\n<p><span style=\"font-size: 17px;\">\u2705 Ch\u1ea5t li\u1ec7u: nh\u1ef1a composit + s\u1ee3i carbon si\u00eau d\u1ebbo, c\u00f3 s\u1ee9c \u0111\u00e0n h\u1ed3i c\u1ef1c cao <\/span><\/p>\n<p><span style=\"font-size: 17px;\">\u2705 Ph\u1ea7n \u0111\u1ea7u ch\u00f3p c\u00e1nh in m\u00e0u \u0111en \/ tr\u1eafng r\u00f5 n\u00e9t <\/span><\/p>\n<p><span style=\"font-size: 17px;\">\u2705 Th\u00e2n c\u00e1nh c\u00f3 in logo n\u1ed5i: DJI <\/span><\/p>\n<p><span style=\"font-size: 17px;\">\u2705 T\u0103ng s\u1ee9c c\u1ea3n l\u01b0\u1edbt trong \u0111i\u1ec1u ki\u1ec7n gi\u00f3 l\u1edbn, kh\u00e1ng gi\u00f3 m\u1ea1nh m\u1ebd h\u01a1n.<\/span><\/p>\n<p><span style=\"font-size: 17px;\">.<\/span><\/p>\n<p><span style=\"font-size: 17px;\"><img loading=\"lazy\" decoding=\"async\" class=\"aligncenter wp-image-31711\" src=\"https:\/\/phukienflytech.vn\/wp-content\/uploads\/2020\/06\/P4-9450SB.jpg\" alt=\"canh-composit-carbon-phantom-4-dji\" width=\"850\" height=\"771\" srcset=\"https:\/\/phukienflytech.vn\/wp-content\/uploads\/2020\/06\/P4-9450SB.jpg 900w, https:\/\/phukienflytech.vn\/wp-content\/uploads\/2020\/06\/P4-9450SB-441x400.jpg 441w, https:\/\/phukienflytech.vn\/wp-content\/uploads\/2020\/06\/P4-9450SB-882x800.jpg 882w, https:\/\/phukienflytech.vn\/wp-content\/uploads\/2020\/06\/P4-9450SB-768x696.jpg 768w, https:\/\/phukienflytech.vn\/wp-content\/uploads\/2020\/06\/P4-9450SB-600x544.jpg 600w\" sizes=\"auto, (max-width: 850px) 100vw, 850px\" \/><\/span><\/p>\n<p><span style=\"font-size: 17px;\">.<\/span><\/p>\n<p><span style=\"font-size: 17px;\"><strong>&gt;&gt;&gt; Xem th\u00eam:<\/strong> <span style=\"color: #0000ff;\"><strong><a style=\"color: #0000ff;\" href=\"https:\/\/phukienflytech.vn\/en\/danh-muc\/phantom-4-accessory.html\" target=\"_blank\" rel=\"noopener\">Ph\u1ee5 ki\u1ec7n Phantom 4<\/a><\/strong><\/span><\/span><\/p>\n<p>.<\/p>\n<h2><span style=\"color: #0000ff; font-size: 20px;\"><strong>C\u00f4ng d\u1ee5ng s\u1ea3n ph\u1ea9m C\u00e1nh Phantom 4 carbon DJI :<\/strong><\/span><\/h2>\n<p><span style=\"font-size: 17px;\">\u2705 D\u1ec5 d\u00e0ng th\u00e1o l\u1eafp v\u00e0 mang theo khi s\u1eed d\u1ee5ng <\/span><\/p>\n<p><span style=\"font-size: 17px;\">\u2705 Gi\u00fap gi\u1ea3m thi\u1ec3u kh\u1ea3 n\u0103ng x\u01b0\u1edbc c\u00e1nh, r\u00e1ch c\u00e1nh, khi th\u1eddi ti\u1ebft gi\u00f3 to. <\/span><\/p>\n<p><span style=\"font-size: 17px;\">\u2705 \u0110\u1ed9 b\u1ec1n c\u0169ng \u0111\u01b0\u1ee3c c\u1ea3i thi\u1ec7n h\u01a1n so v\u1edbi c\u00e1nh g\u1ed1c <\/span><\/p>\n<p><span style=\"font-size: 17px;\">\u2705 Thi\u1ebft k\u1ebf hi\u1ec7n \u0111\u1ea1i, tinh t\u1ebf v\u00e0 r\u1ea5t d\u1ec5 thao t\u00e1c.<\/span><\/p>\n<p><span style=\"font-size: 17px;\">.<\/span><\/p>\n<p><span style=\"font-size: 17px;\"><img loading=\"lazy\" decoding=\"async\" class=\"aligncenter wp-image-31713\" src=\"https:\/\/phukienflytech.vn\/wp-content\/uploads\/2020\/06\/canh-carbon-phantom-4pro.jpg\" alt=\"canh-composit-carbon-phantom-4-chinh-hang\" width=\"850\" height=\"850\" srcset=\"https:\/\/phukienflytech.vn\/wp-content\/uploads\/2020\/06\/canh-carbon-phantom-4pro.jpg 1001w, https:\/\/phukienflytech.vn\/wp-content\/uploads\/2020\/06\/canh-carbon-phantom-4pro-400x400.jpg 400w, https:\/\/phukienflytech.vn\/wp-content\/uploads\/2020\/06\/canh-carbon-phantom-4pro-800x800.jpg 800w, https:\/\/phukienflytech.vn\/wp-content\/uploads\/2020\/06\/canh-carbon-phantom-4pro-280x280.jpg 280w, https:\/\/phukienflytech.vn\/wp-content\/uploads\/2020\/06\/canh-carbon-phantom-4pro-768x768.jpg 768w, https:\/\/phukienflytech.vn\/wp-content\/uploads\/2020\/06\/canh-carbon-phantom-4pro-300x300.jpg 300w, https:\/\/phukienflytech.vn\/wp-content\/uploads\/2020\/06\/canh-carbon-phantom-4pro-600x600.jpg 600w, https:\/\/phukienflytech.vn\/wp-content\/uploads\/2020\/06\/canh-carbon-phantom-4pro-100x100.jpg 100w\" sizes=\"auto, (max-width: 850px) 100vw, 850px\" \/><\/span><\/p>\n<p><span style=\"font-size: 17px;\">.<\/span><\/p>\n<h2><span style=\"color: #0000ff; font-size: 20px;\"><strong>H\u01b0\u1edbng d\u1eabn b\u1ea3o qu\u1ea3n:<\/strong><\/span><\/h2>\n<p><span style=\"font-size: 17px;\">\u2705 Tr\u00e1nh b\u1ea3o qu\u1ea3n \u1edf nh\u1eefng n\u01a1i nhi\u1ec7t \u0111\u1ed9 cao tr\u00ean 50 \u0111\u1ed9 <\/span><\/p>\n<p><span style=\"font-size: 17px;\">\u2705 N\u00ean s\u1eed b\u1ea3o qu\u1ea3n c\u00f9ng n\u1eb9p b\u1ea3o v\u1ec7 c\u00e1nh khi c\u1ea5t m\u00e1y \u0111i.<\/span><\/p>\n<p><span style=\"font-size: 17px;\">.<\/span><\/p>\n<p><span style=\"font-size: 17px;\"><img loading=\"lazy\" decoding=\"async\" class=\"aligncenter wp-image-31715\" src=\"https:\/\/phukienflytech.vn\/wp-content\/uploads\/2020\/06\/P4-9450SB-3.jpg\" alt=\"canh-composit-carbon-phantom-4\" width=\"850\" height=\"510\" srcset=\"https:\/\/phukienflytech.vn\/wp-content\/uploads\/2020\/06\/P4-9450SB-3.jpg 900w, https:\/\/phukienflytech.vn\/wp-content\/uploads\/2020\/06\/P4-9450SB-3-667x400.jpg 667w, https:\/\/phukienflytech.vn\/wp-content\/uploads\/2020\/06\/P4-9450SB-3-768x461.jpg 768w, https:\/\/phukienflytech.vn\/wp-content\/uploads\/2020\/06\/P4-9450SB-3-600x360.jpg 600w\" sizes=\"auto, (max-width: 850px) 100vw, 850px\" \/><\/span><\/p>\n<p><span style=\"font-size: 17px;\">.<\/span><\/p>\n<h2><span style=\"color: #0000ff; font-size: 20px;\"><strong>Mua ph\u1ee5 ki\u1ec7n Phantom 4 \u1edf \u0111\u00e2u?<\/strong><\/span><\/h2>\n<p><span style=\"font-size: 17px;\"><a href=\"https:\/\/phukienflytech.vn\/en\" target=\"_blank\" rel=\"noopener\"><strong><span style=\"color: #0000ff;\">Ph\u1ee5 ki\u1ec7n flycam gi\u00e1 t\u1ed1t<\/span><\/strong><\/a>\u00a0h\u00e2n h\u1ea1nh l\u00e0 \u0111\u01a1n v\u1ecb ph\u00e2n ph\u1ed1i ch\u00ednh h\u00e3ng c\u00e1c s\u1ea3n ph\u1ea9m c\u1ee7a Pgytech. T\u1edbi v\u1edbi ch\u00fang t\u00f4i, c\u00e1c b\u1ea1n s\u1ebd mua \u0111\u01b0\u1ee3c nh\u1eefng s\u1ea3n ph\u1ea9m ch\u00ednh h\u00e3ng v\u1edbi gi\u00e1 m\u1ed9t m\u1ee9c gi\u00e1 t\u1ed1t nh\u1ea5t tr\u00ean th\u1ecb tr\u01b0\u1eddng.<\/span><\/p>\n<p><span style=\"font-size: 17px;\">Kh\u00f4ng ch\u1ec9 nh\u1eefng s\u1ea3n ph\u1ea9m ph\u1ee5 ki\u1ec7n ch\u00ednh h\u00e3ng Phantom 4. Ch\u00fang t\u00f4i c\u0169ng ph\u00e2n ph\u1ed1i c\u00e1c d\u00f2ng s\u1ea3n ph\u1ea9m ph\u1ee5 ki\u1ec7n c\u1ee7a DJI Mavic 2, DJI Phantom, DJI Spark,.. ch\u00ednh h\u00e3ng t\u1edbi t\u1eeb DJI, Pgytech v\u00e0 SunnyLife.<\/span><\/p>\n<p><span style=\"font-size: 17px;\">H\u00e3y \u0111\u1ebfn v\u1edbi ph\u1ee5 ki\u1ec7n flycam gi\u00e1 t\u1ed1t \u0111\u1ec3 c\u00f3 \u0111\u01b0\u1ee3c\u00a0 m\u1ee9c gi\u00e1 t\u1ed1t v\u00e0 ch\u1ea5t l\u01b0\u1ee3ng \u0111\u1ea3m b\u1ea3o.<\/span><\/p>\n<p><span style=\"font-size: 17px;\">&gt;&gt; Admin lu\u00f4n s\u1eb5n s\u00e0ng l\u1eafng nghe b\u1ea1n tr\u00ean :<strong>\u00a0<span style=\"color: #0000ff;\"><a style=\"color: #0000ff;\" href=\"https:\/\/fb.com\/phukienflycam\" target=\"_blank\" rel=\"noopener\">FANPAGE Facebook<\/a><\/span><\/strong><\/span><\/p>\n<p>&nbsp;<\/p>\n","protected":false},"excerpt":{"rendered":"<p>C\u00e1nh composit carbon Phantom 4 C\u00e1nh Phantom 4 carbon DJI . . Gi\u1edbi thi\u1ec7u s\u1ea3n ph\u1ea9m: Trong qua\u0301 tri\u0300nh s\u01b0\u0309 du\u0323ng Phantom ch\u0103ng may la\u0300m ca\u0301nh qua\u0323t bi\u0323 h\u01b0 ho\u0309ng do va \u0111\u00e2\u0323p, ho\u0103\u0323c nhi\u00ea\u0300u nguy\u00ean nh\u00e2n kha\u0301c,khi\u00ea\u0301n ba\u0323n pha\u0309i lo l\u0103\u0301ng\u2026Nay Ph\u1ee5 ki\u1ec7n flytech cung c\u00e2\u0301p C\u00e1nh s\u1ee3i carbon composit ch\u00ednh h\u00e3ng Phantom 3 &#8230;<\/p>\n","protected":false},"featured_media":7509,"comment_status":"open","ping_status":"closed","template":"","meta":{"_acf_changed":false},"product_brand":[],"product_cat":[176,182],"product_tag":[544,227],"class_list":{"0":"post-6770","1":"product","2":"type-product","3":"status-publish","4":"has-post-thumbnail","6":"product_cat-dji-osmo-drones-accessories","7":"product_cat-phantom-4-accessory","8":"product_tag-canh-composit-carbon-phantom-4-en","9":"product_tag-phu-kien-phantom-4-en","11":"first","12":"instock","13":"shipping-taxable","14":"purchasable","15":"product-type-simple"},"acf":[],"yoast_head":"<!-- This site is optimized with the Yoast SEO plugin v25.7 - https:\/\/yoast.com\/wordpress\/plugins\/seo\/ -->\n<title>C\u00e1nh Phantom 4 carbon composit - Kh\u00e1ng gi\u00f3 t\u1ed1t h\u01a1n - B\u1ec1n b\u1ec9 h\u01a1n<\/title>\n<meta name=\"description\" content=\"C\u00e1nh Phantom 4 carbon composit l\u00e0 c\u00e1nh \u0111\u01b0\u1ee3c s\u1eed d\u1ee5ng khi bay bi\u1ec3n, m\u00f4i tr\u01b0\u1eddng c\u00f3 gi\u00f3 l\u1edbn. Mua c\u00e1nh phantom 4 carbon t\u1ea1i Shop phukienflytech\" \/>\n<meta name=\"robots\" content=\"index, follow, max-snippet:-1, max-image-preview:large, max-video-preview:-1\" \/>\n<link rel=\"canonical\" href=\"https:\/\/phukienflytech.vn\/en\/san-pham\/canh-composit-carbon-phantom-4.html\" \/>\n<meta property=\"og:locale\" content=\"en_US\" \/>\n<meta property=\"og:type\" content=\"article\" \/>\n<meta property=\"og:title\" content=\"C\u00e1nh Phantom 4 carbon composit - Kh\u00e1ng gi\u00f3 t\u1ed1t h\u01a1n - B\u1ec1n b\u1ec9 h\u01a1n\" \/>\n<meta property=\"og:description\" content=\"C\u00e1nh Phantom 4 carbon composit l\u00e0 c\u00e1nh \u0111\u01b0\u1ee3c s\u1eed d\u1ee5ng khi bay bi\u1ec3n, m\u00f4i tr\u01b0\u1eddng c\u00f3 gi\u00f3 l\u1edbn. Mua c\u00e1nh phantom 4 carbon t\u1ea1i Shop phukienflytech\" \/>\n<meta property=\"og:url\" content=\"https:\/\/phukienflytech.vn\/en\/san-pham\/canh-composit-carbon-phantom-4.html\" \/>\n<meta property=\"og:site_name\" content=\"Shop M\u00e1y \u1ea3nh - Action Camera - Gimbal - Flycam - Ph\u1ee5 ki\u1ec7n\" \/>\n<meta property=\"article:publisher\" content=\"https:\/\/facebook.com\/phukienflycam\" \/>\n<meta property=\"article:modified_time\" content=\"2022-09-28T03:44:19+00:00\" \/>\n<meta property=\"og:image\" content=\"https:\/\/phukienflytech.vn\/wp-content\/uploads\/2020\/06\/c\u00e1nh-phantom-4-pro.png\" \/>\n\t<meta property=\"og:image:width\" content=\"640\" \/>\n\t<meta property=\"og:image:height\" content=\"640\" \/>\n\t<meta property=\"og:image:type\" content=\"image\/png\" \/>\n<meta name=\"twitter:card\" content=\"summary_large_image\" \/>\n<meta name=\"twitter:label1\" content=\"Est. reading time\" \/>\n\t<meta name=\"twitter:data1\" content=\"3 minutes\" \/>\n<script type=\"application\/ld+json\" class=\"yoast-schema-graph\">{\"@context\":\"https:\/\/schema.org\",\"@graph\":[{\"@type\":\"WebPage\",\"@id\":\"https:\/\/phukienflytech.vn\/en\/san-pham\/canh-composit-carbon-phantom-4.html\",\"url\":\"https:\/\/phukienflytech.vn\/en\/san-pham\/canh-composit-carbon-phantom-4.html\",\"name\":\"C\u00e1nh Phantom 4 carbon composit - Kh\u00e1ng gi\u00f3 t\u1ed1t h\u01a1n - B\u1ec1n b\u1ec9 h\u01a1n\",\"isPartOf\":{\"@id\":\"https:\/\/phukienflytech.vn\/#website\"},\"primaryImageOfPage\":{\"@id\":\"https:\/\/phukienflytech.vn\/en\/san-pham\/canh-composit-carbon-phantom-4.html#primaryimage\"},\"image\":{\"@id\":\"https:\/\/phukienflytech.vn\/en\/san-pham\/canh-composit-carbon-phantom-4.html#primaryimage\"},\"thumbnailUrl\":\"https:\/\/phukienflytech.vn\/wp-content\/uploads\/2020\/06\/c\u00e1nh-phantom-4-pro.png\",\"datePublished\":\"2020-06-23T02:44:38+00:00\",\"dateModified\":\"2022-09-28T03:44:19+00:00\",\"description\":\"C\u00e1nh Phantom 4 carbon composit l\u00e0 c\u00e1nh \u0111\u01b0\u1ee3c s\u1eed d\u1ee5ng khi bay bi\u1ec3n, m\u00f4i tr\u01b0\u1eddng c\u00f3 gi\u00f3 l\u1edbn. Mua c\u00e1nh phantom 4 carbon t\u1ea1i Shop phukienflytech\",\"breadcrumb\":{\"@id\":\"https:\/\/phukienflytech.vn\/en\/san-pham\/canh-composit-carbon-phantom-4.html#breadcrumb\"},\"inLanguage\":\"en-US\",\"potentialAction\":[{\"@type\":\"ReadAction\",\"target\":[\"https:\/\/phukienflytech.vn\/en\/san-pham\/canh-composit-carbon-phantom-4.html\"]}]},{\"@type\":\"ImageObject\",\"inLanguage\":\"en-US\",\"@id\":\"https:\/\/phukienflytech.vn\/en\/san-pham\/canh-composit-carbon-phantom-4.html#primaryimage\",\"url\":\"https:\/\/phukienflytech.vn\/wp-content\/uploads\/2020\/06\/c\u00e1nh-phantom-4-pro.png\",\"contentUrl\":\"https:\/\/phukienflytech.vn\/wp-content\/uploads\/2020\/06\/c\u00e1nh-phantom-4-pro.png\",\"width\":640,\"height\":640},{\"@type\":\"BreadcrumbList\",\"@id\":\"https:\/\/phukienflytech.vn\/en\/san-pham\/canh-composit-carbon-phantom-4.html#breadcrumb\",\"itemListElement\":[{\"@type\":\"ListItem\",\"position\":1,\"name\":\"Home\",\"item\":\"https:\/\/phukienflytech.vn\/en\"},{\"@type\":\"ListItem\",\"position\":2,\"name\":\"Ph\u1ee5 ki\u1ec7n Mavic Pro\",\"item\":\"https:\/\/phukienflytech.vn\/en\/phu-kien-mavic-pro.html\"},{\"@type\":\"ListItem\",\"position\":3,\"name\":\"Ph\u1ee5 ki\u1ec7n DJI - Osmo\",\"item\":\"https:\/\/phukienflytech.vn\/danh-muc\/phu-kien-dji-osmo.html\"},{\"@type\":\"ListItem\",\"position\":4,\"name\":\"C\u00e1nh composit carbon Phantom 4\"}]},{\"@type\":\"WebSite\",\"@id\":\"https:\/\/phukienflytech.vn\/#website\",\"url\":\"https:\/\/phukienflytech.vn\/\",\"name\":\"Shop M\u00e1y \u1ea3nh - Action Camera - Gimbal - Flycam - Ph\u1ee5 ki\u1ec7n\",\"description\":\"Shop M\u00e1y \u1ea3nh - Action Camera - Gimbal - Flycam - Ph\u1ee5 ki\u1ec7n\",\"publisher\":{\"@id\":\"https:\/\/phukienflytech.vn\/#organization\"},\"potentialAction\":[{\"@type\":\"SearchAction\",\"target\":{\"@type\":\"EntryPoint\",\"urlTemplate\":\"https:\/\/phukienflytech.vn\/?s={search_term_string}\"},\"query-input\":{\"@type\":\"PropertyValueSpecification\",\"valueRequired\":true,\"valueName\":\"search_term_string\"}}],\"inLanguage\":\"en-US\"},{\"@type\":\"Organization\",\"@id\":\"https:\/\/phukienflytech.vn\/#organization\",\"name\":\"DJI Store - Shop Drone, Action camera, Gimbal DJI |Phukienflytech\",\"alternateName\":\"DJI Store - Shop Drone, Action camera, Gimbal DJI |Phukienflytech\",\"url\":\"https:\/\/phukienflytech.vn\/\",\"logo\":{\"@type\":\"ImageObject\",\"inLanguage\":\"en-US\",\"@id\":\"https:\/\/phukienflytech.vn\/#\/schema\/logo\/image\/\",\"url\":\"https:\/\/phukienflytech.vn\/wp-content\/uploads\/2020\/05\/hAnh_nan.jpg1_.jpg\",\"contentUrl\":\"https:\/\/phukienflytech.vn\/wp-content\/uploads\/2020\/05\/hAnh_nan.jpg1_.jpg\",\"width\":800,\"height\":450,\"caption\":\"DJI Store - Shop Drone, Action camera, Gimbal DJI |Phukienflytech\"},\"image\":{\"@id\":\"https:\/\/phukienflytech.vn\/#\/schema\/logo\/image\/\"},\"sameAs\":[\"https:\/\/facebook.com\/phukienflycam\",\"https:\/\/www.youtube.com\/@phukienflytech\",\"https:\/\/www.tiktok.com\/@flytech.channel?fbclid=IwY2xjawGjg7BleHRuA2FlbQIxMAABHYVGmlXpuSMs0UB2zTpYvyT4GMVfN2qJa4urF4vkSQ6FAVBwXZtDP30qQA_aem_UwMiDcUvlEbd2tXAmsc8Og\"]}]}<\/script>\n<!-- \/ Yoast SEO plugin. -->","yoast_head_json":{"title":"C\u00e1nh Phantom 4 carbon composit - Kh\u00e1ng gi\u00f3 t\u1ed1t h\u01a1n - B\u1ec1n b\u1ec9 h\u01a1n","description":"C\u00e1nh Phantom 4 carbon composit l\u00e0 c\u00e1nh \u0111\u01b0\u1ee3c s\u1eed d\u1ee5ng khi bay bi\u1ec3n, m\u00f4i tr\u01b0\u1eddng c\u00f3 gi\u00f3 l\u1edbn. Mua c\u00e1nh phantom 4 carbon t\u1ea1i Shop phukienflytech","robots":{"index":"index","follow":"follow","max-snippet":"max-snippet:-1","max-image-preview":"max-image-preview:large","max-video-preview":"max-video-preview:-1"},"canonical":"https:\/\/phukienflytech.vn\/en\/san-pham\/canh-composit-carbon-phantom-4.html","og_locale":"en_US","og_type":"article","og_title":"C\u00e1nh Phantom 4 carbon composit - Kh\u00e1ng gi\u00f3 t\u1ed1t h\u01a1n - B\u1ec1n b\u1ec9 h\u01a1n","og_description":"C\u00e1nh Phantom 4 carbon composit l\u00e0 c\u00e1nh \u0111\u01b0\u1ee3c s\u1eed d\u1ee5ng khi bay bi\u1ec3n, m\u00f4i tr\u01b0\u1eddng c\u00f3 gi\u00f3 l\u1edbn. Mua c\u00e1nh phantom 4 carbon t\u1ea1i Shop phukienflytech","og_url":"https:\/\/phukienflytech.vn\/en\/san-pham\/canh-composit-carbon-phantom-4.html","og_site_name":"Shop M\u00e1y \u1ea3nh - Action Camera - Gimbal - Flycam - Ph\u1ee5 ki\u1ec7n","article_publisher":"https:\/\/facebook.com\/phukienflycam","article_modified_time":"2022-09-28T03:44:19+00:00","og_image":[{"width":640,"height":640,"url":"https:\/\/phukienflytech.vn\/wp-content\/uploads\/2020\/06\/c\u00e1nh-phantom-4-pro.png","type":"image\/png"}],"twitter_card":"summary_large_image","twitter_misc":{"Est. reading time":"3 minutes"},"schema":{"@context":"https:\/\/schema.org","@graph":[{"@type":"WebPage","@id":"https:\/\/phukienflytech.vn\/en\/san-pham\/canh-composit-carbon-phantom-4.html","url":"https:\/\/phukienflytech.vn\/en\/san-pham\/canh-composit-carbon-phantom-4.html","name":"C\u00e1nh Phantom 4 carbon composit - Kh\u00e1ng gi\u00f3 t\u1ed1t h\u01a1n - B\u1ec1n b\u1ec9 h\u01a1n","isPartOf":{"@id":"https:\/\/phukienflytech.vn\/#website"},"primaryImageOfPage":{"@id":"https:\/\/phukienflytech.vn\/en\/san-pham\/canh-composit-carbon-phantom-4.html#primaryimage"},"image":{"@id":"https:\/\/phukienflytech.vn\/en\/san-pham\/canh-composit-carbon-phantom-4.html#primaryimage"},"thumbnailUrl":"https:\/\/phukienflytech.vn\/wp-content\/uploads\/2020\/06\/c\u00e1nh-phantom-4-pro.png","datePublished":"2020-06-23T02:44:38+00:00","dateModified":"2022-09-28T03:44:19+00:00","description":"C\u00e1nh Phantom 4 carbon composit l\u00e0 c\u00e1nh \u0111\u01b0\u1ee3c s\u1eed d\u1ee5ng khi bay bi\u1ec3n, m\u00f4i tr\u01b0\u1eddng c\u00f3 gi\u00f3 l\u1edbn. Mua c\u00e1nh phantom 4 carbon t\u1ea1i Shop phukienflytech","breadcrumb":{"@id":"https:\/\/phukienflytech.vn\/en\/san-pham\/canh-composit-carbon-phantom-4.html#breadcrumb"},"inLanguage":"en-US","potentialAction":[{"@type":"ReadAction","target":["https:\/\/phukienflytech.vn\/en\/san-pham\/canh-composit-carbon-phantom-4.html"]}]},{"@type":"ImageObject","inLanguage":"en-US","@id":"https:\/\/phukienflytech.vn\/en\/san-pham\/canh-composit-carbon-phantom-4.html#primaryimage","url":"https:\/\/phukienflytech.vn\/wp-content\/uploads\/2020\/06\/c\u00e1nh-phantom-4-pro.png","contentUrl":"https:\/\/phukienflytech.vn\/wp-content\/uploads\/2020\/06\/c\u00e1nh-phantom-4-pro.png","width":640,"height":640},{"@type":"BreadcrumbList","@id":"https:\/\/phukienflytech.vn\/en\/san-pham\/canh-composit-carbon-phantom-4.html#breadcrumb","itemListElement":[{"@type":"ListItem","position":1,"name":"Home","item":"https:\/\/phukienflytech.vn\/en"},{"@type":"ListItem","position":2,"name":"Ph\u1ee5 ki\u1ec7n Mavic Pro","item":"https:\/\/phukienflytech.vn\/en\/phu-kien-mavic-pro.html"},{"@type":"ListItem","position":3,"name":"Ph\u1ee5 ki\u1ec7n DJI - Osmo","item":"https:\/\/phukienflytech.vn\/danh-muc\/phu-kien-dji-osmo.html"},{"@type":"ListItem","position":4,"name":"C\u00e1nh composit carbon Phantom 4"}]},{"@type":"WebSite","@id":"https:\/\/phukienflytech.vn\/#website","url":"https:\/\/phukienflytech.vn\/","name":"Shop M\u00e1y \u1ea3nh - Action Camera - Gimbal - Flycam - Ph\u1ee5 ki\u1ec7n","description":"Shop M\u00e1y \u1ea3nh - Action Camera - Gimbal - Flycam - Ph\u1ee5 ki\u1ec7n","publisher":{"@id":"https:\/\/phukienflytech.vn\/#organization"},"potentialAction":[{"@type":"SearchAction","target":{"@type":"EntryPoint","urlTemplate":"https:\/\/phukienflytech.vn\/?s={search_term_string}"},"query-input":{"@type":"PropertyValueSpecification","valueRequired":true,"valueName":"search_term_string"}}],"inLanguage":"en-US"},{"@type":"Organization","@id":"https:\/\/phukienflytech.vn\/#organization","name":"DJI Store - Shop Drone, Action camera, Gimbal DJI |Phukienflytech","alternateName":"DJI Store - Shop Drone, Action camera, Gimbal DJI |Phukienflytech","url":"https:\/\/phukienflytech.vn\/","logo":{"@type":"ImageObject","inLanguage":"en-US","@id":"https:\/\/phukienflytech.vn\/#\/schema\/logo\/image\/","url":"https:\/\/phukienflytech.vn\/wp-content\/uploads\/2020\/05\/hAnh_nan.jpg1_.jpg","contentUrl":"https:\/\/phukienflytech.vn\/wp-content\/uploads\/2020\/05\/hAnh_nan.jpg1_.jpg","width":800,"height":450,"caption":"DJI Store - Shop Drone, Action camera, Gimbal DJI |Phukienflytech"},"image":{"@id":"https:\/\/phukienflytech.vn\/#\/schema\/logo\/image\/"},"sameAs":["https:\/\/facebook.com\/phukienflycam","https:\/\/www.youtube.com\/@phukienflytech","https:\/\/www.tiktok.com\/@flytech.channel?fbclid=IwY2xjawGjg7BleHRuA2FlbQIxMAABHYVGmlXpuSMs0UB2zTpYvyT4GMVfN2qJa4urF4vkSQ6FAVBwXZtDP30qQA_aem_UwMiDcUvlEbd2tXAmsc8Og"]}]}},"_links":{"self":[{"href":"https:\/\/phukienflytech.vn\/en\/wp-json\/wp\/v2\/product\/6770","targetHints":{"allow":["GET"]}}],"collection":[{"href":"https:\/\/phukienflytech.vn\/en\/wp-json\/wp\/v2\/product"}],"about":[{"href":"https:\/\/phukienflytech.vn\/en\/wp-json\/wp\/v2\/types\/product"}],"replies":[{"embeddable":true,"href":"https:\/\/phukienflytech.vn\/en\/wp-json\/wp\/v2\/comments?post=6770"}],"wp:featuredmedia":[{"embeddable":true,"href":"https:\/\/phukienflytech.vn\/en\/wp-json\/wp\/v2\/media\/7509"}],"wp:attachment":[{"href":"https:\/\/phukienflytech.vn\/en\/wp-json\/wp\/v2\/media?parent=6770"}],"wp:term":[{"taxonomy":"product_brand","embeddable":true,"href":"https:\/\/phukienflytech.vn\/en\/wp-json\/wp\/v2\/product_brand?post=6770"},{"taxonomy":"product_cat","embeddable":true,"href":"https:\/\/phukienflytech.vn\/en\/wp-json\/wp\/v2\/product_cat?post=6770"},{"taxonomy":"product_tag","embeddable":true,"href":"https:\/\/phukienflytech.vn\/en\/wp-json\/wp\/v2\/product_tag?post=6770"}],"curies":[{"name":"wp","href":"https:\/\/api.w.org\/{rel}","templated":true}]}}