{"id":6780,"date":"2020-06-23T10:00:52","date_gmt":"2020-06-23T03:00:52","guid":{"rendered":"http:\/\/27430.lamdx.vinawebsite.vn\/san-pham\/canh-phantom-4-canh-carbon-sieu-cung.html"},"modified":"2020-10-16T14:34:53","modified_gmt":"2020-10-16T07:34:53","slug":"carbon-propeller-phantom-4","status":"publish","type":"product","link":"https:\/\/phukienflytech.vn\/en\/san-pham\/carbon-propeller-phantom-4.html","title":{"rendered":"Carbon filter Propeller for Phantom 4"},"content":{"rendered":"<h2><span style=\"color: #0000ff;\"><em><strong><span style=\"font-size: 21px;\">Carbon Propeller Phantom 4<\/span><\/strong><\/em><\/span><\/h2>\n<p><span style=\"font-size: 18px;\">Carbon Propeller Phantom 4<\/span><\/p>\n<p><span style=\"font-size: 18px;\">S\u1edf h\u1eefu cho m\u00ecnh m\u1ed9t chi\u1ebfc drone Phantom 4 c\u1ee7a h\u00e3ng DJI qu\u1ea3 th\u1ef1c b\u1ea1n s\u1ebd r\u1ea5t kh\u00f3 c\u00f3 th\u1ec3 t\u00ecm ra \u0111i\u1ec3m kh\u00f4ng h\u00e0i l\u00f2ng v\u1ec1 n\u00f3 ngay c\u1ea3 nh\u1eefng ng\u01b0\u1eddi ch\u01a1i kh\u00f3 t\u00ednh nh\u1ea5t. B\u1edfi s\u1ef1 an to\u00e0n khi bay, t\u00ednh \u1ed5n \u0111\u1ecbnh, s\u1ef1 th\u00f4ng minh c\u1ee7a thi\u1ebft b\u1ecb v\u00e0 s\u1ef1 h\u1ed7 tr\u1ee3 tuy\u1ec7t v\u1eddi c\u1ee7a c\u1ee5m gimbal \u0111\u00e3 gi\u00fap cho ch\u00fang ta c\u00f3 nh\u1eefng b\u1ee9c h\u00ecnh, th\u01b0\u1edbc phim tuy\u1ec7t v\u1eddi nh\u1ea5t.<\/span><\/p>\n<p>&nbsp;<\/p>\n<p><span style=\"font-size: 18px;\"><img loading=\"lazy\" decoding=\"async\" class=\"alignnone wp-image-11714 size-full\" src=\"https:\/\/phukienflytech.vn\/wp-content\/uploads\/2020\/06\/canh-phantom-4-canh-carbon-sieu-cung-6771-4.jpg\" alt=\"canh-phantom-4-canh-carbon-sieu-cung\" width=\"450\" height=\"253\" \/><\/span><\/p>\n<p>&nbsp;<\/p>\n<p><span style=\"font-size: 18px;\">C\u00f3 th\u1ec3 b\u1ea1n ch\u01b0a bi\u1ebft !<\/span><\/p>\n<p><span style=\"font-size: 18px;\">Hi\u1ec7n Phantom 4 \u0111\u00e3 v\u00e0 \u0111ang \u0111\u01b0\u1ee3c r\u1ea5t nhi\u1ec1u c\u00e1c Pilot n\u00e2ng c\u1ea5p v\u1ec1 c\u00e1nh khi s\u1eed d\u1ee5ng\u00a0<strong>C\u00e1nh carbon si\u00eau c\u1ee9ng Phantom 4<\/strong>(c\u00f3 th\u00e0nh ph\u1ea7n c\u1ed1t th\u00e9p) \u0111\u1ec3 c\u00f3 th\u1ec3 t\u0103ng kh\u1ea3 n\u0103ng kh\u00e1ng ch\u1ecbu l\u1ea1i v\u1edbi s\u1ee9c gi\u00f3, \u0111\u1eb7c bi\u1ec7t l\u00e0 th\u1eddi ti\u1ebft m\u00f9a h\u00e8, t\u1ea1i c\u00e1c b\u00e3i bi\u1ec3n&#8230;<\/span><\/p>\n<p><span style=\"font-size: 18px;\"><strong><img loading=\"lazy\" decoding=\"async\" src=\"https:\/\/phukienflytech.vn\/wp-content\/uploads\/2020\/06\/canh-phantom-4-canh-carbon-sieu-cung-6771-1.jpg\" alt=\"\" width=\"400\" height=\"400\" \/><\/strong><\/span><\/p>\n<p><span style=\"font-size: 18px;\"><img loading=\"lazy\" decoding=\"async\" class=\"alignnone wp-image-16845\" src=\"https:\/\/phukienflytech.vn\/wp-content\/uploads\/2020\/06\/phntm4cbprops-1-400x400.jpg\" alt=\"Carbon-Propeller-Phantom-4-2\" width=\"434\" height=\"434\" srcset=\"https:\/\/phukienflytech.vn\/wp-content\/uploads\/2020\/06\/phntm4cbprops-1-400x400.jpg 400w, https:\/\/phukienflytech.vn\/wp-content\/uploads\/2020\/06\/phntm4cbprops-1-280x280.jpg 280w, https:\/\/phukienflytech.vn\/wp-content\/uploads\/2020\/06\/phntm4cbprops-1-768x768.jpg 768w, https:\/\/phukienflytech.vn\/wp-content\/uploads\/2020\/06\/phntm4cbprops-1-800x800.jpg 800w, https:\/\/phukienflytech.vn\/wp-content\/uploads\/2020\/06\/phntm4cbprops-1-300x300.jpg 300w, https:\/\/phukienflytech.vn\/wp-content\/uploads\/2020\/06\/phntm4cbprops-1-600x600.jpg 600w, https:\/\/phukienflytech.vn\/wp-content\/uploads\/2020\/06\/phntm4cbprops-1-100x100.jpg 100w, https:\/\/phukienflytech.vn\/wp-content\/uploads\/2020\/06\/phntm4cbprops-1.jpg 1000w\" sizes=\"auto, (max-width: 434px) 100vw, 434px\" \/><\/span><\/p>\n<p>&nbsp;<\/p>\n<p><span style=\"font-size: 18px;\">\u0110\u01b0\u1ee3c thi\u1ebft k\u1ebf d\u1ef1a tr\u00ean c\u00e1c th\u00f4ng s\u1ed1 k\u1ef9 thu\u1eadt c\u00e1nh carbon ch\u00ednh h\u00e3ng do Sunnylife s\u1ea3n xu\u1ea5t v\u00e0 ph\u00e2n ph\u1ed1i.<\/span><\/p>\n<p><span style=\"font-size: 18px;\">&#8211; Ch\u1ea5t li\u1ec7u: th\u00e9p kh\u00f4ng g\u1ec9 + s\u1ee3i carbon , do v\u1eady c\u00f3 \u0111\u1ed9 c\u1ee9ng g\u1ea7n nh\u01b0 tuy\u1ec7t \u0111\u1ed1i, s\u1ee9c l\u00ec c\u1ee7a c\u00e1nh s\u1ebd gi\u00fap cho vi\u1ec7c kh\u00e1ng gi\u00f3 tr\u1edf l\u00ean m\u1ea1nh m\u1ebd h\u01a1n bao gi\u1edd h\u1ebft<\/span><\/p>\n<p><span style=\"font-size: 18px;\"><img loading=\"lazy\" decoding=\"async\" src=\"https:\/\/phukienflytech.vn\/wp-content\/uploads\/2020\/06\/canh-phantom-4-canh-carbon-sieu-cung-6771-2.jpg\" alt=\"\" width=\"400\" height=\"300\" \/><\/span><\/p>\n<p><span style=\"font-size: 18px;\"><img loading=\"lazy\" decoding=\"async\" class=\"alignnone wp-image-16843\" src=\"https:\/\/phukienflytech.vn\/wp-content\/uploads\/2020\/06\/33554_p_1461830253508-400x400.jpg\" alt=\"Carbon-Propeller-Phantom-4-1\" width=\"413\" height=\"413\" srcset=\"https:\/\/phukienflytech.vn\/wp-content\/uploads\/2020\/06\/33554_p_1461830253508-400x400.jpg 400w, https:\/\/phukienflytech.vn\/wp-content\/uploads\/2020\/06\/33554_p_1461830253508-280x280.jpg 280w, https:\/\/phukienflytech.vn\/wp-content\/uploads\/2020\/06\/33554_p_1461830253508-768x768.jpg 768w, https:\/\/phukienflytech.vn\/wp-content\/uploads\/2020\/06\/33554_p_1461830253508-800x800.jpg 800w, https:\/\/phukienflytech.vn\/wp-content\/uploads\/2020\/06\/33554_p_1461830253508-300x300.jpg 300w, https:\/\/phukienflytech.vn\/wp-content\/uploads\/2020\/06\/33554_p_1461830253508-600x600.jpg 600w, https:\/\/phukienflytech.vn\/wp-content\/uploads\/2020\/06\/33554_p_1461830253508-100x100.jpg 100w, https:\/\/phukienflytech.vn\/wp-content\/uploads\/2020\/06\/33554_p_1461830253508.jpg 1100w\" sizes=\"auto, (max-width: 413px) 100vw, 413px\" \/><\/span><\/p>\n<p><span style=\"font-size: 18px;\">&#8211; Size: t\u01b0\u01a1ng \u0111\u1ed1i d\u00e0y<\/span><\/p>\n<p><span style=\"font-size: 18px;\">&#8211; H\u00ecnh th\u1ee9c: \u0111en b\u00f3ng v\u00e0 c\u00f3 v\u00e2n carbon<\/span><\/p>\n<p><span style=\"font-size: 18px;\">&#8211; Th\u00e2n c\u00e1nh: kh\u00f4ng c\u00f3 logo h\u00e3ng DJI<\/span><\/p>\n<p><span style=\"font-size: 18px;\">S\u1eed dung v\u1edbi m\u1ee5c \u0111\u00edch t\u0103ng s\u1ee9c c\u1ea3n l\u01b0\u1edbt trong \u0111i\u1ec1u ki\u1ec7n gi\u00f3 l\u1edbn,\u00a0<strong>kh\u00e1ng gi\u00f3 m\u1ea1nh m\u1ebd h\u01a1n<\/strong>\u00a0c\u00e1nh nh\u1ef1a g\u1ed1c th\u01b0\u1eddng.<\/span><\/p>\n<p>&nbsp;<\/p>\n<blockquote><p><span style=\"font-size: 18px;\">Xem th\u00eam: <\/span><span style=\"color: #0000ff;\"><strong><a style=\"color: #0000ff;\" href=\"https:\/\/phukienflytech.vn\/en\/san-pham\/canh-phantom-4-pro-pro-v20-canh-giam-on-chinh-hang-dji-2-canh.html\" target=\"_blank\" rel=\"noopener noreferrer\">C\u00e1nh Phantom 4 Pro V2.0 ch\u00ednh h\u00e3ng<\/a><\/strong><\/span><\/p><\/blockquote>\n<p>&nbsp;<\/p>\n<p><span style=\"font-size: 18px;\">H\u00e3y \u0111\u1ec3\u00a0<a href=\"https:\/\/facebook.com\/phukienflycam\/\" target=\"_blank\" rel=\"noopener noreferrer\">Ph\u1ee5 Ki\u1ec7n Fly-cam Gi\u00e1 T\u1ed1t<\/a> ti\u1ebfp s\u1ee9c \u0111am m\u00ea, c\u00f4ng vi\u1ec7c c\u1ee7a b\u1ea1n, gi\u00fap b\u1ea1n th\u00eam ni\u1ec1m h\u1ee9ng kh\u1edfi trong \u0111am m\u00ea c\u0169ng nh\u01b0 c\u00f4ng vi\u1ec7c c\u1ee7a m\u00ecnh th\u00eam su\u00f4n s\u1ebb. Shop <strong><a href=\"https:\/\/phukienflytech.vn\/\">phukienflytech gi\u00e1 r\u1ebb<\/a><\/strong> s\u1eb5n s\u00e0ng ph\u1ee5 v\u1ee5 b\u1ea1n.<\/span><\/p>\n<p>&nbsp;<\/p>\n<p><span style=\"font-size: 18px;\"><img loading=\"lazy\" decoding=\"async\" class=\"alignnone wp-image-16795\" src=\"https:\/\/phukienflytech.vn\/wp-content\/uploads\/2020\/06\/nen-chon-mua-mavic-mini-ban-sd25-hay-ban-ss5-dau-la-lua-chon-cua-ban-9048-4-1-800x251.png\" alt=\"Carbon-Propeller-Phantom-4\" width=\"771\" height=\"242\" srcset=\"https:\/\/phukienflytech.vn\/wp-content\/uploads\/2020\/06\/nen-chon-mua-mavic-mini-ban-sd25-hay-ban-ss5-dau-la-lua-chon-cua-ban-9048-4-1-800x251.png 800w, https:\/\/phukienflytech.vn\/wp-content\/uploads\/2020\/06\/nen-chon-mua-mavic-mini-ban-sd25-hay-ban-ss5-dau-la-lua-chon-cua-ban-9048-4-1-768x241.png 768w, https:\/\/phukienflytech.vn\/wp-content\/uploads\/2020\/06\/nen-chon-mua-mavic-mini-ban-sd25-hay-ban-ss5-dau-la-lua-chon-cua-ban-9048-4-1-600x188.png 600w, https:\/\/phukienflytech.vn\/wp-content\/uploads\/2020\/06\/nen-chon-mua-mavic-mini-ban-sd25-hay-ban-ss5-dau-la-lua-chon-cua-ban-9048-4-1.png 1013w\" sizes=\"auto, (max-width: 771px) 100vw, 771px\" \/><\/span><\/p>\n<p>&nbsp;<\/p>\n<p><span style=\"font-size: 18px;\">Nh\u00e0 s\u1ea3n xu\u1ea5t : Sunnylife \u2013 vendor cung c\u1ea5p ph\u1ee5 ki\u1ec7n c\u1ee7a DJI<\/span><\/p>\n","protected":false},"excerpt":{"rendered":"<p>Carbon Propeller Phantom 4 Carbon Propeller Phantom 4 S\u1edf h\u1eefu cho m\u00ecnh m\u1ed9t chi\u1ebfc drone Phantom 4 c\u1ee7a h\u00e3ng DJI qu\u1ea3 th\u1ef1c b\u1ea1n s\u1ebd r\u1ea5t kh\u00f3 c\u00f3 th\u1ec3 t\u00ecm ra \u0111i\u1ec3m kh\u00f4ng h\u00e0i l\u00f2ng v\u1ec1 n\u00f3 ngay c\u1ea3 nh\u1eefng ng\u01b0\u1eddi ch\u01a1i kh\u00f3 t\u00ednh nh\u1ea5t. B\u1edfi s\u1ef1 an to\u00e0n khi bay, t\u00ednh \u1ed5n \u0111\u1ecbnh, s\u1ef1 th\u00f4ng &#8230;<\/p>\n","protected":false},"featured_media":7505,"comment_status":"open","ping_status":"closed","template":"","meta":{"_acf_changed":false},"product_brand":[],"product_cat":[176,182],"product_tag":[546,227],"class_list":{"0":"post-6780","1":"product","2":"type-product","3":"status-publish","4":"has-post-thumbnail","6":"product_cat-dji-osmo-drones-accessories","7":"product_cat-phantom-4-accessory","8":"product_tag-canh-carbon-sieu-cung-phantom-4-en","9":"product_tag-phu-kien-phantom-4-en","11":"first","12":"instock","13":"shipping-taxable","14":"purchasable","15":"product-type-simple"},"acf":[],"yoast_head":"<!-- This site is optimized with the Yoast SEO plugin v25.7 - https:\/\/yoast.com\/wordpress\/plugins\/seo\/ -->\n<title>Carbon Propeller Phantom 4 - Sunnylife - Phantom accessory - available.<\/title>\n<meta name=\"description\" content=\"Carbon Propeller Phantom 4 is one of the most important accessory. Contact us to buy Carbon Propeller Phantom 4 for best price.\" \/>\n<meta name=\"robots\" content=\"index, follow, max-snippet:-1, max-image-preview:large, max-video-preview:-1\" \/>\n<link rel=\"canonical\" href=\"https:\/\/phukienflytech.vn\/en\/san-pham\/carbon-propeller-phantom-4.html\" \/>\n<meta property=\"og:locale\" content=\"en_US\" \/>\n<meta property=\"og:type\" content=\"article\" \/>\n<meta property=\"og:title\" content=\"Carbon Propeller Phantom 4 - Sunnylife - Phantom accessory - available.\" \/>\n<meta property=\"og:description\" content=\"Carbon Propeller Phantom 4 is one of the most important accessory. Contact us to buy Carbon Propeller Phantom 4 for best price.\" \/>\n<meta property=\"og:url\" content=\"https:\/\/phukienflytech.vn\/en\/san-pham\/carbon-propeller-phantom-4.html\" \/>\n<meta property=\"og:site_name\" content=\"Shop M\u00e1y \u1ea3nh - Action Camera - Gimbal - Flycam - Ph\u1ee5 ki\u1ec7n\" \/>\n<meta property=\"article:publisher\" content=\"https:\/\/facebook.com\/phukienflycam\" \/>\n<meta property=\"article:modified_time\" content=\"2020-10-16T07:34:53+00:00\" \/>\n<meta property=\"og:image\" content=\"https:\/\/phukienflytech.vn\/wp-content\/uploads\/2020\/06\/c\u00e1nh-phantom-4-pro-2.png\" \/>\n\t<meta property=\"og:image:width\" content=\"700\" \/>\n\t<meta property=\"og:image:height\" content=\"700\" \/>\n\t<meta property=\"og:image:type\" content=\"image\/png\" \/>\n<meta name=\"twitter:card\" content=\"summary_large_image\" \/>\n<meta name=\"twitter:label1\" content=\"Est. reading time\" \/>\n\t<meta name=\"twitter:data1\" content=\"2 minutes\" \/>\n<script type=\"application\/ld+json\" class=\"yoast-schema-graph\">{\"@context\":\"https:\/\/schema.org\",\"@graph\":[{\"@type\":\"WebPage\",\"@id\":\"https:\/\/phukienflytech.vn\/en\/san-pham\/carbon-propeller-phantom-4.html\",\"url\":\"https:\/\/phukienflytech.vn\/en\/san-pham\/carbon-propeller-phantom-4.html\",\"name\":\"Carbon Propeller Phantom 4 - Sunnylife - Phantom accessory - available.\",\"isPartOf\":{\"@id\":\"https:\/\/phukienflytech.vn\/#website\"},\"primaryImageOfPage\":{\"@id\":\"https:\/\/phukienflytech.vn\/en\/san-pham\/carbon-propeller-phantom-4.html#primaryimage\"},\"image\":{\"@id\":\"https:\/\/phukienflytech.vn\/en\/san-pham\/carbon-propeller-phantom-4.html#primaryimage\"},\"thumbnailUrl\":\"https:\/\/phukienflytech.vn\/wp-content\/uploads\/2020\/06\/c\u00e1nh-phantom-4-pro-2.png\",\"datePublished\":\"2020-06-23T03:00:52+00:00\",\"dateModified\":\"2020-10-16T07:34:53+00:00\",\"description\":\"Carbon Propeller Phantom 4 is one of the most important accessory. Contact us to buy Carbon Propeller Phantom 4 for best price.\",\"breadcrumb\":{\"@id\":\"https:\/\/phukienflytech.vn\/en\/san-pham\/carbon-propeller-phantom-4.html#breadcrumb\"},\"inLanguage\":\"en-US\",\"potentialAction\":[{\"@type\":\"ReadAction\",\"target\":[\"https:\/\/phukienflytech.vn\/en\/san-pham\/carbon-propeller-phantom-4.html\"]}]},{\"@type\":\"ImageObject\",\"inLanguage\":\"en-US\",\"@id\":\"https:\/\/phukienflytech.vn\/en\/san-pham\/carbon-propeller-phantom-4.html#primaryimage\",\"url\":\"https:\/\/phukienflytech.vn\/wp-content\/uploads\/2020\/06\/c\u00e1nh-phantom-4-pro-2.png\",\"contentUrl\":\"https:\/\/phukienflytech.vn\/wp-content\/uploads\/2020\/06\/c\u00e1nh-phantom-4-pro-2.png\",\"width\":700,\"height\":700},{\"@type\":\"BreadcrumbList\",\"@id\":\"https:\/\/phukienflytech.vn\/en\/san-pham\/carbon-propeller-phantom-4.html#breadcrumb\",\"itemListElement\":[{\"@type\":\"ListItem\",\"position\":1,\"name\":\"Home\",\"item\":\"https:\/\/phukienflytech.vn\/en\"},{\"@type\":\"ListItem\",\"position\":2,\"name\":\"Ph\u1ee5 ki\u1ec7n Mavic Pro\",\"item\":\"https:\/\/phukienflytech.vn\/en\/phu-kien-mavic-pro.html\"},{\"@type\":\"ListItem\",\"position\":3,\"name\":\"Ph\u1ee5 ki\u1ec7n DJI - Osmo\",\"item\":\"https:\/\/phukienflytech.vn\/danh-muc\/phu-kien-dji-osmo.html\"},{\"@type\":\"ListItem\",\"position\":4,\"name\":\"Carbon filter Propeller for Phantom 4\"}]},{\"@type\":\"WebSite\",\"@id\":\"https:\/\/phukienflytech.vn\/#website\",\"url\":\"https:\/\/phukienflytech.vn\/\",\"name\":\"Shop M\u00e1y \u1ea3nh - Action Camera - Gimbal - Flycam - Ph\u1ee5 ki\u1ec7n\",\"description\":\"Shop M\u00e1y \u1ea3nh - Action Camera - Gimbal - Flycam - Ph\u1ee5 ki\u1ec7n\",\"publisher\":{\"@id\":\"https:\/\/phukienflytech.vn\/#organization\"},\"potentialAction\":[{\"@type\":\"SearchAction\",\"target\":{\"@type\":\"EntryPoint\",\"urlTemplate\":\"https:\/\/phukienflytech.vn\/?s={search_term_string}\"},\"query-input\":{\"@type\":\"PropertyValueSpecification\",\"valueRequired\":true,\"valueName\":\"search_term_string\"}}],\"inLanguage\":\"en-US\"},{\"@type\":\"Organization\",\"@id\":\"https:\/\/phukienflytech.vn\/#organization\",\"name\":\"DJI Store - Shop Drone, Action camera, Gimbal DJI |Phukienflytech\",\"alternateName\":\"DJI Store - Shop Drone, Action camera, Gimbal DJI |Phukienflytech\",\"url\":\"https:\/\/phukienflytech.vn\/\",\"logo\":{\"@type\":\"ImageObject\",\"inLanguage\":\"en-US\",\"@id\":\"https:\/\/phukienflytech.vn\/#\/schema\/logo\/image\/\",\"url\":\"https:\/\/phukienflytech.vn\/wp-content\/uploads\/2020\/05\/hAnh_nan.jpg1_.jpg\",\"contentUrl\":\"https:\/\/phukienflytech.vn\/wp-content\/uploads\/2020\/05\/hAnh_nan.jpg1_.jpg\",\"width\":800,\"height\":450,\"caption\":\"DJI Store - Shop Drone, Action camera, Gimbal DJI |Phukienflytech\"},\"image\":{\"@id\":\"https:\/\/phukienflytech.vn\/#\/schema\/logo\/image\/\"},\"sameAs\":[\"https:\/\/facebook.com\/phukienflycam\",\"https:\/\/www.youtube.com\/@phukienflytech\",\"https:\/\/www.tiktok.com\/@flytech.channel?fbclid=IwY2xjawGjg7BleHRuA2FlbQIxMAABHYVGmlXpuSMs0UB2zTpYvyT4GMVfN2qJa4urF4vkSQ6FAVBwXZtDP30qQA_aem_UwMiDcUvlEbd2tXAmsc8Og\"]}]}<\/script>\n<!-- \/ Yoast SEO plugin. -->","yoast_head_json":{"title":"Carbon Propeller Phantom 4 - Sunnylife - Phantom accessory - available.","description":"Carbon Propeller Phantom 4 is one of the most important accessory. Contact us to buy Carbon Propeller Phantom 4 for best price.","robots":{"index":"index","follow":"follow","max-snippet":"max-snippet:-1","max-image-preview":"max-image-preview:large","max-video-preview":"max-video-preview:-1"},"canonical":"https:\/\/phukienflytech.vn\/en\/san-pham\/carbon-propeller-phantom-4.html","og_locale":"en_US","og_type":"article","og_title":"Carbon Propeller Phantom 4 - Sunnylife - Phantom accessory - available.","og_description":"Carbon Propeller Phantom 4 is one of the most important accessory. Contact us to buy Carbon Propeller Phantom 4 for best price.","og_url":"https:\/\/phukienflytech.vn\/en\/san-pham\/carbon-propeller-phantom-4.html","og_site_name":"Shop M\u00e1y \u1ea3nh - Action Camera - Gimbal - Flycam - Ph\u1ee5 ki\u1ec7n","article_publisher":"https:\/\/facebook.com\/phukienflycam","article_modified_time":"2020-10-16T07:34:53+00:00","og_image":[{"width":700,"height":700,"url":"https:\/\/phukienflytech.vn\/wp-content\/uploads\/2020\/06\/c\u00e1nh-phantom-4-pro-2.png","type":"image\/png"}],"twitter_card":"summary_large_image","twitter_misc":{"Est. reading time":"2 minutes"},"schema":{"@context":"https:\/\/schema.org","@graph":[{"@type":"WebPage","@id":"https:\/\/phukienflytech.vn\/en\/san-pham\/carbon-propeller-phantom-4.html","url":"https:\/\/phukienflytech.vn\/en\/san-pham\/carbon-propeller-phantom-4.html","name":"Carbon Propeller Phantom 4 - Sunnylife - Phantom accessory - available.","isPartOf":{"@id":"https:\/\/phukienflytech.vn\/#website"},"primaryImageOfPage":{"@id":"https:\/\/phukienflytech.vn\/en\/san-pham\/carbon-propeller-phantom-4.html#primaryimage"},"image":{"@id":"https:\/\/phukienflytech.vn\/en\/san-pham\/carbon-propeller-phantom-4.html#primaryimage"},"thumbnailUrl":"https:\/\/phukienflytech.vn\/wp-content\/uploads\/2020\/06\/c\u00e1nh-phantom-4-pro-2.png","datePublished":"2020-06-23T03:00:52+00:00","dateModified":"2020-10-16T07:34:53+00:00","description":"Carbon Propeller Phantom 4 is one of the most important accessory. Contact us to buy Carbon Propeller Phantom 4 for best price.","breadcrumb":{"@id":"https:\/\/phukienflytech.vn\/en\/san-pham\/carbon-propeller-phantom-4.html#breadcrumb"},"inLanguage":"en-US","potentialAction":[{"@type":"ReadAction","target":["https:\/\/phukienflytech.vn\/en\/san-pham\/carbon-propeller-phantom-4.html"]}]},{"@type":"ImageObject","inLanguage":"en-US","@id":"https:\/\/phukienflytech.vn\/en\/san-pham\/carbon-propeller-phantom-4.html#primaryimage","url":"https:\/\/phukienflytech.vn\/wp-content\/uploads\/2020\/06\/c\u00e1nh-phantom-4-pro-2.png","contentUrl":"https:\/\/phukienflytech.vn\/wp-content\/uploads\/2020\/06\/c\u00e1nh-phantom-4-pro-2.png","width":700,"height":700},{"@type":"BreadcrumbList","@id":"https:\/\/phukienflytech.vn\/en\/san-pham\/carbon-propeller-phantom-4.html#breadcrumb","itemListElement":[{"@type":"ListItem","position":1,"name":"Home","item":"https:\/\/phukienflytech.vn\/en"},{"@type":"ListItem","position":2,"name":"Ph\u1ee5 ki\u1ec7n Mavic Pro","item":"https:\/\/phukienflytech.vn\/en\/phu-kien-mavic-pro.html"},{"@type":"ListItem","position":3,"name":"Ph\u1ee5 ki\u1ec7n DJI - Osmo","item":"https:\/\/phukienflytech.vn\/danh-muc\/phu-kien-dji-osmo.html"},{"@type":"ListItem","position":4,"name":"Carbon filter Propeller for Phantom 4"}]},{"@type":"WebSite","@id":"https:\/\/phukienflytech.vn\/#website","url":"https:\/\/phukienflytech.vn\/","name":"Shop M\u00e1y \u1ea3nh - Action Camera - Gimbal - Flycam - Ph\u1ee5 ki\u1ec7n","description":"Shop M\u00e1y \u1ea3nh - Action Camera - Gimbal - Flycam - Ph\u1ee5 ki\u1ec7n","publisher":{"@id":"https:\/\/phukienflytech.vn\/#organization"},"potentialAction":[{"@type":"SearchAction","target":{"@type":"EntryPoint","urlTemplate":"https:\/\/phukienflytech.vn\/?s={search_term_string}"},"query-input":{"@type":"PropertyValueSpecification","valueRequired":true,"valueName":"search_term_string"}}],"inLanguage":"en-US"},{"@type":"Organization","@id":"https:\/\/phukienflytech.vn\/#organization","name":"DJI Store - Shop Drone, Action camera, Gimbal DJI |Phukienflytech","alternateName":"DJI Store - Shop Drone, Action camera, Gimbal DJI |Phukienflytech","url":"https:\/\/phukienflytech.vn\/","logo":{"@type":"ImageObject","inLanguage":"en-US","@id":"https:\/\/phukienflytech.vn\/#\/schema\/logo\/image\/","url":"https:\/\/phukienflytech.vn\/wp-content\/uploads\/2020\/05\/hAnh_nan.jpg1_.jpg","contentUrl":"https:\/\/phukienflytech.vn\/wp-content\/uploads\/2020\/05\/hAnh_nan.jpg1_.jpg","width":800,"height":450,"caption":"DJI Store - Shop Drone, Action camera, Gimbal DJI |Phukienflytech"},"image":{"@id":"https:\/\/phukienflytech.vn\/#\/schema\/logo\/image\/"},"sameAs":["https:\/\/facebook.com\/phukienflycam","https:\/\/www.youtube.com\/@phukienflytech","https:\/\/www.tiktok.com\/@flytech.channel?fbclid=IwY2xjawGjg7BleHRuA2FlbQIxMAABHYVGmlXpuSMs0UB2zTpYvyT4GMVfN2qJa4urF4vkSQ6FAVBwXZtDP30qQA_aem_UwMiDcUvlEbd2tXAmsc8Og"]}]}},"_links":{"self":[{"href":"https:\/\/phukienflytech.vn\/en\/wp-json\/wp\/v2\/product\/6780","targetHints":{"allow":["GET"]}}],"collection":[{"href":"https:\/\/phukienflytech.vn\/en\/wp-json\/wp\/v2\/product"}],"about":[{"href":"https:\/\/phukienflytech.vn\/en\/wp-json\/wp\/v2\/types\/product"}],"replies":[{"embeddable":true,"href":"https:\/\/phukienflytech.vn\/en\/wp-json\/wp\/v2\/comments?post=6780"}],"wp:featuredmedia":[{"embeddable":true,"href":"https:\/\/phukienflytech.vn\/en\/wp-json\/wp\/v2\/media\/7505"}],"wp:attachment":[{"href":"https:\/\/phukienflytech.vn\/en\/wp-json\/wp\/v2\/media?parent=6780"}],"wp:term":[{"taxonomy":"product_brand","embeddable":true,"href":"https:\/\/phukienflytech.vn\/en\/wp-json\/wp\/v2\/product_brand?post=6780"},{"taxonomy":"product_cat","embeddable":true,"href":"https:\/\/phukienflytech.vn\/en\/wp-json\/wp\/v2\/product_cat?post=6780"},{"taxonomy":"product_tag","embeddable":true,"href":"https:\/\/phukienflytech.vn\/en\/wp-json\/wp\/v2\/product_tag?post=6780"}],"curies":[{"name":"wp","href":"https:\/\/api.w.org\/{rel}","templated":true}]}}