{"id":6792,"date":"2020-06-23T10:16:37","date_gmt":"2020-06-23T03:16:37","guid":{"rendered":"http:\/\/27430.lamdx.vinawebsite.vn\/san-pham\/canh-mavic-pro-platium-canh-giam-on-chinh-hang-dji.html"},"modified":"2021-01-16T09:25:38","modified_gmt":"2021-01-16T02:25:38","slug":"original-propellers-mavic-pro-platinum-2","status":"publish","type":"product","link":"https:\/\/phukienflytech.vn\/en\/san-pham\/original-propellers-mavic-pro-platinum-2.html","title":{"rendered":"Original low noise propellers for Mavic Pro Platinum"},"content":{"rendered":"<h2><span style=\"color: #0000ff;\"><em><strong>Original propellers Mavic Pro Platinum<\/strong><\/em><\/span><\/h2>\n<p>&nbsp;<\/p>\n<p><span style=\"font-size: 18px;\">Original propellers Mavic Pro Platinum<\/span><\/p>\n<p><span style=\"font-size: 18px;\">H\u00e3ng DJI g\u1ea7n \u0111\u00e2y \u0111\u00e3 tr\u00ecnh l\u00e0ng phi\u00ean b\u1ea3n m\u1edbi c\u1ee7a Mavic Pro Platium v\u00e0 ngay sau \u0111\u00f3 m\u1ed9t n\u1eabu c\u00e1nh g\u1eadp c\u1ee7a DJI Mavic pro \u0111\u01b0\u1ee3c cho l\u00e0 phi\u00ean b\u1ea3n n\u00e2ng c\u1ea5p r\u1ea5t \u0111\u00e1ng k\u1ec3 v\u1edbi ki\u1ec3u d\u00e1ng thi\u1ebft k\u1ebf v\u00f4 c\u00f9ng s\u1eafc b\u00e9n v\u00e0 c\u00f3 \u0111\u00f4i ch\u00fat l\u1ea1 m\u1eaft v\u1edbi Pilot c\u1ee7a Mavic Pro Platium, v\u00e0 c\u0169ng bao g\u1ed3m c\u1ea3 Mavic Pro.\u00a0<em><strong>C\u00e1nh Mavic pro (Platium) &#8211; C\u00e1nh gi\u1ea3m \u1ed3n ch\u00ednh h\u00e3ng DJI<\/strong><\/em><\/span><\/p>\n<p><span style=\"font-size: 18px;\"> <img loading=\"lazy\" decoding=\"async\" class=\"alignnone wp-image-15981 size-medium\" src=\"https:\/\/phukienflytech.vn\/wp-content\/uploads\/2020\/06\/canh-mavic-pro-platinum-giam-on-chinh-hang-dji-2384-600x400.jpg\" alt=\"canh-mavic-pro\" width=\"600\" height=\"400\" srcset=\"https:\/\/phukienflytech.vn\/wp-content\/uploads\/2020\/06\/canh-mavic-pro-platinum-giam-on-chinh-hang-dji-2384-600x400.jpg 600w, https:\/\/phukienflytech.vn\/wp-content\/uploads\/2020\/06\/canh-mavic-pro-platinum-giam-on-chinh-hang-dji-2384-768x512.jpg 768w, https:\/\/phukienflytech.vn\/wp-content\/uploads\/2020\/06\/canh-mavic-pro-platinum-giam-on-chinh-hang-dji-2384.jpg 800w\" sizes=\"auto, (max-width: 600px) 100vw, 600px\" \/><\/span><\/p>\n<p><span style=\"font-size: 18px;\">\u0110\u01b0\u1ee3c nh\u1ea5n m\u1ea1nh \u1edf kh\u1ea3 n\u0103ng gi\u1ea3m ti\u1ebfng \u1ed3n trong su\u1ed1t qu\u00e1 tr\u00ecnh bay, ri\u00eang khi s\u1eed d\u1ee5ng v\u1edbi phi\u00ean b\u1ea3n Mavic Pro Platium, ti\u1ebfng \u1ed3n s\u1ebd \u0111\u01b0\u1ee3c gi\u1ea3m \u0111i h\u01a1n 1 n\u1eeda \u0111\u1ed9 \u1ed3n t\u1ee9c \u1edf m\u1ee9c 4dB (60% \u0111\u1ed9 \u1ed3n) ngay khi c\u1ea5t c\u00e1nh cho t\u1edbi l\u00fac h\u1ea1 c\u00e1nh an to\u00e0n v\u00e0 v\u1edbi phi\u00ean b\u1ea3n Platium th\u1eddi gian bay s\u1ebd t\u0103ng l\u00ean l\u00e0 30 ph\u00fat bay<\/span><\/p>\n<p>&nbsp;<\/p>\n<p><span style=\"font-size: 18px;\">\u00a0<img loading=\"lazy\" decoding=\"async\" class=\"alignnone wp-image-15983 size-medium\" src=\"https:\/\/phukienflytech.vn\/wp-content\/uploads\/2020\/06\/canh-mavic-pro-platinum-giam-on-chinh-hang-dji-2384-1-400x400.jpg\" alt=\"canh-mavic-pro-giam-on\" width=\"400\" height=\"400\" srcset=\"https:\/\/phukienflytech.vn\/wp-content\/uploads\/2020\/06\/canh-mavic-pro-platinum-giam-on-chinh-hang-dji-2384-1-400x400.jpg 400w, https:\/\/phukienflytech.vn\/wp-content\/uploads\/2020\/06\/canh-mavic-pro-platinum-giam-on-chinh-hang-dji-2384-1-280x280.jpg 280w, https:\/\/phukienflytech.vn\/wp-content\/uploads\/2020\/06\/canh-mavic-pro-platinum-giam-on-chinh-hang-dji-2384-1-300x300.jpg 300w, https:\/\/phukienflytech.vn\/wp-content\/uploads\/2020\/06\/canh-mavic-pro-platinum-giam-on-chinh-hang-dji-2384-1-100x100.jpg 100w, https:\/\/phukienflytech.vn\/wp-content\/uploads\/2020\/06\/canh-mavic-pro-platinum-giam-on-chinh-hang-dji-2384-1.jpg 500w\" sizes=\"auto, (max-width: 400px) 100vw, 400px\" \/> \u00a0\u00a0 \u00a0<\/span><\/p>\n<p><span style=\"font-size: 18px;\">\u1ea3nh c\u00e1nh mavic pro<\/span><\/p>\n<p>&nbsp;<\/p>\n<p><span style=\"font-size: 18px;\"><img loading=\"lazy\" decoding=\"async\" class=\"alignnone wp-image-15989\" src=\"https:\/\/phukienflytech.vn\/wp-content\/uploads\/2020\/06\/canh-mavic-pro-platinum-giam-on-chinh-hang-dji-2384-4-711x400.jpg\" alt=\"Original-propellers-Mavic-Pro-Platinum-1\" width=\"453\" height=\"255\" srcset=\"https:\/\/phukienflytech.vn\/wp-content\/uploads\/2020\/06\/canh-mavic-pro-platinum-giam-on-chinh-hang-dji-2384-4-711x400.jpg 711w, https:\/\/phukienflytech.vn\/wp-content\/uploads\/2020\/06\/canh-mavic-pro-platinum-giam-on-chinh-hang-dji-2384-4-768x432.jpg 768w, https:\/\/phukienflytech.vn\/wp-content\/uploads\/2020\/06\/canh-mavic-pro-platinum-giam-on-chinh-hang-dji-2384-4-600x338.jpg 600w, https:\/\/phukienflytech.vn\/wp-content\/uploads\/2020\/06\/canh-mavic-pro-platinum-giam-on-chinh-hang-dji-2384-4.jpg 1024w\" sizes=\"auto, (max-width: 453px) 100vw, 453px\" \/><\/span><\/p>\n<p><span style=\"font-size: 18px;\">Kh\u00f4ng ch\u1ec9 cho phi\u00ean b\u1ea3n Mavic Pro Platium, phi\u00ean b\u1ea3n Mavic Pro c\u0169ng s\u1ebd \u0111\u01b0\u1ee3c th\u1eeba h\u01b0\u1edfng nh\u1eefng t\u00ednh n\u0103ng t\u1eeb s\u1ef1 c\u1ea3i ti\u1ebfn c\u1ee7a\u00a0<strong>C\u00e1nh DJI gi\u1ea3m \u1ed3n<\/strong>\u00a0n\u00e0y. Tuy nhi\u00ean,\u00a0 Mavic pro s\u1ebd kh\u00f4ng ho\u00e0n to\u00e0n \u0111\u01b0\u1ee3c t\u1ed1i \u01b0u nh\u01b0 phi\u00ean b\u1ea3n Platium c\u1ea3 v\u1ec1 vi\u1ec7c gi\u1ea3m \u0111\u1ed9 \u1ed3n c\u0169ng nh\u01b0 t\u0103ng th\u1eddi gian bay<\/span><\/p>\n<p><span style=\"font-size: 18px;\"> <img loading=\"lazy\" decoding=\"async\" class=\"alignnone wp-image-15985\" src=\"https:\/\/phukienflytech.vn\/wp-content\/uploads\/2020\/06\/canh-mavic-pro-platinum-giam-on-chinh-hang-dji-2384-2-280x280.jpg\" alt=\"Original-propellers-Mavic-Pro-Platinum-9\" width=\"428\" height=\"428\" srcset=\"https:\/\/phukienflytech.vn\/wp-content\/uploads\/2020\/06\/canh-mavic-pro-platinum-giam-on-chinh-hang-dji-2384-2-280x280.jpg 280w, https:\/\/phukienflytech.vn\/wp-content\/uploads\/2020\/06\/canh-mavic-pro-platinum-giam-on-chinh-hang-dji-2384-2-100x100.jpg 100w\" sizes=\"auto, (max-width: 428px) 100vw, 428px\" \/><\/span><\/p>\n<p><span style=\"font-size: 18px;\">\u00a0Tuy v\u1eady, vi\u1ec7c gi\u1ea3m \u0111i ti\u1ebfng \u1ed3n bao nhi\u00eau v\u00e0 t\u0103ng th\u00eam \u0111\u01b0\u1ee3c th\u1eddi gian bay ch\u1ec9 b\u1eb1ng 1\/2 t\u00ednh n\u0103ng ch\u00fang \u0111em l\u1ea1i cho phi\u1ec3n b\u1ea3n Platium \u0111i ch\u0103ng n\u1eefa c\u0169ng l\u00e0 m\u1ed9t \u0111i\u1ec1u \u0111\u00e1ng k\u1ec3 khi m\u00e0 gi\u00e1 c\u1ee7a c\u00e1nh DJI low-noise kh\u00f4ng th\u1ef1c s\u1ef1 ch\u00eanh l\u1ec7ch qu\u00e1 nhi\u1ec1u so v\u1edbi c\u00e1nh g\u1ed1c phi\u00ean b\u1ea3n tr\u01b0\u1edbc \u0111\u00f3.<\/span><\/p>\n<p>&nbsp;<\/p>\n<p><span style=\"font-size: 18px;\">\u00a0<\/span><\/p>\n<h3><span style=\"font-size: 18px;\"><img loading=\"lazy\" decoding=\"async\" class=\"alignnone wp-image-15991\" src=\"https:\/\/phukienflytech.vn\/wp-content\/uploads\/2020\/06\/canh-mavic-pro-platinum-giam-on-chinh-hang-dji-2384-5-280x266.jpg\" alt=\"Original-propellers-Mavic-Pro-Platinum\" width=\"393\" height=\"373\" \/><\/span><\/h3>\n<h3><span style=\"font-size: 18px;\"><strong>\u1ea2nh so s\u00e1nh c\u00e1nh\u00a0<\/strong><\/span><\/h3>\n<p>&nbsp;<\/p>\n<p><span style=\"font-size: 18px;\">R\u1ea5t \u0111\u00e1ng \u0111\u1ec3\u00a0tr\u1ea3i nghi\u1ec7m \u0111i\u1ec1u m\u1edbi m\u1ebb n\u00e0y\u00a0<\/span><\/p>\n<p><span style=\"font-size: 18px;\">H\u00e3y c\u00f9ng thay \u0111\u1ed5i v\u1edbi ch\u00fang t\u00f4i!<\/span><\/p>\n<p><span style=\"font-size: 18px;\"> <img loading=\"lazy\" decoding=\"async\" class=\"alignnone size-medium wp-image-15993\" src=\"https:\/\/phukienflytech.vn\/wp-content\/uploads\/2020\/06\/canh-mavic-pro-platinum-giam-on-chinh-hang-dji-2384-6.jpg\" alt=\"\" width=\"400\" height=\"300\" \/><\/span><\/p>\n<p><span style=\"font-size: 18px;\">H\u00e3y \u0111\u1ec3\u00a0<a href=\"https:\/\/facebook.com\/phukienflycam\/\" target=\"_blank\" rel=\"noopener noreferrer\"><strong>Ph\u1ee5 Ki\u1ec7n Fly-cam Gi\u00e1 T\u1ed1t<\/strong><\/a>\u00a0ti\u1ebfp s\u1ee9c \u0111am m\u00ea, c\u00f4ng vi\u1ec7c c\u1ee7a b\u1ea1n, gi\u00fap b\u1ea1n th\u00eam ni\u1ec1m h\u1ee9ng kh\u1edfi trong \u0111am m\u00ea c\u0169ng nh\u01b0 c\u00f4ng vi\u1ec7c c\u1ee7a m\u00ecnh th\u00eam su\u00f4n s\u1ebb v\u00e0 c\u00f3 nh\u1eefng chuy\u1ebfn bay an to\u00e0n<\/span><\/p>\n<p>&nbsp;<\/p>\n<p><span style=\"font-size: 18px;\">Nh\u00e0 s\u1ea3n xu\u1ea5t : DJI\u2019s factory<\/span><\/p>\n<p><span style=\"font-size: 18px;\">&gt;&gt; Xem th\u00eam: <span style=\"color: #0000ff;\"><strong><a style=\"color: #0000ff;\" href=\"https:\/\/phukienflytech.vn\/en\/danh-muc\/mavic-pro-accessory.html\" target=\"_blank\" rel=\"noopener noreferrer\">Ph\u1ee5 ki\u1ec7n Mavic Pro<\/a><\/strong><\/span><\/span><\/p>\n","protected":false},"excerpt":{"rendered":"<p>Original propellers Mavic Pro Platinum &nbsp; Original propellers Mavic Pro Platinum H\u00e3ng DJI g\u1ea7n \u0111\u00e2y \u0111\u00e3 tr\u00ecnh l\u00e0ng phi\u00ean b\u1ea3n m\u1edbi c\u1ee7a Mavic Pro Platium v\u00e0 ngay sau \u0111\u00f3 m\u1ed9t n\u1eabu c\u00e1nh g\u1eadp c\u1ee7a DJI Mavic pro \u0111\u01b0\u1ee3c cho l\u00e0 phi\u00ean b\u1ea3n n\u00e2ng c\u1ea5p r\u1ea5t \u0111\u00e1ng k\u1ec3 v\u1edbi ki\u1ec3u d\u00e1ng thi\u1ebft k\u1ebf v\u00f4 c\u00f9ng s\u1eafc &#8230;<\/p>\n","protected":false},"featured_media":7503,"comment_status":"open","ping_status":"closed","template":"","meta":{"_acf_changed":false},"product_brand":[],"product_cat":[178],"product_tag":[548,223],"class_list":{"0":"post-6792","1":"product","2":"type-product","3":"status-publish","4":"has-post-thumbnail","6":"product_cat-mavic-pro-accessory","7":"product_tag-canh-mavic-giam-on-chinh-hang-en","8":"product_tag-phu-kien-mavic-pro-en","10":"first","11":"instock","12":"shipping-taxable","13":"purchasable","14":"product-type-simple"},"acf":[],"yoast_head":"<!-- This site is optimized with the Yoast SEO plugin v25.7 - https:\/\/yoast.com\/wordpress\/plugins\/seo\/ -->\n<title>Original propellers Mavic Pro Platinum - Mavic pro accessory - Available<\/title>\n<meta name=\"description\" content=\"Original propellers Mavic Pro Platinum is one of the most important accessory. Contact us to buy Original propellers Mavic Pro Platinum\" \/>\n<meta name=\"robots\" content=\"index, follow, max-snippet:-1, max-image-preview:large, max-video-preview:-1\" \/>\n<link rel=\"canonical\" href=\"https:\/\/phukienflytech.vn\/en\/san-pham\/original-propellers-mavic-pro-platinum-2.html\" \/>\n<meta property=\"og:locale\" content=\"en_US\" \/>\n<meta property=\"og:type\" content=\"article\" \/>\n<meta property=\"og:title\" content=\"Original propellers Mavic Pro Platinum - Mavic pro accessory - Available\" \/>\n<meta property=\"og:description\" content=\"Original propellers Mavic Pro Platinum is one of the most important accessory. Contact us to buy Original propellers Mavic Pro Platinum\" \/>\n<meta property=\"og:url\" content=\"https:\/\/phukienflytech.vn\/en\/san-pham\/original-propellers-mavic-pro-platinum-2.html\" \/>\n<meta property=\"og:site_name\" content=\"Shop M\u00e1y \u1ea3nh - Action Camera - Gimbal - Flycam - Ph\u1ee5 ki\u1ec7n\" \/>\n<meta property=\"article:publisher\" content=\"https:\/\/facebook.com\/phukienflycam\" \/>\n<meta property=\"article:modified_time\" content=\"2021-01-16T02:25:38+00:00\" \/>\n<meta property=\"og:image\" content=\"https:\/\/phukienflytech.vn\/wp-content\/uploads\/2020\/06\/c\u00e1nh-mavic-pro-Copy-1.png\" \/>\n\t<meta property=\"og:image:width\" content=\"300\" \/>\n\t<meta property=\"og:image:height\" content=\"300\" \/>\n\t<meta property=\"og:image:type\" content=\"image\/png\" \/>\n<meta name=\"twitter:card\" content=\"summary_large_image\" \/>\n<meta name=\"twitter:label1\" content=\"Est. reading time\" \/>\n\t<meta name=\"twitter:data1\" content=\"3 minutes\" \/>\n<script type=\"application\/ld+json\" class=\"yoast-schema-graph\">{\"@context\":\"https:\/\/schema.org\",\"@graph\":[{\"@type\":\"WebPage\",\"@id\":\"https:\/\/phukienflytech.vn\/en\/san-pham\/original-propellers-mavic-pro-platinum-2.html\",\"url\":\"https:\/\/phukienflytech.vn\/en\/san-pham\/original-propellers-mavic-pro-platinum-2.html\",\"name\":\"Original propellers Mavic Pro Platinum - Mavic pro accessory - Available\",\"isPartOf\":{\"@id\":\"https:\/\/phukienflytech.vn\/#website\"},\"primaryImageOfPage\":{\"@id\":\"https:\/\/phukienflytech.vn\/en\/san-pham\/original-propellers-mavic-pro-platinum-2.html#primaryimage\"},\"image\":{\"@id\":\"https:\/\/phukienflytech.vn\/en\/san-pham\/original-propellers-mavic-pro-platinum-2.html#primaryimage\"},\"thumbnailUrl\":\"https:\/\/phukienflytech.vn\/wp-content\/uploads\/2020\/06\/c\u00e1nh-mavic-pro-Copy-1.png\",\"datePublished\":\"2020-06-23T03:16:37+00:00\",\"dateModified\":\"2021-01-16T02:25:38+00:00\",\"description\":\"Original propellers Mavic Pro Platinum is one of the most important accessory. Contact us to buy Original propellers Mavic Pro Platinum\",\"breadcrumb\":{\"@id\":\"https:\/\/phukienflytech.vn\/en\/san-pham\/original-propellers-mavic-pro-platinum-2.html#breadcrumb\"},\"inLanguage\":\"en-US\",\"potentialAction\":[{\"@type\":\"ReadAction\",\"target\":[\"https:\/\/phukienflytech.vn\/en\/san-pham\/original-propellers-mavic-pro-platinum-2.html\"]}]},{\"@type\":\"ImageObject\",\"inLanguage\":\"en-US\",\"@id\":\"https:\/\/phukienflytech.vn\/en\/san-pham\/original-propellers-mavic-pro-platinum-2.html#primaryimage\",\"url\":\"https:\/\/phukienflytech.vn\/wp-content\/uploads\/2020\/06\/c\u00e1nh-mavic-pro-Copy-1.png\",\"contentUrl\":\"https:\/\/phukienflytech.vn\/wp-content\/uploads\/2020\/06\/c\u00e1nh-mavic-pro-Copy-1.png\",\"width\":300,\"height\":300},{\"@type\":\"BreadcrumbList\",\"@id\":\"https:\/\/phukienflytech.vn\/en\/san-pham\/original-propellers-mavic-pro-platinum-2.html#breadcrumb\",\"itemListElement\":[{\"@type\":\"ListItem\",\"position\":1,\"name\":\"Home\",\"item\":\"https:\/\/phukienflytech.vn\/en\"},{\"@type\":\"ListItem\",\"position\":2,\"name\":\"Ph\u1ee5 ki\u1ec7n Mavic Pro\",\"item\":\"https:\/\/phukienflytech.vn\/en\/phu-kien-mavic-pro.html\"},{\"@type\":\"ListItem\",\"position\":3,\"name\":\"DJI Osmo &amp; Drone's accessories\",\"item\":\"https:\/\/phukienflytech.vn\/en\/danh-muc\/dji-osmo-drones-accessories.html\"},{\"@type\":\"ListItem\",\"position\":4,\"name\":\"Mavic Pro Accessory\",\"item\":\"https:\/\/phukienflytech.vn\/en\/danh-muc\/mavic-pro-accessory.html\"},{\"@type\":\"ListItem\",\"position\":5,\"name\":\"Original low noise propellers for Mavic Pro Platinum\"}]},{\"@type\":\"WebSite\",\"@id\":\"https:\/\/phukienflytech.vn\/#website\",\"url\":\"https:\/\/phukienflytech.vn\/\",\"name\":\"Shop M\u00e1y \u1ea3nh - Action Camera - Gimbal - Flycam - Ph\u1ee5 ki\u1ec7n\",\"description\":\"Shop M\u00e1y \u1ea3nh - Action Camera - Gimbal - Flycam - Ph\u1ee5 ki\u1ec7n\",\"publisher\":{\"@id\":\"https:\/\/phukienflytech.vn\/#organization\"},\"potentialAction\":[{\"@type\":\"SearchAction\",\"target\":{\"@type\":\"EntryPoint\",\"urlTemplate\":\"https:\/\/phukienflytech.vn\/?s={search_term_string}\"},\"query-input\":{\"@type\":\"PropertyValueSpecification\",\"valueRequired\":true,\"valueName\":\"search_term_string\"}}],\"inLanguage\":\"en-US\"},{\"@type\":\"Organization\",\"@id\":\"https:\/\/phukienflytech.vn\/#organization\",\"name\":\"DJI Store - Shop Drone, Action camera, Gimbal DJI |Phukienflytech\",\"alternateName\":\"DJI Store - Shop Drone, Action camera, Gimbal DJI |Phukienflytech\",\"url\":\"https:\/\/phukienflytech.vn\/\",\"logo\":{\"@type\":\"ImageObject\",\"inLanguage\":\"en-US\",\"@id\":\"https:\/\/phukienflytech.vn\/#\/schema\/logo\/image\/\",\"url\":\"https:\/\/phukienflytech.vn\/wp-content\/uploads\/2020\/05\/hAnh_nan.jpg1_.jpg\",\"contentUrl\":\"https:\/\/phukienflytech.vn\/wp-content\/uploads\/2020\/05\/hAnh_nan.jpg1_.jpg\",\"width\":800,\"height\":450,\"caption\":\"DJI Store - Shop Drone, Action camera, Gimbal DJI |Phukienflytech\"},\"image\":{\"@id\":\"https:\/\/phukienflytech.vn\/#\/schema\/logo\/image\/\"},\"sameAs\":[\"https:\/\/facebook.com\/phukienflycam\",\"https:\/\/www.youtube.com\/@phukienflytech\",\"https:\/\/www.tiktok.com\/@flytech.channel?fbclid=IwY2xjawGjg7BleHRuA2FlbQIxMAABHYVGmlXpuSMs0UB2zTpYvyT4GMVfN2qJa4urF4vkSQ6FAVBwXZtDP30qQA_aem_UwMiDcUvlEbd2tXAmsc8Og\"]}]}<\/script>\n<!-- \/ Yoast SEO plugin. -->","yoast_head_json":{"title":"Original propellers Mavic Pro Platinum - Mavic pro accessory - Available","description":"Original propellers Mavic Pro Platinum is one of the most important accessory. Contact us to buy Original propellers Mavic Pro Platinum","robots":{"index":"index","follow":"follow","max-snippet":"max-snippet:-1","max-image-preview":"max-image-preview:large","max-video-preview":"max-video-preview:-1"},"canonical":"https:\/\/phukienflytech.vn\/en\/san-pham\/original-propellers-mavic-pro-platinum-2.html","og_locale":"en_US","og_type":"article","og_title":"Original propellers Mavic Pro Platinum - Mavic pro accessory - Available","og_description":"Original propellers Mavic Pro Platinum is one of the most important accessory. Contact us to buy Original propellers Mavic Pro Platinum","og_url":"https:\/\/phukienflytech.vn\/en\/san-pham\/original-propellers-mavic-pro-platinum-2.html","og_site_name":"Shop M\u00e1y \u1ea3nh - Action Camera - Gimbal - Flycam - Ph\u1ee5 ki\u1ec7n","article_publisher":"https:\/\/facebook.com\/phukienflycam","article_modified_time":"2021-01-16T02:25:38+00:00","og_image":[{"width":300,"height":300,"url":"https:\/\/phukienflytech.vn\/wp-content\/uploads\/2020\/06\/c\u00e1nh-mavic-pro-Copy-1.png","type":"image\/png"}],"twitter_card":"summary_large_image","twitter_misc":{"Est. reading time":"3 minutes"},"schema":{"@context":"https:\/\/schema.org","@graph":[{"@type":"WebPage","@id":"https:\/\/phukienflytech.vn\/en\/san-pham\/original-propellers-mavic-pro-platinum-2.html","url":"https:\/\/phukienflytech.vn\/en\/san-pham\/original-propellers-mavic-pro-platinum-2.html","name":"Original propellers Mavic Pro Platinum - Mavic pro accessory - Available","isPartOf":{"@id":"https:\/\/phukienflytech.vn\/#website"},"primaryImageOfPage":{"@id":"https:\/\/phukienflytech.vn\/en\/san-pham\/original-propellers-mavic-pro-platinum-2.html#primaryimage"},"image":{"@id":"https:\/\/phukienflytech.vn\/en\/san-pham\/original-propellers-mavic-pro-platinum-2.html#primaryimage"},"thumbnailUrl":"https:\/\/phukienflytech.vn\/wp-content\/uploads\/2020\/06\/c\u00e1nh-mavic-pro-Copy-1.png","datePublished":"2020-06-23T03:16:37+00:00","dateModified":"2021-01-16T02:25:38+00:00","description":"Original propellers Mavic Pro Platinum is one of the most important accessory. Contact us to buy Original propellers Mavic Pro Platinum","breadcrumb":{"@id":"https:\/\/phukienflytech.vn\/en\/san-pham\/original-propellers-mavic-pro-platinum-2.html#breadcrumb"},"inLanguage":"en-US","potentialAction":[{"@type":"ReadAction","target":["https:\/\/phukienflytech.vn\/en\/san-pham\/original-propellers-mavic-pro-platinum-2.html"]}]},{"@type":"ImageObject","inLanguage":"en-US","@id":"https:\/\/phukienflytech.vn\/en\/san-pham\/original-propellers-mavic-pro-platinum-2.html#primaryimage","url":"https:\/\/phukienflytech.vn\/wp-content\/uploads\/2020\/06\/c\u00e1nh-mavic-pro-Copy-1.png","contentUrl":"https:\/\/phukienflytech.vn\/wp-content\/uploads\/2020\/06\/c\u00e1nh-mavic-pro-Copy-1.png","width":300,"height":300},{"@type":"BreadcrumbList","@id":"https:\/\/phukienflytech.vn\/en\/san-pham\/original-propellers-mavic-pro-platinum-2.html#breadcrumb","itemListElement":[{"@type":"ListItem","position":1,"name":"Home","item":"https:\/\/phukienflytech.vn\/en"},{"@type":"ListItem","position":2,"name":"Ph\u1ee5 ki\u1ec7n Mavic Pro","item":"https:\/\/phukienflytech.vn\/en\/phu-kien-mavic-pro.html"},{"@type":"ListItem","position":3,"name":"DJI Osmo &amp; Drone's accessories","item":"https:\/\/phukienflytech.vn\/en\/danh-muc\/dji-osmo-drones-accessories.html"},{"@type":"ListItem","position":4,"name":"Mavic Pro Accessory","item":"https:\/\/phukienflytech.vn\/en\/danh-muc\/mavic-pro-accessory.html"},{"@type":"ListItem","position":5,"name":"Original low noise propellers for Mavic Pro Platinum"}]},{"@type":"WebSite","@id":"https:\/\/phukienflytech.vn\/#website","url":"https:\/\/phukienflytech.vn\/","name":"Shop M\u00e1y \u1ea3nh - Action Camera - Gimbal - Flycam - Ph\u1ee5 ki\u1ec7n","description":"Shop M\u00e1y \u1ea3nh - Action Camera - Gimbal - Flycam - Ph\u1ee5 ki\u1ec7n","publisher":{"@id":"https:\/\/phukienflytech.vn\/#organization"},"potentialAction":[{"@type":"SearchAction","target":{"@type":"EntryPoint","urlTemplate":"https:\/\/phukienflytech.vn\/?s={search_term_string}"},"query-input":{"@type":"PropertyValueSpecification","valueRequired":true,"valueName":"search_term_string"}}],"inLanguage":"en-US"},{"@type":"Organization","@id":"https:\/\/phukienflytech.vn\/#organization","name":"DJI Store - Shop Drone, Action camera, Gimbal DJI |Phukienflytech","alternateName":"DJI Store - Shop Drone, Action camera, Gimbal DJI |Phukienflytech","url":"https:\/\/phukienflytech.vn\/","logo":{"@type":"ImageObject","inLanguage":"en-US","@id":"https:\/\/phukienflytech.vn\/#\/schema\/logo\/image\/","url":"https:\/\/phukienflytech.vn\/wp-content\/uploads\/2020\/05\/hAnh_nan.jpg1_.jpg","contentUrl":"https:\/\/phukienflytech.vn\/wp-content\/uploads\/2020\/05\/hAnh_nan.jpg1_.jpg","width":800,"height":450,"caption":"DJI Store - Shop Drone, Action camera, Gimbal DJI |Phukienflytech"},"image":{"@id":"https:\/\/phukienflytech.vn\/#\/schema\/logo\/image\/"},"sameAs":["https:\/\/facebook.com\/phukienflycam","https:\/\/www.youtube.com\/@phukienflytech","https:\/\/www.tiktok.com\/@flytech.channel?fbclid=IwY2xjawGjg7BleHRuA2FlbQIxMAABHYVGmlXpuSMs0UB2zTpYvyT4GMVfN2qJa4urF4vkSQ6FAVBwXZtDP30qQA_aem_UwMiDcUvlEbd2tXAmsc8Og"]}]}},"_links":{"self":[{"href":"https:\/\/phukienflytech.vn\/en\/wp-json\/wp\/v2\/product\/6792","targetHints":{"allow":["GET"]}}],"collection":[{"href":"https:\/\/phukienflytech.vn\/en\/wp-json\/wp\/v2\/product"}],"about":[{"href":"https:\/\/phukienflytech.vn\/en\/wp-json\/wp\/v2\/types\/product"}],"replies":[{"embeddable":true,"href":"https:\/\/phukienflytech.vn\/en\/wp-json\/wp\/v2\/comments?post=6792"}],"wp:featuredmedia":[{"embeddable":true,"href":"https:\/\/phukienflytech.vn\/en\/wp-json\/wp\/v2\/media\/7503"}],"wp:attachment":[{"href":"https:\/\/phukienflytech.vn\/en\/wp-json\/wp\/v2\/media?parent=6792"}],"wp:term":[{"taxonomy":"product_brand","embeddable":true,"href":"https:\/\/phukienflytech.vn\/en\/wp-json\/wp\/v2\/product_brand?post=6792"},{"taxonomy":"product_cat","embeddable":true,"href":"https:\/\/phukienflytech.vn\/en\/wp-json\/wp\/v2\/product_cat?post=6792"},{"taxonomy":"product_tag","embeddable":true,"href":"https:\/\/phukienflytech.vn\/en\/wp-json\/wp\/v2\/product_tag?post=6792"}],"curies":[{"name":"wp","href":"https:\/\/api.w.org\/{rel}","templated":true}]}}