{"id":6814,"date":"2020-06-23T10:33:52","date_gmt":"2020-06-23T03:33:52","guid":{"rendered":"http:\/\/27430.lamdx.vinawebsite.vn\/san-pham\/bo-4-canh-carbon-phantom-3-chinh-hang-dji.html"},"modified":"2021-01-16T10:16:38","modified_gmt":"2021-01-16T03:16:38","slug":"set-4-carbon-propellers-phantom-3","status":"publish","type":"product","link":"https:\/\/phukienflytech.vn\/en\/san-pham\/set-4-carbon-propellers-phantom-3.html","title":{"rendered":"Set 4 Original Carbon Propellers  Phantom 3 &#8211; DJI"},"content":{"rendered":"<h2><span style=\"color: #0000ff;\"><em><strong><span style=\"font-size: 21px;\">Set 4 Carbon Propellers Phantom 3<\/span><\/strong><\/em><\/span><\/h2>\n<p><span style=\"font-size: 18px;\">Set 4 Carbon Propellers Phantom 3<\/span><\/p>\n<p><span style=\"font-size: 18px;\"><em><strong><img loading=\"lazy\" decoding=\"async\" class=\"alignnone size-medium wp-image-12886\" src=\"https:\/\/phukienflytech.vn\/wp-content\/uploads\/2020\/06\/bo-4-canh-carbon-phantom-3-chinh-hang-dji-6793-10-400x400.jpg\" alt=\"\" width=\"400\" height=\"400\" srcset=\"https:\/\/phukienflytech.vn\/wp-content\/uploads\/2020\/06\/bo-4-canh-carbon-phantom-3-chinh-hang-dji-6793-10-400x400.jpg 400w, https:\/\/phukienflytech.vn\/wp-content\/uploads\/2020\/06\/bo-4-canh-carbon-phantom-3-chinh-hang-dji-6793-10-280x280.jpg 280w, https:\/\/phukienflytech.vn\/wp-content\/uploads\/2020\/06\/bo-4-canh-carbon-phantom-3-chinh-hang-dji-6793-10-768x768.jpg 768w, https:\/\/phukienflytech.vn\/wp-content\/uploads\/2020\/06\/bo-4-canh-carbon-phantom-3-chinh-hang-dji-6793-10-800x800.jpg 800w, https:\/\/phukienflytech.vn\/wp-content\/uploads\/2020\/06\/bo-4-canh-carbon-phantom-3-chinh-hang-dji-6793-10-300x300.jpg 300w, https:\/\/phukienflytech.vn\/wp-content\/uploads\/2020\/06\/bo-4-canh-carbon-phantom-3-chinh-hang-dji-6793-10-600x600.jpg 600w, https:\/\/phukienflytech.vn\/wp-content\/uploads\/2020\/06\/bo-4-canh-carbon-phantom-3-chinh-hang-dji-6793-10-100x100.jpg 100w, https:\/\/phukienflytech.vn\/wp-content\/uploads\/2020\/06\/bo-4-canh-carbon-phantom-3-chinh-hang-dji-6793-10.jpg 1200w\" sizes=\"auto, (max-width: 400px) 100vw, 400px\" \/> \u00a0 \u00a0 \u00a0<\/strong><\/em><\/span><\/p>\n<p><span style=\"font-size: 18px;\">Trong qua\u0301 tri\u0300nh s\u01b0\u0309 du\u0323ng Phantom ch\u0103ng may la\u0300m ca\u0301nh qua\u0323t bi\u0323 h\u01b0 ho\u0309ng do va \u0111\u00e2\u0323p, ho\u0103\u0323c nhi\u00ea\u0300u nguy\u00ean nh\u00e2n kha\u0301c,khi\u00ea\u0301n ba\u0323n pha\u0309i lo l\u0103\u0301ng&#8230;Nay\u00a0 Ph\u1ee5 ki\u1ec7n flytech cung c\u00e2\u0301p\u00a0<strong><em>C\u00e1nh s\u1ee3i carbon composit ch\u00ednh h\u00e3ng Phantom 3\u00a0<\/em><\/strong><strong><em>DJI<\/em><\/strong>\u00a0v\u01a1\u0301i thi\u00ea\u0301t k\u00ea\u0301 t\u01b0\u0323 th\u0103\u0301t ch\u0103\u0323t\u00a0&#8211; Self-tightening Propellers- gi\u00fap t\u1ef1 b\u1ea3o v\u1ec7 c\u00e1nh qu\u1ea1t tr\u00ean m\u1ed7i m\u00f4 t\u01a1 Phantom .<\/span><\/p>\n<p><span style=\"font-size: 18px;\">\u0110\u01b0\u1ee3c \u0111\u1eb7t tr\u1ef1c ti\u1ebfp t\u1eeb h\u00e3ng s\u1ea3n xu\u1ea5t DJI, tuy\u1ec7t nhi\u00ean 100% l\u00e0 c\u00e1nh ch\u00ednh h\u00e3ng nh\u01b0 theo v\u1edbi m\u00e1y bay.<\/span><\/p>\n<p><span style=\"font-size: 18px;\"><img loading=\"lazy\" decoding=\"async\" src=\"https:\/\/phukienflytech.vn\/wp-content\/uploads\/2020\/06\/bo-4-canh-carbon-phantom-3-chinh-hang-dji-6793-1.jpg\" alt=\"\" width=\"363\" height=\"351\" \/><\/span><\/p>\n<h2><span style=\"font-size: 21px; color: #0000ff;\"><em><strong>Ph\u00e2n bi\u1ec7t B\u1ed9 4 c\u00e1nh carbon phantom 3 DJI v\u00e0 c\u00e1nh Fake c\u1ee7a Phatom 3<\/strong><\/em><\/span><\/h2>\n<p><span style=\"font-size: 18px;\">M\u1ed9t s\u1ed1 \u0111\u0103c \u0111i\u1ec3m c\u1ee7a\u00a0<em><strong>C\u00e1nh Carbon Composit Phantom 3 \u2013 DJI<\/strong><\/em>\u00a0ch\u00ednh h\u00e3ng \u0111\u1ec3 ph\u00e2n bi\u1ec7t v\u1edbi c\u00e1nh h\u00e3ng th\u1ee9 3 (fake)<\/span><\/p>\n<p>&nbsp;<\/p>\n<p><span style=\"font-size: 18px;\"><em><strong><img loading=\"lazy\" decoding=\"async\" class=\"alignnone size-full wp-image-12888\" src=\"https:\/\/phukienflytech.vn\/wp-content\/uploads\/2020\/06\/bo-4-canh-carbon-phantom-3-chinh-hang-dji-6793-2-1.jpg\" alt=\"\" width=\"450\" height=\"300\" \/><\/strong><\/em><\/span><\/p>\n<p>&nbsp;<\/p>\n<p><span style=\"font-size: 18px;\">&#8211; Ch\u1ea5t li\u1ec7u: nh\u1ef1a composit + s\u1ee3i carbon\u00a0 si\u00eau d\u1ebbo, c\u00f3 s\u1ee9c \u0111\u00e0n h\u1ed3i c\u1ef1c cao<\/span><\/p>\n<p><span style=\"font-size: 18px;\"><img loading=\"lazy\" decoding=\"async\" src=\"https:\/\/phukienflytech.vn\/wp-content\/uploads\/2020\/06\/bo-4-canh-carbon-phantom-3-chinh-hang-dji-6793-3.jpg\" alt=\"\" width=\"368\" height=\"246\" \/><\/span><\/p>\n<p><span style=\"font-size: 18px;\">&#8211; Size: m\u1ecfng<\/span><\/p>\n<p><span style=\"font-size: 18px;\"><img loading=\"lazy\" decoding=\"async\" src=\"https:\/\/phukienflytech.vn\/wp-content\/uploads\/2020\/06\/bo-4-canh-carbon-phantom-3-chinh-hang-dji-6793-4.jpg\" alt=\"\" width=\"352\" height=\"264\" \/><\/span><\/p>\n<p><span style=\"font-size: 18px;\">&#8211; ph\u1ea7n \u0111\u1ea7u ch\u00f3p c\u00e1nh in m\u00e0u \u0111en \/ tr\u1eafng r\u00f5 n\u00e9t<\/span><\/p>\n<p>&nbsp;<\/p>\n<p><span style=\"font-size: 18px;\"><em><strong><img loading=\"lazy\" decoding=\"async\" class=\"alignnone size-medium wp-image-12890\" src=\"https:\/\/phukienflytech.vn\/wp-content\/uploads\/2020\/06\/bo-4-canh-carbon-phantom-3-chinh-hang-dji-6793-5-1-400x400.jpg\" alt=\"\" width=\"400\" height=\"400\" srcset=\"https:\/\/phukienflytech.vn\/wp-content\/uploads\/2020\/06\/bo-4-canh-carbon-phantom-3-chinh-hang-dji-6793-5-1-400x400.jpg 400w, https:\/\/phukienflytech.vn\/wp-content\/uploads\/2020\/06\/bo-4-canh-carbon-phantom-3-chinh-hang-dji-6793-5-1-280x280.jpg 280w, https:\/\/phukienflytech.vn\/wp-content\/uploads\/2020\/06\/bo-4-canh-carbon-phantom-3-chinh-hang-dji-6793-5-1-768x768.jpg 768w, https:\/\/phukienflytech.vn\/wp-content\/uploads\/2020\/06\/bo-4-canh-carbon-phantom-3-chinh-hang-dji-6793-5-1.jpg 800w, https:\/\/phukienflytech.vn\/wp-content\/uploads\/2020\/06\/bo-4-canh-carbon-phantom-3-chinh-hang-dji-6793-5-1-300x300.jpg 300w, https:\/\/phukienflytech.vn\/wp-content\/uploads\/2020\/06\/bo-4-canh-carbon-phantom-3-chinh-hang-dji-6793-5-1-600x600.jpg 600w, https:\/\/phukienflytech.vn\/wp-content\/uploads\/2020\/06\/bo-4-canh-carbon-phantom-3-chinh-hang-dji-6793-5-1-100x100.jpg 100w\" sizes=\"auto, (max-width: 400px) 100vw, 400px\" \/><\/strong><\/em><\/span><\/p>\n<p>&nbsp;<\/p>\n<p><span style=\"font-size: 18px;\">&#8211; th\u00e2n c\u00e1nh c\u00f3 in logo n\u1ed5i:<strong><em>\u00a0DJI<\/em><\/strong><\/span><\/p>\n<p>&nbsp;<\/p>\n<p><span style=\"font-size: 18px;\"><em><strong><img loading=\"lazy\" decoding=\"async\" class=\"alignnone size-full wp-image-12892\" src=\"https:\/\/phukienflytech.vn\/wp-content\/uploads\/2020\/06\/bo-4-canh-carbon-phantom-3-chinh-hang-dji-6793-6-1.jpg\" alt=\"\" width=\"450\" height=\"301\" \/><\/strong><\/em><\/span><\/p>\n<p>&nbsp;<\/p>\n<p><span style=\"font-size: 18px;\">=&gt; S\u1eed dung v\u1edbi m\u1ee5c \u0111\u00edch t\u0103ng s\u1ee9c c\u1ea3n l\u01b0\u1edbt trong \u0111i\u1ec1u ki\u1ec7n gi\u00f3 l\u1edbn, kh\u00e1ng gi\u00f3 m\u1ea1nh m\u1ebd h\u01a1n\u00a0<em><strong><a href=\"http:\/\/phukienflytech.vn\/san-pham\/canh-phantom-3-chinh-hang-dji.html\" target=\"_blank\" rel=\"noopener noreferrer\">c\u00e1nh phantom 3 &#8211; ch\u00ednh h\u00e3ng DJI\u00a0<\/a><\/strong><\/em><\/span><\/p>\n<p><span style=\"font-size: 18px;\"><strong><em>N\u00ean s\u1eed d\u1ee5ng c\u00e1nh ch\u00ednh h\u00e3ng DJI Phantom 3 hay c\u00e1nh fake gi\u00e1 r\u1ebb?<\/em><\/strong><\/span><\/p>\n<p><span style=\"font-size: 18px;\"><em><strong>N\u00ean s\u1eed d\u1ee5ng c\u00e1nh ch\u00ednh h\u00e3ng DJI Phantom 3 hay c\u00e1nh fake gi\u00e1 r\u1ebb?<\/strong><\/em><\/span><\/p>\n<p>&nbsp;<\/p>\n<p><span style=\"font-size: 18px;\"><em><strong><img loading=\"lazy\" decoding=\"async\" class=\"alignnone wp-image-12894 size-medium\" src=\"https:\/\/phukienflytech.vn\/wp-content\/uploads\/2020\/06\/bo-4-canh-carbon-phantom-3-chinh-hang-dji-6793-7-1-600x400.jpg\" alt=\"Set-4-Carbon-Propellers-Phantom-3-2\" width=\"600\" height=\"400\" srcset=\"https:\/\/phukienflytech.vn\/wp-content\/uploads\/2020\/06\/bo-4-canh-carbon-phantom-3-chinh-hang-dji-6793-7-1-600x400.jpg 600w, https:\/\/phukienflytech.vn\/wp-content\/uploads\/2020\/06\/bo-4-canh-carbon-phantom-3-chinh-hang-dji-6793-7-1-768x512.jpg 768w, https:\/\/phukienflytech.vn\/wp-content\/uploads\/2020\/06\/bo-4-canh-carbon-phantom-3-chinh-hang-dji-6793-7-1.jpg 1200w\" sizes=\"auto, (max-width: 600px) 100vw, 600px\" \/><\/strong><\/em><\/span><\/p>\n<p>&nbsp;<\/p>\n<p><span style=\"font-size: 18px;\"><strong>\u00a0 \u00a0 \u00a0<\/strong>V\u1edbi 15 tri\u1ec7u t\u1edbi 20 tri\u1ec7u l\u00e0 s\u1ed1 ti\u1ec1n l\u1edbn \u0111\u1ec3 mua 1 chi\u1ebfc flycam Phantom v\u00ec th\u1ebf \u0111\u1ec3 b\u1ea3o v\u1ec7 cho ch\u00ednh chi\u1ebfc Phantom c\u1ee7a b\u1ea1n th\u00ec b\u1ea1n h\u00e3y ch\u1ecdn c\u00e1nh r\u00f5 ngu\u1ed3n g\u1ed1c xu\u1ea5t x\u1ee9, mua c\u00e1nh t\u1ea1i c\u00e1c shop uy t\u00edn. Kh\u00f4ng n\u00ean ti\u1ebfc r\u1ebb, v\u00ec ti\u1ebfc 70-100k\u00a0 n\u00ean \u0111\u1ec3 h\u01b0 m\u1ea5t c\u1ea3 m\u00e1y bay 15-20 tr c\u00f3 \u0111\u00e1ng kh\u00f4ng?<\/span><br \/>\n<span style=\"font-size: 18px;\">T\u00e1c h\u1ea1i c\u1ee7a c\u00e1nh flycam fake phantom 3(nh\u1eddn zen, c\u00e1nh c\u1ee9ng kh\u00f4ng c\u00f3 \u0111\u1ed9 t\u1ea1t gi\u00f3, th\u00f4ng s\u1ed1 k\u1ef9 thu\u1eadt kh\u00e1c\u2026.) l\u00e0 v\u00f4 c\u00f9ng nghi\u00eam tr\u1ecdng.\u00a0<\/span><\/p>\n<p>&nbsp;<\/p>\n<p><span style=\"font-size: 18px;\"><em><strong><img loading=\"lazy\" decoding=\"async\" class=\"alignnone wp-image-12896 size-medium\" src=\"https:\/\/phukienflytech.vn\/wp-content\/uploads\/2020\/06\/bo-4-canh-carbon-phantom-3-chinh-hang-dji-6793-8-1-400x400.jpg\" alt=\"Set-4-Carbon-Propellers-Phantom-3-1\" width=\"400\" height=\"400\" srcset=\"https:\/\/phukienflytech.vn\/wp-content\/uploads\/2020\/06\/bo-4-canh-carbon-phantom-3-chinh-hang-dji-6793-8-1-400x400.jpg 400w, https:\/\/phukienflytech.vn\/wp-content\/uploads\/2020\/06\/bo-4-canh-carbon-phantom-3-chinh-hang-dji-6793-8-1-280x280.jpg 280w, https:\/\/phukienflytech.vn\/wp-content\/uploads\/2020\/06\/bo-4-canh-carbon-phantom-3-chinh-hang-dji-6793-8-1-768x768.jpg 768w, https:\/\/phukienflytech.vn\/wp-content\/uploads\/2020\/06\/bo-4-canh-carbon-phantom-3-chinh-hang-dji-6793-8-1.jpg 800w, https:\/\/phukienflytech.vn\/wp-content\/uploads\/2020\/06\/bo-4-canh-carbon-phantom-3-chinh-hang-dji-6793-8-1-300x300.jpg 300w, https:\/\/phukienflytech.vn\/wp-content\/uploads\/2020\/06\/bo-4-canh-carbon-phantom-3-chinh-hang-dji-6793-8-1-600x600.jpg 600w, https:\/\/phukienflytech.vn\/wp-content\/uploads\/2020\/06\/bo-4-canh-carbon-phantom-3-chinh-hang-dji-6793-8-1-100x100.jpg 100w\" sizes=\"auto, (max-width: 400px) 100vw, 400px\" \/><\/strong><\/em><\/span><\/p>\n<p><span style=\"font-size: 18px;\">V\u00ec v\u1eady c\u00e1c b\u1ea1n n\u00ean mua\u00a0<em><strong>c\u00e1nh\u00a0Ch\u00ednh carbon composit h\u00e3ng DJI phantom 3<\/strong><\/em><\/span><\/p>\n<h2><span style=\"font-size: 21px; color: #0000ff;\"><em><strong>Mua\u00a0ph\u1ee5 ki\u1ec7n flycam DJI\u00a0phantom 3 \u1edf \u0111\u00e2u?<\/strong><\/em><\/span><\/h2>\n<p><span style=\"font-size: 18px;\"><em><strong><a href=\"https:\/\/facebook.com\/phukienflycam\">Ph\u1ee5 Ki\u1ec7n Flytech Gi\u00e1 T\u1ed1t<\/a><\/strong><\/em>\u00a0h\u00e2n h\u1ea1nh \u0111em l\u1ea1i c\u00e1c m\u1eabu s\u1ea3n ph\u1ea9m Balo phatom ch\u00ednh h\u00e3ng t\u1ed1t nh\u1ea5t ph\u1ee5c v\u1ee5 \u0111am m\u00ea, v\u00e0 c\u00f4ng vi\u1ec7c c\u1ee7a c\u00e1c b\u1ea1n, h\u00e3y \u0111\u1ec3 ch\u00fang t\u00f4i ti\u1ebfp s\u1ee9c \u0111am m\u00ea, c\u00f4ng vi\u1ec7c c\u1ee7a b\u1ea1n, gi\u00fap b\u1ea1n th\u00eam ni\u1ec1m h\u1ee9ng kh\u1edfi trong \u0111am m\u00ea c\u0169ng nh\u01b0 c\u00f4ng vi\u1ec7c c\u1ee7a m\u00ecnh th\u00eam su\u00f4n s\u1ebb<\/span><\/p>\n<p>&nbsp;<\/p>\n<p><span style=\"font-size: 18px;\"> <em><strong><img loading=\"lazy\" decoding=\"async\" class=\"alignnone wp-image-12898\" src=\"https:\/\/phukienflytech.vn\/wp-content\/uploads\/2020\/06\/bo-4-canh-carbon-phantom-3-chinh-hang-dji-6793-9-800x251.png\" alt=\"Set-4-Carbon-Propellers-Phantom-3\" width=\"605\" height=\"190\" srcset=\"https:\/\/phukienflytech.vn\/wp-content\/uploads\/2020\/06\/bo-4-canh-carbon-phantom-3-chinh-hang-dji-6793-9-800x251.png 800w, https:\/\/phukienflytech.vn\/wp-content\/uploads\/2020\/06\/bo-4-canh-carbon-phantom-3-chinh-hang-dji-6793-9-768x241.png 768w, https:\/\/phukienflytech.vn\/wp-content\/uploads\/2020\/06\/bo-4-canh-carbon-phantom-3-chinh-hang-dji-6793-9-600x188.png 600w, https:\/\/phukienflytech.vn\/wp-content\/uploads\/2020\/06\/bo-4-canh-carbon-phantom-3-chinh-hang-dji-6793-9.png 1013w\" sizes=\"auto, (max-width: 605px) 100vw, 605px\" \/><\/strong><\/em><\/span><\/p>\n<p>&nbsp;<\/p>\n<p><span style=\"font-size: 18px;\">Ch\u00fang t\u00f4i chuy\u00ean cung c\u1ea5p h\u1ea7u h\u1ebft t\u1ea5t c\u00e1c c\u00e1c ph\u1ee5 ki\u1ec7n flycam DJI trong \u0111\u00f3 c\u00f3 c\u00e1c lo\u1ea1i Balo c\u1ee9ng DJI Phantom 3 4, Balo m\u1ec1m Phantom 3 4, Balo Mavic pro, Spark, c\u00e1nh phantom 3 4&#8230;..<\/span><\/p>\n<p><span style=\"font-size: 18px;\">Xem th\u00eam\u00a0<em>ph\u1ee5 ki\u1ec7n flycam dji Phantom 3<\/em>\u00a0b\u1eb1ng c\u00e1ch\u00a0<strong><a href=\"https:\/\/phukienflytech.vn\/en\/danh-muc\/phantom-4-accessory.html\" target=\"_blank\" rel=\"noopener noreferrer\">click t\u1ea1i \u0111\u00e2y<\/a>\u00a0<\/strong>!<\/span><\/p>\n","protected":false},"excerpt":{"rendered":"<p>Set 4 Carbon Propellers Phantom 3 Set 4 Carbon Propellers Phantom 3 \u00a0 \u00a0 \u00a0 Trong qua\u0301 tri\u0300nh s\u01b0\u0309 du\u0323ng Phantom ch\u0103ng may la\u0300m ca\u0301nh qua\u0323t bi\u0323 h\u01b0 ho\u0309ng do va \u0111\u00e2\u0323p, ho\u0103\u0323c nhi\u00ea\u0300u nguy\u00ean nh\u00e2n kha\u0301c,khi\u00ea\u0301n ba\u0323n pha\u0309i lo l\u0103\u0301ng&#8230;Nay\u00a0 Ph\u1ee5 ki\u1ec7n flytech cung c\u00e2\u0301p\u00a0C\u00e1nh s\u1ee3i carbon composit ch\u00ednh h\u00e3ng Phantom 3\u00a0DJI\u00a0v\u01a1\u0301i thi\u00ea\u0301t k\u00ea\u0301 &#8230;<\/p>\n","protected":false},"featured_media":7501,"comment_status":"open","ping_status":"closed","template":"","meta":{"_acf_changed":false},"product_brand":[],"product_cat":[183],"product_tag":[550,206,245],"class_list":{"0":"post-6814","1":"product","2":"type-product","3":"status-publish","4":"has-post-thumbnail","6":"product_cat-phantom-3-accessory","7":"product_tag-bo-4-canh-carbon-phantom-3-en","8":"product_tag-phu-kien-dji-en","9":"product_tag-phu-kien-phantom-3-en","11":"first","12":"instock","13":"shipping-taxable","14":"purchasable","15":"product-type-simple"},"acf":[],"yoast_head":"<!-- This site is optimized with the Yoast SEO plugin v25.7 - https:\/\/yoast.com\/wordpress\/plugins\/seo\/ -->\n<title>Set 4 Carbon Propellers Phantom 3 - DJI - Phantom 3 accessory.<\/title>\n<meta name=\"description\" content=\"Set 4 Carbon Propellers Phantom 3 is one of the most important accessory. Contact us to buy Set 4 Carbon Propellers Phantom 3 for best price\" \/>\n<meta name=\"robots\" content=\"index, follow, max-snippet:-1, max-image-preview:large, max-video-preview:-1\" \/>\n<link rel=\"canonical\" href=\"https:\/\/phukienflytech.vn\/en\/san-pham\/set-4-carbon-propellers-phantom-3.html\" \/>\n<meta property=\"og:locale\" content=\"en_US\" \/>\n<meta property=\"og:type\" content=\"article\" \/>\n<meta property=\"og:title\" content=\"Set 4 Carbon Propellers Phantom 3 - DJI - Phantom 3 accessory.\" \/>\n<meta property=\"og:description\" content=\"Set 4 Carbon Propellers Phantom 3 is one of the most important accessory. Contact us to buy Set 4 Carbon Propellers Phantom 3 for best price\" \/>\n<meta property=\"og:url\" content=\"https:\/\/phukienflytech.vn\/en\/san-pham\/set-4-carbon-propellers-phantom-3.html\" \/>\n<meta property=\"og:site_name\" content=\"Shop M\u00e1y \u1ea3nh - Action Camera - Gimbal - Flycam - Ph\u1ee5 ki\u1ec7n\" \/>\n<meta property=\"article:publisher\" content=\"https:\/\/facebook.com\/phukienflycam\" \/>\n<meta property=\"article:modified_time\" content=\"2021-01-16T03:16:38+00:00\" \/>\n<meta property=\"og:image\" content=\"https:\/\/phukienflytech.vn\/wp-content\/uploads\/2020\/06\/c\u00e1nh-combosit-phantom3-ch\u00ednh-h\u00e3ng.png\" \/>\n\t<meta property=\"og:image:width\" content=\"800\" \/>\n\t<meta property=\"og:image:height\" content=\"800\" \/>\n\t<meta property=\"og:image:type\" content=\"image\/png\" \/>\n<meta name=\"twitter:card\" content=\"summary_large_image\" \/>\n<meta name=\"twitter:label1\" content=\"Est. reading time\" \/>\n\t<meta name=\"twitter:data1\" content=\"3 minutes\" \/>\n<script type=\"application\/ld+json\" class=\"yoast-schema-graph\">{\"@context\":\"https:\/\/schema.org\",\"@graph\":[{\"@type\":\"WebPage\",\"@id\":\"https:\/\/phukienflytech.vn\/en\/san-pham\/set-4-carbon-propellers-phantom-3.html\",\"url\":\"https:\/\/phukienflytech.vn\/en\/san-pham\/set-4-carbon-propellers-phantom-3.html\",\"name\":\"Set 4 Carbon Propellers Phantom 3 - DJI - Phantom 3 accessory.\",\"isPartOf\":{\"@id\":\"https:\/\/phukienflytech.vn\/#website\"},\"primaryImageOfPage\":{\"@id\":\"https:\/\/phukienflytech.vn\/en\/san-pham\/set-4-carbon-propellers-phantom-3.html#primaryimage\"},\"image\":{\"@id\":\"https:\/\/phukienflytech.vn\/en\/san-pham\/set-4-carbon-propellers-phantom-3.html#primaryimage\"},\"thumbnailUrl\":\"https:\/\/phukienflytech.vn\/wp-content\/uploads\/2020\/06\/c\u00e1nh-combosit-phantom3-ch\u00ednh-h\u00e3ng.png\",\"datePublished\":\"2020-06-23T03:33:52+00:00\",\"dateModified\":\"2021-01-16T03:16:38+00:00\",\"description\":\"Set 4 Carbon Propellers Phantom 3 is one of the most important accessory. Contact us to buy Set 4 Carbon Propellers Phantom 3 for best price\",\"breadcrumb\":{\"@id\":\"https:\/\/phukienflytech.vn\/en\/san-pham\/set-4-carbon-propellers-phantom-3.html#breadcrumb\"},\"inLanguage\":\"en-US\",\"potentialAction\":[{\"@type\":\"ReadAction\",\"target\":[\"https:\/\/phukienflytech.vn\/en\/san-pham\/set-4-carbon-propellers-phantom-3.html\"]}]},{\"@type\":\"ImageObject\",\"inLanguage\":\"en-US\",\"@id\":\"https:\/\/phukienflytech.vn\/en\/san-pham\/set-4-carbon-propellers-phantom-3.html#primaryimage\",\"url\":\"https:\/\/phukienflytech.vn\/wp-content\/uploads\/2020\/06\/c\u00e1nh-combosit-phantom3-ch\u00ednh-h\u00e3ng.png\",\"contentUrl\":\"https:\/\/phukienflytech.vn\/wp-content\/uploads\/2020\/06\/c\u00e1nh-combosit-phantom3-ch\u00ednh-h\u00e3ng.png\",\"width\":800,\"height\":800},{\"@type\":\"BreadcrumbList\",\"@id\":\"https:\/\/phukienflytech.vn\/en\/san-pham\/set-4-carbon-propellers-phantom-3.html#breadcrumb\",\"itemListElement\":[{\"@type\":\"ListItem\",\"position\":1,\"name\":\"Home\",\"item\":\"https:\/\/phukienflytech.vn\/en\"},{\"@type\":\"ListItem\",\"position\":2,\"name\":\"Ph\u1ee5 ki\u1ec7n Mavic Pro\",\"item\":\"https:\/\/phukienflytech.vn\/en\/phu-kien-mavic-pro.html\"},{\"@type\":\"ListItem\",\"position\":3,\"name\":\"DJI Osmo &amp; Drone's accessories\",\"item\":\"https:\/\/phukienflytech.vn\/en\/danh-muc\/dji-osmo-drones-accessories.html\"},{\"@type\":\"ListItem\",\"position\":4,\"name\":\"Ph\u1ee5 ki\u1ec7n flycam Phantom 3\",\"item\":\"https:\/\/phukienflytech.vn\/en\/danh-muc\/phantom-3-accessory.html\"},{\"@type\":\"ListItem\",\"position\":5,\"name\":\"Set 4 Original Carbon Propellers Phantom 3 &#8211; DJI\"}]},{\"@type\":\"WebSite\",\"@id\":\"https:\/\/phukienflytech.vn\/#website\",\"url\":\"https:\/\/phukienflytech.vn\/\",\"name\":\"Shop M\u00e1y \u1ea3nh - Action Camera - Gimbal - Flycam - Ph\u1ee5 ki\u1ec7n\",\"description\":\"Shop M\u00e1y \u1ea3nh - Action Camera - Gimbal - Flycam - Ph\u1ee5 ki\u1ec7n\",\"publisher\":{\"@id\":\"https:\/\/phukienflytech.vn\/#organization\"},\"potentialAction\":[{\"@type\":\"SearchAction\",\"target\":{\"@type\":\"EntryPoint\",\"urlTemplate\":\"https:\/\/phukienflytech.vn\/?s={search_term_string}\"},\"query-input\":{\"@type\":\"PropertyValueSpecification\",\"valueRequired\":true,\"valueName\":\"search_term_string\"}}],\"inLanguage\":\"en-US\"},{\"@type\":\"Organization\",\"@id\":\"https:\/\/phukienflytech.vn\/#organization\",\"name\":\"DJI Store - Shop Drone, Action camera, Gimbal DJI |Phukienflytech\",\"alternateName\":\"DJI Store - Shop Drone, Action camera, Gimbal DJI |Phukienflytech\",\"url\":\"https:\/\/phukienflytech.vn\/\",\"logo\":{\"@type\":\"ImageObject\",\"inLanguage\":\"en-US\",\"@id\":\"https:\/\/phukienflytech.vn\/#\/schema\/logo\/image\/\",\"url\":\"https:\/\/phukienflytech.vn\/wp-content\/uploads\/2020\/05\/hAnh_nan.jpg1_.jpg\",\"contentUrl\":\"https:\/\/phukienflytech.vn\/wp-content\/uploads\/2020\/05\/hAnh_nan.jpg1_.jpg\",\"width\":800,\"height\":450,\"caption\":\"DJI Store - Shop Drone, Action camera, Gimbal DJI |Phukienflytech\"},\"image\":{\"@id\":\"https:\/\/phukienflytech.vn\/#\/schema\/logo\/image\/\"},\"sameAs\":[\"https:\/\/facebook.com\/phukienflycam\",\"https:\/\/www.youtube.com\/@phukienflytech\",\"https:\/\/www.tiktok.com\/@flytech.channel?fbclid=IwY2xjawGjg7BleHRuA2FlbQIxMAABHYVGmlXpuSMs0UB2zTpYvyT4GMVfN2qJa4urF4vkSQ6FAVBwXZtDP30qQA_aem_UwMiDcUvlEbd2tXAmsc8Og\"]}]}<\/script>\n<!-- \/ Yoast SEO plugin. -->","yoast_head_json":{"title":"Set 4 Carbon Propellers Phantom 3 - DJI - Phantom 3 accessory.","description":"Set 4 Carbon Propellers Phantom 3 is one of the most important accessory. Contact us to buy Set 4 Carbon Propellers Phantom 3 for best price","robots":{"index":"index","follow":"follow","max-snippet":"max-snippet:-1","max-image-preview":"max-image-preview:large","max-video-preview":"max-video-preview:-1"},"canonical":"https:\/\/phukienflytech.vn\/en\/san-pham\/set-4-carbon-propellers-phantom-3.html","og_locale":"en_US","og_type":"article","og_title":"Set 4 Carbon Propellers Phantom 3 - DJI - Phantom 3 accessory.","og_description":"Set 4 Carbon Propellers Phantom 3 is one of the most important accessory. Contact us to buy Set 4 Carbon Propellers Phantom 3 for best price","og_url":"https:\/\/phukienflytech.vn\/en\/san-pham\/set-4-carbon-propellers-phantom-3.html","og_site_name":"Shop M\u00e1y \u1ea3nh - Action Camera - Gimbal - Flycam - Ph\u1ee5 ki\u1ec7n","article_publisher":"https:\/\/facebook.com\/phukienflycam","article_modified_time":"2021-01-16T03:16:38+00:00","og_image":[{"width":800,"height":800,"url":"https:\/\/phukienflytech.vn\/wp-content\/uploads\/2020\/06\/c\u00e1nh-combosit-phantom3-ch\u00ednh-h\u00e3ng.png","type":"image\/png"}],"twitter_card":"summary_large_image","twitter_misc":{"Est. reading time":"3 minutes"},"schema":{"@context":"https:\/\/schema.org","@graph":[{"@type":"WebPage","@id":"https:\/\/phukienflytech.vn\/en\/san-pham\/set-4-carbon-propellers-phantom-3.html","url":"https:\/\/phukienflytech.vn\/en\/san-pham\/set-4-carbon-propellers-phantom-3.html","name":"Set 4 Carbon Propellers Phantom 3 - DJI - Phantom 3 accessory.","isPartOf":{"@id":"https:\/\/phukienflytech.vn\/#website"},"primaryImageOfPage":{"@id":"https:\/\/phukienflytech.vn\/en\/san-pham\/set-4-carbon-propellers-phantom-3.html#primaryimage"},"image":{"@id":"https:\/\/phukienflytech.vn\/en\/san-pham\/set-4-carbon-propellers-phantom-3.html#primaryimage"},"thumbnailUrl":"https:\/\/phukienflytech.vn\/wp-content\/uploads\/2020\/06\/c\u00e1nh-combosit-phantom3-ch\u00ednh-h\u00e3ng.png","datePublished":"2020-06-23T03:33:52+00:00","dateModified":"2021-01-16T03:16:38+00:00","description":"Set 4 Carbon Propellers Phantom 3 is one of the most important accessory. Contact us to buy Set 4 Carbon Propellers Phantom 3 for best price","breadcrumb":{"@id":"https:\/\/phukienflytech.vn\/en\/san-pham\/set-4-carbon-propellers-phantom-3.html#breadcrumb"},"inLanguage":"en-US","potentialAction":[{"@type":"ReadAction","target":["https:\/\/phukienflytech.vn\/en\/san-pham\/set-4-carbon-propellers-phantom-3.html"]}]},{"@type":"ImageObject","inLanguage":"en-US","@id":"https:\/\/phukienflytech.vn\/en\/san-pham\/set-4-carbon-propellers-phantom-3.html#primaryimage","url":"https:\/\/phukienflytech.vn\/wp-content\/uploads\/2020\/06\/c\u00e1nh-combosit-phantom3-ch\u00ednh-h\u00e3ng.png","contentUrl":"https:\/\/phukienflytech.vn\/wp-content\/uploads\/2020\/06\/c\u00e1nh-combosit-phantom3-ch\u00ednh-h\u00e3ng.png","width":800,"height":800},{"@type":"BreadcrumbList","@id":"https:\/\/phukienflytech.vn\/en\/san-pham\/set-4-carbon-propellers-phantom-3.html#breadcrumb","itemListElement":[{"@type":"ListItem","position":1,"name":"Home","item":"https:\/\/phukienflytech.vn\/en"},{"@type":"ListItem","position":2,"name":"Ph\u1ee5 ki\u1ec7n Mavic Pro","item":"https:\/\/phukienflytech.vn\/en\/phu-kien-mavic-pro.html"},{"@type":"ListItem","position":3,"name":"DJI Osmo &amp; Drone's accessories","item":"https:\/\/phukienflytech.vn\/en\/danh-muc\/dji-osmo-drones-accessories.html"},{"@type":"ListItem","position":4,"name":"Ph\u1ee5 ki\u1ec7n flycam Phantom 3","item":"https:\/\/phukienflytech.vn\/en\/danh-muc\/phantom-3-accessory.html"},{"@type":"ListItem","position":5,"name":"Set 4 Original Carbon Propellers Phantom 3 &#8211; DJI"}]},{"@type":"WebSite","@id":"https:\/\/phukienflytech.vn\/#website","url":"https:\/\/phukienflytech.vn\/","name":"Shop M\u00e1y \u1ea3nh - Action Camera - Gimbal - Flycam - Ph\u1ee5 ki\u1ec7n","description":"Shop M\u00e1y \u1ea3nh - Action Camera - Gimbal - Flycam - Ph\u1ee5 ki\u1ec7n","publisher":{"@id":"https:\/\/phukienflytech.vn\/#organization"},"potentialAction":[{"@type":"SearchAction","target":{"@type":"EntryPoint","urlTemplate":"https:\/\/phukienflytech.vn\/?s={search_term_string}"},"query-input":{"@type":"PropertyValueSpecification","valueRequired":true,"valueName":"search_term_string"}}],"inLanguage":"en-US"},{"@type":"Organization","@id":"https:\/\/phukienflytech.vn\/#organization","name":"DJI Store - Shop Drone, Action camera, Gimbal DJI |Phukienflytech","alternateName":"DJI Store - Shop Drone, Action camera, Gimbal DJI |Phukienflytech","url":"https:\/\/phukienflytech.vn\/","logo":{"@type":"ImageObject","inLanguage":"en-US","@id":"https:\/\/phukienflytech.vn\/#\/schema\/logo\/image\/","url":"https:\/\/phukienflytech.vn\/wp-content\/uploads\/2020\/05\/hAnh_nan.jpg1_.jpg","contentUrl":"https:\/\/phukienflytech.vn\/wp-content\/uploads\/2020\/05\/hAnh_nan.jpg1_.jpg","width":800,"height":450,"caption":"DJI Store - Shop Drone, Action camera, Gimbal DJI |Phukienflytech"},"image":{"@id":"https:\/\/phukienflytech.vn\/#\/schema\/logo\/image\/"},"sameAs":["https:\/\/facebook.com\/phukienflycam","https:\/\/www.youtube.com\/@phukienflytech","https:\/\/www.tiktok.com\/@flytech.channel?fbclid=IwY2xjawGjg7BleHRuA2FlbQIxMAABHYVGmlXpuSMs0UB2zTpYvyT4GMVfN2qJa4urF4vkSQ6FAVBwXZtDP30qQA_aem_UwMiDcUvlEbd2tXAmsc8Og"]}]}},"_links":{"self":[{"href":"https:\/\/phukienflytech.vn\/en\/wp-json\/wp\/v2\/product\/6814","targetHints":{"allow":["GET"]}}],"collection":[{"href":"https:\/\/phukienflytech.vn\/en\/wp-json\/wp\/v2\/product"}],"about":[{"href":"https:\/\/phukienflytech.vn\/en\/wp-json\/wp\/v2\/types\/product"}],"replies":[{"embeddable":true,"href":"https:\/\/phukienflytech.vn\/en\/wp-json\/wp\/v2\/comments?post=6814"}],"wp:featuredmedia":[{"embeddable":true,"href":"https:\/\/phukienflytech.vn\/en\/wp-json\/wp\/v2\/media\/7501"}],"wp:attachment":[{"href":"https:\/\/phukienflytech.vn\/en\/wp-json\/wp\/v2\/media?parent=6814"}],"wp:term":[{"taxonomy":"product_brand","embeddable":true,"href":"https:\/\/phukienflytech.vn\/en\/wp-json\/wp\/v2\/product_brand?post=6814"},{"taxonomy":"product_cat","embeddable":true,"href":"https:\/\/phukienflytech.vn\/en\/wp-json\/wp\/v2\/product_cat?post=6814"},{"taxonomy":"product_tag","embeddable":true,"href":"https:\/\/phukienflytech.vn\/en\/wp-json\/wp\/v2\/product_tag?post=6814"}],"curies":[{"name":"wp","href":"https:\/\/api.w.org\/{rel}","templated":true}]}}