{"id":6822,"date":"2020-06-23T10:48:04","date_gmt":"2020-06-23T03:48:04","guid":{"rendered":"http:\/\/27430.lamdx.vinawebsite.vn\/san-pham\/canh-carbon-inspire-1-phu-kien-1-cap.html"},"modified":"2020-09-29T20:27:34","modified_gmt":"2020-09-29T13:27:34","slug":"inspire-1-carbon-fiber-propellers","status":"publish","type":"product","link":"https:\/\/phukienflytech.vn\/en\/san-pham\/inspire-1-carbon-fiber-propellers.html","title":{"rendered":"Inspire 1 carbon fiber propeller"},"content":{"rendered":"<h2 class=\"fw_medium title_single_product\"><span style=\"color: #0000ff; font-size: 21px;\"><em><strong>C\u00e1nh carbon Inspire 1 &#8211; Inspire 1 carbon fiber propellers<\/strong><\/em><\/span><\/h2>\n<p>&nbsp;<\/p>\n<p><span style=\"font-size: 18px;\">[Inspire 1 carbon fiber propellers]<\/span><\/p>\n<p><span style=\"font-size: 18px;\">Carbon \u0111\u01b0\u1ee3c bi\u1ebft t\u1edbi l\u00e0 ch\u1ea5t li\u1ec7u c\u00f3 \u0111\u1ed9 c\u1ee9ng kh\u00e1 t\u1ed1t, do v\u1eady ch\u00fang \u0111\u00e3 \u0111\u01b0\u1ee3c s\u1eed d\u1ee5ng l\u00e0m nguy\u00ean li\u1ec7u \u0111\u1ec3 ch\u1ebf t\u1ea1o ra r\u1ea5t nhi\u1ec1u c\u00e1c lo\u1ea1i c\u00e1nh d\u00e0nh cho flycam DJI trong \u0111\u00f3 c\u00f3 c\u00e1nh inspire 1. S\u1ea3n ph\u1ea9m \u0111\u01b0\u1ee3c t\u1ea1o ra b\u1edfi khu\u00f4n \u0111\u00fac v\u00e0 \u0111\u01b0\u1ee3c gia c\u00f4ng u\u1ed1n g\u00f3c t\u1ea1t gi\u00f3 c\u00f3 \u0111\u1ed9 ch\u00ednh x\u00e1c l\u00ean t\u1edbi 98% khu\u00f4n m\u1eabu c\u00e1nh inspire 1 nguy\u00ean b\u1ea3n.<\/span><\/p>\n<p>&nbsp;<\/p>\n<p><span style=\"font-size: 18px;\">\u00a0<img loading=\"lazy\" decoding=\"async\" class=\"alignnone wp-image-11157\" src=\"https:\/\/phukienflytech.vn\/wp-content\/uploads\/2020\/06\/canh-carbon-inspire-1-phu-kien-1-cap-6815-3.jpg\" alt=\"inspire-1-propellers\" width=\"602\" height=\"401\" \/> \u00a0<\/span><\/p>\n<p>&nbsp;<\/p>\n<p><span style=\"font-size: 18px;\">C\u00e1nh carbon inspire 1 l\u00e0 ph\u1ee5 ki\u1ec7n inspire \u00a0\u0111\u01b0\u1ee3c m\u1ec7nh danh l\u00e0 k\u1ebb ch\u1ed1ng l\u1ea1i th\u1ea7n gi\u00f3, \u0111\u01a1n gi\u1ea3n v\u00ec s\u1ee9c c\u1ea3n l\u01b0\u1edbt v\u00e0 ch\u1ecbu \u0111\u1ef1ng \u0111\u01b0\u1ee3c l\u1ef1c quay motor kh\u1ee7ng khi\u1ebfp c\u1ee7a Inspire m\u00e0 c\u00e1nh carbon inspire 1 kh\u00f4ng c\u00f3 b\u1ea5t k\u1ef3 m\u1ed9t s\u1ef1 bi\u1ebfn d\u1ea1ng n\u00e0o nh\u01b0 c\u00e1nh nh\u1ef1a tr\u01b0\u1edbc m\u1ed9t l\u1ef1c quay kh\u00f4ng g\u00ec c\u1ea3n n\u1ed5i nh\u01b0 v\u1eady s\u1ebd gi\u00fap cho vi\u1ec7c bay tr\u1edf l\u00ean \u1ed5n \u0111\u1ecbnh v\u00e0 ch\u1eafc ch\u1eafn h\u01a1n r\u1ea5t nhi\u1ec1u. S\u1ea3n ph\u1ea9m n\u00e0y \u0111ang l\u00e0 l\u1ef1a ch\u1ecdn c\u1ee7a r\u1ea5t r\u1ea5t nhi\u1ec1u Pilot Inspire 1, m\u1ed9t lo\u1ea1i ph\u1ee5 ki\u1ec7n d\u00e0nh cho inspire 1 \u0111\u00e3 \u0111\u01b0\u1ee3c xem l\u00e0 c\u1ea7n thi\u1ebft<\/span><\/p>\n<h2><\/h2>\n<h2><span style=\"font-size: 21px; color: #0000ff;\"><em><strong>Should we use Inspire 1 carbon fiber propellers ?<\/strong><\/em><\/span><\/h2>\n<p><span style=\"font-size: 18px;\">B\u1ea1n c\u0169ng \u0111\u00e3 th\u1ea5y, c\u00e1nh c\u00f3 \u0111\u1ed9 c\u1ee9ng th\u1eadt l\u00e0 cao, n\u1ebfu dung s\u1ee9c c\u1ee7a tay th\u00ec th\u1eadt kh\u00f3 \u0111\u1ec3 b\u1ebb cong v\u00e0 g\u00e3y c\u00e1nh hay th\u00e2m ch\u00ed l\u00e0 m\u1ed9t ch\u00fat bi\u1ebfn d\u1ea1ng. \u0110\u00f3 ch\u00ednh l\u00e0 \u0111\u1eb7c \u0111i\u1ec3m quan tr\u1ecdng khi\u1ebfn c\u00e1nh c\u00f3 kh\u1ea3 n\u0103ng kh\u00e1ng gi\u00f3 kh\u1ee7ng khi\u1ebfp nh\u1ea5t.<\/span><\/p>\n<p>&nbsp;<\/p>\n<p>&nbsp;<\/p>\n<p><span style=\"font-size: 18px;\"><img loading=\"lazy\" decoding=\"async\" class=\"alignnone wp-image-11159\" src=\"https:\/\/phukienflytech.vn\/wp-content\/uploads\/2020\/06\/canh-carbon-inspire-1-phu-kien-1-cap-6815-1-1-400x400.jpg\" alt=\"inspire-1-carbon-propellers\" width=\"572\" height=\"572\" srcset=\"https:\/\/phukienflytech.vn\/wp-content\/uploads\/2020\/06\/canh-carbon-inspire-1-phu-kien-1-cap-6815-1-1-400x400.jpg 400w, https:\/\/phukienflytech.vn\/wp-content\/uploads\/2020\/06\/canh-carbon-inspire-1-phu-kien-1-cap-6815-1-1-280x280.jpg 280w, https:\/\/phukienflytech.vn\/wp-content\/uploads\/2020\/06\/canh-carbon-inspire-1-phu-kien-1-cap-6815-1-1-300x300.jpg 300w, https:\/\/phukienflytech.vn\/wp-content\/uploads\/2020\/06\/canh-carbon-inspire-1-phu-kien-1-cap-6815-1-1-600x600.jpg 600w, https:\/\/phukienflytech.vn\/wp-content\/uploads\/2020\/06\/canh-carbon-inspire-1-phu-kien-1-cap-6815-1-1-100x100.jpg 100w, https:\/\/phukienflytech.vn\/wp-content\/uploads\/2020\/06\/canh-carbon-inspire-1-phu-kien-1-cap-6815-1-1.jpg 640w\" sizes=\"auto, (max-width: 572px) 100vw, 572px\" \/><\/span><\/p>\n<p>&nbsp;<\/p>\n<p>&nbsp;<\/p>\n<p><span style=\"font-size: 18px;\">S\u1ea3n ph\u1ea9m \u0111\u01b0\u1ee3c l\u00e0m t\u1eeb khu\u00f4n th\u00e9p \u0111\u00fac c\u00f9ng v\u1edbi s\u1ee3i carbon d\u1ebbo dai v\u00e0 c\u1ee9ng c\u00e1p. S\u1ea3n ph\u1ea9m c\u00f3 m\u00e0u \u0111en tuy\u1ec1n b\u00f3ng v\u00e0 \u0111\u01b0\u1ee3c h\u00e3ng th\u1ee9 3 Sunnylife s\u1ea3n xu\u1ea5t<\/span><\/p>\n<h2><span style=\"font-size: 21px; color: #0000ff;\"><em><strong>Mua ph\u1ee5 ki\u1ec7n flycam DJI phantom,Mavic,Spark \u1edf \u0111\u00e2u?<\/strong><\/em><\/span><\/h2>\n<p><span style=\"font-size: 18px;\"><em><strong><a href=\"https:\/\/facebook.com\/phukienflycam\">Ph\u1ee5 Ki\u1ec7n Flytech Gi\u00e1 T\u1ed1t<\/a><\/strong><\/em> h\u00e2n h\u1ea1nh \u0111em l\u1ea1i c\u00e1c m\u1eabu s\u1ea3n ph\u1ea9m Balo phatom ch\u00ednh h\u00e3ng t\u1ed1t nh\u1ea5t ph\u1ee5c v\u1ee5 \u0111am m\u00ea, v\u00e0 c\u00f4ng vi\u1ec7c c\u1ee7a c\u00e1c b\u1ea1n, h\u00e3y \u0111\u1ec3 ch\u00fang t\u00f4i ti\u1ebfp s\u1ee9c \u0111am m\u00ea, c\u00f4ng vi\u1ec7c c\u1ee7a b\u1ea1n, gi\u00fap b\u1ea1n th\u00eam ni\u1ec1m h\u1ee9ng kh\u1edfi trong \u0111am m\u00ea c\u0169ng nh\u01b0 c\u00f4ng vi\u1ec7c c\u1ee7a m\u00ecnh th\u00eam su\u00f4n s\u1ebb\u00a0<\/span><\/p>\n<p>&nbsp;<\/p>\n<p><span style=\"font-size: 18px;\"> <img loading=\"lazy\" decoding=\"async\" class=\"alignnone size-medium wp-image-11161\" src=\"https:\/\/phukienflytech.vn\/wp-content\/uploads\/2020\/06\/canh-carbon-inspire-1-phu-kien-1-cap-6815-2-800x251.png\" alt=\"\" width=\"800\" height=\"251\" srcset=\"https:\/\/phukienflytech.vn\/wp-content\/uploads\/2020\/06\/canh-carbon-inspire-1-phu-kien-1-cap-6815-2-800x251.png 800w, https:\/\/phukienflytech.vn\/wp-content\/uploads\/2020\/06\/canh-carbon-inspire-1-phu-kien-1-cap-6815-2-768x241.png 768w, https:\/\/phukienflytech.vn\/wp-content\/uploads\/2020\/06\/canh-carbon-inspire-1-phu-kien-1-cap-6815-2-600x188.png 600w, https:\/\/phukienflytech.vn\/wp-content\/uploads\/2020\/06\/canh-carbon-inspire-1-phu-kien-1-cap-6815-2.png 1013w\" sizes=\"auto, (max-width: 800px) 100vw, 800px\" \/><\/span><\/p>\n<p>&nbsp;<\/p>\n<p><span style=\"font-size: 18px;\">Ch\u00fang t\u00f4i chuy\u00ean cung c\u1ea5p h\u1ea7u h\u1ebft t\u1ea5t c\u00e1c c\u00e1c ph\u1ee5 ki\u1ec7n flycam DJI c\u1ee7a Phantom 3,4 series, Mavic series, DJI Spark v\u00e0 inspire 1<\/span><\/p>\n<p><span style=\"font-size: 18px;\">H\u00e3y xem th\u00eam c\u00e1c\u00a0<em>ph\u1ee5 ki\u1ec7n flycam dji Inspire<\/em>\u00a0b\u1eb1ng c\u00e1ch\u00a0<strong><a href=\"\/?product_cat=phu-kien-dji-inspire-1\" target=\"_blank\" rel=\"noopener noreferrer\">click t\u1ea1i \u0111\u00e2y<\/a><\/strong>\u00a0!<\/span><\/p>\n<p><span style=\"font-size: 18px;\">Nh\u00e0 s\u1ea3n xu\u1ea5t : Sunnylife \u2013 l\u00e0 m\u1ed9t trong nh\u1eefng Vendor cung c\u1ea5p c\u00e1c ph\u1ee5 ki\u1ec7n, linh ki\u1ec7n thay th\u1ebf cho DJI Flycam.<\/span><\/p>\n","protected":false},"excerpt":{"rendered":"<p>C\u00e1nh carbon Inspire 1 &#8211; Inspire 1 carbon fiber propellers &nbsp; [Inspire 1 carbon fiber propellers] Carbon \u0111\u01b0\u1ee3c bi\u1ebft t\u1edbi l\u00e0 ch\u1ea5t li\u1ec7u c\u00f3 \u0111\u1ed9 c\u1ee9ng kh\u00e1 t\u1ed1t, do v\u1eady ch\u00fang \u0111\u00e3 \u0111\u01b0\u1ee3c s\u1eed d\u1ee5ng l\u00e0m nguy\u00ean li\u1ec7u \u0111\u1ec3 ch\u1ebf t\u1ea1o ra r\u1ea5t nhi\u1ec1u c\u00e1c lo\u1ea1i c\u00e1nh d\u00e0nh cho flycam DJI trong \u0111\u00f3 c\u00f3 c\u00e1nh &#8230;<\/p>\n","protected":false},"featured_media":16751,"comment_status":"open","ping_status":"closed","template":"","meta":{"_acf_changed":false},"product_brand":[],"product_cat":[185],"product_tag":[552,244],"class_list":{"0":"post-6822","1":"product","2":"type-product","3":"status-publish","4":"has-post-thumbnail","6":"product_cat-inspire-accessory","7":"product_tag-canh-carbon-inspire-1-en","8":"product_tag-phu-kien-inspire-en","10":"first","11":"instock","12":"shipping-taxable","13":"purchasable","14":"product-type-simple"},"acf":[],"yoast_head":"<!-- This site is optimized with the Yoast SEO plugin v25.7 - https:\/\/yoast.com\/wordpress\/plugins\/seo\/ -->\n<title>Inspire 1 carbon fiber propeller - Inspire 1 accessory - Available<\/title>\n<meta name=\"description\" content=\"Inspire 1 carbon fiber propellers that have a good quality to face strong wind and long term in use. Buy inspire 1 propellers here now\" \/>\n<meta name=\"robots\" content=\"index, follow, max-snippet:-1, max-image-preview:large, max-video-preview:-1\" \/>\n<link rel=\"canonical\" href=\"https:\/\/phukienflytech.vn\/en\/san-pham\/inspire-1-carbon-fiber-propellers.html\" \/>\n<meta property=\"og:locale\" content=\"en_US\" \/>\n<meta property=\"og:type\" content=\"article\" \/>\n<meta property=\"og:title\" content=\"Inspire 1 carbon fiber propeller - Inspire 1 accessory - Available\" \/>\n<meta property=\"og:description\" content=\"Inspire 1 carbon fiber propellers that have a good quality to face strong wind and long term in use. Buy inspire 1 propellers here now\" \/>\n<meta property=\"og:url\" content=\"https:\/\/phukienflytech.vn\/en\/san-pham\/inspire-1-carbon-fiber-propellers.html\" \/>\n<meta property=\"og:site_name\" content=\"Shop M\u00e1y \u1ea3nh - Action Camera - Gimbal - Flycam - Ph\u1ee5 ki\u1ec7n\" \/>\n<meta property=\"article:publisher\" content=\"https:\/\/facebook.com\/phukienflycam\" \/>\n<meta property=\"article:modified_time\" content=\"2020-09-29T13:27:34+00:00\" \/>\n<meta property=\"og:image\" content=\"https:\/\/phukienflytech.vn\/wp-content\/uploads\/2020\/06\/cAnh-inspire-1.jpg1_-_Copy.jpg\" \/>\n\t<meta property=\"og:image:width\" content=\"243\" \/>\n\t<meta property=\"og:image:height\" content=\"243\" \/>\n\t<meta property=\"og:image:type\" content=\"image\/jpeg\" \/>\n<meta name=\"twitter:card\" content=\"summary_large_image\" \/>\n<meta name=\"twitter:label1\" content=\"Est. reading time\" \/>\n\t<meta name=\"twitter:data1\" content=\"3 minutes\" \/>\n<script type=\"application\/ld+json\" class=\"yoast-schema-graph\">{\"@context\":\"https:\/\/schema.org\",\"@graph\":[{\"@type\":\"WebPage\",\"@id\":\"https:\/\/phukienflytech.vn\/en\/san-pham\/inspire-1-carbon-fiber-propellers.html\",\"url\":\"https:\/\/phukienflytech.vn\/en\/san-pham\/inspire-1-carbon-fiber-propellers.html\",\"name\":\"Inspire 1 carbon fiber propeller - Inspire 1 accessory - Available\",\"isPartOf\":{\"@id\":\"https:\/\/phukienflytech.vn\/#website\"},\"primaryImageOfPage\":{\"@id\":\"https:\/\/phukienflytech.vn\/en\/san-pham\/inspire-1-carbon-fiber-propellers.html#primaryimage\"},\"image\":{\"@id\":\"https:\/\/phukienflytech.vn\/en\/san-pham\/inspire-1-carbon-fiber-propellers.html#primaryimage\"},\"thumbnailUrl\":\"https:\/\/phukienflytech.vn\/wp-content\/uploads\/2020\/06\/cAnh-inspire-1.jpg1_-_Copy.jpg\",\"datePublished\":\"2020-06-23T03:48:04+00:00\",\"dateModified\":\"2020-09-29T13:27:34+00:00\",\"description\":\"Inspire 1 carbon fiber propellers that have a good quality to face strong wind and long term in use. Buy inspire 1 propellers here now\",\"breadcrumb\":{\"@id\":\"https:\/\/phukienflytech.vn\/en\/san-pham\/inspire-1-carbon-fiber-propellers.html#breadcrumb\"},\"inLanguage\":\"en-US\",\"potentialAction\":[{\"@type\":\"ReadAction\",\"target\":[\"https:\/\/phukienflytech.vn\/en\/san-pham\/inspire-1-carbon-fiber-propellers.html\"]}]},{\"@type\":\"ImageObject\",\"inLanguage\":\"en-US\",\"@id\":\"https:\/\/phukienflytech.vn\/en\/san-pham\/inspire-1-carbon-fiber-propellers.html#primaryimage\",\"url\":\"https:\/\/phukienflytech.vn\/wp-content\/uploads\/2020\/06\/cAnh-inspire-1.jpg1_-_Copy.jpg\",\"contentUrl\":\"https:\/\/phukienflytech.vn\/wp-content\/uploads\/2020\/06\/cAnh-inspire-1.jpg1_-_Copy.jpg\",\"width\":243,\"height\":243},{\"@type\":\"BreadcrumbList\",\"@id\":\"https:\/\/phukienflytech.vn\/en\/san-pham\/inspire-1-carbon-fiber-propellers.html#breadcrumb\",\"itemListElement\":[{\"@type\":\"ListItem\",\"position\":1,\"name\":\"Home\",\"item\":\"https:\/\/phukienflytech.vn\/en\"},{\"@type\":\"ListItem\",\"position\":2,\"name\":\"Ph\u1ee5 ki\u1ec7n Mavic Pro\",\"item\":\"https:\/\/phukienflytech.vn\/en\/phu-kien-mavic-pro.html\"},{\"@type\":\"ListItem\",\"position\":3,\"name\":\"DJI Osmo &amp; Drone's accessories\",\"item\":\"https:\/\/phukienflytech.vn\/en\/danh-muc\/dji-osmo-drones-accessories.html\"},{\"@type\":\"ListItem\",\"position\":4,\"name\":\"Ph\u1ee5 ki\u1ec7n DJI Inspire\",\"item\":\"https:\/\/phukienflytech.vn\/en\/danh-muc\/inspire-accessory.html\"},{\"@type\":\"ListItem\",\"position\":5,\"name\":\"Inspire 1 carbon fiber propeller\"}]},{\"@type\":\"WebSite\",\"@id\":\"https:\/\/phukienflytech.vn\/#website\",\"url\":\"https:\/\/phukienflytech.vn\/\",\"name\":\"Shop M\u00e1y \u1ea3nh - Action Camera - Gimbal - Flycam - Ph\u1ee5 ki\u1ec7n\",\"description\":\"Shop M\u00e1y \u1ea3nh - Action Camera - Gimbal - Flycam - Ph\u1ee5 ki\u1ec7n\",\"publisher\":{\"@id\":\"https:\/\/phukienflytech.vn\/#organization\"},\"potentialAction\":[{\"@type\":\"SearchAction\",\"target\":{\"@type\":\"EntryPoint\",\"urlTemplate\":\"https:\/\/phukienflytech.vn\/?s={search_term_string}\"},\"query-input\":{\"@type\":\"PropertyValueSpecification\",\"valueRequired\":true,\"valueName\":\"search_term_string\"}}],\"inLanguage\":\"en-US\"},{\"@type\":\"Organization\",\"@id\":\"https:\/\/phukienflytech.vn\/#organization\",\"name\":\"DJI Store - Shop Drone, Action camera, Gimbal DJI |Phukienflytech\",\"alternateName\":\"DJI Store - Shop Drone, Action camera, Gimbal DJI |Phukienflytech\",\"url\":\"https:\/\/phukienflytech.vn\/\",\"logo\":{\"@type\":\"ImageObject\",\"inLanguage\":\"en-US\",\"@id\":\"https:\/\/phukienflytech.vn\/#\/schema\/logo\/image\/\",\"url\":\"https:\/\/phukienflytech.vn\/wp-content\/uploads\/2020\/05\/hAnh_nan.jpg1_.jpg\",\"contentUrl\":\"https:\/\/phukienflytech.vn\/wp-content\/uploads\/2020\/05\/hAnh_nan.jpg1_.jpg\",\"width\":800,\"height\":450,\"caption\":\"DJI Store - Shop Drone, Action camera, Gimbal DJI |Phukienflytech\"},\"image\":{\"@id\":\"https:\/\/phukienflytech.vn\/#\/schema\/logo\/image\/\"},\"sameAs\":[\"https:\/\/facebook.com\/phukienflycam\",\"https:\/\/www.youtube.com\/@phukienflytech\",\"https:\/\/www.tiktok.com\/@flytech.channel?fbclid=IwY2xjawGjg7BleHRuA2FlbQIxMAABHYVGmlXpuSMs0UB2zTpYvyT4GMVfN2qJa4urF4vkSQ6FAVBwXZtDP30qQA_aem_UwMiDcUvlEbd2tXAmsc8Og\"]}]}<\/script>\n<!-- \/ Yoast SEO plugin. -->","yoast_head_json":{"title":"Inspire 1 carbon fiber propeller - Inspire 1 accessory - Available","description":"Inspire 1 carbon fiber propellers that have a good quality to face strong wind and long term in use. Buy inspire 1 propellers here now","robots":{"index":"index","follow":"follow","max-snippet":"max-snippet:-1","max-image-preview":"max-image-preview:large","max-video-preview":"max-video-preview:-1"},"canonical":"https:\/\/phukienflytech.vn\/en\/san-pham\/inspire-1-carbon-fiber-propellers.html","og_locale":"en_US","og_type":"article","og_title":"Inspire 1 carbon fiber propeller - Inspire 1 accessory - Available","og_description":"Inspire 1 carbon fiber propellers that have a good quality to face strong wind and long term in use. Buy inspire 1 propellers here now","og_url":"https:\/\/phukienflytech.vn\/en\/san-pham\/inspire-1-carbon-fiber-propellers.html","og_site_name":"Shop M\u00e1y \u1ea3nh - Action Camera - Gimbal - Flycam - Ph\u1ee5 ki\u1ec7n","article_publisher":"https:\/\/facebook.com\/phukienflycam","article_modified_time":"2020-09-29T13:27:34+00:00","og_image":[{"width":243,"height":243,"url":"https:\/\/phukienflytech.vn\/wp-content\/uploads\/2020\/06\/cAnh-inspire-1.jpg1_-_Copy.jpg","type":"image\/jpeg"}],"twitter_card":"summary_large_image","twitter_misc":{"Est. reading time":"3 minutes"},"schema":{"@context":"https:\/\/schema.org","@graph":[{"@type":"WebPage","@id":"https:\/\/phukienflytech.vn\/en\/san-pham\/inspire-1-carbon-fiber-propellers.html","url":"https:\/\/phukienflytech.vn\/en\/san-pham\/inspire-1-carbon-fiber-propellers.html","name":"Inspire 1 carbon fiber propeller - Inspire 1 accessory - Available","isPartOf":{"@id":"https:\/\/phukienflytech.vn\/#website"},"primaryImageOfPage":{"@id":"https:\/\/phukienflytech.vn\/en\/san-pham\/inspire-1-carbon-fiber-propellers.html#primaryimage"},"image":{"@id":"https:\/\/phukienflytech.vn\/en\/san-pham\/inspire-1-carbon-fiber-propellers.html#primaryimage"},"thumbnailUrl":"https:\/\/phukienflytech.vn\/wp-content\/uploads\/2020\/06\/cAnh-inspire-1.jpg1_-_Copy.jpg","datePublished":"2020-06-23T03:48:04+00:00","dateModified":"2020-09-29T13:27:34+00:00","description":"Inspire 1 carbon fiber propellers that have a good quality to face strong wind and long term in use. Buy inspire 1 propellers here now","breadcrumb":{"@id":"https:\/\/phukienflytech.vn\/en\/san-pham\/inspire-1-carbon-fiber-propellers.html#breadcrumb"},"inLanguage":"en-US","potentialAction":[{"@type":"ReadAction","target":["https:\/\/phukienflytech.vn\/en\/san-pham\/inspire-1-carbon-fiber-propellers.html"]}]},{"@type":"ImageObject","inLanguage":"en-US","@id":"https:\/\/phukienflytech.vn\/en\/san-pham\/inspire-1-carbon-fiber-propellers.html#primaryimage","url":"https:\/\/phukienflytech.vn\/wp-content\/uploads\/2020\/06\/cAnh-inspire-1.jpg1_-_Copy.jpg","contentUrl":"https:\/\/phukienflytech.vn\/wp-content\/uploads\/2020\/06\/cAnh-inspire-1.jpg1_-_Copy.jpg","width":243,"height":243},{"@type":"BreadcrumbList","@id":"https:\/\/phukienflytech.vn\/en\/san-pham\/inspire-1-carbon-fiber-propellers.html#breadcrumb","itemListElement":[{"@type":"ListItem","position":1,"name":"Home","item":"https:\/\/phukienflytech.vn\/en"},{"@type":"ListItem","position":2,"name":"Ph\u1ee5 ki\u1ec7n Mavic Pro","item":"https:\/\/phukienflytech.vn\/en\/phu-kien-mavic-pro.html"},{"@type":"ListItem","position":3,"name":"DJI Osmo &amp; Drone's accessories","item":"https:\/\/phukienflytech.vn\/en\/danh-muc\/dji-osmo-drones-accessories.html"},{"@type":"ListItem","position":4,"name":"Ph\u1ee5 ki\u1ec7n DJI Inspire","item":"https:\/\/phukienflytech.vn\/en\/danh-muc\/inspire-accessory.html"},{"@type":"ListItem","position":5,"name":"Inspire 1 carbon fiber propeller"}]},{"@type":"WebSite","@id":"https:\/\/phukienflytech.vn\/#website","url":"https:\/\/phukienflytech.vn\/","name":"Shop M\u00e1y \u1ea3nh - Action Camera - Gimbal - Flycam - Ph\u1ee5 ki\u1ec7n","description":"Shop M\u00e1y \u1ea3nh - Action Camera - Gimbal - Flycam - Ph\u1ee5 ki\u1ec7n","publisher":{"@id":"https:\/\/phukienflytech.vn\/#organization"},"potentialAction":[{"@type":"SearchAction","target":{"@type":"EntryPoint","urlTemplate":"https:\/\/phukienflytech.vn\/?s={search_term_string}"},"query-input":{"@type":"PropertyValueSpecification","valueRequired":true,"valueName":"search_term_string"}}],"inLanguage":"en-US"},{"@type":"Organization","@id":"https:\/\/phukienflytech.vn\/#organization","name":"DJI Store - Shop Drone, Action camera, Gimbal DJI |Phukienflytech","alternateName":"DJI Store - Shop Drone, Action camera, Gimbal DJI |Phukienflytech","url":"https:\/\/phukienflytech.vn\/","logo":{"@type":"ImageObject","inLanguage":"en-US","@id":"https:\/\/phukienflytech.vn\/#\/schema\/logo\/image\/","url":"https:\/\/phukienflytech.vn\/wp-content\/uploads\/2020\/05\/hAnh_nan.jpg1_.jpg","contentUrl":"https:\/\/phukienflytech.vn\/wp-content\/uploads\/2020\/05\/hAnh_nan.jpg1_.jpg","width":800,"height":450,"caption":"DJI Store - Shop Drone, Action camera, Gimbal DJI |Phukienflytech"},"image":{"@id":"https:\/\/phukienflytech.vn\/#\/schema\/logo\/image\/"},"sameAs":["https:\/\/facebook.com\/phukienflycam","https:\/\/www.youtube.com\/@phukienflytech","https:\/\/www.tiktok.com\/@flytech.channel?fbclid=IwY2xjawGjg7BleHRuA2FlbQIxMAABHYVGmlXpuSMs0UB2zTpYvyT4GMVfN2qJa4urF4vkSQ6FAVBwXZtDP30qQA_aem_UwMiDcUvlEbd2tXAmsc8Og"]}]}},"_links":{"self":[{"href":"https:\/\/phukienflytech.vn\/en\/wp-json\/wp\/v2\/product\/6822","targetHints":{"allow":["GET"]}}],"collection":[{"href":"https:\/\/phukienflytech.vn\/en\/wp-json\/wp\/v2\/product"}],"about":[{"href":"https:\/\/phukienflytech.vn\/en\/wp-json\/wp\/v2\/types\/product"}],"replies":[{"embeddable":true,"href":"https:\/\/phukienflytech.vn\/en\/wp-json\/wp\/v2\/comments?post=6822"}],"wp:featuredmedia":[{"embeddable":true,"href":"https:\/\/phukienflytech.vn\/en\/wp-json\/wp\/v2\/media\/16751"}],"wp:attachment":[{"href":"https:\/\/phukienflytech.vn\/en\/wp-json\/wp\/v2\/media?parent=6822"}],"wp:term":[{"taxonomy":"product_brand","embeddable":true,"href":"https:\/\/phukienflytech.vn\/en\/wp-json\/wp\/v2\/product_brand?post=6822"},{"taxonomy":"product_cat","embeddable":true,"href":"https:\/\/phukienflytech.vn\/en\/wp-json\/wp\/v2\/product_cat?post=6822"},{"taxonomy":"product_tag","embeddable":true,"href":"https:\/\/phukienflytech.vn\/en\/wp-json\/wp\/v2\/product_tag?post=6822"}],"curies":[{"name":"wp","href":"https:\/\/api.w.org\/{rel}","templated":true}]}}