{"id":6861,"date":"2020-06-23T11:18:06","date_gmt":"2020-06-23T04:18:06","guid":{"rendered":"http:\/\/27430.lamdx.vinawebsite.vn?post_type=product&#038;p=6861"},"modified":"2022-08-21T14:29:08","modified_gmt":"2022-08-21T07:29:08","slug":"original-mavic-air-propellers","status":"publish","type":"product","link":"https:\/\/phukienflytech.vn\/en\/san-pham\/original-mavic-air-propellers.html","title":{"rendered":"Original Mavic Air Propellers"},"content":{"rendered":"<h2><span style=\"color: #0000ff;\"><strong><em>Original Mavic Air Propellers<\/em><\/strong><\/span><\/h2>\n<p>&nbsp;<\/p>\n<p><span style=\"font-size: 18px;\">Original Mavic Air Propellers<\/span><\/p>\n<p><span style=\"font-size: 18px;\">Cung c\u1ea5p\u00a0<strong><em>c\u00e1nh mavic air ch\u00ednh h\u00e3ng DJI <\/em><\/strong>100% cho mavic air , Mavic air adv, Mavic air pro, tuy\u1ec7t \u0111\u1ed1i kh\u00f4ng ph\u1ea3i l\u00e0 c\u00e1nh mavic air h\u00e0ng nh\u00e1i<\/span><\/p>\n<p>&nbsp;<\/p>\n<p><span style=\"font-size: 18px;\"><img loading=\"lazy\" decoding=\"async\" class=\"alignnone size-medium wp-image-13448\" src=\"https:\/\/phukienflytech.vn\/wp-content\/uploads\/2020\/06\/canh-mavic-air-canh-chinh-hang-dji-6838-3-400x400.jpg\" alt=\"\" width=\"400\" height=\"400\" srcset=\"https:\/\/phukienflytech.vn\/wp-content\/uploads\/2020\/06\/canh-mavic-air-canh-chinh-hang-dji-6838-3-400x400.jpg 400w, https:\/\/phukienflytech.vn\/wp-content\/uploads\/2020\/06\/canh-mavic-air-canh-chinh-hang-dji-6838-3-280x280.jpg 280w, https:\/\/phukienflytech.vn\/wp-content\/uploads\/2020\/06\/canh-mavic-air-canh-chinh-hang-dji-6838-3-768x768.jpg 768w, https:\/\/phukienflytech.vn\/wp-content\/uploads\/2020\/06\/canh-mavic-air-canh-chinh-hang-dji-6838-3-800x800.jpg 800w, https:\/\/phukienflytech.vn\/wp-content\/uploads\/2020\/06\/canh-mavic-air-canh-chinh-hang-dji-6838-3-300x300.jpg 300w, https:\/\/phukienflytech.vn\/wp-content\/uploads\/2020\/06\/canh-mavic-air-canh-chinh-hang-dji-6838-3-600x600.jpg 600w, https:\/\/phukienflytech.vn\/wp-content\/uploads\/2020\/06\/canh-mavic-air-canh-chinh-hang-dji-6838-3-100x100.jpg 100w, https:\/\/phukienflytech.vn\/wp-content\/uploads\/2020\/06\/canh-mavic-air-canh-chinh-hang-dji-6838-3.jpg 1001w\" sizes=\"auto, (max-width: 400px) 100vw, 400px\" \/> \u00a0<\/span><\/p>\n<p>&nbsp;<\/p>\n<p><span style=\"font-size: 18px;\">B\u00ean c\u1ea1nh vi\u1ec7c trang b\u1ecb cho m\u00ecnh nh\u1eefng thi\u1ebft b\u1ecb, ph\u1ee5 ki\u1ec7n \u0111\u1ec3 b\u1ea3o h\u1ed9 chi\u1ebfc\u00a0<em><strong>Mavic air<\/strong>\u00a0<\/em>c\u1ee7a m\u00ecnh, b\u1ea1n \u0111\u1eebng qu\u00ean vi\u1ec7c ch\u00fa \u00fd t\u1edbi c\u00e1c ph\u1ee5 ki\u1ec7n t\u1ed1i quan tr\u1ecdng kh\u00e1c, m\u1ed9t trong s\u1ed1 \u0111\u00f3\u00a0<em><strong>ch\u00ednh l\u00e0 C\u00e1nh Mavic air \u2013 ch\u00ednh h\u00e3ng DJI<\/strong><\/em><\/span><\/p>\n<p>&nbsp;<\/p>\n<p><span style=\"font-size: 18px;\"><em><strong><img loading=\"lazy\" decoding=\"async\" class=\"alignnone wp-image-13450 size-medium\" src=\"https:\/\/phukienflytech.vn\/wp-content\/uploads\/2020\/06\/canh-mavic-air-canh-chinh-hang-dji-6838-1-1-600x400.jpg\" alt=\"Original-Mavic-Air-Propellers-5\" width=\"600\" height=\"400\" srcset=\"https:\/\/phukienflytech.vn\/wp-content\/uploads\/2020\/06\/canh-mavic-air-canh-chinh-hang-dji-6838-1-1-600x400.jpg 600w, https:\/\/phukienflytech.vn\/wp-content\/uploads\/2020\/06\/canh-mavic-air-canh-chinh-hang-dji-6838-1-1-768x512.jpg 768w, https:\/\/phukienflytech.vn\/wp-content\/uploads\/2020\/06\/canh-mavic-air-canh-chinh-hang-dji-6838-1-1.jpg 1045w\" sizes=\"auto, (max-width: 600px) 100vw, 600px\" \/><\/strong><\/em><\/span><\/p>\n<p>&nbsp;<\/p>\n<p>&nbsp;<\/p>\n<p><span style=\"font-size: 18px;\">Trong qua\u0301 tri\u0300nh s\u01b0\u0309 du\u0323ng Phantom ch\u0103ng may la\u0300m ca\u0301nh qua\u0323t bi\u0323 h\u01b0 ho\u0309ng do va \u0111\u00e2\u0323p, ho\u0103\u0323c nhi\u00ea\u0300u nguy\u00ean nh\u00e2n kha\u0301c,khi\u00ea\u0301n ba\u0323n pha\u0309i lo l\u0103\u0301ng&#8230;Nay\u00a0 Ph\u1ee5 ki\u1ec7n flytech cung c\u00e2\u0301p c\u00e1nh ch\u00ednh h\u00e3ng\u00a0v\u01a1\u0301i thi\u00ea\u0301t k\u00ea\u0301 t\u01b0\u0323 th\u0103\u0301t ch\u0103\u0323t &#8211; Self-tightening Propellers- gi\u00fap t\u1ef1 b\u1ea3o v\u1ec7 c\u00e1nh qu\u1ea1t tr\u00ean m\u1ed7i m\u00f4 t\u01a1 Phantom .<\/span><\/p>\n<p>&nbsp;<\/p>\n<p><span style=\"font-size: 18px;\"><img loading=\"lazy\" decoding=\"async\" class=\"alignnone wp-image-13452 size-medium\" src=\"https:\/\/phukienflytech.vn\/wp-content\/uploads\/2020\/06\/canh-mavic-air-canh-chinh-hang-dji-6838-2-1-600x400.jpg\" alt=\"Original-Mavic-Air-Propellers\" width=\"600\" height=\"400\" srcset=\"https:\/\/phukienflytech.vn\/wp-content\/uploads\/2020\/06\/canh-mavic-air-canh-chinh-hang-dji-6838-2-1-600x400.jpg 600w, https:\/\/phukienflytech.vn\/wp-content\/uploads\/2020\/06\/canh-mavic-air-canh-chinh-hang-dji-6838-2-1-768x512.jpg 768w, https:\/\/phukienflytech.vn\/wp-content\/uploads\/2020\/06\/canh-mavic-air-canh-chinh-hang-dji-6838-2-1.jpg 800w\" sizes=\"auto, (max-width: 600px) 100vw, 600px\" \/><\/span><\/p>\n<p>&nbsp;<\/p>\n<h2><span style=\"font-size: 21px; color: #0000ff;\"><strong><em>S\u1eed d\u1ee5ng s\u1ea3n ph\u1ea9m sao cho \u0111\u00fang?<\/em><\/strong><\/span><\/h2>\n<p><span style=\"font-size: 18px;\">B\u1ea1n n\u00ean t\u00e2m ni\u1ec7m r\u1eb1ng : C\u00e1nh g\u1ed1c flycam dji mavic air ch\u00ednh l\u00e0 nh\u1eefng chi\u1ebfc tay, ch\u00e2n l\u00e0 b\u1ed9 ph\u1eadn gi\u00fap cho b\u1ea3n th\u00e2n v\u1eadt th\u1ec3 di chuy\u1ec3n, ch\u00e2n tay m\u00e0 nguy\u00ean v\u1eb9n kh\u00f4ng x\u01b0\u1edbc x\u00e1t th\u00ec m\u1ecdi ho\u1ea1t \u0111\u1ed9ng \u0111i l\u1ea1i c\u1ee7a ch\u00fang ta c\u0169ng tr\u1edf l\u00ean d\u1ec5 d\u00e0ng h\u01a1n, tr\u01a1n chu v\u00e0 ch\u1eafc ch\u1eafn h\u01a1n. C\u00e1nh c\u0169ng v\u1eady, nh\u1eefng b\u1ed9 c\u00e1nh sau khi b\u1ea1n s\u1eed d\u1ee5ng m\u1ed9t th\u1eddi gian c\u00f9ng v\u1edbi t\u1ed1c \u0111\u1ed9 xoay motor k\u1ee7ng khi\u1ebfp l\u00ean t\u1edbi 36000 v\u00f2ng \/ ph\u00fat th\u00ec vi\u1ec7c b\u1ecb nh\u1eddn zen xo\u1eafn, x\u01b0\u1edbc m\u1eb7t c\u00e1nh, m\u1ebb c\u00e1nh l\u00e0 \u0111i\u1ec3u h\u1ebft s\u1ee9c b\u00ecnh th\u01b0\u1eddng.<\/span><\/p>\n<p><span style=\"font-size: 18px;\">Theo kinh nghi\u1ec7m c\u1ee7a c\u00e1c Pilot l\u00e2u n\u0103m, ph\u1ee5 ki\u1ec7n mavic air m\u00e0 h\u1ecd th\u01b0\u1eddng \u01b0u ti\u00ean ch\u00fa \u00fd nh\u1ea5t ch\u00ednh l\u00e0 : c\u00e1nh mavic air &#8211; ch\u00ednh h\u00e3ng DJI, h\u1ecd thay ch\u00fang sau kho\u1ea3ng 20-25 l\u1ea7n bay v\u00e0 h\u1ecd lu\u00f4n c\u1ea3m th\u1ea5y an to\u00e0n h\u01a1n khi bay v\u1edbi nh\u1eefng b\u1ed9 c\u00e1nh m\u1edbi nh\u01b0 v\u1eady.<\/span><\/p>\n<p>&nbsp;<\/p>\n<h2><span style=\"font-size: 21px;\"><strong><span style=\"color: #0000ff;\">N\u00ean s\u1eed d\u1ee5ng c\u00e1nh ch\u00ednh h\u00e3ng hay c\u00e1nh fake gi\u00e1 r\u1ebb?<\/span><\/strong><\/span><\/h2>\n<p><span style=\"font-size: 18px;\">V\u1edbi 15 tri\u1ec7u t\u1edbi 20 tri\u1ec7u l\u00e0 s\u1ed1 ti\u1ec1n l\u1edbn \u0111\u1ec3 mua 1 chi\u1ebfc flycam Phantom v\u00ec th\u1ebf \u0111\u1ec3 b\u1ea3o v\u1ec7 cho ch\u00ednh chi\u1ebfc Phantom c\u1ee7a b\u1ea1n th\u00ec b\u1ea1n h\u00e3y ch\u1ecdn c\u00e1nh r\u00f5 ngu\u1ed3n g\u1ed1c xu\u1ea5t x\u1ee9, mua c\u00e1nh t\u1ea1i c\u00e1c shop uy t\u00edn. Kh\u00f4ng n\u00ean ti\u1ebfc r\u1ebb, v\u00ec ti\u1ebfc 70-100k\u00a0 n\u00ean \u0111\u1ec3 h\u01b0 m\u1ea5t c\u1ea3 m\u00e1y bay 15-20 tr c\u00f3 \u0111\u00e1ng kh\u00f4ng?<\/span><\/p>\n<p><span style=\"font-size: 18px;\">T\u00e1c h\u1ea1i c\u1ee7a c\u00e1nh flycam fake mavic air(nh\u1eddn zen, c\u00e1nh c\u1ee9ng kh\u00f4ng c\u00f3 \u0111\u1ed9 t\u1ea1t gi\u00f3, th\u00f4ng s\u1ed1 k\u1ef9 thu\u1eadt kh\u00e1c\u2026.) l\u00e0 v\u00f4 c\u00f9ng nghi\u00eam tr\u1ecdng.<\/span><\/p>\n<p><span style=\"font-size: 18px;\">V\u00ec v\u1eady c\u00e1c b\u1ea1n n\u00ean mua b\u1ed9 c\u00e1nh n\u00e0y.<\/span><\/p>\n<p>&nbsp;<\/p>\n<p><span style=\"font-size: 18px;\">&gt;&gt; Xem th\u00eam: <span style=\"color: #0000ff;\"><strong><a style=\"color: #0000ff;\" href=\"https:\/\/phukienflytech.vn\/en\/danh-muc\/mavic-air-accessory.html\" target=\"_blank\" rel=\"noopener noreferrer\">Ph\u1ee5 ki\u1ec7n Mavic Air<\/a><\/strong><\/span><\/span><\/p>\n<p><span style=\"font-size: 18px;\">&gt;&gt; Li\u00ean h\u1ec7 v\u1edbi ch\u00fang t\u00f4i qua: <span style=\"color: #0000ff;\"><strong><a style=\"color: #0000ff;\" href=\"https:\/\/facebook.com\/phukienflycam\" target=\"_blank\" rel=\"noopener noreferrer\">Fanpage<\/a><\/strong><\/span><\/span><\/p>\n","protected":false},"excerpt":{"rendered":"<p>Original Mavic Air Propellers &nbsp; Original Mavic Air Propellers Cung c\u1ea5p\u00a0c\u00e1nh mavic air ch\u00ednh h\u00e3ng DJI 100% cho mavic air , Mavic air adv, Mavic air pro, tuy\u1ec7t \u0111\u1ed1i kh\u00f4ng ph\u1ea3i l\u00e0 c\u00e1nh mavic air h\u00e0ng nh\u00e1i &nbsp; \u00a0 &nbsp; B\u00ean c\u1ea1nh vi\u1ec7c trang b\u1ecb cho m\u00ecnh nh\u1eefng thi\u1ebft b\u1ecb, ph\u1ee5 ki\u1ec7n \u0111\u1ec3 b\u1ea3o h\u1ed9 &#8230;<\/p>\n","protected":false},"featured_media":7475,"comment_status":"open","ping_status":"closed","template":"","meta":{"_acf_changed":false},"product_brand":[],"product_cat":[180],"product_tag":[555,525],"class_list":{"0":"post-6861","1":"product","2":"type-product","3":"status-publish","4":"has-post-thumbnail","6":"product_cat-mavic-air-accessory","7":"product_tag-canh-mavic-air-chinh-hang-dji-en","8":"product_tag-phu-kien-mavic-air-en","10":"first","11":"instock","12":"shipping-taxable","13":"purchasable","14":"product-type-simple"},"acf":[],"yoast_head":"<!-- This site is optimized with the Yoast SEO plugin v25.7 - https:\/\/yoast.com\/wordpress\/plugins\/seo\/ -->\n<title>Original Mavic Air Propellers - Mavic air accessory - Available - Original DJI<\/title>\n<meta name=\"description\" content=\"Original Mavic Air Propellers is one of the most important accessory. Contact us to buy Original Mavic Air Propellers for best price.\" \/>\n<meta name=\"robots\" content=\"index, follow, max-snippet:-1, max-image-preview:large, max-video-preview:-1\" \/>\n<link rel=\"canonical\" href=\"https:\/\/phukienflytech.vn\/en\/san-pham\/original-mavic-air-propellers.html\" \/>\n<meta property=\"og:locale\" content=\"en_US\" \/>\n<meta property=\"og:type\" content=\"article\" \/>\n<meta property=\"og:title\" content=\"Original Mavic Air Propellers - Mavic air accessory - Available - Original DJI\" \/>\n<meta property=\"og:description\" content=\"Original Mavic Air Propellers is one of the most important accessory. Contact us to buy Original Mavic Air Propellers for best price.\" \/>\n<meta property=\"og:url\" content=\"https:\/\/phukienflytech.vn\/en\/san-pham\/original-mavic-air-propellers.html\" \/>\n<meta property=\"og:site_name\" content=\"Shop M\u00e1y \u1ea3nh - Action Camera - Gimbal - Flycam - Ph\u1ee5 ki\u1ec7n\" \/>\n<meta property=\"article:publisher\" content=\"https:\/\/facebook.com\/phukienflycam\" \/>\n<meta property=\"article:modified_time\" content=\"2022-08-21T07:29:08+00:00\" \/>\n<meta property=\"og:image\" content=\"https:\/\/phukienflytech.vn\/wp-content\/uploads\/2020\/06\/c\u00e1nh-mavic-air.png\" \/>\n\t<meta property=\"og:image:width\" content=\"640\" \/>\n\t<meta property=\"og:image:height\" content=\"640\" \/>\n\t<meta property=\"og:image:type\" content=\"image\/png\" \/>\n<meta name=\"twitter:card\" content=\"summary_large_image\" \/>\n<meta name=\"twitter:label1\" content=\"Est. reading time\" \/>\n\t<meta name=\"twitter:data1\" content=\"3 minutes\" \/>\n<script type=\"application\/ld+json\" class=\"yoast-schema-graph\">{\"@context\":\"https:\/\/schema.org\",\"@graph\":[{\"@type\":\"WebPage\",\"@id\":\"https:\/\/phukienflytech.vn\/en\/san-pham\/original-mavic-air-propellers.html\",\"url\":\"https:\/\/phukienflytech.vn\/en\/san-pham\/original-mavic-air-propellers.html\",\"name\":\"Original Mavic Air Propellers - Mavic air accessory - Available - Original DJI\",\"isPartOf\":{\"@id\":\"https:\/\/phukienflytech.vn\/#website\"},\"primaryImageOfPage\":{\"@id\":\"https:\/\/phukienflytech.vn\/en\/san-pham\/original-mavic-air-propellers.html#primaryimage\"},\"image\":{\"@id\":\"https:\/\/phukienflytech.vn\/en\/san-pham\/original-mavic-air-propellers.html#primaryimage\"},\"thumbnailUrl\":\"https:\/\/phukienflytech.vn\/wp-content\/uploads\/2020\/06\/c\u00e1nh-mavic-air.png\",\"datePublished\":\"2020-06-23T04:18:06+00:00\",\"dateModified\":\"2022-08-21T07:29:08+00:00\",\"description\":\"Original Mavic Air Propellers is one of the most important accessory. Contact us to buy Original Mavic Air Propellers for best price.\",\"breadcrumb\":{\"@id\":\"https:\/\/phukienflytech.vn\/en\/san-pham\/original-mavic-air-propellers.html#breadcrumb\"},\"inLanguage\":\"en-US\",\"potentialAction\":[{\"@type\":\"ReadAction\",\"target\":[\"https:\/\/phukienflytech.vn\/en\/san-pham\/original-mavic-air-propellers.html\"]}]},{\"@type\":\"ImageObject\",\"inLanguage\":\"en-US\",\"@id\":\"https:\/\/phukienflytech.vn\/en\/san-pham\/original-mavic-air-propellers.html#primaryimage\",\"url\":\"https:\/\/phukienflytech.vn\/wp-content\/uploads\/2020\/06\/c\u00e1nh-mavic-air.png\",\"contentUrl\":\"https:\/\/phukienflytech.vn\/wp-content\/uploads\/2020\/06\/c\u00e1nh-mavic-air.png\",\"width\":640,\"height\":640},{\"@type\":\"BreadcrumbList\",\"@id\":\"https:\/\/phukienflytech.vn\/en\/san-pham\/original-mavic-air-propellers.html#breadcrumb\",\"itemListElement\":[{\"@type\":\"ListItem\",\"position\":1,\"name\":\"Home\",\"item\":\"https:\/\/phukienflytech.vn\/en\"},{\"@type\":\"ListItem\",\"position\":2,\"name\":\"Ph\u1ee5 ki\u1ec7n Mavic Pro\",\"item\":\"https:\/\/phukienflytech.vn\/en\/phu-kien-mavic-pro.html\"},{\"@type\":\"ListItem\",\"position\":3,\"name\":\"DJI Osmo &amp; Drone's accessories\",\"item\":\"https:\/\/phukienflytech.vn\/en\/danh-muc\/dji-osmo-drones-accessories.html\"},{\"@type\":\"ListItem\",\"position\":4,\"name\":\"Ph\u1ee5 ki\u1ec7n flycam Mavic Air\",\"item\":\"https:\/\/phukienflytech.vn\/en\/danh-muc\/mavic-air-accessory.html\"},{\"@type\":\"ListItem\",\"position\":5,\"name\":\"Original Mavic Air Propellers\"}]},{\"@type\":\"WebSite\",\"@id\":\"https:\/\/phukienflytech.vn\/#website\",\"url\":\"https:\/\/phukienflytech.vn\/\",\"name\":\"Shop M\u00e1y \u1ea3nh - Action Camera - Gimbal - Flycam - Ph\u1ee5 ki\u1ec7n\",\"description\":\"Shop M\u00e1y \u1ea3nh - Action Camera - Gimbal - Flycam - Ph\u1ee5 ki\u1ec7n\",\"publisher\":{\"@id\":\"https:\/\/phukienflytech.vn\/#organization\"},\"potentialAction\":[{\"@type\":\"SearchAction\",\"target\":{\"@type\":\"EntryPoint\",\"urlTemplate\":\"https:\/\/phukienflytech.vn\/?s={search_term_string}\"},\"query-input\":{\"@type\":\"PropertyValueSpecification\",\"valueRequired\":true,\"valueName\":\"search_term_string\"}}],\"inLanguage\":\"en-US\"},{\"@type\":\"Organization\",\"@id\":\"https:\/\/phukienflytech.vn\/#organization\",\"name\":\"DJI Store - Shop Drone, Action camera, Gimbal DJI |Phukienflytech\",\"alternateName\":\"DJI Store - Shop Drone, Action camera, Gimbal DJI |Phukienflytech\",\"url\":\"https:\/\/phukienflytech.vn\/\",\"logo\":{\"@type\":\"ImageObject\",\"inLanguage\":\"en-US\",\"@id\":\"https:\/\/phukienflytech.vn\/#\/schema\/logo\/image\/\",\"url\":\"https:\/\/phukienflytech.vn\/wp-content\/uploads\/2020\/05\/hAnh_nan.jpg1_.jpg\",\"contentUrl\":\"https:\/\/phukienflytech.vn\/wp-content\/uploads\/2020\/05\/hAnh_nan.jpg1_.jpg\",\"width\":800,\"height\":450,\"caption\":\"DJI Store - Shop Drone, Action camera, Gimbal DJI |Phukienflytech\"},\"image\":{\"@id\":\"https:\/\/phukienflytech.vn\/#\/schema\/logo\/image\/\"},\"sameAs\":[\"https:\/\/facebook.com\/phukienflycam\",\"https:\/\/www.youtube.com\/@phukienflytech\",\"https:\/\/www.tiktok.com\/@flytech.channel?fbclid=IwY2xjawGjg7BleHRuA2FlbQIxMAABHYVGmlXpuSMs0UB2zTpYvyT4GMVfN2qJa4urF4vkSQ6FAVBwXZtDP30qQA_aem_UwMiDcUvlEbd2tXAmsc8Og\"]}]}<\/script>\n<!-- \/ Yoast SEO plugin. -->","yoast_head_json":{"title":"Original Mavic Air Propellers - Mavic air accessory - Available - Original DJI","description":"Original Mavic Air Propellers is one of the most important accessory. Contact us to buy Original Mavic Air Propellers for best price.","robots":{"index":"index","follow":"follow","max-snippet":"max-snippet:-1","max-image-preview":"max-image-preview:large","max-video-preview":"max-video-preview:-1"},"canonical":"https:\/\/phukienflytech.vn\/en\/san-pham\/original-mavic-air-propellers.html","og_locale":"en_US","og_type":"article","og_title":"Original Mavic Air Propellers - Mavic air accessory - Available - Original DJI","og_description":"Original Mavic Air Propellers is one of the most important accessory. Contact us to buy Original Mavic Air Propellers for best price.","og_url":"https:\/\/phukienflytech.vn\/en\/san-pham\/original-mavic-air-propellers.html","og_site_name":"Shop M\u00e1y \u1ea3nh - Action Camera - Gimbal - Flycam - Ph\u1ee5 ki\u1ec7n","article_publisher":"https:\/\/facebook.com\/phukienflycam","article_modified_time":"2022-08-21T07:29:08+00:00","og_image":[{"width":640,"height":640,"url":"https:\/\/phukienflytech.vn\/wp-content\/uploads\/2020\/06\/c\u00e1nh-mavic-air.png","type":"image\/png"}],"twitter_card":"summary_large_image","twitter_misc":{"Est. reading time":"3 minutes"},"schema":{"@context":"https:\/\/schema.org","@graph":[{"@type":"WebPage","@id":"https:\/\/phukienflytech.vn\/en\/san-pham\/original-mavic-air-propellers.html","url":"https:\/\/phukienflytech.vn\/en\/san-pham\/original-mavic-air-propellers.html","name":"Original Mavic Air Propellers - Mavic air accessory - Available - Original DJI","isPartOf":{"@id":"https:\/\/phukienflytech.vn\/#website"},"primaryImageOfPage":{"@id":"https:\/\/phukienflytech.vn\/en\/san-pham\/original-mavic-air-propellers.html#primaryimage"},"image":{"@id":"https:\/\/phukienflytech.vn\/en\/san-pham\/original-mavic-air-propellers.html#primaryimage"},"thumbnailUrl":"https:\/\/phukienflytech.vn\/wp-content\/uploads\/2020\/06\/c\u00e1nh-mavic-air.png","datePublished":"2020-06-23T04:18:06+00:00","dateModified":"2022-08-21T07:29:08+00:00","description":"Original Mavic Air Propellers is one of the most important accessory. Contact us to buy Original Mavic Air Propellers for best price.","breadcrumb":{"@id":"https:\/\/phukienflytech.vn\/en\/san-pham\/original-mavic-air-propellers.html#breadcrumb"},"inLanguage":"en-US","potentialAction":[{"@type":"ReadAction","target":["https:\/\/phukienflytech.vn\/en\/san-pham\/original-mavic-air-propellers.html"]}]},{"@type":"ImageObject","inLanguage":"en-US","@id":"https:\/\/phukienflytech.vn\/en\/san-pham\/original-mavic-air-propellers.html#primaryimage","url":"https:\/\/phukienflytech.vn\/wp-content\/uploads\/2020\/06\/c\u00e1nh-mavic-air.png","contentUrl":"https:\/\/phukienflytech.vn\/wp-content\/uploads\/2020\/06\/c\u00e1nh-mavic-air.png","width":640,"height":640},{"@type":"BreadcrumbList","@id":"https:\/\/phukienflytech.vn\/en\/san-pham\/original-mavic-air-propellers.html#breadcrumb","itemListElement":[{"@type":"ListItem","position":1,"name":"Home","item":"https:\/\/phukienflytech.vn\/en"},{"@type":"ListItem","position":2,"name":"Ph\u1ee5 ki\u1ec7n Mavic Pro","item":"https:\/\/phukienflytech.vn\/en\/phu-kien-mavic-pro.html"},{"@type":"ListItem","position":3,"name":"DJI Osmo &amp; Drone's accessories","item":"https:\/\/phukienflytech.vn\/en\/danh-muc\/dji-osmo-drones-accessories.html"},{"@type":"ListItem","position":4,"name":"Ph\u1ee5 ki\u1ec7n flycam Mavic Air","item":"https:\/\/phukienflytech.vn\/en\/danh-muc\/mavic-air-accessory.html"},{"@type":"ListItem","position":5,"name":"Original Mavic Air Propellers"}]},{"@type":"WebSite","@id":"https:\/\/phukienflytech.vn\/#website","url":"https:\/\/phukienflytech.vn\/","name":"Shop M\u00e1y \u1ea3nh - Action Camera - Gimbal - Flycam - Ph\u1ee5 ki\u1ec7n","description":"Shop M\u00e1y \u1ea3nh - Action Camera - Gimbal - Flycam - Ph\u1ee5 ki\u1ec7n","publisher":{"@id":"https:\/\/phukienflytech.vn\/#organization"},"potentialAction":[{"@type":"SearchAction","target":{"@type":"EntryPoint","urlTemplate":"https:\/\/phukienflytech.vn\/?s={search_term_string}"},"query-input":{"@type":"PropertyValueSpecification","valueRequired":true,"valueName":"search_term_string"}}],"inLanguage":"en-US"},{"@type":"Organization","@id":"https:\/\/phukienflytech.vn\/#organization","name":"DJI Store - Shop Drone, Action camera, Gimbal DJI |Phukienflytech","alternateName":"DJI Store - Shop Drone, Action camera, Gimbal DJI |Phukienflytech","url":"https:\/\/phukienflytech.vn\/","logo":{"@type":"ImageObject","inLanguage":"en-US","@id":"https:\/\/phukienflytech.vn\/#\/schema\/logo\/image\/","url":"https:\/\/phukienflytech.vn\/wp-content\/uploads\/2020\/05\/hAnh_nan.jpg1_.jpg","contentUrl":"https:\/\/phukienflytech.vn\/wp-content\/uploads\/2020\/05\/hAnh_nan.jpg1_.jpg","width":800,"height":450,"caption":"DJI Store - Shop Drone, Action camera, Gimbal DJI |Phukienflytech"},"image":{"@id":"https:\/\/phukienflytech.vn\/#\/schema\/logo\/image\/"},"sameAs":["https:\/\/facebook.com\/phukienflycam","https:\/\/www.youtube.com\/@phukienflytech","https:\/\/www.tiktok.com\/@flytech.channel?fbclid=IwY2xjawGjg7BleHRuA2FlbQIxMAABHYVGmlXpuSMs0UB2zTpYvyT4GMVfN2qJa4urF4vkSQ6FAVBwXZtDP30qQA_aem_UwMiDcUvlEbd2tXAmsc8Og"]}]}},"_links":{"self":[{"href":"https:\/\/phukienflytech.vn\/en\/wp-json\/wp\/v2\/product\/6861","targetHints":{"allow":["GET"]}}],"collection":[{"href":"https:\/\/phukienflytech.vn\/en\/wp-json\/wp\/v2\/product"}],"about":[{"href":"https:\/\/phukienflytech.vn\/en\/wp-json\/wp\/v2\/types\/product"}],"replies":[{"embeddable":true,"href":"https:\/\/phukienflytech.vn\/en\/wp-json\/wp\/v2\/comments?post=6861"}],"wp:featuredmedia":[{"embeddable":true,"href":"https:\/\/phukienflytech.vn\/en\/wp-json\/wp\/v2\/media\/7475"}],"wp:attachment":[{"href":"https:\/\/phukienflytech.vn\/en\/wp-json\/wp\/v2\/media?parent=6861"}],"wp:term":[{"taxonomy":"product_brand","embeddable":true,"href":"https:\/\/phukienflytech.vn\/en\/wp-json\/wp\/v2\/product_brand?post=6861"},{"taxonomy":"product_cat","embeddable":true,"href":"https:\/\/phukienflytech.vn\/en\/wp-json\/wp\/v2\/product_cat?post=6861"},{"taxonomy":"product_tag","embeddable":true,"href":"https:\/\/phukienflytech.vn\/en\/wp-json\/wp\/v2\/product_tag?post=6861"}],"curies":[{"name":"wp","href":"https:\/\/api.w.org\/{rel}","templated":true}]}}