{"id":6926,"date":"2020-06-23T12:21:35","date_gmt":"2020-06-23T05:21:35","guid":{"rendered":"http:\/\/27430.lamdx.vinawebsite.vn\/san-pham\/canh-carbon-mavic-air-sieu-cung-4-canh.html"},"modified":"2022-08-21T14:34:25","modified_gmt":"2022-08-21T07:34:25","slug":"mavic-air-carbon-filber-propeller","status":"publish","type":"product","link":"https:\/\/phukienflytech.vn\/en\/san-pham\/mavic-air-carbon-filber-propeller.html","title":{"rendered":"Mavic Air carbon filber propeller"},"content":{"rendered":"<h2 class=\"fw_medium title_single_product\"><span style=\"color: #0000ff;\"><em><strong>Mavic Air carbon filber propeller<\/strong> <\/em><\/span><\/h2>\n<p>&nbsp;<\/p>\n<p><span style=\"font-size: 18px;\">Mavic Air carbon filber propeller<\/span><\/p>\n<p><span style=\"font-size: 18px;\"><strong><em>C\u00e1nh carbon Mavic air si\u00eau c\u1ee9ng<\/em><\/strong> l\u00e0 <em><strong>ph\u1ee5 ki\u1ec7n Mavic Air<\/strong><\/em>\u00a0 \u0111\u01b0\u1ee3c m\u1ec7nh danh l\u00e0 k\u1ebb ch\u1ed1ng l\u1ea1i th\u1ea7n gi\u00f3, \u0111\u01a1n gi\u1ea3n v\u00ec s\u1ee9c c\u1ea3n l\u01b0\u1edbt v\u00e0 ch\u1ecbu \u0111\u1ef1ng \u0111\u01b0\u1ee3c l\u1ef1c quay motor kh\u1ee7ng khi\u1ebfp c\u1ee7a mavic air m\u00e0\u00a0<em><strong>c\u00e1nh carbon mavic air<\/strong><\/em>\u00a0kh\u00f4ng c\u00f3 b\u1ea5t k\u1ef3 m\u1ed9t s\u1ef1 bi\u1ebfn d\u1ea1ng n\u00e0o nh\u01b0 c\u00e1nh nh\u1ef1a tr\u01b0\u1edbc m\u1ed9t l\u1ef1c quay kh\u00f4ng g\u00ec c\u1ea3n n\u1ed5i nh\u01b0 v\u1eady s\u1ebd gi\u00fap cho vi\u1ec7c bay tr\u1edf l\u00ean \u1ed5n \u0111\u1ecbnh v\u00e0 ch\u1eafc ch\u1eafn h\u01a1n r\u1ea5t nhi\u1ec1u.<\/span><\/p>\n<p>&nbsp;<\/p>\n<p><span style=\"font-size: 18px;\"><img loading=\"lazy\" decoding=\"async\" class=\"alignnone wp-image-13438\" src=\"https:\/\/phukienflytech.vn\/wp-content\/uploads\/2020\/06\/canh-carbon-mavic-air-sieu-cung-4-canh-6915-5-771x400.jpg\" alt=\"\" width=\"599\" height=\"311\" srcset=\"https:\/\/phukienflytech.vn\/wp-content\/uploads\/2020\/06\/canh-carbon-mavic-air-sieu-cung-4-canh-6915-5-771x400.jpg 771w, https:\/\/phukienflytech.vn\/wp-content\/uploads\/2020\/06\/canh-carbon-mavic-air-sieu-cung-4-canh-6915-5-768x399.jpg 768w, https:\/\/phukienflytech.vn\/wp-content\/uploads\/2020\/06\/canh-carbon-mavic-air-sieu-cung-4-canh-6915-5-600x311.jpg 600w, https:\/\/phukienflytech.vn\/wp-content\/uploads\/2020\/06\/canh-carbon-mavic-air-sieu-cung-4-canh-6915-5.jpg 1233w\" sizes=\"auto, (max-width: 599px) 100vw, 599px\" \/> <\/span><\/p>\n<p><span style=\"font-size: 18px;\">\u00a0 \u00a0<\/span><\/p>\n<p><span style=\"font-size: 18px;\">S\u1ea3n ph\u1ea9m \u0111ang l\u00e0 l\u1ef1a ch\u1ecdn c\u1ee7a r\u1ea5t r\u1ea5t nhi\u1ec1u Pilot mavic, m\u1ed9t lo\u1ea1i ph\u1ee5 ki\u1ec7n d\u00e0nh cho mavic air \u0111\u01b0\u1ee3c xem l\u00e0 m\u1ed9t trong s\u1ed1 nh\u01b0ng ph\u1ee5 ki\u1ec7n \u0111\u01b0\u1ee3c y\u00eau th\u00edch nh\u1ea5t.<\/span><\/p>\n<p>&nbsp;<\/p>\n<p><span style=\"font-size: 18px;\"><img loading=\"lazy\" decoding=\"async\" class=\"alignnone size-medium wp-image-13440\" src=\"https:\/\/phukienflytech.vn\/wp-content\/uploads\/2020\/06\/canh-carbon-mavic-air-sieu-cung-4-canh-6915-1-1-400x400.jpg\" alt=\"\" width=\"400\" height=\"400\" srcset=\"https:\/\/phukienflytech.vn\/wp-content\/uploads\/2020\/06\/canh-carbon-mavic-air-sieu-cung-4-canh-6915-1-1-400x400.jpg 400w, https:\/\/phukienflytech.vn\/wp-content\/uploads\/2020\/06\/canh-carbon-mavic-air-sieu-cung-4-canh-6915-1-1-280x280.jpg 280w, https:\/\/phukienflytech.vn\/wp-content\/uploads\/2020\/06\/canh-carbon-mavic-air-sieu-cung-4-canh-6915-1-1-768x768.jpg 768w, https:\/\/phukienflytech.vn\/wp-content\/uploads\/2020\/06\/canh-carbon-mavic-air-sieu-cung-4-canh-6915-1-1.jpg 800w, https:\/\/phukienflytech.vn\/wp-content\/uploads\/2020\/06\/canh-carbon-mavic-air-sieu-cung-4-canh-6915-1-1-300x300.jpg 300w, https:\/\/phukienflytech.vn\/wp-content\/uploads\/2020\/06\/canh-carbon-mavic-air-sieu-cung-4-canh-6915-1-1-600x600.jpg 600w, https:\/\/phukienflytech.vn\/wp-content\/uploads\/2020\/06\/canh-carbon-mavic-air-sieu-cung-4-canh-6915-1-1-100x100.jpg 100w\" sizes=\"auto, (max-width: 400px) 100vw, 400px\" \/><\/span><\/p>\n<p>&nbsp;<\/p>\n<h2><span style=\"font-size: 21px; color: #0000ff;\"><strong>T\u1ea1i sao b\u1ea1n n\u00ean s\u1eed d\u1ee5ng\u00a0<em>c\u00e1nh carbon mavic air ?<\/em><\/strong><\/span><\/h2>\n<p><span style=\"font-size: 18px;\">B\u1ea1n c\u0169ng \u0111\u00e3 th\u1ea5y,\u00a0<em><strong>c\u00e1nh carbon mavic air<\/strong><\/em>\u00a0c\u00f3 \u0111\u1ed9 c\u1ee9ng th\u1eadt l\u00e0 cao, n\u1ebfu dung s\u1ee9c c\u1ee7a tay th\u00ec th\u1eadt kh\u00f3 \u0111\u1ec3 b\u1ebb cong v\u00e0 g\u00e3y c\u00e1nh hay th\u00e2m ch\u00ed l\u00e0 m\u1ed9t ch\u00fat bi\u1ebfn d\u1ea1ng. \u0110\u00f3 ch\u00ednh l\u00e0 \u0111\u1eb7c \u0111i\u1ec3m quan tr\u1ecdng khi\u1ebfn c\u00e1nh carbon mavic air c\u00f3 kh\u1ea3 n\u0103ng kh\u00e1ng gi\u00f3 kh\u1ee7ng khi\u1ebfp nh\u1ea5t.<\/span><\/p>\n<p>&nbsp;<\/p>\n<p><span style=\"font-size: 18px;\"><img loading=\"lazy\" decoding=\"async\" class=\"alignnone wp-image-13442 size-medium\" src=\"https:\/\/phukienflytech.vn\/wp-content\/uploads\/2020\/06\/canh-carbon-mavic-air-sieu-cung-4-canh-6915-2-1-400x400.jpg\" alt=\"Mavic-Air-carbon-filber-propeller-9\" width=\"400\" height=\"400\" srcset=\"https:\/\/phukienflytech.vn\/wp-content\/uploads\/2020\/06\/canh-carbon-mavic-air-sieu-cung-4-canh-6915-2-1-400x400.jpg 400w, https:\/\/phukienflytech.vn\/wp-content\/uploads\/2020\/06\/canh-carbon-mavic-air-sieu-cung-4-canh-6915-2-1-280x280.jpg 280w, https:\/\/phukienflytech.vn\/wp-content\/uploads\/2020\/06\/canh-carbon-mavic-air-sieu-cung-4-canh-6915-2-1-300x300.jpg 300w, https:\/\/phukienflytech.vn\/wp-content\/uploads\/2020\/06\/canh-carbon-mavic-air-sieu-cung-4-canh-6915-2-1-100x100.jpg 100w, https:\/\/phukienflytech.vn\/wp-content\/uploads\/2020\/06\/canh-carbon-mavic-air-sieu-cung-4-canh-6915-2-1.jpg 500w\" sizes=\"auto, (max-width: 400px) 100vw, 400px\" \/><\/span><\/p>\n<p>&nbsp;<\/p>\n<p><span style=\"font-size: 18px;\"><em><strong>C\u00e1nh carbon dji mavic air<\/strong>\u00a0<\/em>\u0111\u01b0\u1ee3c l\u00e0m t\u1eeb khu\u00f4n th\u00e9p \u0111\u00fac c\u00f9ng v\u1edbi s\u1ee3i carbon c\u1ee9ng c\u00e1p. S\u1ea3n ph\u1ea9m c\u00f3 m\u00e0u \u0111en tuy\u1ec1n b\u00f3ng v\u00e0 \u0111\u01b0\u1ee3c h\u00e3ng th\u1ee9 3 Sunnylife s\u1ea3n xu\u1ea5t<\/span><\/p>\n<p>&nbsp;<\/p>\n<p><span style=\"font-size: 18px;\"><img loading=\"lazy\" decoding=\"async\" class=\"alignnone size-medium wp-image-13444\" src=\"https:\/\/phukienflytech.vn\/wp-content\/uploads\/2020\/06\/canh-carbon-mavic-air-sieu-cung-4-canh-6915-3-1-400x400.jpg\" alt=\"\" width=\"400\" height=\"400\" srcset=\"https:\/\/phukienflytech.vn\/wp-content\/uploads\/2020\/06\/canh-carbon-mavic-air-sieu-cung-4-canh-6915-3-1-400x400.jpg 400w, https:\/\/phukienflytech.vn\/wp-content\/uploads\/2020\/06\/canh-carbon-mavic-air-sieu-cung-4-canh-6915-3-1-280x280.jpg 280w, https:\/\/phukienflytech.vn\/wp-content\/uploads\/2020\/06\/canh-carbon-mavic-air-sieu-cung-4-canh-6915-3-1-300x300.jpg 300w, https:\/\/phukienflytech.vn\/wp-content\/uploads\/2020\/06\/canh-carbon-mavic-air-sieu-cung-4-canh-6915-3-1-100x100.jpg 100w, https:\/\/phukienflytech.vn\/wp-content\/uploads\/2020\/06\/canh-carbon-mavic-air-sieu-cung-4-canh-6915-3-1.jpg 500w\" sizes=\"auto, (max-width: 400px) 100vw, 400px\" \/><\/span><\/p>\n<p>&nbsp;<\/p>\n<p><span style=\"font-size: 18px;\">C\u00f3 r\u1ea5t nhi\u1ec1u ng\u01b0\u1eddi s\u1ebd ph\u00e2n v\u00e2n vi\u1ec7c c\u00f3 n\u00ean d\u00f9ng c\u00e1nh carbon dji mavic air hay kh\u00f4ng? V\u00e0 \u0111\u00f3 c\u0169ng l\u00e0 m\u1ed9t c\u00e2u h\u1ecfi m\u00e0 \u0111a s\u1ed1 ch\u00fang ta \u2013 nh\u1eefng ng\u01b0\u1eddi ch\u01a1i flycam DJI \u0111\u1ec1u quan ng\u1ea1i, \u0111\u01a1n gi\u1ea3n v\u00ec ch\u00fang kh\u00f4ng ph\u1ea3i l\u00e0 do DJI s\u1ea3n xu\u1ea5t ra. L\u00e0 m\u1ed9t ng\u01b0\u1eddi ch\u01a1i DJI Mavic pro 2 n\u0103m, t\u00f4i c\u0169ng \u0111\u00e3 s\u1eed d\u1ee5ng c\u00e1nh carbon \u0111\u1ec3 bay v\u00e0 c\u0169ng th\u01b0\u1eddng xuy\u00ean thay \u0111\u1ed5i c\u00e1nh gi\u1eefa c\u00e1nh g\u1ed1c DJI v\u00e0 c\u00e1nh carbon si\u00eau c\u1ee9ng gi\u1ea3m \u1ed3n Mavic pro \u0111\u1ec3 tr\u1ea3i nghi\u1ec7m v\u00e0 so s\u00e1nh.<\/span><\/p>\n<p>&nbsp;<\/p>\n<p><span style=\"font-size: 18px;\"><img loading=\"lazy\" decoding=\"async\" class=\"alignnone wp-image-13446\" src=\"https:\/\/phukienflytech.vn\/wp-content\/uploads\/2020\/06\/canh-carbon-mavic-air-sieu-cung-4-canh-6915-4-1-617x400.jpg\" alt=\"Mavic-Air-carbon-filber-propeller \" width=\"565\" height=\"366\" srcset=\"https:\/\/phukienflytech.vn\/wp-content\/uploads\/2020\/06\/canh-carbon-mavic-air-sieu-cung-4-canh-6915-4-1-617x400.jpg 617w, https:\/\/phukienflytech.vn\/wp-content\/uploads\/2020\/06\/canh-carbon-mavic-air-sieu-cung-4-canh-6915-4-1-768x498.jpg 768w, https:\/\/phukienflytech.vn\/wp-content\/uploads\/2020\/06\/canh-carbon-mavic-air-sieu-cung-4-canh-6915-4-1-600x389.jpg 600w, https:\/\/phukienflytech.vn\/wp-content\/uploads\/2020\/06\/canh-carbon-mavic-air-sieu-cung-4-canh-6915-4-1.jpg 797w\" sizes=\"auto, (max-width: 565px) 100vw, 565px\" \/><\/span><\/p>\n<p>&nbsp;<\/p>\n<p><span style=\"font-size: 18px;\">Nh\u1eadn th\u1ea5y c\u00e1nh carbon DJI Mavic pro m\u00ecnh \u0111ang d\u00f9ng c\u0169ng c\u00f3 m\u1ed9t s\u1ed1 \u01b0u \u0111i\u1ec3m v\u00e0 nh\u01b0\u1ee3c \u0111i\u1ec3m so v\u1edbi c\u00e1nh nh\u1ef1a g\u1ed1c DJI nh\u01b0 :<\/span><\/p>\n<ul>\n<li><span style=\"font-size: 18px;\">\u01afu \u0111i\u1ec3m : kh\u00e1ng gi\u00f3 t\u1ed1t h\u01a1n m\u1ed9t ch\u00fat, c\u00e1nh r\u1ea5t b\u1ec1n so v\u1edbi c\u00e1nh nh\u1ef1a<\/span><\/li>\n<li><span style=\"font-size: 18px;\">Nh\u01b0\u1ee3c \u0111i\u1ec3m : c\u00e1nh nh\u00ecn h\u01a1i th\u00f4 v\u00e0 th\u1eadm ch\u00ed l\u00e0 x\u1ea5u<\/span><\/li>\n<\/ul>\n<h2><span style=\"font-size: 21px;\"><em><strong><span style=\"color: #0000ff;\">Mua ph\u1ee5 ki\u1ec7n flycam DJI phantom,Mavic,Spark \u1edf \u0111\u00e2u?<\/span><\/strong><\/em><\/span><\/h2>\n<p><span style=\"font-size: 18px;\">Ph\u1ee5 Ki\u1ec7n Flytech Gi\u00e1 T\u1ed1t h\u00e2n h\u1ea1nh \u0111em l\u1ea1i c\u00e1c m\u1eabu s\u1ea3n ph\u1ea9m Balo phatom ch\u00ednh h\u00e3ng t\u1ed1t nh\u1ea5t ph\u1ee5c v\u1ee5 \u0111am m\u00ea, v\u00e0 c\u00f4ng vi\u1ec7c c\u1ee7a c\u00e1c b\u1ea1n, h\u00e3y \u0111\u1ec3 ch\u00fang t\u00f4i ti\u1ebfp s\u1ee9c \u0111am m\u00ea, c\u00f4ng vi\u1ec7c c\u1ee7a b\u1ea1n, gi\u00fap b\u1ea1n th\u00eam ni\u1ec1m h\u1ee9ng kh\u1edfi trong \u0111am m\u00ea c\u0169ng nh\u01b0 c\u00f4ng vi\u1ec7c c\u1ee7a m\u00ecnh th\u00eam su\u00f4n s\u1ebb<\/span><\/p>\n<p><span style=\"font-size: 19px;\">&gt;&gt; Learn More : <a href=\"https:\/\/phukienflytech.vn\/danh-muc\/phu-kien-mavic-air.html\"><strong>Mavic air accessories<\/strong><\/a><\/span><\/p>\n<p><span style=\"font-size: 19px;\">&gt;&gt; Contact us on: <a href=\"https:\/\/www.facebook.com\/phukienflycam\"><strong>Facebook<\/strong><\/a><\/span><\/p>\n<p><span style=\"font-size: 18px;\">Ch\u00fang t\u00f4i chuy\u00ean cung c\u1ea5p h\u1ea7u h\u1ebft t\u1ea5t c\u00e1c c\u00e1c ph\u1ee5 ki\u1ec7n flycam DJI c\u1ee7a Phantom 3,4 series, Mavic series, DJI Spark v\u00e0 inspire 1<\/span><\/p>\n","protected":false},"excerpt":{"rendered":"<p>Mavic Air carbon filber propeller &nbsp; Mavic Air carbon filber propeller C\u00e1nh carbon Mavic air si\u00eau c\u1ee9ng l\u00e0 ph\u1ee5 ki\u1ec7n Mavic Air\u00a0 \u0111\u01b0\u1ee3c m\u1ec7nh danh l\u00e0 k\u1ebb ch\u1ed1ng l\u1ea1i th\u1ea7n gi\u00f3, \u0111\u01a1n gi\u1ea3n v\u00ec s\u1ee9c c\u1ea3n l\u01b0\u1edbt v\u00e0 ch\u1ecbu \u0111\u1ef1ng \u0111\u01b0\u1ee3c l\u1ef1c quay motor kh\u1ee7ng khi\u1ebfp c\u1ee7a mavic air m\u00e0\u00a0c\u00e1nh carbon mavic air\u00a0kh\u00f4ng c\u00f3 b\u1ea5t &#8230;<\/p>\n","protected":false},"featured_media":7466,"comment_status":"open","ping_status":"closed","template":"","meta":{"_acf_changed":false},"product_brand":[],"product_cat":[180],"product_tag":[],"class_list":{"0":"post-6926","1":"product","2":"type-product","3":"status-publish","4":"has-post-thumbnail","6":"product_cat-mavic-air-accessory","8":"first","9":"instock","10":"shipping-taxable","11":"purchasable","12":"product-type-simple"},"acf":[],"yoast_head":"<!-- This site is optimized with the Yoast SEO plugin v25.7 - https:\/\/yoast.com\/wordpress\/plugins\/seo\/ -->\n<title>Mavic Air carbon filber propeller - Mavic air accessory - Available - Original<\/title>\n<meta name=\"description\" content=\"Mavic Air carbon filber propeller is one of the most important accessory. Contact us to buy Mavic Air carbon filber propeller for best price\" \/>\n<meta name=\"robots\" content=\"index, follow, max-snippet:-1, max-image-preview:large, max-video-preview:-1\" \/>\n<link rel=\"canonical\" href=\"https:\/\/phukienflytech.vn\/en\/san-pham\/mavic-air-carbon-filber-propeller.html\" \/>\n<meta property=\"og:locale\" content=\"en_US\" \/>\n<meta property=\"og:type\" content=\"article\" \/>\n<meta property=\"og:title\" content=\"Mavic Air carbon filber propeller - Mavic air accessory - Available - Original\" \/>\n<meta property=\"og:description\" content=\"Mavic Air carbon filber propeller is one of the most important accessory. Contact us to buy Mavic Air carbon filber propeller for best price\" \/>\n<meta property=\"og:url\" content=\"https:\/\/phukienflytech.vn\/en\/san-pham\/mavic-air-carbon-filber-propeller.html\" \/>\n<meta property=\"og:site_name\" content=\"Shop M\u00e1y \u1ea3nh - Action Camera - Gimbal - Flycam - Ph\u1ee5 ki\u1ec7n\" \/>\n<meta property=\"article:publisher\" content=\"https:\/\/facebook.com\/phukienflycam\" \/>\n<meta property=\"article:modified_time\" content=\"2022-08-21T07:34:25+00:00\" \/>\n<meta property=\"og:image\" content=\"https:\/\/phukienflytech.vn\/wp-content\/uploads\/2020\/06\/canh-carbon-dji-mavic-air-Copy.png\" \/>\n\t<meta property=\"og:image:width\" content=\"300\" \/>\n\t<meta property=\"og:image:height\" content=\"300\" \/>\n\t<meta property=\"og:image:type\" content=\"image\/png\" \/>\n<meta name=\"twitter:card\" content=\"summary_large_image\" \/>\n<meta name=\"twitter:label1\" content=\"Est. reading time\" \/>\n\t<meta name=\"twitter:data1\" content=\"4 minutes\" \/>\n<script type=\"application\/ld+json\" class=\"yoast-schema-graph\">{\"@context\":\"https:\/\/schema.org\",\"@graph\":[{\"@type\":\"WebPage\",\"@id\":\"https:\/\/phukienflytech.vn\/en\/san-pham\/mavic-air-carbon-filber-propeller.html\",\"url\":\"https:\/\/phukienflytech.vn\/en\/san-pham\/mavic-air-carbon-filber-propeller.html\",\"name\":\"Mavic Air carbon filber propeller - Mavic air accessory - Available - Original\",\"isPartOf\":{\"@id\":\"https:\/\/phukienflytech.vn\/#website\"},\"primaryImageOfPage\":{\"@id\":\"https:\/\/phukienflytech.vn\/en\/san-pham\/mavic-air-carbon-filber-propeller.html#primaryimage\"},\"image\":{\"@id\":\"https:\/\/phukienflytech.vn\/en\/san-pham\/mavic-air-carbon-filber-propeller.html#primaryimage\"},\"thumbnailUrl\":\"https:\/\/phukienflytech.vn\/wp-content\/uploads\/2020\/06\/canh-carbon-dji-mavic-air-Copy.png\",\"datePublished\":\"2020-06-23T05:21:35+00:00\",\"dateModified\":\"2022-08-21T07:34:25+00:00\",\"description\":\"Mavic Air carbon filber propeller is one of the most important accessory. Contact us to buy Mavic Air carbon filber propeller for best price\",\"breadcrumb\":{\"@id\":\"https:\/\/phukienflytech.vn\/en\/san-pham\/mavic-air-carbon-filber-propeller.html#breadcrumb\"},\"inLanguage\":\"en-US\",\"potentialAction\":[{\"@type\":\"ReadAction\",\"target\":[\"https:\/\/phukienflytech.vn\/en\/san-pham\/mavic-air-carbon-filber-propeller.html\"]}]},{\"@type\":\"ImageObject\",\"inLanguage\":\"en-US\",\"@id\":\"https:\/\/phukienflytech.vn\/en\/san-pham\/mavic-air-carbon-filber-propeller.html#primaryimage\",\"url\":\"https:\/\/phukienflytech.vn\/wp-content\/uploads\/2020\/06\/canh-carbon-dji-mavic-air-Copy.png\",\"contentUrl\":\"https:\/\/phukienflytech.vn\/wp-content\/uploads\/2020\/06\/canh-carbon-dji-mavic-air-Copy.png\",\"width\":300,\"height\":300},{\"@type\":\"BreadcrumbList\",\"@id\":\"https:\/\/phukienflytech.vn\/en\/san-pham\/mavic-air-carbon-filber-propeller.html#breadcrumb\",\"itemListElement\":[{\"@type\":\"ListItem\",\"position\":1,\"name\":\"Home\",\"item\":\"https:\/\/phukienflytech.vn\/en\"},{\"@type\":\"ListItem\",\"position\":2,\"name\":\"Ph\u1ee5 ki\u1ec7n Mavic Pro\",\"item\":\"https:\/\/phukienflytech.vn\/en\/phu-kien-mavic-pro.html\"},{\"@type\":\"ListItem\",\"position\":3,\"name\":\"DJI Osmo &amp; Drone's accessories\",\"item\":\"https:\/\/phukienflytech.vn\/en\/danh-muc\/dji-osmo-drones-accessories.html\"},{\"@type\":\"ListItem\",\"position\":4,\"name\":\"Ph\u1ee5 ki\u1ec7n flycam Mavic Air\",\"item\":\"https:\/\/phukienflytech.vn\/en\/danh-muc\/mavic-air-accessory.html\"},{\"@type\":\"ListItem\",\"position\":5,\"name\":\"Mavic Air carbon filber propeller\"}]},{\"@type\":\"WebSite\",\"@id\":\"https:\/\/phukienflytech.vn\/#website\",\"url\":\"https:\/\/phukienflytech.vn\/\",\"name\":\"Shop M\u00e1y \u1ea3nh - Action Camera - Gimbal - Flycam - Ph\u1ee5 ki\u1ec7n\",\"description\":\"Shop M\u00e1y \u1ea3nh - Action Camera - Gimbal - Flycam - Ph\u1ee5 ki\u1ec7n\",\"publisher\":{\"@id\":\"https:\/\/phukienflytech.vn\/#organization\"},\"potentialAction\":[{\"@type\":\"SearchAction\",\"target\":{\"@type\":\"EntryPoint\",\"urlTemplate\":\"https:\/\/phukienflytech.vn\/?s={search_term_string}\"},\"query-input\":{\"@type\":\"PropertyValueSpecification\",\"valueRequired\":true,\"valueName\":\"search_term_string\"}}],\"inLanguage\":\"en-US\"},{\"@type\":\"Organization\",\"@id\":\"https:\/\/phukienflytech.vn\/#organization\",\"name\":\"DJI Store - Shop Drone, Action camera, Gimbal DJI |Phukienflytech\",\"alternateName\":\"DJI Store - Shop Drone, Action camera, Gimbal DJI |Phukienflytech\",\"url\":\"https:\/\/phukienflytech.vn\/\",\"logo\":{\"@type\":\"ImageObject\",\"inLanguage\":\"en-US\",\"@id\":\"https:\/\/phukienflytech.vn\/#\/schema\/logo\/image\/\",\"url\":\"https:\/\/phukienflytech.vn\/wp-content\/uploads\/2020\/05\/hAnh_nan.jpg1_.jpg\",\"contentUrl\":\"https:\/\/phukienflytech.vn\/wp-content\/uploads\/2020\/05\/hAnh_nan.jpg1_.jpg\",\"width\":800,\"height\":450,\"caption\":\"DJI Store - Shop Drone, Action camera, Gimbal DJI |Phukienflytech\"},\"image\":{\"@id\":\"https:\/\/phukienflytech.vn\/#\/schema\/logo\/image\/\"},\"sameAs\":[\"https:\/\/facebook.com\/phukienflycam\",\"https:\/\/www.youtube.com\/@phukienflytech\",\"https:\/\/www.tiktok.com\/@flytech.channel?fbclid=IwY2xjawGjg7BleHRuA2FlbQIxMAABHYVGmlXpuSMs0UB2zTpYvyT4GMVfN2qJa4urF4vkSQ6FAVBwXZtDP30qQA_aem_UwMiDcUvlEbd2tXAmsc8Og\"]}]}<\/script>\n<!-- \/ Yoast SEO plugin. -->","yoast_head_json":{"title":"Mavic Air carbon filber propeller - Mavic air accessory - Available - Original","description":"Mavic Air carbon filber propeller is one of the most important accessory. Contact us to buy Mavic Air carbon filber propeller for best price","robots":{"index":"index","follow":"follow","max-snippet":"max-snippet:-1","max-image-preview":"max-image-preview:large","max-video-preview":"max-video-preview:-1"},"canonical":"https:\/\/phukienflytech.vn\/en\/san-pham\/mavic-air-carbon-filber-propeller.html","og_locale":"en_US","og_type":"article","og_title":"Mavic Air carbon filber propeller - Mavic air accessory - Available - Original","og_description":"Mavic Air carbon filber propeller is one of the most important accessory. Contact us to buy Mavic Air carbon filber propeller for best price","og_url":"https:\/\/phukienflytech.vn\/en\/san-pham\/mavic-air-carbon-filber-propeller.html","og_site_name":"Shop M\u00e1y \u1ea3nh - Action Camera - Gimbal - Flycam - Ph\u1ee5 ki\u1ec7n","article_publisher":"https:\/\/facebook.com\/phukienflycam","article_modified_time":"2022-08-21T07:34:25+00:00","og_image":[{"width":300,"height":300,"url":"https:\/\/phukienflytech.vn\/wp-content\/uploads\/2020\/06\/canh-carbon-dji-mavic-air-Copy.png","type":"image\/png"}],"twitter_card":"summary_large_image","twitter_misc":{"Est. reading time":"4 minutes"},"schema":{"@context":"https:\/\/schema.org","@graph":[{"@type":"WebPage","@id":"https:\/\/phukienflytech.vn\/en\/san-pham\/mavic-air-carbon-filber-propeller.html","url":"https:\/\/phukienflytech.vn\/en\/san-pham\/mavic-air-carbon-filber-propeller.html","name":"Mavic Air carbon filber propeller - Mavic air accessory - Available - Original","isPartOf":{"@id":"https:\/\/phukienflytech.vn\/#website"},"primaryImageOfPage":{"@id":"https:\/\/phukienflytech.vn\/en\/san-pham\/mavic-air-carbon-filber-propeller.html#primaryimage"},"image":{"@id":"https:\/\/phukienflytech.vn\/en\/san-pham\/mavic-air-carbon-filber-propeller.html#primaryimage"},"thumbnailUrl":"https:\/\/phukienflytech.vn\/wp-content\/uploads\/2020\/06\/canh-carbon-dji-mavic-air-Copy.png","datePublished":"2020-06-23T05:21:35+00:00","dateModified":"2022-08-21T07:34:25+00:00","description":"Mavic Air carbon filber propeller is one of the most important accessory. Contact us to buy Mavic Air carbon filber propeller for best price","breadcrumb":{"@id":"https:\/\/phukienflytech.vn\/en\/san-pham\/mavic-air-carbon-filber-propeller.html#breadcrumb"},"inLanguage":"en-US","potentialAction":[{"@type":"ReadAction","target":["https:\/\/phukienflytech.vn\/en\/san-pham\/mavic-air-carbon-filber-propeller.html"]}]},{"@type":"ImageObject","inLanguage":"en-US","@id":"https:\/\/phukienflytech.vn\/en\/san-pham\/mavic-air-carbon-filber-propeller.html#primaryimage","url":"https:\/\/phukienflytech.vn\/wp-content\/uploads\/2020\/06\/canh-carbon-dji-mavic-air-Copy.png","contentUrl":"https:\/\/phukienflytech.vn\/wp-content\/uploads\/2020\/06\/canh-carbon-dji-mavic-air-Copy.png","width":300,"height":300},{"@type":"BreadcrumbList","@id":"https:\/\/phukienflytech.vn\/en\/san-pham\/mavic-air-carbon-filber-propeller.html#breadcrumb","itemListElement":[{"@type":"ListItem","position":1,"name":"Home","item":"https:\/\/phukienflytech.vn\/en"},{"@type":"ListItem","position":2,"name":"Ph\u1ee5 ki\u1ec7n Mavic Pro","item":"https:\/\/phukienflytech.vn\/en\/phu-kien-mavic-pro.html"},{"@type":"ListItem","position":3,"name":"DJI Osmo &amp; Drone's accessories","item":"https:\/\/phukienflytech.vn\/en\/danh-muc\/dji-osmo-drones-accessories.html"},{"@type":"ListItem","position":4,"name":"Ph\u1ee5 ki\u1ec7n flycam Mavic Air","item":"https:\/\/phukienflytech.vn\/en\/danh-muc\/mavic-air-accessory.html"},{"@type":"ListItem","position":5,"name":"Mavic Air carbon filber propeller"}]},{"@type":"WebSite","@id":"https:\/\/phukienflytech.vn\/#website","url":"https:\/\/phukienflytech.vn\/","name":"Shop M\u00e1y \u1ea3nh - Action Camera - Gimbal - Flycam - Ph\u1ee5 ki\u1ec7n","description":"Shop M\u00e1y \u1ea3nh - Action Camera - Gimbal - Flycam - Ph\u1ee5 ki\u1ec7n","publisher":{"@id":"https:\/\/phukienflytech.vn\/#organization"},"potentialAction":[{"@type":"SearchAction","target":{"@type":"EntryPoint","urlTemplate":"https:\/\/phukienflytech.vn\/?s={search_term_string}"},"query-input":{"@type":"PropertyValueSpecification","valueRequired":true,"valueName":"search_term_string"}}],"inLanguage":"en-US"},{"@type":"Organization","@id":"https:\/\/phukienflytech.vn\/#organization","name":"DJI Store - Shop Drone, Action camera, Gimbal DJI |Phukienflytech","alternateName":"DJI Store - Shop Drone, Action camera, Gimbal DJI |Phukienflytech","url":"https:\/\/phukienflytech.vn\/","logo":{"@type":"ImageObject","inLanguage":"en-US","@id":"https:\/\/phukienflytech.vn\/#\/schema\/logo\/image\/","url":"https:\/\/phukienflytech.vn\/wp-content\/uploads\/2020\/05\/hAnh_nan.jpg1_.jpg","contentUrl":"https:\/\/phukienflytech.vn\/wp-content\/uploads\/2020\/05\/hAnh_nan.jpg1_.jpg","width":800,"height":450,"caption":"DJI Store - Shop Drone, Action camera, Gimbal DJI |Phukienflytech"},"image":{"@id":"https:\/\/phukienflytech.vn\/#\/schema\/logo\/image\/"},"sameAs":["https:\/\/facebook.com\/phukienflycam","https:\/\/www.youtube.com\/@phukienflytech","https:\/\/www.tiktok.com\/@flytech.channel?fbclid=IwY2xjawGjg7BleHRuA2FlbQIxMAABHYVGmlXpuSMs0UB2zTpYvyT4GMVfN2qJa4urF4vkSQ6FAVBwXZtDP30qQA_aem_UwMiDcUvlEbd2tXAmsc8Og"]}]}},"_links":{"self":[{"href":"https:\/\/phukienflytech.vn\/en\/wp-json\/wp\/v2\/product\/6926","targetHints":{"allow":["GET"]}}],"collection":[{"href":"https:\/\/phukienflytech.vn\/en\/wp-json\/wp\/v2\/product"}],"about":[{"href":"https:\/\/phukienflytech.vn\/en\/wp-json\/wp\/v2\/types\/product"}],"replies":[{"embeddable":true,"href":"https:\/\/phukienflytech.vn\/en\/wp-json\/wp\/v2\/comments?post=6926"}],"wp:featuredmedia":[{"embeddable":true,"href":"https:\/\/phukienflytech.vn\/en\/wp-json\/wp\/v2\/media\/7466"}],"wp:attachment":[{"href":"https:\/\/phukienflytech.vn\/en\/wp-json\/wp\/v2\/media?parent=6926"}],"wp:term":[{"taxonomy":"product_brand","embeddable":true,"href":"https:\/\/phukienflytech.vn\/en\/wp-json\/wp\/v2\/product_brand?post=6926"},{"taxonomy":"product_cat","embeddable":true,"href":"https:\/\/phukienflytech.vn\/en\/wp-json\/wp\/v2\/product_cat?post=6926"},{"taxonomy":"product_tag","embeddable":true,"href":"https:\/\/phukienflytech.vn\/en\/wp-json\/wp\/v2\/product_tag?post=6926"}],"curies":[{"name":"wp","href":"https:\/\/api.w.org\/{rel}","templated":true}]}}