{"id":6952,"date":"2020-06-23T12:47:03","date_gmt":"2020-06-23T05:47:03","guid":{"rendered":"http:\/\/27430.lamdx.vinawebsite.vn\/san-pham\/canh-mavic-pro-chinh-hang-dji.html"},"modified":"2021-01-16T09:25:30","modified_gmt":"2021-01-16T02:25:30","slug":"original-mavic-pro-propellers-2","status":"publish","type":"product","link":"https:\/\/phukienflytech.vn\/en\/san-pham\/original-mavic-pro-propellers-2.html","title":{"rendered":"Original Mavic Pro Propellers &#8211; DJI"},"content":{"rendered":"<h2><span style=\"color: #0000ff;\"><em><strong>Original Mavic Pro Propellers DJI<\/strong><\/em><\/span><\/h2>\n<p>&nbsp;<\/p>\n<p><span style=\"font-size: 18px;\">Original Mavic Pro Propellers<\/span><\/p>\n<p><span style=\"font-size: 18px;\"><strong><em>C\u00e1nh ch\u00ednh h\u00e3ng Mavic Pro \u2013 DJI<\/em><\/strong><\/span><\/p>\n<p><span style=\"font-size: 18px;\">V\u1edbi 1 thi\u1ebft b\u1ecb c\u00f3 gi\u00e1 tr\u1ecb cao nh\u01b0 flycam, nh\u1ea5t l\u00e0 nh\u1eefng s\u1ea3n ph\u1ea9m ph\u00e2n kh\u00fac cao c\u1ea5p nh\u01b0 Mavic Pro c\u1ee7a DJI, th\u00ec b\u1ea1n lu\u00f4n c\u1ea7n chu\u1ea9n b\u1ecb th\u00eam 1 s\u1ed1 \u0111\u1ed3 ph\u1ee5 ki\u1ec7n d\u1ef1 ph\u00f2ng. 1 trong s\u1ed1 \u0111\u00f3 l\u00e0 b\u1ed9\u00a0<strong>c\u00e1nh qu\u1ea1t Mavic pro \u2013 Ch\u00ednh h\u00e3ng<\/strong><\/span><\/p>\n<p><span style=\"font-size: 18px;\"> <img loading=\"lazy\" decoding=\"async\" class=\"alignnone size-full wp-image-15968\" src=\"https:\/\/phukienflytech.vn\/wp-content\/uploads\/2020\/06\/canh-mavic-pro-2349.jpg\" alt=\"\" width=\"500\" height=\"333\" \/> \u00a0<img loading=\"lazy\" decoding=\"async\" class=\"alignnone size-medium wp-image-15972\" src=\"https:\/\/phukienflytech.vn\/wp-content\/uploads\/2020\/06\/canh-mavic-pro-2349-2-400x400.jpg\" alt=\"\" width=\"400\" height=\"400\" srcset=\"https:\/\/phukienflytech.vn\/wp-content\/uploads\/2020\/06\/canh-mavic-pro-2349-2.jpg 400w, https:\/\/phukienflytech.vn\/wp-content\/uploads\/2020\/06\/canh-mavic-pro-2349-2-280x280.jpg 280w, https:\/\/phukienflytech.vn\/wp-content\/uploads\/2020\/06\/canh-mavic-pro-2349-2-300x300.jpg 300w, https:\/\/phukienflytech.vn\/wp-content\/uploads\/2020\/06\/canh-mavic-pro-2349-2-100x100.jpg 100w\" sizes=\"auto, (max-width: 400px) 100vw, 400px\" \/> \u00a0<img loading=\"lazy\" decoding=\"async\" class=\"alignnone size-medium wp-image-15976\" src=\"https:\/\/phukienflytech.vn\/wp-content\/uploads\/2020\/06\/canh-mavic-pro-2349-4.jpg\" alt=\"\" width=\"500\" height=\"212\" \/>\u00a0<\/span><\/p>\n<p><span style=\"font-size: 18px;\"><strong>C\u00e1nh DJI Mavic Pro<\/strong>\u00a0c\u00f3 thi\u1ebft k\u1ebf x\u1ebfp g\u1ecdn, c\u00e2n b\u1eb1ng, t\u1ea1o cho\u00a0<strong>\u00a0DJI Mavic pro flycam<\/strong>\u00a0kh\u1ea3 n\u0103ng gi\u1eef c\u00e2n b\u1eb1ng t\u1ed1t, bay v\u1edbi t\u1ed1c \u0111\u1ed9 cao c\u00f9ng v\u1edbi kh\u1ea3 n\u0103ng linh ho\u1ea1t trong m\u1ecdi t\u00ecnh hu\u1ed1ng.<\/span><\/p>\n<p>&nbsp;<\/p>\n<p><span style=\"font-size: 18px;\"> <img loading=\"lazy\" decoding=\"async\" class=\"alignnone wp-image-15970 size-medium\" src=\"https:\/\/phukienflytech.vn\/wp-content\/uploads\/2020\/06\/canh-mavic-pro-2349-1-433x400.jpg\" alt=\"Original-Mavic-Pro-Propellers -9\" width=\"433\" height=\"400\" srcset=\"https:\/\/phukienflytech.vn\/wp-content\/uploads\/2020\/06\/canh-mavic-pro-2349-1-433x400.jpg 433w, https:\/\/phukienflytech.vn\/wp-content\/uploads\/2020\/06\/canh-mavic-pro-2349-1.jpg 500w\" sizes=\"auto, (max-width: 433px) 100vw, 433px\" \/><\/span><\/p>\n<p><span style=\"font-size: 18px;\">Trong qu\u00e1 tr\u00ecnh s\u1eed\u00a0d\u1ee5ng, v\u1eadn h\u00e0nh\u00a0<strong>Mavic pro<\/strong>, ch\u1eafc ch\u1eafn b\u1ea1n kh\u00f4ng h\u1ec1 mong mu\u1ed1n c\u00f3 b\u1ea5t k\u1ef3 s\u1ef1 c\u1ed1 n\u00e0o x\u1ea3y ra v\u1edbi thi\u1ebft b\u1ecb c\u1ee7a m\u00ecnh. Tuy nhi\u00ean, n\u1ebfu ch\u1eb3ng may h\u1ecda v\u00f4 \u0111\u01a1n ch\u00ed m\u00e0 chi\u1ebfc\u00a0Mavic pro\u00a0b\u1ecb va ch\u1ea1m v\u00e0o \u0111\u00e2u \u0111\u00f3 d\u1eabn \u0111\u1ebfn vi\u1ec7c b\u1ecb h\u01b0 h\u1ecfng 1 s\u1ed1 b\u1ed9 ph\u1eadn, nh\u01b0\u00a0<strong>c\u00e1nh Mavic pro<\/strong> ch\u1eb3ng h\u1ea1n. V\u00e0 nh\u01b0 v\u1eady th\u00ec t\u1ea5t nhi\u00ean l\u00e0 b\u1ea1n c\u1ea7n \u0111\u1ed3 thay th\u1ebf, ch\u1ee9 ko th\u1ec3 mua c\u1ea3 1 b\u1ed9 Mavic m\u1edbi t\u1ed1n k\u00e9m \u0111\u01b0\u1ee3c.<\/span><\/p>\n<p>&nbsp;<\/p>\n<h2><span style=\"color: #0000ff; font-size: 21px;\"><strong>Th\u00f4ng tin b\u1ed9 s\u1ea3n ph\u1ea9m:<\/strong><\/span><\/h2>\n<p><span style=\"font-size: 18px;\">\u0110\u00e2y l\u00e0\u00a0<strong>b\u1ed9\u00a0c\u00e1nh chu\u1ea9n t\u1eeb ch\u00ednh tay DJI<\/strong>\u00a0cung c\u1ea5p cho ng\u01b0\u1eddi d\u00f9ng, n\u00ean m\u1ecdi y\u1ebfu t\u1ed1 \u0111\u1ec1u ho\u00e0n h\u1ea3o cho chi\u1ebfc flycam Mavic Pro:<\/span><\/p>\n<ul>\n<li><span style=\"font-size: 18px;\">K\u00edch c\u1ee1 chu\u1ea9n: 5,3 x 3,2 inch (13,4 x 8,13 cm)<\/span><\/li>\n<li><span style=\"font-size: 18px;\">Tr\u1ecdng l\u01b0\u1ee3ng: 2,4 gram<\/span><\/li>\n<\/ul>\n<p><span style=\"font-size: 18px;\">Khi<strong>\u00a0mua c\u00e1nh Mavic pro ch\u00ednh h\u00e3ng<\/strong>, \u01b0u \u0111i\u1ec3m c\u1ee7a lo\u1ea1i n\u00e0y l\u00e0 gi\u1ed1ng 100% v\u1edbi b\u1ed9 c\u00e1nh \u0111i theo v\u1edbi m\u00e1y, ch\u1ea5t li\u1ec7u nh\u1ef1a si\u00eau d\u1ebbo, c\u00f3 t\u00ednh \u0111\u00e0n h\u1ed3i cao. Ch\u00ednh v\u00ec th\u1ebf khi l\u1eafp c\u00e1nh ch\u00ednh h\u00e3ng, b\u1ea1n lu\u00f4n c\u00f3 c\u1ea3m gi\u00e1c bay v\u1edbi\u00a0<strong>Mavic Pro<\/strong>\u00a0l\u00e0 \u00eam nh\u1ea5t, m\u01b0\u1ee3t nh\u1ea5t.<\/span><\/p>\n<p>&nbsp;<\/p>\n<p><span style=\"font-size: 18px;\"><img loading=\"lazy\" decoding=\"async\" class=\"alignnone wp-image-15978 size-medium\" src=\"https:\/\/phukienflytech.vn\/wp-content\/uploads\/2020\/06\/canh-mavic-pro-2349-5-400x400.jpg\" alt=\"Original-Mavic-Pro-Propellers -DJI\" width=\"400\" height=\"400\" srcset=\"https:\/\/phukienflytech.vn\/wp-content\/uploads\/2020\/06\/canh-mavic-pro-2349-5-400x400.jpg 400w, https:\/\/phukienflytech.vn\/wp-content\/uploads\/2020\/06\/canh-mavic-pro-2349-5-280x280.jpg 280w, https:\/\/phukienflytech.vn\/wp-content\/uploads\/2020\/06\/canh-mavic-pro-2349-5-300x300.jpg 300w, https:\/\/phukienflytech.vn\/wp-content\/uploads\/2020\/06\/canh-mavic-pro-2349-5-100x100.jpg 100w, https:\/\/phukienflytech.vn\/wp-content\/uploads\/2020\/06\/canh-mavic-pro-2349-5.jpg 500w\" sizes=\"auto, (max-width: 400px) 100vw, 400px\" \/><\/span><\/p>\n<p>&nbsp;<\/p>\n<p><span style=\"font-size: 18px;\">Nh\u01b0\u1ee3c \u0111i\u1ec3m c\u1ee7a b\u1ed9\u00a0<strong>c\u00e1nh Mavic Pro ch\u00ednh h\u00e3ng<\/strong>\u00a0l\u00e0 \u0111\u1ed9 \u1ed3n, m\u1eb7c d\u00f9 DJI \u0111\u00e3 c\u1ed1 g\u1eafng c\u1ea3i ti\u1ebfn v\u1ec1 m\u1eb7t thi\u1ebft k\u1ebf \u0111\u1ec3 gi\u1ea3m thi\u1ec3u ti\u1ebfng \u1ed3n, nh\u01b0ng c\u0169ng ch\u01b0a kh\u1eafc ph\u1ee5c \u0111\u01b0\u1ee3c nhi\u1ec1u. N\u1ebfu b\u1ea1n quay video hay ch\u1ee5p \u1ea3nh \u1edf nh\u1eefng g\u00f3c nh\u00ecn t\u1ea7m th\u1ea5p, s\u1ebd h\u01a1i kh\u00f3 ch\u1ecbu b\u1edfi ti\u1ebfng m\u00e0\u00a0<strong>c\u00e1nh Mavic Pro<\/strong>\u00a0ph\u00e1t ra.<\/span><\/p>\n<p>&nbsp;<\/p>\n<p><span style=\"font-size: 18px;\"><img loading=\"lazy\" decoding=\"async\" class=\"alignnone wp-image-15974 size-medium\" src=\"https:\/\/phukienflytech.vn\/wp-content\/uploads\/2020\/06\/canh-mavic-pro-2349-3-400x400.jpg\" alt=\"Original-Mavic-Pro-Propellers \" width=\"400\" height=\"400\" srcset=\"https:\/\/phukienflytech.vn\/wp-content\/uploads\/2020\/06\/canh-mavic-pro-2349-3-400x400.jpg 400w, https:\/\/phukienflytech.vn\/wp-content\/uploads\/2020\/06\/canh-mavic-pro-2349-3-280x280.jpg 280w, https:\/\/phukienflytech.vn\/wp-content\/uploads\/2020\/06\/canh-mavic-pro-2349-3-300x300.jpg 300w, https:\/\/phukienflytech.vn\/wp-content\/uploads\/2020\/06\/canh-mavic-pro-2349-3-100x100.jpg 100w, https:\/\/phukienflytech.vn\/wp-content\/uploads\/2020\/06\/canh-mavic-pro-2349-3.jpg 500w\" sizes=\"auto, (max-width: 400px) 100vw, 400px\" \/><\/span><\/p>\n<p><span style=\"font-size: 18px;\">N\u1ebfu b\u1ea1n quan t\u00e2m t\u1edbi s\u1ea3n ph\u1ea9m\u00a0<strong>C\u00e1nh Mavic pro (Platium) &#8211; C\u00e1nh gi\u1ea3m \u1ed3n ch\u00ednh h\u00e3ng DJI<\/strong>\u00a0b\u1ea1n c\u00f3 th\u1ec3 tham kh\u1ea3o\u00a0<a href=\"https:\/\/phukienflytech.vn\/en\/san-pham\/canh-mavic-pro-platium-canh-giam-on-chinh-hang-dji.html\" target=\"_blank\" rel=\"noopener noreferrer\">t\u1ea1i \u0111\u00e2y.<\/a><\/span><\/p>\n<p><span style=\"font-size: 18px;\">H\u00e3y \u0111\u1ec3\u00a0<strong><a href=\"https:\/\/facebook.com\/phukienflycam\/\">Ph\u1ee5 Ki\u1ec7n Fly-cam Gi\u00e1 T\u1ed1t<\/a>\u00a0<\/strong>ti\u1ebfp s\u1ee9c \u0111am m\u00ea, c\u00f4ng vi\u1ec7c c\u1ee7a b\u1ea1n, gi\u00fap b\u1ea1n th\u00eam ni\u1ec1m h\u1ee9ng kh\u1edfi trong \u0111am m\u00ea c\u0169ng nh\u01b0 c\u00f4ng vi\u1ec7c c\u1ee7a m\u00ecnh th\u00eam su\u00f4n s\u1ebb v\u00e0 c\u00f3 nh\u1eefng chuy\u1ebfn bay an to\u00e0n<\/span><\/p>\n<p><span style=\"font-size: 18px;\">Nh\u00e0 s\u1ea3n xu\u1ea5t : DJI\u2019s factory<\/span><\/p>\n","protected":false},"excerpt":{"rendered":"<p>Original Mavic Pro Propellers DJI &nbsp; Original Mavic Pro Propellers C\u00e1nh ch\u00ednh h\u00e3ng Mavic Pro \u2013 DJI V\u1edbi 1 thi\u1ebft b\u1ecb c\u00f3 gi\u00e1 tr\u1ecb cao nh\u01b0 flycam, nh\u1ea5t l\u00e0 nh\u1eefng s\u1ea3n ph\u1ea9m ph\u00e2n kh\u00fac cao c\u1ea5p nh\u01b0 Mavic Pro c\u1ee7a DJI, th\u00ec b\u1ea1n lu\u00f4n c\u1ea7n chu\u1ea9n b\u1ecb th\u00eam 1 s\u1ed1 \u0111\u1ed3 ph\u1ee5 ki\u1ec7n d\u1ef1 ph\u00f2ng. &#8230;<\/p>\n","protected":false},"featured_media":16466,"comment_status":"open","ping_status":"closed","template":"","meta":{"_acf_changed":false},"product_brand":[],"product_cat":[178],"product_tag":[566,567],"class_list":{"0":"post-6952","1":"product","2":"type-product","3":"status-publish","4":"has-post-thumbnail","6":"product_cat-mavic-pro-accessory","7":"product_tag-canh-mavic-pro-chinh-hang-dji-en","8":"product_tag-phu-kien-mavi-pro-en","10":"first","11":"instock","12":"shipping-taxable","13":"purchasable","14":"product-type-simple"},"acf":[],"yoast_head":"<!-- This site is optimized with the Yoast SEO plugin v25.7 - https:\/\/yoast.com\/wordpress\/plugins\/seo\/ -->\n<title>Original Mavic Pro Propellers - Mavic pro accessory - Available - Original<\/title>\n<meta name=\"description\" content=\"Original Mavic Pro Propellers is one of the most important accessory. Contact us to buy Original Mavic Pro Propellers for best price\" \/>\n<meta name=\"robots\" content=\"index, follow, max-snippet:-1, max-image-preview:large, max-video-preview:-1\" \/>\n<link rel=\"canonical\" href=\"https:\/\/phukienflytech.vn\/en\/san-pham\/original-mavic-pro-propellers-2.html\" \/>\n<meta property=\"og:locale\" content=\"en_US\" \/>\n<meta property=\"og:type\" content=\"article\" \/>\n<meta property=\"og:title\" content=\"Original Mavic Pro Propellers - Mavic pro accessory - Available - Original\" \/>\n<meta property=\"og:description\" content=\"Original Mavic Pro Propellers is one of the most important accessory. Contact us to buy Original Mavic Pro Propellers for best price\" \/>\n<meta property=\"og:url\" content=\"https:\/\/phukienflytech.vn\/en\/san-pham\/original-mavic-pro-propellers-2.html\" \/>\n<meta property=\"og:site_name\" content=\"Shop M\u00e1y \u1ea3nh - Action Camera - Gimbal - Flycam - Ph\u1ee5 ki\u1ec7n\" \/>\n<meta property=\"article:publisher\" content=\"https:\/\/facebook.com\/phukienflycam\" \/>\n<meta property=\"article:modified_time\" content=\"2021-01-16T02:25:30+00:00\" \/>\n<meta property=\"og:image\" content=\"https:\/\/phukienflytech.vn\/wp-content\/uploads\/2020\/06\/300x300_canh-mavic-pro-chinh-hang-dji-phu-kien-flycam-dji-124_-_Copy.jpg\" \/>\n\t<meta property=\"og:image:width\" content=\"300\" \/>\n\t<meta property=\"og:image:height\" content=\"300\" \/>\n\t<meta property=\"og:image:type\" content=\"image\/jpeg\" \/>\n<meta name=\"twitter:card\" content=\"summary_large_image\" \/>\n<meta name=\"twitter:label1\" content=\"Est. reading time\" \/>\n\t<meta name=\"twitter:data1\" content=\"3 minutes\" \/>\n<script type=\"application\/ld+json\" class=\"yoast-schema-graph\">{\"@context\":\"https:\/\/schema.org\",\"@graph\":[{\"@type\":\"WebPage\",\"@id\":\"https:\/\/phukienflytech.vn\/en\/san-pham\/original-mavic-pro-propellers-2.html\",\"url\":\"https:\/\/phukienflytech.vn\/en\/san-pham\/original-mavic-pro-propellers-2.html\",\"name\":\"Original Mavic Pro Propellers - Mavic pro accessory - Available - Original\",\"isPartOf\":{\"@id\":\"https:\/\/phukienflytech.vn\/#website\"},\"primaryImageOfPage\":{\"@id\":\"https:\/\/phukienflytech.vn\/en\/san-pham\/original-mavic-pro-propellers-2.html#primaryimage\"},\"image\":{\"@id\":\"https:\/\/phukienflytech.vn\/en\/san-pham\/original-mavic-pro-propellers-2.html#primaryimage\"},\"thumbnailUrl\":\"https:\/\/phukienflytech.vn\/wp-content\/uploads\/2020\/06\/300x300_canh-mavic-pro-chinh-hang-dji-phu-kien-flycam-dji-124_-_Copy.jpg\",\"datePublished\":\"2020-06-23T05:47:03+00:00\",\"dateModified\":\"2021-01-16T02:25:30+00:00\",\"description\":\"Original Mavic Pro Propellers is one of the most important accessory. Contact us to buy Original Mavic Pro Propellers for best price\",\"breadcrumb\":{\"@id\":\"https:\/\/phukienflytech.vn\/en\/san-pham\/original-mavic-pro-propellers-2.html#breadcrumb\"},\"inLanguage\":\"en-US\",\"potentialAction\":[{\"@type\":\"ReadAction\",\"target\":[\"https:\/\/phukienflytech.vn\/en\/san-pham\/original-mavic-pro-propellers-2.html\"]}]},{\"@type\":\"ImageObject\",\"inLanguage\":\"en-US\",\"@id\":\"https:\/\/phukienflytech.vn\/en\/san-pham\/original-mavic-pro-propellers-2.html#primaryimage\",\"url\":\"https:\/\/phukienflytech.vn\/wp-content\/uploads\/2020\/06\/300x300_canh-mavic-pro-chinh-hang-dji-phu-kien-flycam-dji-124_-_Copy.jpg\",\"contentUrl\":\"https:\/\/phukienflytech.vn\/wp-content\/uploads\/2020\/06\/300x300_canh-mavic-pro-chinh-hang-dji-phu-kien-flycam-dji-124_-_Copy.jpg\",\"width\":300,\"height\":300},{\"@type\":\"BreadcrumbList\",\"@id\":\"https:\/\/phukienflytech.vn\/en\/san-pham\/original-mavic-pro-propellers-2.html#breadcrumb\",\"itemListElement\":[{\"@type\":\"ListItem\",\"position\":1,\"name\":\"Home\",\"item\":\"https:\/\/phukienflytech.vn\/en\"},{\"@type\":\"ListItem\",\"position\":2,\"name\":\"Ph\u1ee5 ki\u1ec7n Mavic Pro\",\"item\":\"https:\/\/phukienflytech.vn\/en\/phu-kien-mavic-pro.html\"},{\"@type\":\"ListItem\",\"position\":3,\"name\":\"DJI Osmo &amp; Drone's accessories\",\"item\":\"https:\/\/phukienflytech.vn\/en\/danh-muc\/dji-osmo-drones-accessories.html\"},{\"@type\":\"ListItem\",\"position\":4,\"name\":\"Mavic Pro Accessory\",\"item\":\"https:\/\/phukienflytech.vn\/en\/danh-muc\/mavic-pro-accessory.html\"},{\"@type\":\"ListItem\",\"position\":5,\"name\":\"Original Mavic Pro Propellers &#8211; DJI\"}]},{\"@type\":\"WebSite\",\"@id\":\"https:\/\/phukienflytech.vn\/#website\",\"url\":\"https:\/\/phukienflytech.vn\/\",\"name\":\"Shop M\u00e1y \u1ea3nh - Action Camera - Gimbal - Flycam - Ph\u1ee5 ki\u1ec7n\",\"description\":\"Shop M\u00e1y \u1ea3nh - Action Camera - Gimbal - Flycam - Ph\u1ee5 ki\u1ec7n\",\"publisher\":{\"@id\":\"https:\/\/phukienflytech.vn\/#organization\"},\"potentialAction\":[{\"@type\":\"SearchAction\",\"target\":{\"@type\":\"EntryPoint\",\"urlTemplate\":\"https:\/\/phukienflytech.vn\/?s={search_term_string}\"},\"query-input\":{\"@type\":\"PropertyValueSpecification\",\"valueRequired\":true,\"valueName\":\"search_term_string\"}}],\"inLanguage\":\"en-US\"},{\"@type\":\"Organization\",\"@id\":\"https:\/\/phukienflytech.vn\/#organization\",\"name\":\"DJI Store - Shop Drone, Action camera, Gimbal DJI |Phukienflytech\",\"alternateName\":\"DJI Store - Shop Drone, Action camera, Gimbal DJI |Phukienflytech\",\"url\":\"https:\/\/phukienflytech.vn\/\",\"logo\":{\"@type\":\"ImageObject\",\"inLanguage\":\"en-US\",\"@id\":\"https:\/\/phukienflytech.vn\/#\/schema\/logo\/image\/\",\"url\":\"https:\/\/phukienflytech.vn\/wp-content\/uploads\/2020\/05\/hAnh_nan.jpg1_.jpg\",\"contentUrl\":\"https:\/\/phukienflytech.vn\/wp-content\/uploads\/2020\/05\/hAnh_nan.jpg1_.jpg\",\"width\":800,\"height\":450,\"caption\":\"DJI Store - Shop Drone, Action camera, Gimbal DJI |Phukienflytech\"},\"image\":{\"@id\":\"https:\/\/phukienflytech.vn\/#\/schema\/logo\/image\/\"},\"sameAs\":[\"https:\/\/facebook.com\/phukienflycam\",\"https:\/\/www.youtube.com\/@phukienflytech\",\"https:\/\/www.tiktok.com\/@flytech.channel?fbclid=IwY2xjawGjg7BleHRuA2FlbQIxMAABHYVGmlXpuSMs0UB2zTpYvyT4GMVfN2qJa4urF4vkSQ6FAVBwXZtDP30qQA_aem_UwMiDcUvlEbd2tXAmsc8Og\"]}]}<\/script>\n<!-- \/ Yoast SEO plugin. -->","yoast_head_json":{"title":"Original Mavic Pro Propellers - Mavic pro accessory - Available - Original","description":"Original Mavic Pro Propellers is one of the most important accessory. Contact us to buy Original Mavic Pro Propellers for best price","robots":{"index":"index","follow":"follow","max-snippet":"max-snippet:-1","max-image-preview":"max-image-preview:large","max-video-preview":"max-video-preview:-1"},"canonical":"https:\/\/phukienflytech.vn\/en\/san-pham\/original-mavic-pro-propellers-2.html","og_locale":"en_US","og_type":"article","og_title":"Original Mavic Pro Propellers - Mavic pro accessory - Available - Original","og_description":"Original Mavic Pro Propellers is one of the most important accessory. Contact us to buy Original Mavic Pro Propellers for best price","og_url":"https:\/\/phukienflytech.vn\/en\/san-pham\/original-mavic-pro-propellers-2.html","og_site_name":"Shop M\u00e1y \u1ea3nh - Action Camera - Gimbal - Flycam - Ph\u1ee5 ki\u1ec7n","article_publisher":"https:\/\/facebook.com\/phukienflycam","article_modified_time":"2021-01-16T02:25:30+00:00","og_image":[{"width":300,"height":300,"url":"https:\/\/phukienflytech.vn\/wp-content\/uploads\/2020\/06\/300x300_canh-mavic-pro-chinh-hang-dji-phu-kien-flycam-dji-124_-_Copy.jpg","type":"image\/jpeg"}],"twitter_card":"summary_large_image","twitter_misc":{"Est. reading time":"3 minutes"},"schema":{"@context":"https:\/\/schema.org","@graph":[{"@type":"WebPage","@id":"https:\/\/phukienflytech.vn\/en\/san-pham\/original-mavic-pro-propellers-2.html","url":"https:\/\/phukienflytech.vn\/en\/san-pham\/original-mavic-pro-propellers-2.html","name":"Original Mavic Pro Propellers - Mavic pro accessory - Available - Original","isPartOf":{"@id":"https:\/\/phukienflytech.vn\/#website"},"primaryImageOfPage":{"@id":"https:\/\/phukienflytech.vn\/en\/san-pham\/original-mavic-pro-propellers-2.html#primaryimage"},"image":{"@id":"https:\/\/phukienflytech.vn\/en\/san-pham\/original-mavic-pro-propellers-2.html#primaryimage"},"thumbnailUrl":"https:\/\/phukienflytech.vn\/wp-content\/uploads\/2020\/06\/300x300_canh-mavic-pro-chinh-hang-dji-phu-kien-flycam-dji-124_-_Copy.jpg","datePublished":"2020-06-23T05:47:03+00:00","dateModified":"2021-01-16T02:25:30+00:00","description":"Original Mavic Pro Propellers is one of the most important accessory. Contact us to buy Original Mavic Pro Propellers for best price","breadcrumb":{"@id":"https:\/\/phukienflytech.vn\/en\/san-pham\/original-mavic-pro-propellers-2.html#breadcrumb"},"inLanguage":"en-US","potentialAction":[{"@type":"ReadAction","target":["https:\/\/phukienflytech.vn\/en\/san-pham\/original-mavic-pro-propellers-2.html"]}]},{"@type":"ImageObject","inLanguage":"en-US","@id":"https:\/\/phukienflytech.vn\/en\/san-pham\/original-mavic-pro-propellers-2.html#primaryimage","url":"https:\/\/phukienflytech.vn\/wp-content\/uploads\/2020\/06\/300x300_canh-mavic-pro-chinh-hang-dji-phu-kien-flycam-dji-124_-_Copy.jpg","contentUrl":"https:\/\/phukienflytech.vn\/wp-content\/uploads\/2020\/06\/300x300_canh-mavic-pro-chinh-hang-dji-phu-kien-flycam-dji-124_-_Copy.jpg","width":300,"height":300},{"@type":"BreadcrumbList","@id":"https:\/\/phukienflytech.vn\/en\/san-pham\/original-mavic-pro-propellers-2.html#breadcrumb","itemListElement":[{"@type":"ListItem","position":1,"name":"Home","item":"https:\/\/phukienflytech.vn\/en"},{"@type":"ListItem","position":2,"name":"Ph\u1ee5 ki\u1ec7n Mavic Pro","item":"https:\/\/phukienflytech.vn\/en\/phu-kien-mavic-pro.html"},{"@type":"ListItem","position":3,"name":"DJI Osmo &amp; Drone's accessories","item":"https:\/\/phukienflytech.vn\/en\/danh-muc\/dji-osmo-drones-accessories.html"},{"@type":"ListItem","position":4,"name":"Mavic Pro Accessory","item":"https:\/\/phukienflytech.vn\/en\/danh-muc\/mavic-pro-accessory.html"},{"@type":"ListItem","position":5,"name":"Original Mavic Pro Propellers &#8211; DJI"}]},{"@type":"WebSite","@id":"https:\/\/phukienflytech.vn\/#website","url":"https:\/\/phukienflytech.vn\/","name":"Shop M\u00e1y \u1ea3nh - Action Camera - Gimbal - Flycam - Ph\u1ee5 ki\u1ec7n","description":"Shop M\u00e1y \u1ea3nh - Action Camera - Gimbal - Flycam - Ph\u1ee5 ki\u1ec7n","publisher":{"@id":"https:\/\/phukienflytech.vn\/#organization"},"potentialAction":[{"@type":"SearchAction","target":{"@type":"EntryPoint","urlTemplate":"https:\/\/phukienflytech.vn\/?s={search_term_string}"},"query-input":{"@type":"PropertyValueSpecification","valueRequired":true,"valueName":"search_term_string"}}],"inLanguage":"en-US"},{"@type":"Organization","@id":"https:\/\/phukienflytech.vn\/#organization","name":"DJI Store - Shop Drone, Action camera, Gimbal DJI |Phukienflytech","alternateName":"DJI Store - Shop Drone, Action camera, Gimbal DJI |Phukienflytech","url":"https:\/\/phukienflytech.vn\/","logo":{"@type":"ImageObject","inLanguage":"en-US","@id":"https:\/\/phukienflytech.vn\/#\/schema\/logo\/image\/","url":"https:\/\/phukienflytech.vn\/wp-content\/uploads\/2020\/05\/hAnh_nan.jpg1_.jpg","contentUrl":"https:\/\/phukienflytech.vn\/wp-content\/uploads\/2020\/05\/hAnh_nan.jpg1_.jpg","width":800,"height":450,"caption":"DJI Store - Shop Drone, Action camera, Gimbal DJI |Phukienflytech"},"image":{"@id":"https:\/\/phukienflytech.vn\/#\/schema\/logo\/image\/"},"sameAs":["https:\/\/facebook.com\/phukienflycam","https:\/\/www.youtube.com\/@phukienflytech","https:\/\/www.tiktok.com\/@flytech.channel?fbclid=IwY2xjawGjg7BleHRuA2FlbQIxMAABHYVGmlXpuSMs0UB2zTpYvyT4GMVfN2qJa4urF4vkSQ6FAVBwXZtDP30qQA_aem_UwMiDcUvlEbd2tXAmsc8Og"]}]}},"_links":{"self":[{"href":"https:\/\/phukienflytech.vn\/en\/wp-json\/wp\/v2\/product\/6952","targetHints":{"allow":["GET"]}}],"collection":[{"href":"https:\/\/phukienflytech.vn\/en\/wp-json\/wp\/v2\/product"}],"about":[{"href":"https:\/\/phukienflytech.vn\/en\/wp-json\/wp\/v2\/types\/product"}],"replies":[{"embeddable":true,"href":"https:\/\/phukienflytech.vn\/en\/wp-json\/wp\/v2\/comments?post=6952"}],"wp:featuredmedia":[{"embeddable":true,"href":"https:\/\/phukienflytech.vn\/en\/wp-json\/wp\/v2\/media\/16466"}],"wp:attachment":[{"href":"https:\/\/phukienflytech.vn\/en\/wp-json\/wp\/v2\/media?parent=6952"}],"wp:term":[{"taxonomy":"product_brand","embeddable":true,"href":"https:\/\/phukienflytech.vn\/en\/wp-json\/wp\/v2\/product_brand?post=6952"},{"taxonomy":"product_cat","embeddable":true,"href":"https:\/\/phukienflytech.vn\/en\/wp-json\/wp\/v2\/product_cat?post=6952"},{"taxonomy":"product_tag","embeddable":true,"href":"https:\/\/phukienflytech.vn\/en\/wp-json\/wp\/v2\/product_tag?post=6952"}],"curies":[{"name":"wp","href":"https:\/\/api.w.org\/{rel}","templated":true}]}}