{"id":7661,"date":"2020-06-16T14:48:54","date_gmt":"2020-06-16T07:48:54","guid":{"rendered":"http:\/\/27430.lamdx.vinawebsite.vn\/san-pham\/khuech-song-mavic-pro-spark.html"},"modified":"2020-10-12T17:48:19","modified_gmt":"2020-10-12T10:48:19","slug":"antenna-booster-mavic-spark-2","status":"publish","type":"product","link":"https:\/\/phukienflytech.vn\/en\/san-pham\/antenna-booster-mavic-spark-2.html","title":{"rendered":"Extension antenna booster for Mavic Spark series"},"content":{"rendered":"<h2><span style=\"color: #0000ff;\"><em><strong><span style=\"font-size: 21px;\">Antenna booster Mavic Spark<\/span><\/strong><\/em><\/span><\/h2>\n<p class=\"fw_medium title_single_product\"><span style=\"font-size: 18px;\">Antenna booster Mavic Spark<\/span><\/p>\n<p><span style=\"font-size: 18px;\">Mavic pro l\u00e0 m\u1ed9t trong nh\u1eefng m\u1eabu flycam ti\u00eau bi\u1ec3u nh\u1ea5t \u0111\u01b0\u1ee3c ph\u00e1t h\u00e0nh b\u1edfi DJI trong n\u0103m 2017 kh\u00f4ng ch\u1ec9 v\u1ec1 thi\u1ebft k\u1ebf g\u1ecdn nh\u1eb9 v\u00e0 thu\u1eadn ti\u1ec7n cho di chuy\u1ec3n m\u00e0 c\u00f2n \u0111\u01b0\u1ee3c c\u1ea3i ti\u1ebfn c\u1ea3 v\u1ec1 b\u0103ng t\u1ea7n truy\u1ec1n s\u00f3ng, kh\u1ea3 n\u0103ng truy\u1ec1n h\u00ecnh \u1ea3nh t\u1eeb xa v\u00e0 kho\u1ea3ng c\u00e1ch \u0111i\u1ec1u khi\u1ec3n.<\/span><\/p>\n<p>&nbsp;<\/p>\n<p><span style=\"font-size: 18px;\">\u00a0<img loading=\"lazy\" decoding=\"async\" class=\"alignnone size-medium wp-image-11330\" src=\"https:\/\/phukienflytech.vn\/wp-content\/uploads\/2020\/06\/khuech-song-mavic-pro-spark-7651-4.jpg\" alt=\"\" width=\"450\" height=\"300\" \/> \u00a0\u00a0<\/span><\/p>\n<p>&nbsp;<\/p>\n<p><span style=\"font-size: 18px;\">V\u1edbi th\u00f4ng s\u1ed1 nh\u00e0 s\u1ea3n xu\u1ea5t th\u00ec chi\u1ebfc Mavic pro c\u1ee7a ch\u00fang ta c\u00f3 th\u1ec3 \u0111\u1ea1t \u0111\u1ed9 xa l\u00ean t\u1edbi 7km. Nh\u01b0ng th\u1ef1c t\u1ebf th\u00ec Mavic pro ch\u1ec9 \u0111\u1ea1t gi\u1edbi h\u1ea1n 3500m (12000ft) trong \u0111i\u1ec1u ki\u1ec7n bay thu\u1eadn l\u1ee3i nh\u1ea5t.<\/span><\/p>\n<p>&nbsp;<\/p>\n<p><span style=\"font-size: 18px;\"><img loading=\"lazy\" decoding=\"async\" class=\"alignnone size-medium wp-image-11332\" src=\"https:\/\/phukienflytech.vn\/wp-content\/uploads\/2020\/06\/khuech-song-mavic-pro-spark-7651-1-1.jpg\" alt=\"\" width=\"450\" height=\"253\" \/><\/span><\/p>\n<p>&nbsp;<\/p>\n<p><span style=\"font-size: 18px;\">Do v\u1eady, vi\u1ec7c s\u1eed d\u1ee5ng c\u00e1c lo\u1ea1i k\u00edch s\u00f3ng nh\u01b0\u00a0<a href=\"http:\/\/phukienflytech.vn\/san-pham\/mod-song-spark-mavic-dang-cay.html\" target=\"_blank\" rel=\"noopener noreferrer\">B\u1ed9 k\u00edch s\u00f3ng MOD Mavic pro \/ DJI Spark \u2013 d\u1ea1ng C\u00e2y\u00a0<\/a>ho\u1eb7c\u00a0<a href=\"http:\/\/phukienflytech.vn\/san-pham\/mod-song-spark-mavic-dang-tam.html\" target=\"_blank\" rel=\"noopener noreferrer\">B\u1ed9 k\u00edch s\u00f3ng MOD Mavic pro \/ DJI Spark \u2013 d\u1ea1ng T\u1ea5m<\/a><strong>\u00a0<\/strong>\u0111\u00e3 v\u00e0 \u0111ang \u0111\u01b0\u1ee3c s\u1eed d\u1ee5ng m\u1ed9t c\u00e1ch r\u1ed9ng r\u00e3i v\u00e0 \u0111\u00e3 l\u00e0m h\u00e0i l\u00f2ng h\u00e0ng ng\u00e0n Pilot Mavic pro.\u00a0<\/span><\/p>\n<p>&nbsp;<\/p>\n<p><span style=\"font-size: 18px;\"><img loading=\"lazy\" decoding=\"async\" class=\"alignnone wp-image-11334 size-thumbnail\" src=\"https:\/\/phukienflytech.vn\/wp-content\/uploads\/2020\/06\/khuech-song-mavic-pro-spark-7651-2-1-280x254.jpg\" alt=\"Antenna-booster-Mavic-Spark-1\" width=\"280\" height=\"254\" \/><\/span><\/p>\n<p>&nbsp;<\/p>\n<h3 style=\"text-align: center;\"><span style=\"font-size: 18px;\"><strong>\u1ea3nh b\u1ed9 khu\u1ebfch s\u00f3ng<\/strong><\/span><\/h3>\n<p><span style=\"font-size: 18px;\">Tuy nhi\u00ean, v\u1edbi nh\u1eefng ai ch\u01b0a th\u1ef1c s\u1ef1 t\u1ef1 tin trong vi\u1ec7c thay th\u1ebf anten c\u0169ng nh\u01b0 s\u1eb5n s\u00e0ng tinh th\u1ea7n cho chuy\u1ebfn \u0111i bay xa h\u01a1n nh\u01b0ng v\u1eabn mu\u1ed1n h\u00ecnh \u1ea3nh truy\u1ec1n v\u1ec1 \u1ed5n \u0111\u1ecbnh h\u01a1n, \u0111i\u1ec1u khi\u1ec3n xa h\u01a1n m\u1ed9t ch\u00fat th\u00ec th\u00ec b\u1ea1n h\u00e3y ch\u1ecdn ngay\u00a0<strong>Khu\u1ebfch s\u00f3ng Mavic Pro\/ Spark\u00a0<\/strong>\u0111\u1ec3 b\u1ed5 sung v\u00e0o b\u1ed9 s\u01b0u t\u1eadp\u00a0<strong>ph\u1ee5 ki\u1ec7n mavic pro\u00a0<\/strong>c\u1ee7a m\u00ecnh<\/span><\/p>\n<p><span style=\"font-size: 18px;\">\u0110\u01b0\u1ee3c thi\u1ebft k\u1ebf v\u1edbi m\u1ee5c \u0111\u00edch kh\u1ebfch \u0111\u1ea1i s\u00f3ng t\u1eeb chi\u1ebfc \u0111i\u1ec1u khi\u1ec3n mavic pro t\u1edbi m\u00e1y bay m\u1ed9t c\u00e1ch m\u1ea1nh nh\u1ea5t c\u00f3 th\u1ec3<\/span><\/p>\n<p><span style=\"font-size: 18px;\">&#8211; R\u1ea5t d\u1ec5 th\u00e1o, l\u1eafp<\/span><\/p>\n<p><span style=\"font-size: 18px;\">Nh\u00e0 s\u1ea3n xu\u1ea5t : Sunnylife \u2013 l\u00e0 m\u1ed9t trong nh\u1eefng Vendor cung c\u1ea5p c\u00e1c ph\u1ee5 ki\u1ec7n, linh ki\u1ec7n thay th\u1ebf cho DJI Flycam.<\/span><\/p>\n<p>&nbsp;<\/p>\n<p><span style=\"font-size: 18px;\"><img loading=\"lazy\" decoding=\"async\" class=\"alignnone wp-image-11336 size-thumbnail\" src=\"https:\/\/phukienflytech.vn\/wp-content\/uploads\/2020\/06\/khuech-song-mavic-pro-spark-7651-3-1-280x280.jpg\" alt=\"Antenna-booster-Mavic-Spark\" width=\"280\" height=\"280\" srcset=\"https:\/\/phukienflytech.vn\/wp-content\/uploads\/2020\/06\/khuech-song-mavic-pro-spark-7651-3-1-280x280.jpg 280w, https:\/\/phukienflytech.vn\/wp-content\/uploads\/2020\/06\/khuech-song-mavic-pro-spark-7651-3-1-300x300.jpg 300w, https:\/\/phukienflytech.vn\/wp-content\/uploads\/2020\/06\/khuech-song-mavic-pro-spark-7651-3-1-100x100.jpg 100w\" sizes=\"auto, (max-width: 280px) 100vw, 280px\" \/><\/span><\/p>\n<p>&nbsp;<\/p>\n<p><span style=\"font-size: 18px;\">H\u00e3y \u0111\u1ec3\u00a0<a href=\"https:\/\/facebook.com\/phukienflycam\/\" target=\"_blank\" rel=\"noopener noreferrer\">Ph\u1ee5 Ki\u1ec7n Fly-cam Gi\u00e1 T\u1ed1t<\/a>\u00a0ti\u1ebfp s\u1ee9c \u0111am m\u00ea, c\u00f4ng vi\u1ec7c c\u1ee7a b\u1ea1n, gi\u00fap b\u1ea1n th\u00eam ni\u1ec1m h\u1ee9ng kh\u1edfi trong \u0111am m\u00ea c\u0169ng nh\u01b0 c\u00f4ng vi\u1ec7c c\u1ee7a m\u00ecnh th\u00eam su\u00f4n s\u1ebb v\u00e0 c\u00f3 nh\u1eefng chuy\u1ebfn bay an to\u00e0n<\/span><\/p>\n","protected":false},"excerpt":{"rendered":"<p>Antenna booster Mavic Spark Antenna booster Mavic Spark Mavic pro l\u00e0 m\u1ed9t trong nh\u1eefng m\u1eabu flycam ti\u00eau bi\u1ec3u nh\u1ea5t \u0111\u01b0\u1ee3c ph\u00e1t h\u00e0nh b\u1edfi DJI trong n\u0103m 2017 kh\u00f4ng ch\u1ec9 v\u1ec1 thi\u1ebft k\u1ebf g\u1ecdn nh\u1eb9 v\u00e0 thu\u1eadn ti\u1ec7n cho di chuy\u1ec3n m\u00e0 c\u00f2n \u0111\u01b0\u1ee3c c\u1ea3i ti\u1ebfn c\u1ea3 v\u1ec1 b\u0103ng t\u1ea7n truy\u1ec1n s\u00f3ng, kh\u1ea3 n\u0103ng truy\u1ec1n h\u00ecnh &#8230;<\/p>\n","protected":false},"featured_media":16464,"comment_status":"open","ping_status":"closed","template":"","meta":{"_acf_changed":false},"product_brand":[],"product_cat":[184,178],"product_tag":[596,223,229],"class_list":{"0":"post-7661","1":"product","2":"type-product","3":"status-publish","4":"has-post-thumbnail","6":"product_cat-spark-accessory","7":"product_cat-mavic-pro-accessory","8":"product_tag-khuech-song-mavic-pro-spark-en","9":"product_tag-phu-kien-mavic-pro-en","10":"product_tag-phu-kien-spark-en","12":"first","13":"instock","14":"shipping-taxable","15":"purchasable","16":"product-type-simple"},"acf":[],"yoast_head":"<!-- This site is optimized with the Yoast SEO plugin v25.7 - https:\/\/yoast.com\/wordpress\/plugins\/seo\/ -->\n<title>Antenna booster Mavic Spark - Mavic Spark accessory - available<\/title>\n<meta name=\"description\" content=\"Antenna booster Mavic Spark is one of the most important accessory. Contact us to buy Antenna booster Mavic Spark for best price.\" \/>\n<meta name=\"robots\" content=\"index, follow, max-snippet:-1, max-image-preview:large, max-video-preview:-1\" \/>\n<link rel=\"canonical\" href=\"https:\/\/phukienflytech.vn\/en\/san-pham\/antenna-booster-mavic-spark-2.html\" \/>\n<meta property=\"og:locale\" content=\"en_US\" \/>\n<meta property=\"og:type\" content=\"article\" \/>\n<meta property=\"og:title\" content=\"Antenna booster Mavic Spark - Mavic Spark accessory - available\" \/>\n<meta property=\"og:description\" content=\"Antenna booster Mavic Spark is one of the most important accessory. Contact us to buy Antenna booster Mavic Spark for best price.\" \/>\n<meta property=\"og:url\" content=\"https:\/\/phukienflytech.vn\/en\/san-pham\/antenna-booster-mavic-spark-2.html\" \/>\n<meta property=\"og:site_name\" content=\"Shop M\u00e1y \u1ea3nh - Action Camera - Gimbal - Flycam - Ph\u1ee5 ki\u1ec7n\" \/>\n<meta property=\"article:publisher\" content=\"https:\/\/facebook.com\/phukienflycam\" \/>\n<meta property=\"article:modified_time\" content=\"2020-10-12T10:48:19+00:00\" \/>\n<meta property=\"og:image\" content=\"https:\/\/phukienflytech.vn\/wp-content\/uploads\/2020\/06\/300x300_kAch_sAng_mavic-3.png\" \/>\n\t<meta property=\"og:image:width\" content=\"300\" \/>\n\t<meta property=\"og:image:height\" content=\"300\" \/>\n\t<meta property=\"og:image:type\" content=\"image\/png\" \/>\n<meta name=\"twitter:card\" content=\"summary_large_image\" \/>\n<meta name=\"twitter:label1\" content=\"Est. reading time\" \/>\n\t<meta name=\"twitter:data1\" content=\"2 minutes\" \/>\n<script type=\"application\/ld+json\" class=\"yoast-schema-graph\">{\"@context\":\"https:\/\/schema.org\",\"@graph\":[{\"@type\":\"WebPage\",\"@id\":\"https:\/\/phukienflytech.vn\/en\/san-pham\/antenna-booster-mavic-spark-2.html\",\"url\":\"https:\/\/phukienflytech.vn\/en\/san-pham\/antenna-booster-mavic-spark-2.html\",\"name\":\"Antenna booster Mavic Spark - Mavic Spark accessory - available\",\"isPartOf\":{\"@id\":\"https:\/\/phukienflytech.vn\/#website\"},\"primaryImageOfPage\":{\"@id\":\"https:\/\/phukienflytech.vn\/en\/san-pham\/antenna-booster-mavic-spark-2.html#primaryimage\"},\"image\":{\"@id\":\"https:\/\/phukienflytech.vn\/en\/san-pham\/antenna-booster-mavic-spark-2.html#primaryimage\"},\"thumbnailUrl\":\"https:\/\/phukienflytech.vn\/wp-content\/uploads\/2020\/06\/300x300_kAch_sAng_mavic-3.png\",\"datePublished\":\"2020-06-16T07:48:54+00:00\",\"dateModified\":\"2020-10-12T10:48:19+00:00\",\"description\":\"Antenna booster Mavic Spark is one of the most important accessory. Contact us to buy Antenna booster Mavic Spark for best price.\",\"breadcrumb\":{\"@id\":\"https:\/\/phukienflytech.vn\/en\/san-pham\/antenna-booster-mavic-spark-2.html#breadcrumb\"},\"inLanguage\":\"en-US\",\"potentialAction\":[{\"@type\":\"ReadAction\",\"target\":[\"https:\/\/phukienflytech.vn\/en\/san-pham\/antenna-booster-mavic-spark-2.html\"]}]},{\"@type\":\"ImageObject\",\"inLanguage\":\"en-US\",\"@id\":\"https:\/\/phukienflytech.vn\/en\/san-pham\/antenna-booster-mavic-spark-2.html#primaryimage\",\"url\":\"https:\/\/phukienflytech.vn\/wp-content\/uploads\/2020\/06\/300x300_kAch_sAng_mavic-3.png\",\"contentUrl\":\"https:\/\/phukienflytech.vn\/wp-content\/uploads\/2020\/06\/300x300_kAch_sAng_mavic-3.png\",\"width\":300,\"height\":300},{\"@type\":\"BreadcrumbList\",\"@id\":\"https:\/\/phukienflytech.vn\/en\/san-pham\/antenna-booster-mavic-spark-2.html#breadcrumb\",\"itemListElement\":[{\"@type\":\"ListItem\",\"position\":1,\"name\":\"Home\",\"item\":\"https:\/\/phukienflytech.vn\/en\"},{\"@type\":\"ListItem\",\"position\":2,\"name\":\"Ph\u1ee5 ki\u1ec7n Mavic Pro\",\"item\":\"https:\/\/phukienflytech.vn\/en\/phu-kien-mavic-pro.html\"},{\"@type\":\"ListItem\",\"position\":3,\"name\":\"Ph\u1ee5 ki\u1ec7n DJI - Osmo\",\"item\":\"https:\/\/phukienflytech.vn\/danh-muc\/phu-kien-dji-osmo.html\"},{\"@type\":\"ListItem\",\"position\":4,\"name\":\"Ph\u1ee5 ki\u1ec7n flycam Mavic Pro\",\"item\":\"https:\/\/phukienflytech.vn\/danh-muc\/phu-kien-mavic-pro.html\"},{\"@type\":\"ListItem\",\"position\":5,\"name\":\"Extension antenna booster for Mavic Spark series\"}]},{\"@type\":\"WebSite\",\"@id\":\"https:\/\/phukienflytech.vn\/#website\",\"url\":\"https:\/\/phukienflytech.vn\/\",\"name\":\"Shop M\u00e1y \u1ea3nh - Action Camera - Gimbal - Flycam - Ph\u1ee5 ki\u1ec7n\",\"description\":\"Shop M\u00e1y \u1ea3nh - Action Camera - Gimbal - Flycam - Ph\u1ee5 ki\u1ec7n\",\"publisher\":{\"@id\":\"https:\/\/phukienflytech.vn\/#organization\"},\"potentialAction\":[{\"@type\":\"SearchAction\",\"target\":{\"@type\":\"EntryPoint\",\"urlTemplate\":\"https:\/\/phukienflytech.vn\/?s={search_term_string}\"},\"query-input\":{\"@type\":\"PropertyValueSpecification\",\"valueRequired\":true,\"valueName\":\"search_term_string\"}}],\"inLanguage\":\"en-US\"},{\"@type\":\"Organization\",\"@id\":\"https:\/\/phukienflytech.vn\/#organization\",\"name\":\"DJI Store - Shop Drone, Action camera, Gimbal DJI |Phukienflytech\",\"alternateName\":\"DJI Store - Shop Drone, Action camera, Gimbal DJI |Phukienflytech\",\"url\":\"https:\/\/phukienflytech.vn\/\",\"logo\":{\"@type\":\"ImageObject\",\"inLanguage\":\"en-US\",\"@id\":\"https:\/\/phukienflytech.vn\/#\/schema\/logo\/image\/\",\"url\":\"https:\/\/phukienflytech.vn\/wp-content\/uploads\/2020\/05\/hAnh_nan.jpg1_.jpg\",\"contentUrl\":\"https:\/\/phukienflytech.vn\/wp-content\/uploads\/2020\/05\/hAnh_nan.jpg1_.jpg\",\"width\":800,\"height\":450,\"caption\":\"DJI Store - Shop Drone, Action camera, Gimbal DJI |Phukienflytech\"},\"image\":{\"@id\":\"https:\/\/phukienflytech.vn\/#\/schema\/logo\/image\/\"},\"sameAs\":[\"https:\/\/facebook.com\/phukienflycam\",\"https:\/\/www.youtube.com\/@phukienflytech\",\"https:\/\/www.tiktok.com\/@flytech.channel?fbclid=IwY2xjawGjg7BleHRuA2FlbQIxMAABHYVGmlXpuSMs0UB2zTpYvyT4GMVfN2qJa4urF4vkSQ6FAVBwXZtDP30qQA_aem_UwMiDcUvlEbd2tXAmsc8Og\"]}]}<\/script>\n<!-- \/ Yoast SEO plugin. -->","yoast_head_json":{"title":"Antenna booster Mavic Spark - Mavic Spark accessory - available","description":"Antenna booster Mavic Spark is one of the most important accessory. Contact us to buy Antenna booster Mavic Spark for best price.","robots":{"index":"index","follow":"follow","max-snippet":"max-snippet:-1","max-image-preview":"max-image-preview:large","max-video-preview":"max-video-preview:-1"},"canonical":"https:\/\/phukienflytech.vn\/en\/san-pham\/antenna-booster-mavic-spark-2.html","og_locale":"en_US","og_type":"article","og_title":"Antenna booster Mavic Spark - Mavic Spark accessory - available","og_description":"Antenna booster Mavic Spark is one of the most important accessory. Contact us to buy Antenna booster Mavic Spark for best price.","og_url":"https:\/\/phukienflytech.vn\/en\/san-pham\/antenna-booster-mavic-spark-2.html","og_site_name":"Shop M\u00e1y \u1ea3nh - Action Camera - Gimbal - Flycam - Ph\u1ee5 ki\u1ec7n","article_publisher":"https:\/\/facebook.com\/phukienflycam","article_modified_time":"2020-10-12T10:48:19+00:00","og_image":[{"width":300,"height":300,"url":"https:\/\/phukienflytech.vn\/wp-content\/uploads\/2020\/06\/300x300_kAch_sAng_mavic-3.png","type":"image\/png"}],"twitter_card":"summary_large_image","twitter_misc":{"Est. reading time":"2 minutes"},"schema":{"@context":"https:\/\/schema.org","@graph":[{"@type":"WebPage","@id":"https:\/\/phukienflytech.vn\/en\/san-pham\/antenna-booster-mavic-spark-2.html","url":"https:\/\/phukienflytech.vn\/en\/san-pham\/antenna-booster-mavic-spark-2.html","name":"Antenna booster Mavic Spark - Mavic Spark accessory - available","isPartOf":{"@id":"https:\/\/phukienflytech.vn\/#website"},"primaryImageOfPage":{"@id":"https:\/\/phukienflytech.vn\/en\/san-pham\/antenna-booster-mavic-spark-2.html#primaryimage"},"image":{"@id":"https:\/\/phukienflytech.vn\/en\/san-pham\/antenna-booster-mavic-spark-2.html#primaryimage"},"thumbnailUrl":"https:\/\/phukienflytech.vn\/wp-content\/uploads\/2020\/06\/300x300_kAch_sAng_mavic-3.png","datePublished":"2020-06-16T07:48:54+00:00","dateModified":"2020-10-12T10:48:19+00:00","description":"Antenna booster Mavic Spark is one of the most important accessory. Contact us to buy Antenna booster Mavic Spark for best price.","breadcrumb":{"@id":"https:\/\/phukienflytech.vn\/en\/san-pham\/antenna-booster-mavic-spark-2.html#breadcrumb"},"inLanguage":"en-US","potentialAction":[{"@type":"ReadAction","target":["https:\/\/phukienflytech.vn\/en\/san-pham\/antenna-booster-mavic-spark-2.html"]}]},{"@type":"ImageObject","inLanguage":"en-US","@id":"https:\/\/phukienflytech.vn\/en\/san-pham\/antenna-booster-mavic-spark-2.html#primaryimage","url":"https:\/\/phukienflytech.vn\/wp-content\/uploads\/2020\/06\/300x300_kAch_sAng_mavic-3.png","contentUrl":"https:\/\/phukienflytech.vn\/wp-content\/uploads\/2020\/06\/300x300_kAch_sAng_mavic-3.png","width":300,"height":300},{"@type":"BreadcrumbList","@id":"https:\/\/phukienflytech.vn\/en\/san-pham\/antenna-booster-mavic-spark-2.html#breadcrumb","itemListElement":[{"@type":"ListItem","position":1,"name":"Home","item":"https:\/\/phukienflytech.vn\/en"},{"@type":"ListItem","position":2,"name":"Ph\u1ee5 ki\u1ec7n Mavic Pro","item":"https:\/\/phukienflytech.vn\/en\/phu-kien-mavic-pro.html"},{"@type":"ListItem","position":3,"name":"Ph\u1ee5 ki\u1ec7n DJI - Osmo","item":"https:\/\/phukienflytech.vn\/danh-muc\/phu-kien-dji-osmo.html"},{"@type":"ListItem","position":4,"name":"Ph\u1ee5 ki\u1ec7n flycam Mavic Pro","item":"https:\/\/phukienflytech.vn\/danh-muc\/phu-kien-mavic-pro.html"},{"@type":"ListItem","position":5,"name":"Extension antenna booster for Mavic Spark series"}]},{"@type":"WebSite","@id":"https:\/\/phukienflytech.vn\/#website","url":"https:\/\/phukienflytech.vn\/","name":"Shop M\u00e1y \u1ea3nh - Action Camera - Gimbal - Flycam - Ph\u1ee5 ki\u1ec7n","description":"Shop M\u00e1y \u1ea3nh - Action Camera - Gimbal - Flycam - Ph\u1ee5 ki\u1ec7n","publisher":{"@id":"https:\/\/phukienflytech.vn\/#organization"},"potentialAction":[{"@type":"SearchAction","target":{"@type":"EntryPoint","urlTemplate":"https:\/\/phukienflytech.vn\/?s={search_term_string}"},"query-input":{"@type":"PropertyValueSpecification","valueRequired":true,"valueName":"search_term_string"}}],"inLanguage":"en-US"},{"@type":"Organization","@id":"https:\/\/phukienflytech.vn\/#organization","name":"DJI Store - Shop Drone, Action camera, Gimbal DJI |Phukienflytech","alternateName":"DJI Store - Shop Drone, Action camera, Gimbal DJI |Phukienflytech","url":"https:\/\/phukienflytech.vn\/","logo":{"@type":"ImageObject","inLanguage":"en-US","@id":"https:\/\/phukienflytech.vn\/#\/schema\/logo\/image\/","url":"https:\/\/phukienflytech.vn\/wp-content\/uploads\/2020\/05\/hAnh_nan.jpg1_.jpg","contentUrl":"https:\/\/phukienflytech.vn\/wp-content\/uploads\/2020\/05\/hAnh_nan.jpg1_.jpg","width":800,"height":450,"caption":"DJI Store - Shop Drone, Action camera, Gimbal DJI |Phukienflytech"},"image":{"@id":"https:\/\/phukienflytech.vn\/#\/schema\/logo\/image\/"},"sameAs":["https:\/\/facebook.com\/phukienflycam","https:\/\/www.youtube.com\/@phukienflytech","https:\/\/www.tiktok.com\/@flytech.channel?fbclid=IwY2xjawGjg7BleHRuA2FlbQIxMAABHYVGmlXpuSMs0UB2zTpYvyT4GMVfN2qJa4urF4vkSQ6FAVBwXZtDP30qQA_aem_UwMiDcUvlEbd2tXAmsc8Og"]}]}},"_links":{"self":[{"href":"https:\/\/phukienflytech.vn\/en\/wp-json\/wp\/v2\/product\/7661","targetHints":{"allow":["GET"]}}],"collection":[{"href":"https:\/\/phukienflytech.vn\/en\/wp-json\/wp\/v2\/product"}],"about":[{"href":"https:\/\/phukienflytech.vn\/en\/wp-json\/wp\/v2\/types\/product"}],"replies":[{"embeddable":true,"href":"https:\/\/phukienflytech.vn\/en\/wp-json\/wp\/v2\/comments?post=7661"}],"wp:featuredmedia":[{"embeddable":true,"href":"https:\/\/phukienflytech.vn\/en\/wp-json\/wp\/v2\/media\/16464"}],"wp:attachment":[{"href":"https:\/\/phukienflytech.vn\/en\/wp-json\/wp\/v2\/media?parent=7661"}],"wp:term":[{"taxonomy":"product_brand","embeddable":true,"href":"https:\/\/phukienflytech.vn\/en\/wp-json\/wp\/v2\/product_brand?post=7661"},{"taxonomy":"product_cat","embeddable":true,"href":"https:\/\/phukienflytech.vn\/en\/wp-json\/wp\/v2\/product_cat?post=7661"},{"taxonomy":"product_tag","embeddable":true,"href":"https:\/\/phukienflytech.vn\/en\/wp-json\/wp\/v2\/product_tag?post=7661"}],"curies":[{"name":"wp","href":"https:\/\/api.w.org\/{rel}","templated":true}]}}