{"id":7714,"date":"2020-06-22T15:08:54","date_gmt":"2020-06-08T08:08:54","guid":{"rendered":"http:\/\/27430.lamdx.vinawebsite.vn?post_type=product&#038;p=7714"},"modified":"2020-10-08T18:15:47","modified_gmt":"2020-10-08T11:15:47","slug":"mavic-tablet-smart-phone-holder","status":"publish","type":"product","link":"https:\/\/phukienflytech.vn\/en\/san-pham\/mavic-tablet-smart-phone-holder.html","title":{"rendered":"Mavic 2 \/ Pro\/ Air \/ Spark seri tablet and smart phone holder"},"content":{"rendered":"<h2 class=\"fw_medium title_single_product\"><span style=\"color: #0000ff;\"><em><strong>Mavic tablet smart phone holder<\/strong><\/em><\/span><\/h2>\n<p>&nbsp;<\/p>\n<p><span style=\"font-size: 18px;\">Mavic tablet smart phone holder<\/span><\/p>\n<p><span style=\"font-size: 20px;\">H\u00e3ng DJI lu\u00f4n mu\u1ed1n t\u1ed1i gi\u1ea3n h\u00f3a k\u00edch th\u01b0\u1edbc c\u0169ng nh\u01b0 s\u1ef1 g\u1ecdn nh\u1eb9 c\u1ee7a s\u1ea3n ph\u1ea9m c\u1ea3 trong khi di chuy\u1ec3n l\u1eabn khi s\u1eed d\u1ee5ng. Tuy v\u1eady, v\u1edbi vi\u1ec7c t\u1ed1i gi\u1ea3n h\u00f3a v\u00e0 vi\u1ec7c s\u1eed d\u1ee5ng 2 g\u1ecdng k\u1eb9p \u1edf ph\u00eda d\u01b0\u1edbi sau c\u1ee7a chi\u1ebfc tay khi\u1ec3n d\u1eabn t\u1edbi m\u1ed9t s\u1ed1 b\u1ea5t ti\u1ec7n, \u0111\u1eb7c bi\u1ec7t l\u00e0 v\u1edbi nh\u1eefng\u00a0 Pilot c\u00f3 th\u00f3i quen s\u1eed d\u1ee5ng Phantom.<\/span><\/p>\n<p>&nbsp;<\/p>\n<p><span style=\"font-size: 20px;\"><img loading=\"lazy\" decoding=\"async\" class=\"alignnone size-full wp-image-11315\" src=\"https:\/\/phukienflytech.vn\/wp-content\/uploads\/2020\/06\/kep-giu-ipad-mavic-pro-air-platium-spark-7701-6.jpg\" alt=\"\" width=\"450\" height=\"236\" \/> \u00a0\u00a0\u00a0<\/span><\/p>\n<p>&nbsp;<\/p>\n<p><span style=\"font-size: 20px;\">\u0110\u01b0\u1ee3c thi\u1ebft k\u1ebf v\u1edbi m\u1ee5c \u0111\u00edch t\u1ea1o s\u1ef1 thu\u1eadn ti\u1ec7n c\u0169ng nh\u01b0 \u0111\u1ec3 support cho chi\u1ebfc Smart phone trong su\u1ed1t qu\u00e1 tr\u00ecnh s\u1eed d\u1ee5ng. \u0110\u1ed1i v\u1edbi nh\u1eefng Pilot c\u00f3 nhu c\u1ea7u s\u1eed d\u1ee5ng m\u00e1y t\u00ednh b\u1ea3ng, Ipad.. c\u00f3 k\u00edch th\u01b0\u1edbc m\u00e0n h\u00ecnh l\u1edbn h\u01a1n 6 inch th\u00ec l\u1ef1a ch\u1ecdn s\u1eed d\u1ee5ng chi\u1ebfc\u00a0<a href=\"http:\/\/phukienflytech.vn\/san-pham\/kep-giu-phone-mavic-spark.html\" target=\"_blank\" rel=\"noopener noreferrer\">K\u1eb9p gi\u1eef\u00a0 Phone \u2013 Mavic\/ Spark<\/a>\u00a0l\u00e0 t\u1ed1i \u01b0u nh\u1ea5t. C\u00f2n b\u1ea1n, n\u1ebfu ch\u1ec9 nhu c\u1ea7u l\u00e0 s\u1eed d\u1ee5ng chi\u1ebfc Smartphone th\u00ec h\u00e3y l\u1ef1a ngay\u00a0<strong>K\u1eb9p gi\u1eef Ipad Mavic Pro\/ Spark<\/strong>\u00a0n\u00e0y<\/span><\/p>\n<p>&nbsp;<\/p>\n<p><span style=\"font-size: 20px;\"><strong><img loading=\"lazy\" decoding=\"async\" class=\"alignnone wp-image-11317 size-medium\" src=\"https:\/\/phukienflytech.vn\/wp-content\/uploads\/2020\/06\/kep-giu-ipad-mavic-pro-air-platium-spark-7701-2-2-400x400.jpg\" alt=\"Mavic-tablet-smart-phone-holder\" width=\"400\" height=\"400\" srcset=\"https:\/\/phukienflytech.vn\/wp-content\/uploads\/2020\/06\/kep-giu-ipad-mavic-pro-air-platium-spark-7701-2-2-400x400.jpg 400w, https:\/\/phukienflytech.vn\/wp-content\/uploads\/2020\/06\/kep-giu-ipad-mavic-pro-air-platium-spark-7701-2-2-280x280.jpg 280w, https:\/\/phukienflytech.vn\/wp-content\/uploads\/2020\/06\/kep-giu-ipad-mavic-pro-air-platium-spark-7701-2-2-300x300.jpg 300w, https:\/\/phukienflytech.vn\/wp-content\/uploads\/2020\/06\/kep-giu-ipad-mavic-pro-air-platium-spark-7701-2-2-100x100.jpg 100w, https:\/\/phukienflytech.vn\/wp-content\/uploads\/2020\/06\/kep-giu-ipad-mavic-pro-air-platium-spark-7701-2-2.jpg 420w\" sizes=\"auto, (max-width: 400px) 100vw, 400px\" \/><\/strong><\/span><\/p>\n<p><span style=\"font-size: 20px;\">\u0110\u01b0\u1ee3c thi\u1ebft k\u1ebf v\u1edbi m\u1ee5c \u0111\u00edch t\u1ea1o s\u1ef1 thu\u1eadn ti\u1ec7n c\u0169ng nh\u01b0 \u0111\u1ec3 support cho chi\u1ebfc Ipad hay nh\u1eefng chi\u1ebfc m\u00e1y t\u00ednh b\u1ea3ng c\u00f3 k\u00edch th\u01b0\u1edbc l\u1edbn, lu\u00f4n \u0111\u01b0\u1ee3c xem l\u00e0 m\u1ed9t trong s\u1ed1 nh\u1eefng\u00a0<strong>ph\u1ee5 ki\u1ec7n mavic pro<\/strong>\u00a0c\u1ea7n thi\u1ebft nh\u1ea5t<\/span><\/p>\n<p><span style=\"font-size: 20px;\">Ch\u1ea5t li\u1ec7u:\u00a0 b\u1ed9 khung nh\u1ef1a c\u1ee9ng , tr\u00ean b\u1ec1 m\u1eb7t k\u1eb9p c\u00f3 \u0111\u01b0\u1ee3c b\u1ecdc m\u1ed9t l\u1edbp v\u1ea3i n\u1ec9 t\u1ea1o ra s\u1ef1 ch\u1eafc ch\u1eafn v\u00e0 \u00eam \u00e1i tr\u00e1nh \u1ea3nh h\u01b0\u1edfng t\u1edbi chi\u1ebfc Tablet<\/span><\/p>\n<p>&nbsp;<\/p>\n<p><span style=\"font-size: 20px;\"><img loading=\"lazy\" decoding=\"async\" class=\"alignnone size-medium wp-image-11319\" src=\"https:\/\/phukienflytech.vn\/wp-content\/uploads\/2020\/06\/kep-giu-ipad-mavic-pro-air-platium-spark-7701-4-2-400x400.jpg\" alt=\"\" width=\"400\" height=\"400\" srcset=\"https:\/\/phukienflytech.vn\/wp-content\/uploads\/2020\/06\/kep-giu-ipad-mavic-pro-air-platium-spark-7701-4-2-400x400.jpg 400w, https:\/\/phukienflytech.vn\/wp-content\/uploads\/2020\/06\/kep-giu-ipad-mavic-pro-air-platium-spark-7701-4-2-280x280.jpg 280w, https:\/\/phukienflytech.vn\/wp-content\/uploads\/2020\/06\/kep-giu-ipad-mavic-pro-air-platium-spark-7701-4-2-768x768.jpg 768w, https:\/\/phukienflytech.vn\/wp-content\/uploads\/2020\/06\/kep-giu-ipad-mavic-pro-air-platium-spark-7701-4-2.jpg 800w, https:\/\/phukienflytech.vn\/wp-content\/uploads\/2020\/06\/kep-giu-ipad-mavic-pro-air-platium-spark-7701-4-2-300x300.jpg 300w, https:\/\/phukienflytech.vn\/wp-content\/uploads\/2020\/06\/kep-giu-ipad-mavic-pro-air-platium-spark-7701-4-2-600x600.jpg 600w, https:\/\/phukienflytech.vn\/wp-content\/uploads\/2020\/06\/kep-giu-ipad-mavic-pro-air-platium-spark-7701-4-2-100x100.jpg 100w\" sizes=\"auto, (max-width: 400px) 100vw, 400px\" \/><\/span><\/p>\n<p><span style=\"font-size: 20px;\">K\u00edch th\u01b0\u1edbc h\u1ed7 tr\u1ee3: \u0110i\u1ec7n tho\u1ea1i v\u00e0\u00a0 C\u00e1c d\u00f2ng m\u00e1y t\u00ednh b\u1ea3ng<\/span><\/p>\n<p><span style=\"font-size: 20px;\">&#8211; R\u1ea5t d\u1ec5 th\u00e1o, l\u1eafp\u00a0<\/span><\/p>\n<p><span style=\"font-size: 20px;\">H\u00e3y \u0111\u1ec3\u00a0<a href=\"https:\/\/facebook.com\/phukienflycam\/\" target=\"_blank\" rel=\"noopener noreferrer\">Ph\u1ee5 Ki\u1ec7n Fly-cam Gi\u00e1 T\u1ed1t<\/a>\u00a0ti\u1ebfp s\u1ee9c \u0111am m\u00ea, c\u00f4ng vi\u1ec7c c\u1ee7a b\u1ea1n, gi\u00fap b\u1ea1n th\u00eam ni\u1ec1m h\u1ee9ng kh\u1edfi trong \u0111am m\u00ea c\u0169ng nh\u01b0 c\u00f4ng vi\u1ec7c c\u1ee7a m\u00ecnh th\u00eam su\u00f4n s\u1ebb v\u00e0 c\u00f3 nh\u1eefng chuy\u1ebfn bay an to\u00e0n<\/span><\/p>\n<p><span style=\"font-size: 20px;\">Nh\u00e0 s\u1ea3n xu\u1ea5t : Sunnylife \u2013 l\u00e0 m\u1ed9t trong nh\u1eefng Vendor cung c\u1ea5p c\u00e1c ph\u1ee5 ki\u1ec7n, linh ki\u1ec7n thay th\u1ebf cho DJI Flycam.<\/span><\/p>\n","protected":false},"excerpt":{"rendered":"<p>Mavic tablet smart phone holder &nbsp; Mavic tablet smart phone holder H\u00e3ng DJI lu\u00f4n mu\u1ed1n t\u1ed1i gi\u1ea3n h\u00f3a k\u00edch th\u01b0\u1edbc c\u0169ng nh\u01b0 s\u1ef1 g\u1ecdn nh\u1eb9 c\u1ee7a s\u1ea3n ph\u1ea9m c\u1ea3 trong khi di chuy\u1ec3n l\u1eabn khi s\u1eed d\u1ee5ng. Tuy v\u1eady, v\u1edbi vi\u1ec7c t\u1ed1i gi\u1ea3n h\u00f3a v\u00e0 vi\u1ec7c s\u1eed d\u1ee5ng 2 g\u1ecdng k\u1eb9p \u1edf ph\u00eda d\u01b0\u1edbi sau &#8230;<\/p>\n","protected":false},"featured_media":7881,"comment_status":"open","ping_status":"closed","template":"","meta":{"_acf_changed":false},"product_brand":[],"product_cat":[177,184,180,181,178],"product_tag":[600,202],"class_list":{"0":"post-7714","1":"product","2":"type-product","3":"status-publish","4":"has-post-thumbnail","6":"product_cat-mavic-2s-accessory","7":"product_cat-spark-accessory","8":"product_cat-mavic-air-accessory","9":"product_cat-mavic-mini-accessory","10":"product_cat-mavic-pro-accessory","11":"product_tag-kep-giu-ipad-mavic-pro-en","12":"product_tag-phu-kien-mavic-en","14":"first","15":"instock","16":"shipping-taxable","17":"purchasable","18":"product-type-simple"},"acf":[],"yoast_head":"<!-- This site is optimized with the Yoast SEO plugin v25.7 - https:\/\/yoast.com\/wordpress\/plugins\/seo\/ -->\n<title>Mavic tablet smart phone holder - Mavic accessory - Available - Original<\/title>\n<meta name=\"description\" content=\"Mavic tablet smart phone holder is one of the most important accessory. Contact us to buy Mavic tablet smart phone holder for best price.\" \/>\n<meta name=\"robots\" content=\"index, follow, max-snippet:-1, max-image-preview:large, max-video-preview:-1\" \/>\n<link rel=\"canonical\" href=\"https:\/\/phukienflytech.vn\/en\/san-pham\/mavic-tablet-smart-phone-holder.html\" \/>\n<meta property=\"og:locale\" content=\"en_US\" \/>\n<meta property=\"og:type\" content=\"article\" \/>\n<meta property=\"og:title\" content=\"Mavic tablet smart phone holder - Mavic accessory - Available - Original\" \/>\n<meta property=\"og:description\" content=\"Mavic tablet smart phone holder is one of the most important accessory. Contact us to buy Mavic tablet smart phone holder for best price.\" \/>\n<meta property=\"og:url\" content=\"https:\/\/phukienflytech.vn\/en\/san-pham\/mavic-tablet-smart-phone-holder.html\" \/>\n<meta property=\"og:site_name\" content=\"Shop M\u00e1y \u1ea3nh - Action Camera - Gimbal - Flycam - Ph\u1ee5 ki\u1ec7n\" \/>\n<meta property=\"article:publisher\" content=\"https:\/\/facebook.com\/phukienflycam\" \/>\n<meta property=\"article:modified_time\" content=\"2020-10-08T11:15:47+00:00\" \/>\n<meta property=\"og:image\" content=\"https:\/\/phukienflytech.vn\/wp-content\/uploads\/2020\/06\/300x300_kap-dien-thoai-mavic-pro-spark-2-pro-zoom-phu-kien-flycam-dji-123_-_Copy.jpg\" \/>\n\t<meta property=\"og:image:width\" content=\"300\" \/>\n\t<meta property=\"og:image:height\" content=\"300\" \/>\n\t<meta property=\"og:image:type\" content=\"image\/jpeg\" \/>\n<meta name=\"twitter:card\" content=\"summary_large_image\" \/>\n<meta name=\"twitter:label1\" content=\"Est. reading time\" \/>\n\t<meta name=\"twitter:data1\" content=\"2 minutes\" \/>\n<script type=\"application\/ld+json\" class=\"yoast-schema-graph\">{\"@context\":\"https:\/\/schema.org\",\"@graph\":[{\"@type\":\"WebPage\",\"@id\":\"https:\/\/phukienflytech.vn\/en\/san-pham\/mavic-tablet-smart-phone-holder.html\",\"url\":\"https:\/\/phukienflytech.vn\/en\/san-pham\/mavic-tablet-smart-phone-holder.html\",\"name\":\"Mavic tablet smart phone holder - Mavic accessory - Available - Original\",\"isPartOf\":{\"@id\":\"https:\/\/phukienflytech.vn\/#website\"},\"primaryImageOfPage\":{\"@id\":\"https:\/\/phukienflytech.vn\/en\/san-pham\/mavic-tablet-smart-phone-holder.html#primaryimage\"},\"image\":{\"@id\":\"https:\/\/phukienflytech.vn\/en\/san-pham\/mavic-tablet-smart-phone-holder.html#primaryimage\"},\"thumbnailUrl\":\"https:\/\/phukienflytech.vn\/wp-content\/uploads\/2020\/06\/300x300_kap-dien-thoai-mavic-pro-spark-2-pro-zoom-phu-kien-flycam-dji-123_-_Copy.jpg\",\"datePublished\":\"2020-06-08T08:08:54+00:00\",\"dateModified\":\"2020-10-08T11:15:47+00:00\",\"description\":\"Mavic tablet smart phone holder is one of the most important accessory. Contact us to buy Mavic tablet smart phone holder for best price.\",\"breadcrumb\":{\"@id\":\"https:\/\/phukienflytech.vn\/en\/san-pham\/mavic-tablet-smart-phone-holder.html#breadcrumb\"},\"inLanguage\":\"en-US\",\"potentialAction\":[{\"@type\":\"ReadAction\",\"target\":[\"https:\/\/phukienflytech.vn\/en\/san-pham\/mavic-tablet-smart-phone-holder.html\"]}]},{\"@type\":\"ImageObject\",\"inLanguage\":\"en-US\",\"@id\":\"https:\/\/phukienflytech.vn\/en\/san-pham\/mavic-tablet-smart-phone-holder.html#primaryimage\",\"url\":\"https:\/\/phukienflytech.vn\/wp-content\/uploads\/2020\/06\/300x300_kap-dien-thoai-mavic-pro-spark-2-pro-zoom-phu-kien-flycam-dji-123_-_Copy.jpg\",\"contentUrl\":\"https:\/\/phukienflytech.vn\/wp-content\/uploads\/2020\/06\/300x300_kap-dien-thoai-mavic-pro-spark-2-pro-zoom-phu-kien-flycam-dji-123_-_Copy.jpg\",\"width\":300,\"height\":300},{\"@type\":\"BreadcrumbList\",\"@id\":\"https:\/\/phukienflytech.vn\/en\/san-pham\/mavic-tablet-smart-phone-holder.html#breadcrumb\",\"itemListElement\":[{\"@type\":\"ListItem\",\"position\":1,\"name\":\"Home\",\"item\":\"https:\/\/phukienflytech.vn\/en\"},{\"@type\":\"ListItem\",\"position\":2,\"name\":\"Ph\u1ee5 ki\u1ec7n Mavic Pro\",\"item\":\"https:\/\/phukienflytech.vn\/en\/phu-kien-mavic-pro.html\"},{\"@type\":\"ListItem\",\"position\":3,\"name\":\"DJI Osmo &amp; Drone's accessories\",\"item\":\"https:\/\/phukienflytech.vn\/en\/danh-muc\/dji-osmo-drones-accessories.html\"},{\"@type\":\"ListItem\",\"position\":4,\"name\":\"Ph\u1ee5 ki\u1ec7n DJI Mavic 2\",\"item\":\"https:\/\/phukienflytech.vn\/en\/danh-muc\/mavic-2s-accessory.html\"},{\"@type\":\"ListItem\",\"position\":5,\"name\":\"Mavic 2 \/ Pro\/ Air \/ Spark seri tablet and smart phone holder\"}]},{\"@type\":\"WebSite\",\"@id\":\"https:\/\/phukienflytech.vn\/#website\",\"url\":\"https:\/\/phukienflytech.vn\/\",\"name\":\"Shop M\u00e1y \u1ea3nh - Action Camera - Gimbal - Flycam - Ph\u1ee5 ki\u1ec7n\",\"description\":\"Shop M\u00e1y \u1ea3nh - Action Camera - Gimbal - Flycam - Ph\u1ee5 ki\u1ec7n\",\"publisher\":{\"@id\":\"https:\/\/phukienflytech.vn\/#organization\"},\"potentialAction\":[{\"@type\":\"SearchAction\",\"target\":{\"@type\":\"EntryPoint\",\"urlTemplate\":\"https:\/\/phukienflytech.vn\/?s={search_term_string}\"},\"query-input\":{\"@type\":\"PropertyValueSpecification\",\"valueRequired\":true,\"valueName\":\"search_term_string\"}}],\"inLanguage\":\"en-US\"},{\"@type\":\"Organization\",\"@id\":\"https:\/\/phukienflytech.vn\/#organization\",\"name\":\"DJI Store - Shop Drone, Action camera, Gimbal DJI |Phukienflytech\",\"alternateName\":\"DJI Store - Shop Drone, Action camera, Gimbal DJI |Phukienflytech\",\"url\":\"https:\/\/phukienflytech.vn\/\",\"logo\":{\"@type\":\"ImageObject\",\"inLanguage\":\"en-US\",\"@id\":\"https:\/\/phukienflytech.vn\/#\/schema\/logo\/image\/\",\"url\":\"https:\/\/phukienflytech.vn\/wp-content\/uploads\/2020\/05\/hAnh_nan.jpg1_.jpg\",\"contentUrl\":\"https:\/\/phukienflytech.vn\/wp-content\/uploads\/2020\/05\/hAnh_nan.jpg1_.jpg\",\"width\":800,\"height\":450,\"caption\":\"DJI Store - Shop Drone, Action camera, Gimbal DJI |Phukienflytech\"},\"image\":{\"@id\":\"https:\/\/phukienflytech.vn\/#\/schema\/logo\/image\/\"},\"sameAs\":[\"https:\/\/facebook.com\/phukienflycam\",\"https:\/\/www.youtube.com\/@phukienflytech\",\"https:\/\/www.tiktok.com\/@flytech.channel?fbclid=IwY2xjawGjg7BleHRuA2FlbQIxMAABHYVGmlXpuSMs0UB2zTpYvyT4GMVfN2qJa4urF4vkSQ6FAVBwXZtDP30qQA_aem_UwMiDcUvlEbd2tXAmsc8Og\"]}]}<\/script>\n<!-- \/ Yoast SEO plugin. -->","yoast_head_json":{"title":"Mavic tablet smart phone holder - Mavic accessory - Available - Original","description":"Mavic tablet smart phone holder is one of the most important accessory. Contact us to buy Mavic tablet smart phone holder for best price.","robots":{"index":"index","follow":"follow","max-snippet":"max-snippet:-1","max-image-preview":"max-image-preview:large","max-video-preview":"max-video-preview:-1"},"canonical":"https:\/\/phukienflytech.vn\/en\/san-pham\/mavic-tablet-smart-phone-holder.html","og_locale":"en_US","og_type":"article","og_title":"Mavic tablet smart phone holder - Mavic accessory - Available - Original","og_description":"Mavic tablet smart phone holder is one of the most important accessory. Contact us to buy Mavic tablet smart phone holder for best price.","og_url":"https:\/\/phukienflytech.vn\/en\/san-pham\/mavic-tablet-smart-phone-holder.html","og_site_name":"Shop M\u00e1y \u1ea3nh - Action Camera - Gimbal - Flycam - Ph\u1ee5 ki\u1ec7n","article_publisher":"https:\/\/facebook.com\/phukienflycam","article_modified_time":"2020-10-08T11:15:47+00:00","og_image":[{"width":300,"height":300,"url":"https:\/\/phukienflytech.vn\/wp-content\/uploads\/2020\/06\/300x300_kap-dien-thoai-mavic-pro-spark-2-pro-zoom-phu-kien-flycam-dji-123_-_Copy.jpg","type":"image\/jpeg"}],"twitter_card":"summary_large_image","twitter_misc":{"Est. reading time":"2 minutes"},"schema":{"@context":"https:\/\/schema.org","@graph":[{"@type":"WebPage","@id":"https:\/\/phukienflytech.vn\/en\/san-pham\/mavic-tablet-smart-phone-holder.html","url":"https:\/\/phukienflytech.vn\/en\/san-pham\/mavic-tablet-smart-phone-holder.html","name":"Mavic tablet smart phone holder - Mavic accessory - Available - Original","isPartOf":{"@id":"https:\/\/phukienflytech.vn\/#website"},"primaryImageOfPage":{"@id":"https:\/\/phukienflytech.vn\/en\/san-pham\/mavic-tablet-smart-phone-holder.html#primaryimage"},"image":{"@id":"https:\/\/phukienflytech.vn\/en\/san-pham\/mavic-tablet-smart-phone-holder.html#primaryimage"},"thumbnailUrl":"https:\/\/phukienflytech.vn\/wp-content\/uploads\/2020\/06\/300x300_kap-dien-thoai-mavic-pro-spark-2-pro-zoom-phu-kien-flycam-dji-123_-_Copy.jpg","datePublished":"2020-06-08T08:08:54+00:00","dateModified":"2020-10-08T11:15:47+00:00","description":"Mavic tablet smart phone holder is one of the most important accessory. Contact us to buy Mavic tablet smart phone holder for best price.","breadcrumb":{"@id":"https:\/\/phukienflytech.vn\/en\/san-pham\/mavic-tablet-smart-phone-holder.html#breadcrumb"},"inLanguage":"en-US","potentialAction":[{"@type":"ReadAction","target":["https:\/\/phukienflytech.vn\/en\/san-pham\/mavic-tablet-smart-phone-holder.html"]}]},{"@type":"ImageObject","inLanguage":"en-US","@id":"https:\/\/phukienflytech.vn\/en\/san-pham\/mavic-tablet-smart-phone-holder.html#primaryimage","url":"https:\/\/phukienflytech.vn\/wp-content\/uploads\/2020\/06\/300x300_kap-dien-thoai-mavic-pro-spark-2-pro-zoom-phu-kien-flycam-dji-123_-_Copy.jpg","contentUrl":"https:\/\/phukienflytech.vn\/wp-content\/uploads\/2020\/06\/300x300_kap-dien-thoai-mavic-pro-spark-2-pro-zoom-phu-kien-flycam-dji-123_-_Copy.jpg","width":300,"height":300},{"@type":"BreadcrumbList","@id":"https:\/\/phukienflytech.vn\/en\/san-pham\/mavic-tablet-smart-phone-holder.html#breadcrumb","itemListElement":[{"@type":"ListItem","position":1,"name":"Home","item":"https:\/\/phukienflytech.vn\/en"},{"@type":"ListItem","position":2,"name":"Ph\u1ee5 ki\u1ec7n Mavic Pro","item":"https:\/\/phukienflytech.vn\/en\/phu-kien-mavic-pro.html"},{"@type":"ListItem","position":3,"name":"DJI Osmo &amp; Drone's accessories","item":"https:\/\/phukienflytech.vn\/en\/danh-muc\/dji-osmo-drones-accessories.html"},{"@type":"ListItem","position":4,"name":"Ph\u1ee5 ki\u1ec7n DJI Mavic 2","item":"https:\/\/phukienflytech.vn\/en\/danh-muc\/mavic-2s-accessory.html"},{"@type":"ListItem","position":5,"name":"Mavic 2 \/ Pro\/ Air \/ Spark seri tablet and smart phone holder"}]},{"@type":"WebSite","@id":"https:\/\/phukienflytech.vn\/#website","url":"https:\/\/phukienflytech.vn\/","name":"Shop M\u00e1y \u1ea3nh - Action Camera - Gimbal - Flycam - Ph\u1ee5 ki\u1ec7n","description":"Shop M\u00e1y \u1ea3nh - Action Camera - Gimbal - Flycam - Ph\u1ee5 ki\u1ec7n","publisher":{"@id":"https:\/\/phukienflytech.vn\/#organization"},"potentialAction":[{"@type":"SearchAction","target":{"@type":"EntryPoint","urlTemplate":"https:\/\/phukienflytech.vn\/?s={search_term_string}"},"query-input":{"@type":"PropertyValueSpecification","valueRequired":true,"valueName":"search_term_string"}}],"inLanguage":"en-US"},{"@type":"Organization","@id":"https:\/\/phukienflytech.vn\/#organization","name":"DJI Store - Shop Drone, Action camera, Gimbal DJI |Phukienflytech","alternateName":"DJI Store - Shop Drone, Action camera, Gimbal DJI |Phukienflytech","url":"https:\/\/phukienflytech.vn\/","logo":{"@type":"ImageObject","inLanguage":"en-US","@id":"https:\/\/phukienflytech.vn\/#\/schema\/logo\/image\/","url":"https:\/\/phukienflytech.vn\/wp-content\/uploads\/2020\/05\/hAnh_nan.jpg1_.jpg","contentUrl":"https:\/\/phukienflytech.vn\/wp-content\/uploads\/2020\/05\/hAnh_nan.jpg1_.jpg","width":800,"height":450,"caption":"DJI Store - Shop Drone, Action camera, Gimbal DJI |Phukienflytech"},"image":{"@id":"https:\/\/phukienflytech.vn\/#\/schema\/logo\/image\/"},"sameAs":["https:\/\/facebook.com\/phukienflycam","https:\/\/www.youtube.com\/@phukienflytech","https:\/\/www.tiktok.com\/@flytech.channel?fbclid=IwY2xjawGjg7BleHRuA2FlbQIxMAABHYVGmlXpuSMs0UB2zTpYvyT4GMVfN2qJa4urF4vkSQ6FAVBwXZtDP30qQA_aem_UwMiDcUvlEbd2tXAmsc8Og"]}]}},"_links":{"self":[{"href":"https:\/\/phukienflytech.vn\/en\/wp-json\/wp\/v2\/product\/7714","targetHints":{"allow":["GET"]}}],"collection":[{"href":"https:\/\/phukienflytech.vn\/en\/wp-json\/wp\/v2\/product"}],"about":[{"href":"https:\/\/phukienflytech.vn\/en\/wp-json\/wp\/v2\/types\/product"}],"replies":[{"embeddable":true,"href":"https:\/\/phukienflytech.vn\/en\/wp-json\/wp\/v2\/comments?post=7714"}],"wp:featuredmedia":[{"embeddable":true,"href":"https:\/\/phukienflytech.vn\/en\/wp-json\/wp\/v2\/media\/7881"}],"wp:attachment":[{"href":"https:\/\/phukienflytech.vn\/en\/wp-json\/wp\/v2\/media?parent=7714"}],"wp:term":[{"taxonomy":"product_brand","embeddable":true,"href":"https:\/\/phukienflytech.vn\/en\/wp-json\/wp\/v2\/product_brand?post=7714"},{"taxonomy":"product_cat","embeddable":true,"href":"https:\/\/phukienflytech.vn\/en\/wp-json\/wp\/v2\/product_cat?post=7714"},{"taxonomy":"product_tag","embeddable":true,"href":"https:\/\/phukienflytech.vn\/en\/wp-json\/wp\/v2\/product_tag?post=7714"}],"curies":[{"name":"wp","href":"https:\/\/api.w.org\/{rel}","templated":true}]}}