{"id":7751,"date":"2020-06-22T15:27:25","date_gmt":"2020-06-22T08:27:25","guid":{"rendered":"http:\/\/27430.lamdx.vinawebsite.vn\/san-pham\/kep-tablet-smart-phone-mavic-pro-seri-spark-new-model.html"},"modified":"2020-10-09T12:03:42","modified_gmt":"2020-10-09T05:03:42","slug":"tablet-smart-phone-holder-for-mavic","status":"publish","type":"product","link":"https:\/\/phukienflytech.vn\/en\/san-pham\/tablet-smart-phone-holder-for-mavic.html","title":{"rendered":"Tablet and Smart phone holder for Mavic \/ Sprark series &#8211; New Model"},"content":{"rendered":"<h2 class=\"fw_medium title_single_product\"><span style=\"color: #0000ff;\"><em><strong>Tablet Smart phone holder for Mavic<\/strong><\/em><\/span><\/h2>\n<p>&nbsp;<\/p>\n<p><span style=\"font-size: 18px;\">Tablet Smart phone holder for Mavic<\/span><\/p>\n<p><span style=\"font-size: 18px;\">\u0110\u1ed1i v\u1edbi nh\u00e0 s\u1ea3n xu\u1ea5t vi\u1ec7c t\u1ed1i gi\u1ea3n h\u00f3a k\u00edch th\u01b0\u1edbc,\u00a0 n\u00e2ng c\u1ea5p thi\u1ebft k\u1ebf c\u0169ng nh\u01b0 t\u1ea1o s\u1ef1 thu\u1eadn ti\u1ec7n cho ng\u01b0\u1eddi d\u00f9ng l\u00e0 \u0111i\u1ec7u v\u00f4 c\u00f9ng quan tr\u1ecdng. Ch\u00ednh v\u00ec v\u1eady \u0111\u1ec3 t\u1ea1o cho nh\u1eefng ng\u01b0\u1eddi d\u00f9ng c\u00f3 nhu c\u1ea7u s\u1eed d\u1ee5ng nh\u1eefng chi\u1ebfc ipad kh\u1ed5 l\u1edbn c\u00f3 c\u1ea3m gi\u00e1c tho\u1ea3i m\u00e1i c\u0169ng nh\u01b0 thu\u1eadn ti\u1ec7n nh\u1ea5t khi s\u1eed d\u1ee5ng\u00a0 h\u00e3ng DJI \u0111\u00e3 cho ra m\u1eaft <strong><em>K\u1eb9p Tablet &#8211; Smart phone &#8211; mavic pro seri\/ spark- new model<\/em><\/strong><\/span><\/p>\n<div><\/div>\n<p><span style=\"font-size: 18px;\"><img loading=\"lazy\" decoding=\"async\" class=\"alignnone size-medium wp-image-11296\" src=\"https:\/\/phukienflytech.vn\/wp-content\/uploads\/2020\/06\/kep-tablet-smart-phone-mavic-pro-seri-spark-new-model-7726-1-3-400x400.jpg\" alt=\"\" width=\"400\" height=\"400\" srcset=\"https:\/\/phukienflytech.vn\/wp-content\/uploads\/2020\/06\/kep-tablet-smart-phone-mavic-pro-seri-spark-new-model-7726-1-3-400x400.jpg 400w, https:\/\/phukienflytech.vn\/wp-content\/uploads\/2020\/06\/kep-tablet-smart-phone-mavic-pro-seri-spark-new-model-7726-1-3-280x280.jpg 280w, https:\/\/phukienflytech.vn\/wp-content\/uploads\/2020\/06\/kep-tablet-smart-phone-mavic-pro-seri-spark-new-model-7726-1-3-768x768.jpg 768w, https:\/\/phukienflytech.vn\/wp-content\/uploads\/2020\/06\/kep-tablet-smart-phone-mavic-pro-seri-spark-new-model-7726-1-3-800x800.jpg 800w, https:\/\/phukienflytech.vn\/wp-content\/uploads\/2020\/06\/kep-tablet-smart-phone-mavic-pro-seri-spark-new-model-7726-1-3-300x300.jpg 300w, https:\/\/phukienflytech.vn\/wp-content\/uploads\/2020\/06\/kep-tablet-smart-phone-mavic-pro-seri-spark-new-model-7726-1-3-600x600.jpg 600w, https:\/\/phukienflytech.vn\/wp-content\/uploads\/2020\/06\/kep-tablet-smart-phone-mavic-pro-seri-spark-new-model-7726-1-3-100x100.jpg 100w, https:\/\/phukienflytech.vn\/wp-content\/uploads\/2020\/06\/kep-tablet-smart-phone-mavic-pro-seri-spark-new-model-7726-1-3.jpg 900w\" sizes=\"auto, (max-width: 400px) 100vw, 400px\" \/><\/span><\/p>\n<p>&nbsp;<\/p>\n<h2><span style=\"font-size: 21px; color: #0000ff;\"><strong><em>\u0110\u1eb7c \u0111i\u1ec3m s\u1ea3n ph\u1ea9m k\u1eb9p Ipad Mavic Pro\/ Mavic 2 Pro\/ Mavic 2 Zoom, Spark<\/em><\/strong><\/span><\/h2>\n<p>&nbsp;<\/p>\n<p><span style=\"font-size: 18px;\"><img loading=\"lazy\" decoding=\"async\" class=\"alignnone wp-image-11300 size-medium\" src=\"https:\/\/phukienflytech.vn\/wp-content\/uploads\/2020\/06\/kep-tablet-smart-phone-mavic-pro-seri-spark-new-model-7726-1-4-400x400.jpg\" alt=\"Tablet-Smart-phone-holder-for-Mavic-6\" width=\"400\" height=\"400\" srcset=\"https:\/\/phukienflytech.vn\/wp-content\/uploads\/2020\/06\/kep-tablet-smart-phone-mavic-pro-seri-spark-new-model-7726-1-4-400x400.jpg 400w, https:\/\/phukienflytech.vn\/wp-content\/uploads\/2020\/06\/kep-tablet-smart-phone-mavic-pro-seri-spark-new-model-7726-1-4-280x280.jpg 280w, https:\/\/phukienflytech.vn\/wp-content\/uploads\/2020\/06\/kep-tablet-smart-phone-mavic-pro-seri-spark-new-model-7726-1-4-768x768.jpg 768w, https:\/\/phukienflytech.vn\/wp-content\/uploads\/2020\/06\/kep-tablet-smart-phone-mavic-pro-seri-spark-new-model-7726-1-4-800x800.jpg 800w, https:\/\/phukienflytech.vn\/wp-content\/uploads\/2020\/06\/kep-tablet-smart-phone-mavic-pro-seri-spark-new-model-7726-1-4-300x300.jpg 300w, https:\/\/phukienflytech.vn\/wp-content\/uploads\/2020\/06\/kep-tablet-smart-phone-mavic-pro-seri-spark-new-model-7726-1-4-600x600.jpg 600w, https:\/\/phukienflytech.vn\/wp-content\/uploads\/2020\/06\/kep-tablet-smart-phone-mavic-pro-seri-spark-new-model-7726-1-4-100x100.jpg 100w, https:\/\/phukienflytech.vn\/wp-content\/uploads\/2020\/06\/kep-tablet-smart-phone-mavic-pro-seri-spark-new-model-7726-1-4.jpg 900w\" sizes=\"auto, (max-width: 400px) 100vw, 400px\" \/><\/span><\/p>\n<p>&nbsp;<\/p>\n<p><span style=\"font-size: 18px;\">V\u1edbi nh\u1eefng thi\u1ebft k\u1ebf c\u1ea3i ti\u1ebfn m\u1edbi k\u1eb9p ipad mavic pro\/ mavic 2 pro\/ mavic 2 zoom c\u00f3 th\u1ec3 mang l\u1ea1i cho ng\u01b0\u1eddi d\u00f9ng c\u1ea3m gi\u00e1c tho\u1ea3i m\u00e3i nh\u1ea5t khi s\u1eed d\u1ee5ng.<\/span><\/p>\n<p>&nbsp;<\/p>\n<p><span style=\"font-size: 18px;\"><img loading=\"lazy\" decoding=\"async\" class=\"alignnone wp-image-11298 size-medium\" src=\"https:\/\/phukienflytech.vn\/wp-content\/uploads\/2020\/06\/kep-tablet-smart-phone-mavic-pro-seri-spark-new-model-7726-6-400x400.jpg\" alt=\"Tablet-Smart-phone-holder-for-Mavic\" width=\"400\" height=\"400\" srcset=\"https:\/\/phukienflytech.vn\/wp-content\/uploads\/2020\/06\/kep-tablet-smart-phone-mavic-pro-seri-spark-new-model-7726-6-400x400.jpg 400w, https:\/\/phukienflytech.vn\/wp-content\/uploads\/2020\/06\/kep-tablet-smart-phone-mavic-pro-seri-spark-new-model-7726-6-280x280.jpg 280w, https:\/\/phukienflytech.vn\/wp-content\/uploads\/2020\/06\/kep-tablet-smart-phone-mavic-pro-seri-spark-new-model-7726-6-768x768.jpg 768w, https:\/\/phukienflytech.vn\/wp-content\/uploads\/2020\/06\/kep-tablet-smart-phone-mavic-pro-seri-spark-new-model-7726-6-800x800.jpg 800w, https:\/\/phukienflytech.vn\/wp-content\/uploads\/2020\/06\/kep-tablet-smart-phone-mavic-pro-seri-spark-new-model-7726-6-300x300.jpg 300w, https:\/\/phukienflytech.vn\/wp-content\/uploads\/2020\/06\/kep-tablet-smart-phone-mavic-pro-seri-spark-new-model-7726-6-600x600.jpg 600w, https:\/\/phukienflytech.vn\/wp-content\/uploads\/2020\/06\/kep-tablet-smart-phone-mavic-pro-seri-spark-new-model-7726-6-100x100.jpg 100w, https:\/\/phukienflytech.vn\/wp-content\/uploads\/2020\/06\/kep-tablet-smart-phone-mavic-pro-seri-spark-new-model-7726-6.jpg 900w\" sizes=\"auto, (max-width: 400px) 100vw, 400px\" \/><\/span><\/p>\n<p>&nbsp;<\/p>\n<ul>\n<li><span style=\"font-size: 18px;\">K\u00edch th\u01b0\u1edbc h\u1ed7 tr\u1ee3: 5 inch &#8211; 11.3 inch<\/span><\/li>\n<li><span style=\"font-size: 18px;\">Ch\u1ea5t li\u1ec7u : nh\u1ef1a in 3D\u00a0<\/span><\/li>\n<li><span style=\"font-size: 18px;\">B\u1ec1 m\u1eb7t k\u1eb9p \u0111\u01b0\u1ee3c b\u1ecdc m\u1ed9t l\u1edbp v\u1ea3i n\u1ec9<\/span><\/li>\n<li><span style=\"font-size: 18px;\">K\u1eb9p si\u1ebft b\u1edfi l\u1ef1c k\u00e9o l\u00f2 xo ch\u1eafc ch\u1eafn\u00a0 m\u00e0kh\u00f4ng l\u00e0m \u1ea3nh h\u01b0\u1edfng \u0111\u1ebfn thi\u1ebft b\u1ecb c\u1ee7a b\u1ea1n<\/span><\/li>\n<li><span style=\"font-size: 18px;\">M\u00e0u s\u1eafc : \u0111en tuy\u1ec1n<\/span><\/li>\n<li><span style=\"font-size: 18px;\">\u0110\u1eb7c bi\u1ec7t v\u1edbi thi\u1ebft k\u1ebf v\u00f4 c\u00f9ng th\u00f4ng minh k\u1eb9p ipad mavic spark gi\u00fap ng\u01b0\u1eddi d\u00f9ng c\u00f3 th\u1ec3 d\u1ec5 d\u00e0ng th\u00f3a l\u1eafp khi s\u1eed d\u1ee5ng.<\/span><\/li>\n<\/ul>\n<p>&nbsp;<\/p>\n<p><span style=\"font-size: 18px;\"><img loading=\"lazy\" decoding=\"async\" class=\"alignnone size-medium wp-image-11302\" src=\"https:\/\/phukienflytech.vn\/wp-content\/uploads\/2020\/06\/kep-tablet-smart-phone-mavic-pro-seri-spark-new-model-7726-3-2-400x400.jpg\" alt=\"\" width=\"400\" height=\"400\" srcset=\"https:\/\/phukienflytech.vn\/wp-content\/uploads\/2020\/06\/kep-tablet-smart-phone-mavic-pro-seri-spark-new-model-7726-3-2-400x400.jpg 400w, https:\/\/phukienflytech.vn\/wp-content\/uploads\/2020\/06\/kep-tablet-smart-phone-mavic-pro-seri-spark-new-model-7726-3-2-280x280.jpg 280w, https:\/\/phukienflytech.vn\/wp-content\/uploads\/2020\/06\/kep-tablet-smart-phone-mavic-pro-seri-spark-new-model-7726-3-2-768x768.jpg 768w, https:\/\/phukienflytech.vn\/wp-content\/uploads\/2020\/06\/kep-tablet-smart-phone-mavic-pro-seri-spark-new-model-7726-3-2-800x800.jpg 800w, https:\/\/phukienflytech.vn\/wp-content\/uploads\/2020\/06\/kep-tablet-smart-phone-mavic-pro-seri-spark-new-model-7726-3-2-300x300.jpg 300w, https:\/\/phukienflytech.vn\/wp-content\/uploads\/2020\/06\/kep-tablet-smart-phone-mavic-pro-seri-spark-new-model-7726-3-2-600x600.jpg 600w, https:\/\/phukienflytech.vn\/wp-content\/uploads\/2020\/06\/kep-tablet-smart-phone-mavic-pro-seri-spark-new-model-7726-3-2-100x100.jpg 100w, https:\/\/phukienflytech.vn\/wp-content\/uploads\/2020\/06\/kep-tablet-smart-phone-mavic-pro-seri-spark-new-model-7726-3-2.jpg 900w\" sizes=\"auto, (max-width: 400px) 100vw, 400px\" \/><\/span><\/p>\n<p>&nbsp;<\/p>\n<h2><span style=\"font-size: 21px; color: #0000ff;\"><em><strong>Mua ph\u1ee5 ki\u1ec7n flycam DJI phantom,Mavic,Spark \u1edf \u0111\u00e2u?<\/strong><\/em><\/span><\/h2>\n<p><span style=\"font-size: 18px;\"><em><strong><a href=\"https:\/\/facebook.com\/phukienflycam\">Ph\u1ee5 Ki\u1ec7n Flytech Gi\u00e1 T\u1ed1t<\/a><\/strong><\/em>\u00a0h\u00e2n h\u1ea1nh \u0111em l\u1ea1i c\u00e1c m\u1eabu s\u1ea3n ph\u1ea9m Balo phatom ch\u00ednh h\u00e3ng t\u1ed1t nh\u1ea5t ph\u1ee5c v\u1ee5 \u0111am m\u00ea, v\u00e0 c\u00f4ng vi\u1ec7c c\u1ee7a c\u00e1c b\u1ea1n, h\u00e3y \u0111\u1ec3 ch\u00fang t\u00f4i ti\u1ebfp s\u1ee9c \u0111am m\u00ea, c\u00f4ng vi\u1ec7c c\u1ee7a b\u1ea1n, gi\u00fap b\u1ea1n th\u00eam ni\u1ec1m h\u1ee9ng kh\u1edfi trong \u0111am m\u00ea c\u0169ng nh\u01b0 c\u00f4ng vi\u1ec7c c\u1ee7a m\u00ecnh th\u00eam su\u00f4n s\u1ebb<\/span><\/p>\n<p>&nbsp;<\/p>\n<p><span style=\"font-size: 18px;\"><img loading=\"lazy\" decoding=\"async\" class=\"alignnone size-medium wp-image-11304\" src=\"https:\/\/phukienflytech.vn\/wp-content\/uploads\/2020\/06\/kep-tablet-smart-phone-mavic-pro-seri-spark-new-model-7726-4-1-800x251.png\" alt=\"\" width=\"800\" height=\"251\" srcset=\"https:\/\/phukienflytech.vn\/wp-content\/uploads\/2020\/06\/kep-tablet-smart-phone-mavic-pro-seri-spark-new-model-7726-4-1-800x251.png 800w, https:\/\/phukienflytech.vn\/wp-content\/uploads\/2020\/06\/kep-tablet-smart-phone-mavic-pro-seri-spark-new-model-7726-4-1-768x241.png 768w, https:\/\/phukienflytech.vn\/wp-content\/uploads\/2020\/06\/kep-tablet-smart-phone-mavic-pro-seri-spark-new-model-7726-4-1-600x188.png 600w, https:\/\/phukienflytech.vn\/wp-content\/uploads\/2020\/06\/kep-tablet-smart-phone-mavic-pro-seri-spark-new-model-7726-4-1.png 1013w\" sizes=\"auto, (max-width: 800px) 100vw, 800px\" \/><\/span><\/p>\n<p>&nbsp;<\/p>\n<p><span style=\"font-size: 18px;\">Ch\u00fang t\u00f4i chuy\u00ean cung c\u1ea5p h\u1ea7u h\u1ebft t\u1ea5t c\u00e1c c\u00e1c ph\u1ee5 ki\u1ec7n flycam DJI c\u1ee7a Phantom 3,4 series, Mavic series, DJI Spark v\u00e0 inspire 1<\/span><\/p>\n<p><span style=\"font-size: 18px;\">H\u00e3y xem th\u00eam c\u00e1c\u00a0<em>ph\u1ee5 ki\u1ec7n flycam dji Phantom 3 4<\/em>\u00a0b\u1eb1ng c\u00e1ch\u00a0<strong><a href=\"https:\/\/phukienflytech.vn\/en\/danh-muc\/phantom-4-accessory.html\" target=\"_blank\" rel=\"noopener noreferrer\">click t\u1ea1i \u0111\u00e2y<\/a><\/strong>\u00a0!<\/span><\/p>\n<p><span style=\"font-size: 18px;\">Nh\u00e0 s\u1ea3n xu\u1ea5t : Sunnylife \u2013 l\u00e0 m\u1ed9t trong nh\u1eefng Vendor cung c\u1ea5p c\u00e1c ph\u1ee5 ki\u1ec7n, linh ki\u1ec7n thay th\u1ebf cho DJI Flycam.<\/span><\/p>\n<p>&nbsp;<\/p>\n<p>&nbsp;<\/p>\n","protected":false},"excerpt":{"rendered":"<p>Tablet Smart phone holder for Mavic &nbsp; Tablet Smart phone holder for Mavic \u0110\u1ed1i v\u1edbi nh\u00e0 s\u1ea3n xu\u1ea5t vi\u1ec7c t\u1ed1i gi\u1ea3n h\u00f3a k\u00edch th\u01b0\u1edbc,\u00a0 n\u00e2ng c\u1ea5p thi\u1ebft k\u1ebf c\u0169ng nh\u01b0 t\u1ea1o s\u1ef1 thu\u1eadn ti\u1ec7n cho ng\u01b0\u1eddi d\u00f9ng l\u00e0 \u0111i\u1ec7u v\u00f4 c\u00f9ng quan tr\u1ecdng. Ch\u00ednh v\u00ec v\u1eady \u0111\u1ec3 t\u1ea1o cho nh\u1eefng ng\u01b0\u1eddi d\u00f9ng c\u00f3 nhu c\u1ea7u &#8230;<\/p>\n","protected":false},"featured_media":16426,"comment_status":"open","ping_status":"closed","template":"","meta":{"_acf_changed":false},"product_brand":[],"product_cat":[177,184,180,181,178],"product_tag":[853,202],"class_list":{"0":"post-7751","1":"product","2":"type-product","3":"status-publish","4":"has-post-thumbnail","6":"product_cat-mavic-2s-accessory","7":"product_cat-spark-accessory","8":"product_cat-mavic-air-accessory","9":"product_cat-mavic-mini-accessory","10":"product_cat-mavic-pro-accessory","11":"product_tag-kep-tablet-smart-phone-new-model-en-2","12":"product_tag-phu-kien-mavic-en","14":"first","15":"instock","16":"shipping-taxable","17":"purchasable","18":"product-type-simple"},"acf":[],"yoast_head":"<!-- This site is optimized with the Yoast SEO plugin v25.7 - https:\/\/yoast.com\/wordpress\/plugins\/seo\/ -->\n<title>Tablet Smart phone holder for Mavic - Mavic accessory - Available<\/title>\n<meta name=\"description\" content=\"Tablet Smart phone holder for Mavic is one of the most important accessory. Contact us to buy Tablet Smart phone holder for Mavic.\" \/>\n<meta name=\"robots\" content=\"index, follow, max-snippet:-1, max-image-preview:large, max-video-preview:-1\" \/>\n<link rel=\"canonical\" href=\"https:\/\/phukienflytech.vn\/en\/san-pham\/tablet-smart-phone-holder-for-mavic.html\" \/>\n<meta property=\"og:locale\" content=\"en_US\" \/>\n<meta property=\"og:type\" content=\"article\" \/>\n<meta property=\"og:title\" content=\"Tablet Smart phone holder for Mavic - Mavic accessory - Available\" \/>\n<meta property=\"og:description\" content=\"Tablet Smart phone holder for Mavic is one of the most important accessory. Contact us to buy Tablet Smart phone holder for Mavic.\" \/>\n<meta property=\"og:url\" content=\"https:\/\/phukienflytech.vn\/en\/san-pham\/tablet-smart-phone-holder-for-mavic.html\" \/>\n<meta property=\"og:site_name\" content=\"Shop M\u00e1y \u1ea3nh - Action Camera - Gimbal - Flycam - Ph\u1ee5 ki\u1ec7n\" \/>\n<meta property=\"article:publisher\" content=\"https:\/\/facebook.com\/phukienflycam\" \/>\n<meta property=\"article:modified_time\" content=\"2020-10-09T05:03:42+00:00\" \/>\n<meta property=\"og:image\" content=\"https:\/\/phukienflytech.vn\/wp-content\/uploads\/2020\/06\/300x300_TY-ZJ019_4_-_Copy-2.jpg\" \/>\n\t<meta property=\"og:image:width\" content=\"300\" \/>\n\t<meta property=\"og:image:height\" content=\"300\" \/>\n\t<meta property=\"og:image:type\" content=\"image\/jpeg\" \/>\n<meta name=\"twitter:card\" content=\"summary_large_image\" \/>\n<meta name=\"twitter:label1\" content=\"Est. reading time\" \/>\n\t<meta name=\"twitter:data1\" content=\"3 minutes\" \/>\n<script type=\"application\/ld+json\" class=\"yoast-schema-graph\">{\"@context\":\"https:\/\/schema.org\",\"@graph\":[{\"@type\":\"WebPage\",\"@id\":\"https:\/\/phukienflytech.vn\/en\/san-pham\/tablet-smart-phone-holder-for-mavic.html\",\"url\":\"https:\/\/phukienflytech.vn\/en\/san-pham\/tablet-smart-phone-holder-for-mavic.html\",\"name\":\"Tablet Smart phone holder for Mavic - Mavic accessory - Available\",\"isPartOf\":{\"@id\":\"https:\/\/phukienflytech.vn\/#website\"},\"primaryImageOfPage\":{\"@id\":\"https:\/\/phukienflytech.vn\/en\/san-pham\/tablet-smart-phone-holder-for-mavic.html#primaryimage\"},\"image\":{\"@id\":\"https:\/\/phukienflytech.vn\/en\/san-pham\/tablet-smart-phone-holder-for-mavic.html#primaryimage\"},\"thumbnailUrl\":\"https:\/\/phukienflytech.vn\/wp-content\/uploads\/2020\/06\/300x300_TY-ZJ019_4_-_Copy-2.jpg\",\"datePublished\":\"2020-06-22T08:27:25+00:00\",\"dateModified\":\"2020-10-09T05:03:42+00:00\",\"description\":\"Tablet Smart phone holder for Mavic is one of the most important accessory. Contact us to buy Tablet Smart phone holder for Mavic.\",\"breadcrumb\":{\"@id\":\"https:\/\/phukienflytech.vn\/en\/san-pham\/tablet-smart-phone-holder-for-mavic.html#breadcrumb\"},\"inLanguage\":\"en-US\",\"potentialAction\":[{\"@type\":\"ReadAction\",\"target\":[\"https:\/\/phukienflytech.vn\/en\/san-pham\/tablet-smart-phone-holder-for-mavic.html\"]}]},{\"@type\":\"ImageObject\",\"inLanguage\":\"en-US\",\"@id\":\"https:\/\/phukienflytech.vn\/en\/san-pham\/tablet-smart-phone-holder-for-mavic.html#primaryimage\",\"url\":\"https:\/\/phukienflytech.vn\/wp-content\/uploads\/2020\/06\/300x300_TY-ZJ019_4_-_Copy-2.jpg\",\"contentUrl\":\"https:\/\/phukienflytech.vn\/wp-content\/uploads\/2020\/06\/300x300_TY-ZJ019_4_-_Copy-2.jpg\",\"width\":300,\"height\":300},{\"@type\":\"BreadcrumbList\",\"@id\":\"https:\/\/phukienflytech.vn\/en\/san-pham\/tablet-smart-phone-holder-for-mavic.html#breadcrumb\",\"itemListElement\":[{\"@type\":\"ListItem\",\"position\":1,\"name\":\"Home\",\"item\":\"https:\/\/phukienflytech.vn\/en\"},{\"@type\":\"ListItem\",\"position\":2,\"name\":\"Ph\u1ee5 ki\u1ec7n Mavic Pro\",\"item\":\"https:\/\/phukienflytech.vn\/en\/phu-kien-mavic-pro.html\"},{\"@type\":\"ListItem\",\"position\":3,\"name\":\"DJI Osmo &amp; Drone's accessories\",\"item\":\"https:\/\/phukienflytech.vn\/en\/danh-muc\/dji-osmo-drones-accessories.html\"},{\"@type\":\"ListItem\",\"position\":4,\"name\":\"Ph\u1ee5 ki\u1ec7n DJI Mavic 2\",\"item\":\"https:\/\/phukienflytech.vn\/en\/danh-muc\/mavic-2s-accessory.html\"},{\"@type\":\"ListItem\",\"position\":5,\"name\":\"Tablet and Smart phone holder for Mavic \/ Sprark series &#8211; New Model\"}]},{\"@type\":\"WebSite\",\"@id\":\"https:\/\/phukienflytech.vn\/#website\",\"url\":\"https:\/\/phukienflytech.vn\/\",\"name\":\"Shop M\u00e1y \u1ea3nh - Action Camera - Gimbal - Flycam - Ph\u1ee5 ki\u1ec7n\",\"description\":\"Shop M\u00e1y \u1ea3nh - Action Camera - Gimbal - Flycam - Ph\u1ee5 ki\u1ec7n\",\"publisher\":{\"@id\":\"https:\/\/phukienflytech.vn\/#organization\"},\"potentialAction\":[{\"@type\":\"SearchAction\",\"target\":{\"@type\":\"EntryPoint\",\"urlTemplate\":\"https:\/\/phukienflytech.vn\/?s={search_term_string}\"},\"query-input\":{\"@type\":\"PropertyValueSpecification\",\"valueRequired\":true,\"valueName\":\"search_term_string\"}}],\"inLanguage\":\"en-US\"},{\"@type\":\"Organization\",\"@id\":\"https:\/\/phukienflytech.vn\/#organization\",\"name\":\"DJI Store - Shop Drone, Action camera, Gimbal DJI |Phukienflytech\",\"alternateName\":\"DJI Store - Shop Drone, Action camera, Gimbal DJI |Phukienflytech\",\"url\":\"https:\/\/phukienflytech.vn\/\",\"logo\":{\"@type\":\"ImageObject\",\"inLanguage\":\"en-US\",\"@id\":\"https:\/\/phukienflytech.vn\/#\/schema\/logo\/image\/\",\"url\":\"https:\/\/phukienflytech.vn\/wp-content\/uploads\/2020\/05\/hAnh_nan.jpg1_.jpg\",\"contentUrl\":\"https:\/\/phukienflytech.vn\/wp-content\/uploads\/2020\/05\/hAnh_nan.jpg1_.jpg\",\"width\":800,\"height\":450,\"caption\":\"DJI Store - Shop Drone, Action camera, Gimbal DJI |Phukienflytech\"},\"image\":{\"@id\":\"https:\/\/phukienflytech.vn\/#\/schema\/logo\/image\/\"},\"sameAs\":[\"https:\/\/facebook.com\/phukienflycam\",\"https:\/\/www.youtube.com\/@phukienflytech\",\"https:\/\/www.tiktok.com\/@flytech.channel?fbclid=IwY2xjawGjg7BleHRuA2FlbQIxMAABHYVGmlXpuSMs0UB2zTpYvyT4GMVfN2qJa4urF4vkSQ6FAVBwXZtDP30qQA_aem_UwMiDcUvlEbd2tXAmsc8Og\"]}]}<\/script>\n<!-- \/ Yoast SEO plugin. -->","yoast_head_json":{"title":"Tablet Smart phone holder for Mavic - Mavic accessory - Available","description":"Tablet Smart phone holder for Mavic is one of the most important accessory. Contact us to buy Tablet Smart phone holder for Mavic.","robots":{"index":"index","follow":"follow","max-snippet":"max-snippet:-1","max-image-preview":"max-image-preview:large","max-video-preview":"max-video-preview:-1"},"canonical":"https:\/\/phukienflytech.vn\/en\/san-pham\/tablet-smart-phone-holder-for-mavic.html","og_locale":"en_US","og_type":"article","og_title":"Tablet Smart phone holder for Mavic - Mavic accessory - Available","og_description":"Tablet Smart phone holder for Mavic is one of the most important accessory. Contact us to buy Tablet Smart phone holder for Mavic.","og_url":"https:\/\/phukienflytech.vn\/en\/san-pham\/tablet-smart-phone-holder-for-mavic.html","og_site_name":"Shop M\u00e1y \u1ea3nh - Action Camera - Gimbal - Flycam - Ph\u1ee5 ki\u1ec7n","article_publisher":"https:\/\/facebook.com\/phukienflycam","article_modified_time":"2020-10-09T05:03:42+00:00","og_image":[{"width":300,"height":300,"url":"https:\/\/phukienflytech.vn\/wp-content\/uploads\/2020\/06\/300x300_TY-ZJ019_4_-_Copy-2.jpg","type":"image\/jpeg"}],"twitter_card":"summary_large_image","twitter_misc":{"Est. reading time":"3 minutes"},"schema":{"@context":"https:\/\/schema.org","@graph":[{"@type":"WebPage","@id":"https:\/\/phukienflytech.vn\/en\/san-pham\/tablet-smart-phone-holder-for-mavic.html","url":"https:\/\/phukienflytech.vn\/en\/san-pham\/tablet-smart-phone-holder-for-mavic.html","name":"Tablet Smart phone holder for Mavic - Mavic accessory - Available","isPartOf":{"@id":"https:\/\/phukienflytech.vn\/#website"},"primaryImageOfPage":{"@id":"https:\/\/phukienflytech.vn\/en\/san-pham\/tablet-smart-phone-holder-for-mavic.html#primaryimage"},"image":{"@id":"https:\/\/phukienflytech.vn\/en\/san-pham\/tablet-smart-phone-holder-for-mavic.html#primaryimage"},"thumbnailUrl":"https:\/\/phukienflytech.vn\/wp-content\/uploads\/2020\/06\/300x300_TY-ZJ019_4_-_Copy-2.jpg","datePublished":"2020-06-22T08:27:25+00:00","dateModified":"2020-10-09T05:03:42+00:00","description":"Tablet Smart phone holder for Mavic is one of the most important accessory. Contact us to buy Tablet Smart phone holder for Mavic.","breadcrumb":{"@id":"https:\/\/phukienflytech.vn\/en\/san-pham\/tablet-smart-phone-holder-for-mavic.html#breadcrumb"},"inLanguage":"en-US","potentialAction":[{"@type":"ReadAction","target":["https:\/\/phukienflytech.vn\/en\/san-pham\/tablet-smart-phone-holder-for-mavic.html"]}]},{"@type":"ImageObject","inLanguage":"en-US","@id":"https:\/\/phukienflytech.vn\/en\/san-pham\/tablet-smart-phone-holder-for-mavic.html#primaryimage","url":"https:\/\/phukienflytech.vn\/wp-content\/uploads\/2020\/06\/300x300_TY-ZJ019_4_-_Copy-2.jpg","contentUrl":"https:\/\/phukienflytech.vn\/wp-content\/uploads\/2020\/06\/300x300_TY-ZJ019_4_-_Copy-2.jpg","width":300,"height":300},{"@type":"BreadcrumbList","@id":"https:\/\/phukienflytech.vn\/en\/san-pham\/tablet-smart-phone-holder-for-mavic.html#breadcrumb","itemListElement":[{"@type":"ListItem","position":1,"name":"Home","item":"https:\/\/phukienflytech.vn\/en"},{"@type":"ListItem","position":2,"name":"Ph\u1ee5 ki\u1ec7n Mavic Pro","item":"https:\/\/phukienflytech.vn\/en\/phu-kien-mavic-pro.html"},{"@type":"ListItem","position":3,"name":"DJI Osmo &amp; Drone's accessories","item":"https:\/\/phukienflytech.vn\/en\/danh-muc\/dji-osmo-drones-accessories.html"},{"@type":"ListItem","position":4,"name":"Ph\u1ee5 ki\u1ec7n DJI Mavic 2","item":"https:\/\/phukienflytech.vn\/en\/danh-muc\/mavic-2s-accessory.html"},{"@type":"ListItem","position":5,"name":"Tablet and Smart phone holder for Mavic \/ Sprark series &#8211; New Model"}]},{"@type":"WebSite","@id":"https:\/\/phukienflytech.vn\/#website","url":"https:\/\/phukienflytech.vn\/","name":"Shop M\u00e1y \u1ea3nh - Action Camera - Gimbal - Flycam - Ph\u1ee5 ki\u1ec7n","description":"Shop M\u00e1y \u1ea3nh - Action Camera - Gimbal - Flycam - Ph\u1ee5 ki\u1ec7n","publisher":{"@id":"https:\/\/phukienflytech.vn\/#organization"},"potentialAction":[{"@type":"SearchAction","target":{"@type":"EntryPoint","urlTemplate":"https:\/\/phukienflytech.vn\/?s={search_term_string}"},"query-input":{"@type":"PropertyValueSpecification","valueRequired":true,"valueName":"search_term_string"}}],"inLanguage":"en-US"},{"@type":"Organization","@id":"https:\/\/phukienflytech.vn\/#organization","name":"DJI Store - Shop Drone, Action camera, Gimbal DJI |Phukienflytech","alternateName":"DJI Store - Shop Drone, Action camera, Gimbal DJI |Phukienflytech","url":"https:\/\/phukienflytech.vn\/","logo":{"@type":"ImageObject","inLanguage":"en-US","@id":"https:\/\/phukienflytech.vn\/#\/schema\/logo\/image\/","url":"https:\/\/phukienflytech.vn\/wp-content\/uploads\/2020\/05\/hAnh_nan.jpg1_.jpg","contentUrl":"https:\/\/phukienflytech.vn\/wp-content\/uploads\/2020\/05\/hAnh_nan.jpg1_.jpg","width":800,"height":450,"caption":"DJI Store - Shop Drone, Action camera, Gimbal DJI |Phukienflytech"},"image":{"@id":"https:\/\/phukienflytech.vn\/#\/schema\/logo\/image\/"},"sameAs":["https:\/\/facebook.com\/phukienflycam","https:\/\/www.youtube.com\/@phukienflytech","https:\/\/www.tiktok.com\/@flytech.channel?fbclid=IwY2xjawGjg7BleHRuA2FlbQIxMAABHYVGmlXpuSMs0UB2zTpYvyT4GMVfN2qJa4urF4vkSQ6FAVBwXZtDP30qQA_aem_UwMiDcUvlEbd2tXAmsc8Og"]}]}},"_links":{"self":[{"href":"https:\/\/phukienflytech.vn\/en\/wp-json\/wp\/v2\/product\/7751","targetHints":{"allow":["GET"]}}],"collection":[{"href":"https:\/\/phukienflytech.vn\/en\/wp-json\/wp\/v2\/product"}],"about":[{"href":"https:\/\/phukienflytech.vn\/en\/wp-json\/wp\/v2\/types\/product"}],"replies":[{"embeddable":true,"href":"https:\/\/phukienflytech.vn\/en\/wp-json\/wp\/v2\/comments?post=7751"}],"wp:featuredmedia":[{"embeddable":true,"href":"https:\/\/phukienflytech.vn\/en\/wp-json\/wp\/v2\/media\/16426"}],"wp:attachment":[{"href":"https:\/\/phukienflytech.vn\/en\/wp-json\/wp\/v2\/media?parent=7751"}],"wp:term":[{"taxonomy":"product_brand","embeddable":true,"href":"https:\/\/phukienflytech.vn\/en\/wp-json\/wp\/v2\/product_brand?post=7751"},{"taxonomy":"product_cat","embeddable":true,"href":"https:\/\/phukienflytech.vn\/en\/wp-json\/wp\/v2\/product_cat?post=7751"},{"taxonomy":"product_tag","embeddable":true,"href":"https:\/\/phukienflytech.vn\/en\/wp-json\/wp\/v2\/product_tag?post=7751"}],"curies":[{"name":"wp","href":"https:\/\/api.w.org\/{rel}","templated":true}]}}