{"id":7753,"date":"2020-06-16T15:27:34","date_gmt":"2020-06-16T08:27:34","guid":{"rendered":"http:\/\/27430.lamdx.vinawebsite.vn\/san-pham\/mod-song-phantom-4-pro-inspire-2-phu-kien.html"},"modified":"2020-10-19T13:44:09","modified_gmt":"2020-10-19T06:44:09","slug":"extension-booster-for-phantom-4-pro","status":"publish","type":"product","link":"https:\/\/phukienflytech.vn\/en\/san-pham\/extension-booster-for-phantom-4-pro.html","title":{"rendered":"Extension Booster MOD For Phantom 4 Pro"},"content":{"rendered":"<h2><strong><span style=\"font-size: 21px; color: #0000ff;\">Extension Booster For Phantom 4 Pro<\/span><\/strong><\/h2>\n<p><span style=\"font-size: 18px;\">Extension Booster For Phantom 4 Pro<\/span><\/p>\n<p><span style=\"font-size: 18px;\">Mod s\u00f3ng phantom 4\/inspire ra \u0111\u1eddi v\u1edbi m\u1ee5c \u0111\u1ecbch gi\u00fap ng\u01b0\u1eddi d\u00f9ng c\u00f3 th\u1ec3 d\u1ec3 d\u00e0ng ph\u00e1 b\u1ecf nh\u1eefng gi\u1edbi h\u1ea1n v\u1ec1 kho\u1ea3ng c\u00e1ch m\u00e0 nh\u00e0 s\u1ea3n xu\u1ea5t \u0111\u00e3 m\u1eb7c \u0111\u1ecbnh c\u0169ng nh\u01b0 mu\u1ed1n chinh ph\u1ee5c nh\u1eefng kho\u1ea3ng c\u00e1ch bay xa nh\u1ea5t<\/span><\/p>\n<h2><span style=\"font-size: 21px; color: #0000ff;\"><em><strong>Chi ti\u1ebft v\u1ec1 k\u00edch s\u00f3ng phantom 4 pro<\/strong><\/em><\/span><\/h2>\n<p><span style=\"font-size: 18px;\"><em><strong><img loading=\"lazy\" decoding=\"async\" src=\"https:\/\/phukienflytech.vn\/wp-content\/uploads\/2020\/06\/mod-song-phantom-4-pro-inspire-2-phu-kien-7727.jpg\" alt=\"\" width=\"400\" height=\"400\" \/><\/strong><\/em><\/span><\/p>\n<p><span style=\"font-size: 18px;\">Th\u00f4ng s\u1ed1 k\u1ef9 thu\u1eadt:<\/span><\/p>\n<p><span style=\"font-size: 18px;\">&#8211; H\u1ed7 tr\u1ee3 : Phantom 4 pro \/ adv , Inspire 2<\/span><\/p>\n<p><span style=\"font-size: 18px;\">&#8211; Kho\u1ea3ng c\u00e1ch \u0111i\u1ec1u khi\u1ec3n: T\u0103ng th\u00eam t\u1edbi 3km \u0111\u1ed9 xa so v\u1edbi anten g\u1ed1c<\/span><\/p>\n<p><span style=\"font-size: 18px;\">&#8211; Kho\u1ea3ng c\u00e1ch truy\u1ec1n h\u00ecnh \u1ea3nh: T\u0103ng th\u00eam t\u1edbi 2.2 km so v\u1edbi anten g\u1ed1c<\/span><\/p>\n<p><span style=\"font-size: 18px;\">&#8211; T\u1ea7n s\u1ed1: 5.8ghz<\/span><\/p>\n<p><span style=\"font-size: 18px;\">&#8211; Nh\u00e0 s\u1ea3n xu\u1ea5t : Argtek<\/span><\/p>\n<p>&nbsp;<\/p>\n<p><span style=\"font-size: 18px;\"><img loading=\"lazy\" decoding=\"async\" class=\"alignnone size-medium wp-image-11621\" src=\"https:\/\/phukienflytech.vn\/wp-content\/uploads\/2020\/06\/mod-song-phantom-4-pro-inspire-2-phu-kien-7727-1-2-400x400.jpg\" alt=\"\" width=\"400\" height=\"400\" srcset=\"https:\/\/phukienflytech.vn\/wp-content\/uploads\/2020\/06\/mod-song-phantom-4-pro-inspire-2-phu-kien-7727-1-2-400x400.jpg 400w, https:\/\/phukienflytech.vn\/wp-content\/uploads\/2020\/06\/mod-song-phantom-4-pro-inspire-2-phu-kien-7727-1-2-280x280.jpg 280w, https:\/\/phukienflytech.vn\/wp-content\/uploads\/2020\/06\/mod-song-phantom-4-pro-inspire-2-phu-kien-7727-1-2-768x768.jpg 768w, https:\/\/phukienflytech.vn\/wp-content\/uploads\/2020\/06\/mod-song-phantom-4-pro-inspire-2-phu-kien-7727-1-2-800x800.jpg 800w, https:\/\/phukienflytech.vn\/wp-content\/uploads\/2020\/06\/mod-song-phantom-4-pro-inspire-2-phu-kien-7727-1-2-300x300.jpg 300w, https:\/\/phukienflytech.vn\/wp-content\/uploads\/2020\/06\/mod-song-phantom-4-pro-inspire-2-phu-kien-7727-1-2-600x600.jpg 600w, https:\/\/phukienflytech.vn\/wp-content\/uploads\/2020\/06\/mod-song-phantom-4-pro-inspire-2-phu-kien-7727-1-2-100x100.jpg 100w, https:\/\/phukienflytech.vn\/wp-content\/uploads\/2020\/06\/mod-song-phantom-4-pro-inspire-2-phu-kien-7727-1-2.jpg 900w\" sizes=\"auto, (max-width: 400px) 100vw, 400px\" \/><\/span><\/p>\n<p>&nbsp;<\/p>\n<p><span style=\"font-size: 18px;\">B\u1ed9 mod s\u00f3ng phantom 4\/ inspire 2 g\u1ed3m :<\/span><\/p>\n<ul>\n<li><span style=\"font-size: 18px;\">2 t\u1ea5m t\u00e1n s\u00f3ng<\/span><\/li>\n<li><span style=\"font-size: 18px;\">\u0110\u1ebf g\u1eafn t\u1ea5m k\u00edch s\u00f3ng<\/span><\/li>\n<li><span style=\"font-size: 18px;\">2 d\u00e2y k\u1ebft n\u1ed1i \u0103ngten thay th\u1ebf.<\/span><\/li>\n<\/ul>\n<p>&nbsp;<\/p>\n<p><span style=\"font-size: 18px;\"><img loading=\"lazy\" decoding=\"async\" class=\"alignnone wp-image-11623 size-medium\" src=\"https:\/\/phukienflytech.vn\/wp-content\/uploads\/2020\/06\/mod-song-phantom-4-pro-inspire-2-phu-kien-7727-2-2-400x400.jpg\" alt=\"Extension-Booster-For-Phantom-4-Pro-2\" width=\"400\" height=\"400\" srcset=\"https:\/\/phukienflytech.vn\/wp-content\/uploads\/2020\/06\/mod-song-phantom-4-pro-inspire-2-phu-kien-7727-2-2-400x400.jpg 400w, https:\/\/phukienflytech.vn\/wp-content\/uploads\/2020\/06\/mod-song-phantom-4-pro-inspire-2-phu-kien-7727-2-2-280x280.jpg 280w, https:\/\/phukienflytech.vn\/wp-content\/uploads\/2020\/06\/mod-song-phantom-4-pro-inspire-2-phu-kien-7727-2-2-768x768.jpg 768w, https:\/\/phukienflytech.vn\/wp-content\/uploads\/2020\/06\/mod-song-phantom-4-pro-inspire-2-phu-kien-7727-2-2-800x800.jpg 800w, https:\/\/phukienflytech.vn\/wp-content\/uploads\/2020\/06\/mod-song-phantom-4-pro-inspire-2-phu-kien-7727-2-2-300x300.jpg 300w, https:\/\/phukienflytech.vn\/wp-content\/uploads\/2020\/06\/mod-song-phantom-4-pro-inspire-2-phu-kien-7727-2-2-600x600.jpg 600w, https:\/\/phukienflytech.vn\/wp-content\/uploads\/2020\/06\/mod-song-phantom-4-pro-inspire-2-phu-kien-7727-2-2-100x100.jpg 100w, https:\/\/phukienflytech.vn\/wp-content\/uploads\/2020\/06\/mod-song-phantom-4-pro-inspire-2-phu-kien-7727-2-2.jpg 900w\" sizes=\"auto, (max-width: 400px) 100vw, 400px\" \/><\/span><\/p>\n<p>&nbsp;<\/p>\n<p><span style=\"font-size: 18px;\">V\u1edbi thi\u1ebft k\u1ebf v\u00f4 c\u00f9ng th\u00f4ng minh v\u00e0 ti\u1ec7n l\u1ee3i b\u1ed9 mod s\u00f3ng phantom 4 pro\/ inspire 2 \u00a0\u0111\u1ea3m b\u1ea3o s\u1ebd mang \u0111\u1ebfn cho b\u1ea1n nh\u1eefng\u00a0 tr\u1ea3i nghi\u1ec7m tuy\u1ec7t v\u1edbi nh\u1ea5t, gi\u00fap b\u1ea1n c\u00f3 th\u1ec3 th\u1ecfa m\u00e3n mong \u01b0\u1edbc bay xa h\u01a1n c\u0169ng nh\u01b0 \u0111\u1ea3m b\u1ea3o thu \u0111\u01b0\u1ee3c nh\u1eefng h\u00ecnh \u1ea3nh \u1ed5n \u0111\u1ecbnh v\u1edbi ch\u1ea5t l\u01b0\u1ee3ng t\u1ed1t h\u01a1n.<\/span><\/p>\n<p>&nbsp;<\/p>\n<p><span style=\"font-size: 18px;\"><img loading=\"lazy\" decoding=\"async\" class=\"alignnone wp-image-11625 size-medium\" src=\"https:\/\/phukienflytech.vn\/wp-content\/uploads\/2020\/06\/mod-song-phantom-4-pro-inspire-2-phu-kien-7727-3-2-400x400.jpg\" alt=\"Extension-Booster-For-Phantom-4-Pro-1\" width=\"400\" height=\"400\" srcset=\"https:\/\/phukienflytech.vn\/wp-content\/uploads\/2020\/06\/mod-song-phantom-4-pro-inspire-2-phu-kien-7727-3-2-400x400.jpg 400w, https:\/\/phukienflytech.vn\/wp-content\/uploads\/2020\/06\/mod-song-phantom-4-pro-inspire-2-phu-kien-7727-3-2-280x280.jpg 280w, https:\/\/phukienflytech.vn\/wp-content\/uploads\/2020\/06\/mod-song-phantom-4-pro-inspire-2-phu-kien-7727-3-2-768x768.jpg 768w, https:\/\/phukienflytech.vn\/wp-content\/uploads\/2020\/06\/mod-song-phantom-4-pro-inspire-2-phu-kien-7727-3-2-800x800.jpg 800w, https:\/\/phukienflytech.vn\/wp-content\/uploads\/2020\/06\/mod-song-phantom-4-pro-inspire-2-phu-kien-7727-3-2-300x300.jpg 300w, https:\/\/phukienflytech.vn\/wp-content\/uploads\/2020\/06\/mod-song-phantom-4-pro-inspire-2-phu-kien-7727-3-2-600x600.jpg 600w, https:\/\/phukienflytech.vn\/wp-content\/uploads\/2020\/06\/mod-song-phantom-4-pro-inspire-2-phu-kien-7727-3-2-100x100.jpg 100w, https:\/\/phukienflytech.vn\/wp-content\/uploads\/2020\/06\/mod-song-phantom-4-pro-inspire-2-phu-kien-7727-3-2.jpg 900w\" sizes=\"auto, (max-width: 400px) 100vw, 400px\" \/><\/span><\/p>\n<p>&nbsp;<\/p>\n<h2><span style=\"font-size: 21px; color: #0000ff;\"><em><strong>Mua ph\u1ee5 ki\u1ec7n flycam DJI phantom,Mavic,Spark \u1edf \u0111\u00e2u?<\/strong><\/em><\/span><\/h2>\n<p><span style=\"font-size: 18px;\"><em><strong><a href=\"https:\/\/facebook.com\/phukienflycam\">Ph\u1ee5 Ki\u1ec7n Flytech Gi\u00e1 T\u1ed1t<\/a><\/strong><\/em>\u00a0h\u00e2n h\u1ea1nh \u0111em l\u1ea1i c\u00e1c m\u1eabu s\u1ea3n ph\u1ea9m Balo phatom ch\u00ednh h\u00e3ng t\u1ed1t nh\u1ea5t ph\u1ee5c v\u1ee5 \u0111am m\u00ea, v\u00e0 c\u00f4ng vi\u1ec7c c\u1ee7a c\u00e1c b\u1ea1n, h\u00e3y \u0111\u1ec3 ch\u00fang t\u00f4i ti\u1ebfp s\u1ee9c \u0111am m\u00ea, c\u00f4ng vi\u1ec7c c\u1ee7a b\u1ea1n, gi\u00fap b\u1ea1n th\u00eam ni\u1ec1m h\u1ee9ng kh\u1edfi trong \u0111am m\u00ea c\u0169ng nh\u01b0 c\u00f4ng vi\u1ec7c c\u1ee7a m\u00ecnh th\u00eam su\u00f4n s\u1ebb<\/span><\/p>\n<p>&nbsp;<\/p>\n<p><span style=\"font-size: 18px;\"><img loading=\"lazy\" decoding=\"async\" class=\"alignnone wp-image-11627 size-medium\" src=\"https:\/\/phukienflytech.vn\/wp-content\/uploads\/2020\/06\/mod-song-phantom-4-pro-inspire-2-phu-kien-7727-4-1-800x251.png\" alt=\"Extension-Booster-For-Phantom-4-Pro\" width=\"800\" height=\"251\" srcset=\"https:\/\/phukienflytech.vn\/wp-content\/uploads\/2020\/06\/mod-song-phantom-4-pro-inspire-2-phu-kien-7727-4-1-800x251.png 800w, https:\/\/phukienflytech.vn\/wp-content\/uploads\/2020\/06\/mod-song-phantom-4-pro-inspire-2-phu-kien-7727-4-1-768x241.png 768w, https:\/\/phukienflytech.vn\/wp-content\/uploads\/2020\/06\/mod-song-phantom-4-pro-inspire-2-phu-kien-7727-4-1-600x188.png 600w, https:\/\/phukienflytech.vn\/wp-content\/uploads\/2020\/06\/mod-song-phantom-4-pro-inspire-2-phu-kien-7727-4-1.png 1013w\" sizes=\"auto, (max-width: 800px) 100vw, 800px\" \/><\/span><\/p>\n<p>&nbsp;<\/p>\n<p><span style=\"font-size: 18px;\">Ch\u00fang t\u00f4i chuy\u00ean cung c\u1ea5p h\u1ea7u h\u1ebft t\u1ea5t c\u00e1c c\u00e1c ph\u1ee5 ki\u1ec7n flycam DJI c\u1ee7a Phantom 3,4 series, Mavic series, DJI Spark v\u00e0 inspire 1<\/span><\/p>\n<p><span style=\"font-size: 18px;\">H\u00e3y xem th\u00eam c\u00e1c\u00a0<em>ph\u1ee5 ki\u1ec7n flycam dji Phantom 3 4<\/em>\u00a0b\u1eb1ng c\u00e1ch\u00a0<strong><a href=\"https:\/\/phukienflytech.vn\/en\/danh-muc\/phantom-4-accessory.html\" target=\"_blank\" rel=\"noopener noreferrer\">click t\u1ea1i \u0111\u00e2y<\/a><\/strong>\u00a0!<\/span><\/p>\n<p><span style=\"font-size: 18px;\">Nh\u00e0 s\u1ea3n xu\u1ea5t : Sunnylife \u2013 l\u00e0 m\u1ed9t trong nh\u1eefng Vendor cung c\u1ea5p c\u00e1c ph\u1ee5 ki\u1ec7n, linh ki\u1ec7n thay th\u1ebf cho DJI Flycam.<\/span><\/p>\n","protected":false},"excerpt":{"rendered":"<p>Extension Booster For Phantom 4 Pro Extension Booster For Phantom 4 Pro Mod s\u00f3ng phantom 4\/inspire ra \u0111\u1eddi v\u1edbi m\u1ee5c \u0111\u1ecbch gi\u00fap ng\u01b0\u1eddi d\u00f9ng c\u00f3 th\u1ec3 d\u1ec3 d\u00e0ng ph\u00e1 b\u1ecf nh\u1eefng gi\u1edbi h\u1ea1n v\u1ec1 kho\u1ea3ng c\u00e1ch m\u00e0 nh\u00e0 s\u1ea3n xu\u1ea5t \u0111\u00e3 m\u1eb7c \u0111\u1ecbnh c\u0169ng nh\u01b0 mu\u1ed1n chinh ph\u1ee5c nh\u1eefng kho\u1ea3ng c\u00e1ch bay xa nh\u1ea5t Chi &#8230;<\/p>\n","protected":false},"featured_media":16224,"comment_status":"open","ping_status":"closed","template":"","meta":{"_acf_changed":false},"product_brand":[],"product_cat":[185,182],"product_tag":[206,244,226],"class_list":{"0":"post-7753","1":"product","2":"type-product","3":"status-publish","4":"has-post-thumbnail","6":"product_cat-inspire-accessory","7":"product_cat-phantom-4-accessory","8":"product_tag-phu-kien-dji-en","9":"product_tag-phu-kien-inspire-en","10":"product_tag-phu-kien-phantom-en","12":"first","13":"instock","14":"shipping-taxable","15":"purchasable","16":"product-type-simple"},"acf":[],"yoast_head":"<!-- This site is optimized with the Yoast SEO plugin v25.7 - https:\/\/yoast.com\/wordpress\/plugins\/seo\/ -->\n<title>Extension Booster For Phantom 4 Pro - Sunnylife - Phantom accessory<\/title>\n<meta name=\"description\" content=\"Extension Booster For Phantom 4 Pro is one of the most important accessory. Contact us to buy it for best price, fast shipping in Vietnam\" \/>\n<meta name=\"robots\" content=\"index, follow, max-snippet:-1, max-image-preview:large, max-video-preview:-1\" \/>\n<link rel=\"canonical\" href=\"https:\/\/phukienflytech.vn\/en\/san-pham\/extension-booster-for-phantom-4-pro.html\" \/>\n<meta property=\"og:locale\" content=\"en_US\" \/>\n<meta property=\"og:type\" content=\"article\" \/>\n<meta property=\"og:title\" content=\"Extension Booster For Phantom 4 Pro - Sunnylife - Phantom accessory\" \/>\n<meta property=\"og:description\" content=\"Extension Booster For Phantom 4 Pro is one of the most important accessory. Contact us to buy it for best price, fast shipping in Vietnam\" \/>\n<meta property=\"og:url\" content=\"https:\/\/phukienflytech.vn\/en\/san-pham\/extension-booster-for-phantom-4-pro.html\" \/>\n<meta property=\"og:site_name\" content=\"Shop M\u00e1y \u1ea3nh - Action Camera - Gimbal - Flycam - Ph\u1ee5 ki\u1ec7n\" \/>\n<meta property=\"article:publisher\" content=\"https:\/\/facebook.com\/phukienflycam\" \/>\n<meta property=\"article:modified_time\" content=\"2020-10-19T06:44:09+00:00\" \/>\n<meta property=\"og:image\" content=\"https:\/\/phukienflytech.vn\/wp-content\/uploads\/2020\/06\/KAch-sAng-phantom-4-pro.jpg\" \/>\n\t<meta property=\"og:image:width\" content=\"243\" \/>\n\t<meta property=\"og:image:height\" content=\"243\" \/>\n\t<meta property=\"og:image:type\" content=\"image\/jpeg\" \/>\n<meta name=\"twitter:card\" content=\"summary_large_image\" \/>\n<meta name=\"twitter:label1\" content=\"Est. reading time\" \/>\n\t<meta name=\"twitter:data1\" content=\"2 minutes\" \/>\n<script type=\"application\/ld+json\" class=\"yoast-schema-graph\">{\"@context\":\"https:\/\/schema.org\",\"@graph\":[{\"@type\":\"WebPage\",\"@id\":\"https:\/\/phukienflytech.vn\/en\/san-pham\/extension-booster-for-phantom-4-pro.html\",\"url\":\"https:\/\/phukienflytech.vn\/en\/san-pham\/extension-booster-for-phantom-4-pro.html\",\"name\":\"Extension Booster For Phantom 4 Pro - Sunnylife - Phantom accessory\",\"isPartOf\":{\"@id\":\"https:\/\/phukienflytech.vn\/#website\"},\"primaryImageOfPage\":{\"@id\":\"https:\/\/phukienflytech.vn\/en\/san-pham\/extension-booster-for-phantom-4-pro.html#primaryimage\"},\"image\":{\"@id\":\"https:\/\/phukienflytech.vn\/en\/san-pham\/extension-booster-for-phantom-4-pro.html#primaryimage\"},\"thumbnailUrl\":\"https:\/\/phukienflytech.vn\/wp-content\/uploads\/2020\/06\/KAch-sAng-phantom-4-pro.jpg\",\"datePublished\":\"2020-06-16T08:27:34+00:00\",\"dateModified\":\"2020-10-19T06:44:09+00:00\",\"description\":\"Extension Booster For Phantom 4 Pro is one of the most important accessory. Contact us to buy it for best price, fast shipping in Vietnam\",\"breadcrumb\":{\"@id\":\"https:\/\/phukienflytech.vn\/en\/san-pham\/extension-booster-for-phantom-4-pro.html#breadcrumb\"},\"inLanguage\":\"en-US\",\"potentialAction\":[{\"@type\":\"ReadAction\",\"target\":[\"https:\/\/phukienflytech.vn\/en\/san-pham\/extension-booster-for-phantom-4-pro.html\"]}]},{\"@type\":\"ImageObject\",\"inLanguage\":\"en-US\",\"@id\":\"https:\/\/phukienflytech.vn\/en\/san-pham\/extension-booster-for-phantom-4-pro.html#primaryimage\",\"url\":\"https:\/\/phukienflytech.vn\/wp-content\/uploads\/2020\/06\/KAch-sAng-phantom-4-pro.jpg\",\"contentUrl\":\"https:\/\/phukienflytech.vn\/wp-content\/uploads\/2020\/06\/KAch-sAng-phantom-4-pro.jpg\",\"width\":243,\"height\":243},{\"@type\":\"BreadcrumbList\",\"@id\":\"https:\/\/phukienflytech.vn\/en\/san-pham\/extension-booster-for-phantom-4-pro.html#breadcrumb\",\"itemListElement\":[{\"@type\":\"ListItem\",\"position\":1,\"name\":\"Home\",\"item\":\"https:\/\/phukienflytech.vn\/en\"},{\"@type\":\"ListItem\",\"position\":2,\"name\":\"Ph\u1ee5 ki\u1ec7n Mavic Pro\",\"item\":\"https:\/\/phukienflytech.vn\/en\/phu-kien-mavic-pro.html\"},{\"@type\":\"ListItem\",\"position\":3,\"name\":\"DJI Osmo &amp; Drone's accessories\",\"item\":\"https:\/\/phukienflytech.vn\/en\/danh-muc\/dji-osmo-drones-accessories.html\"},{\"@type\":\"ListItem\",\"position\":4,\"name\":\"Ph\u1ee5 ki\u1ec7n DJI Inspire\",\"item\":\"https:\/\/phukienflytech.vn\/en\/danh-muc\/inspire-accessory.html\"},{\"@type\":\"ListItem\",\"position\":5,\"name\":\"Extension Booster MOD For Phantom 4 Pro\"}]},{\"@type\":\"WebSite\",\"@id\":\"https:\/\/phukienflytech.vn\/#website\",\"url\":\"https:\/\/phukienflytech.vn\/\",\"name\":\"Shop M\u00e1y \u1ea3nh - Action Camera - Gimbal - Flycam - Ph\u1ee5 ki\u1ec7n\",\"description\":\"Shop M\u00e1y \u1ea3nh - Action Camera - Gimbal - Flycam - Ph\u1ee5 ki\u1ec7n\",\"publisher\":{\"@id\":\"https:\/\/phukienflytech.vn\/#organization\"},\"potentialAction\":[{\"@type\":\"SearchAction\",\"target\":{\"@type\":\"EntryPoint\",\"urlTemplate\":\"https:\/\/phukienflytech.vn\/?s={search_term_string}\"},\"query-input\":{\"@type\":\"PropertyValueSpecification\",\"valueRequired\":true,\"valueName\":\"search_term_string\"}}],\"inLanguage\":\"en-US\"},{\"@type\":\"Organization\",\"@id\":\"https:\/\/phukienflytech.vn\/#organization\",\"name\":\"DJI Store - Shop Drone, Action camera, Gimbal DJI |Phukienflytech\",\"alternateName\":\"DJI Store - Shop Drone, Action camera, Gimbal DJI |Phukienflytech\",\"url\":\"https:\/\/phukienflytech.vn\/\",\"logo\":{\"@type\":\"ImageObject\",\"inLanguage\":\"en-US\",\"@id\":\"https:\/\/phukienflytech.vn\/#\/schema\/logo\/image\/\",\"url\":\"https:\/\/phukienflytech.vn\/wp-content\/uploads\/2020\/05\/hAnh_nan.jpg1_.jpg\",\"contentUrl\":\"https:\/\/phukienflytech.vn\/wp-content\/uploads\/2020\/05\/hAnh_nan.jpg1_.jpg\",\"width\":800,\"height\":450,\"caption\":\"DJI Store - Shop Drone, Action camera, Gimbal DJI |Phukienflytech\"},\"image\":{\"@id\":\"https:\/\/phukienflytech.vn\/#\/schema\/logo\/image\/\"},\"sameAs\":[\"https:\/\/facebook.com\/phukienflycam\",\"https:\/\/www.youtube.com\/@phukienflytech\",\"https:\/\/www.tiktok.com\/@flytech.channel?fbclid=IwY2xjawGjg7BleHRuA2FlbQIxMAABHYVGmlXpuSMs0UB2zTpYvyT4GMVfN2qJa4urF4vkSQ6FAVBwXZtDP30qQA_aem_UwMiDcUvlEbd2tXAmsc8Og\"]}]}<\/script>\n<!-- \/ Yoast SEO plugin. -->","yoast_head_json":{"title":"Extension Booster For Phantom 4 Pro - Sunnylife - Phantom accessory","description":"Extension Booster For Phantom 4 Pro is one of the most important accessory. Contact us to buy it for best price, fast shipping in Vietnam","robots":{"index":"index","follow":"follow","max-snippet":"max-snippet:-1","max-image-preview":"max-image-preview:large","max-video-preview":"max-video-preview:-1"},"canonical":"https:\/\/phukienflytech.vn\/en\/san-pham\/extension-booster-for-phantom-4-pro.html","og_locale":"en_US","og_type":"article","og_title":"Extension Booster For Phantom 4 Pro - Sunnylife - Phantom accessory","og_description":"Extension Booster For Phantom 4 Pro is one of the most important accessory. Contact us to buy it for best price, fast shipping in Vietnam","og_url":"https:\/\/phukienflytech.vn\/en\/san-pham\/extension-booster-for-phantom-4-pro.html","og_site_name":"Shop M\u00e1y \u1ea3nh - Action Camera - Gimbal - Flycam - Ph\u1ee5 ki\u1ec7n","article_publisher":"https:\/\/facebook.com\/phukienflycam","article_modified_time":"2020-10-19T06:44:09+00:00","og_image":[{"width":243,"height":243,"url":"https:\/\/phukienflytech.vn\/wp-content\/uploads\/2020\/06\/KAch-sAng-phantom-4-pro.jpg","type":"image\/jpeg"}],"twitter_card":"summary_large_image","twitter_misc":{"Est. reading time":"2 minutes"},"schema":{"@context":"https:\/\/schema.org","@graph":[{"@type":"WebPage","@id":"https:\/\/phukienflytech.vn\/en\/san-pham\/extension-booster-for-phantom-4-pro.html","url":"https:\/\/phukienflytech.vn\/en\/san-pham\/extension-booster-for-phantom-4-pro.html","name":"Extension Booster For Phantom 4 Pro - Sunnylife - Phantom accessory","isPartOf":{"@id":"https:\/\/phukienflytech.vn\/#website"},"primaryImageOfPage":{"@id":"https:\/\/phukienflytech.vn\/en\/san-pham\/extension-booster-for-phantom-4-pro.html#primaryimage"},"image":{"@id":"https:\/\/phukienflytech.vn\/en\/san-pham\/extension-booster-for-phantom-4-pro.html#primaryimage"},"thumbnailUrl":"https:\/\/phukienflytech.vn\/wp-content\/uploads\/2020\/06\/KAch-sAng-phantom-4-pro.jpg","datePublished":"2020-06-16T08:27:34+00:00","dateModified":"2020-10-19T06:44:09+00:00","description":"Extension Booster For Phantom 4 Pro is one of the most important accessory. Contact us to buy it for best price, fast shipping in Vietnam","breadcrumb":{"@id":"https:\/\/phukienflytech.vn\/en\/san-pham\/extension-booster-for-phantom-4-pro.html#breadcrumb"},"inLanguage":"en-US","potentialAction":[{"@type":"ReadAction","target":["https:\/\/phukienflytech.vn\/en\/san-pham\/extension-booster-for-phantom-4-pro.html"]}]},{"@type":"ImageObject","inLanguage":"en-US","@id":"https:\/\/phukienflytech.vn\/en\/san-pham\/extension-booster-for-phantom-4-pro.html#primaryimage","url":"https:\/\/phukienflytech.vn\/wp-content\/uploads\/2020\/06\/KAch-sAng-phantom-4-pro.jpg","contentUrl":"https:\/\/phukienflytech.vn\/wp-content\/uploads\/2020\/06\/KAch-sAng-phantom-4-pro.jpg","width":243,"height":243},{"@type":"BreadcrumbList","@id":"https:\/\/phukienflytech.vn\/en\/san-pham\/extension-booster-for-phantom-4-pro.html#breadcrumb","itemListElement":[{"@type":"ListItem","position":1,"name":"Home","item":"https:\/\/phukienflytech.vn\/en"},{"@type":"ListItem","position":2,"name":"Ph\u1ee5 ki\u1ec7n Mavic Pro","item":"https:\/\/phukienflytech.vn\/en\/phu-kien-mavic-pro.html"},{"@type":"ListItem","position":3,"name":"DJI Osmo &amp; Drone's accessories","item":"https:\/\/phukienflytech.vn\/en\/danh-muc\/dji-osmo-drones-accessories.html"},{"@type":"ListItem","position":4,"name":"Ph\u1ee5 ki\u1ec7n DJI Inspire","item":"https:\/\/phukienflytech.vn\/en\/danh-muc\/inspire-accessory.html"},{"@type":"ListItem","position":5,"name":"Extension Booster MOD For Phantom 4 Pro"}]},{"@type":"WebSite","@id":"https:\/\/phukienflytech.vn\/#website","url":"https:\/\/phukienflytech.vn\/","name":"Shop M\u00e1y \u1ea3nh - Action Camera - Gimbal - Flycam - Ph\u1ee5 ki\u1ec7n","description":"Shop M\u00e1y \u1ea3nh - Action Camera - Gimbal - Flycam - Ph\u1ee5 ki\u1ec7n","publisher":{"@id":"https:\/\/phukienflytech.vn\/#organization"},"potentialAction":[{"@type":"SearchAction","target":{"@type":"EntryPoint","urlTemplate":"https:\/\/phukienflytech.vn\/?s={search_term_string}"},"query-input":{"@type":"PropertyValueSpecification","valueRequired":true,"valueName":"search_term_string"}}],"inLanguage":"en-US"},{"@type":"Organization","@id":"https:\/\/phukienflytech.vn\/#organization","name":"DJI Store - Shop Drone, Action camera, Gimbal DJI |Phukienflytech","alternateName":"DJI Store - Shop Drone, Action camera, Gimbal DJI |Phukienflytech","url":"https:\/\/phukienflytech.vn\/","logo":{"@type":"ImageObject","inLanguage":"en-US","@id":"https:\/\/phukienflytech.vn\/#\/schema\/logo\/image\/","url":"https:\/\/phukienflytech.vn\/wp-content\/uploads\/2020\/05\/hAnh_nan.jpg1_.jpg","contentUrl":"https:\/\/phukienflytech.vn\/wp-content\/uploads\/2020\/05\/hAnh_nan.jpg1_.jpg","width":800,"height":450,"caption":"DJI Store - Shop Drone, Action camera, Gimbal DJI |Phukienflytech"},"image":{"@id":"https:\/\/phukienflytech.vn\/#\/schema\/logo\/image\/"},"sameAs":["https:\/\/facebook.com\/phukienflycam","https:\/\/www.youtube.com\/@phukienflytech","https:\/\/www.tiktok.com\/@flytech.channel?fbclid=IwY2xjawGjg7BleHRuA2FlbQIxMAABHYVGmlXpuSMs0UB2zTpYvyT4GMVfN2qJa4urF4vkSQ6FAVBwXZtDP30qQA_aem_UwMiDcUvlEbd2tXAmsc8Og"]}]}},"_links":{"self":[{"href":"https:\/\/phukienflytech.vn\/en\/wp-json\/wp\/v2\/product\/7753","targetHints":{"allow":["GET"]}}],"collection":[{"href":"https:\/\/phukienflytech.vn\/en\/wp-json\/wp\/v2\/product"}],"about":[{"href":"https:\/\/phukienflytech.vn\/en\/wp-json\/wp\/v2\/types\/product"}],"replies":[{"embeddable":true,"href":"https:\/\/phukienflytech.vn\/en\/wp-json\/wp\/v2\/comments?post=7753"}],"wp:featuredmedia":[{"embeddable":true,"href":"https:\/\/phukienflytech.vn\/en\/wp-json\/wp\/v2\/media\/16224"}],"wp:attachment":[{"href":"https:\/\/phukienflytech.vn\/en\/wp-json\/wp\/v2\/media?parent=7753"}],"wp:term":[{"taxonomy":"product_brand","embeddable":true,"href":"https:\/\/phukienflytech.vn\/en\/wp-json\/wp\/v2\/product_brand?post=7753"},{"taxonomy":"product_cat","embeddable":true,"href":"https:\/\/phukienflytech.vn\/en\/wp-json\/wp\/v2\/product_cat?post=7753"},{"taxonomy":"product_tag","embeddable":true,"href":"https:\/\/phukienflytech.vn\/en\/wp-json\/wp\/v2\/product_tag?post=7753"}],"curies":[{"name":"wp","href":"https:\/\/api.w.org\/{rel}","templated":true}]}}