{"id":7806,"date":"2020-06-08T15:59:13","date_gmt":"2020-06-08T08:59:13","guid":{"rendered":"http:\/\/27430.lamdx.vinawebsite.vn\/san-pham\/vali-chuyen-dung-mavic-air-2-pgytech-professional.html"},"modified":"2021-01-16T09:43:32","modified_gmt":"2021-01-16T02:43:32","slug":"mavic-air-2-case-pgytech","status":"publish","type":"product","link":"https:\/\/phukienflytech.vn\/en\/san-pham\/mavic-air-2-case-pgytech.html","title":{"rendered":"Mavic Air 2 professional case PGYtech"},"content":{"rendered":"<h2 style=\"text-align: justify;\"><span style=\"color: #0000ff;\"><strong><em>Mavic Air 2 case PGYtech<\/em><\/strong><\/span><\/h2>\n<p>&nbsp;<\/p>\n<p><span style=\"font-size: 18px;\">Mavic Air 2 case PGYtech<\/span><\/p>\n<p style=\"text-align: justify;\"><span style=\"font-size: 18px;\">M\u1ed9t m\u1eabu vali nh\u1ecf g\u1ecdn, thi\u1ebft k\u1ebf \u0111\u1eb9p v\u00e0 \u0111\u1ea1t nh\u1eefng ti\u00eau chu\u1ea9n cao v\u1ec1 va \u0111\u1eadp v\u00e0 ch\u1ed1ng n\u01b0\u1edbc. B\u00ean c\u1ea1nh nh\u1eefng m\u1eabu <strong>Balo ch\u1ed1ng s\u1ed1c, ch\u1ed1ng n\u01b0\u1edbc\u00a0<\/strong>hay\u00a0<strong>t\u00fai b\u1ea3o v\u1ec7 cho Mavic Air 2<\/strong>. \u0110\u00e2y l\u00e0 m\u1eabu <strong>vali ch\u1ed1ng s\u1ed1c, ch\u1ed1ng n\u01b0\u1edbc<\/strong> l\u00e0 ph\u1ee5 ki\u1ec7n Mavic Air 2 c\u1ef1c k\u1ef3 \u0111\u00e1ng mua. \u0110\u1ec3 b\u1ea3o v\u1ec7 cho flycam kh\u1ecfi nh\u1eefng tai n\u1ea1n kh\u00f4ng \u0111\u00e1ng c\u00f3 x\u1ea3y ra.<\/span><\/p>\n<p style=\"text-align: justify;\"><span style=\"font-size: 18px;\"><img loading=\"lazy\" decoding=\"async\" class=\"alignnone\" src=\"https:\/\/phukienflytech.vn\/wp-content\/uploads\/2020\/06\/vali-chuyen-dung-mavic-air-2-pgytech-professional-7754.jpg\" alt=\"Mavic-Air-2-case-PGYtech-9\" width=\"450\" height=\"352\" \/><\/span><\/p>\n<p style=\"text-align: justify;\"><span style=\"font-size: 18px;\">Vali ch\u1ed1ng s\u1ed1c, ch\u1ed1ng n\u01b0\u1edbc gi\u00e0nh cho flycam \u0111\u01b0\u1ee3c th\u1ecb tr\u01b0\u1eddng \u0111\u00f3n nh\u1eadn v\u00e0 ph\u1ea3n h\u1ed3i r\u1ea5t t\u00edch c\u1ef1c. Thi\u1ebft k\u1ebf th\u1eddi trang, kh\u1ecfe kho\u1eafn c\u00f9ng v\u1edbi kh\u1ea3 n\u0103ng b\u1ea3o v\u1ec7 ho\u00e0n h\u1ea3o. T\u1ea5t c\u1ea3 \u0111\u1ec1u c\u00f3 trong chi\u1ebfc <strong>vali chuy\u00ean d\u1ee5ng Mavic Air 2 \u2013 Pgytech.\u00a0<\/strong><\/span><\/p>\n<p style=\"text-align: justify;\"><span style=\"font-size: 18px;\"><img loading=\"lazy\" decoding=\"async\" class=\"alignnone\" src=\"https:\/\/phukienflytech.vn\/wp-content\/uploads\/2020\/06\/vali-chuyen-dung-mavic-air-2-pgytech-professional-7754-1.jpg\" alt=\"Vali chuy\u00ean d\u1ee5ng Mavic air 2\" width=\"450\" height=\"237\" \/><\/span><\/p>\n<h2 style=\"text-align: justify;\"><span style=\"font-size: 21px; color: #0000ff;\"><strong>Thi\u1ebft k\u1ebf Mavic Air 2 case PGYtech<\/strong><\/span><\/h2>\n<p style=\"text-align: justify;\"><span style=\"font-size: 18px;\">K\u00edch th\u01b0\u1edbc: 380 mm x 300 mm x 140 mm<\/span><\/p>\n<p style=\"text-align: justify;\"><span style=\"font-size: 18px;\">Ch\u1ea5t li\u1ec7u: PP, EVA<\/span><\/p>\n<p style=\"text-align: justify;\"><span style=\"font-size: 18px;\">Kh\u1ed1i l\u01b0\u1ee3ng: 2,2 kg<\/span><\/p>\n<p style=\"text-align: justify;\"><span style=\"font-size: 18px;\">M\u00e0u s\u1eafc: \u0110en<\/span><\/p>\n<h3 style=\"text-align: justify;\"><span style=\"font-size: 18px;\"><strong><span style=\"color: #0000ff;\">Kh\u00f4ng gian ch\u1ee9a \u0111\u1ed3 t\u1ed1i \u01b0u<\/span><\/strong><\/span><\/h3>\n<ul>\n<li style=\"text-align: justify;\"><span style=\"font-size: 18px;\">Vali \u0111\u01b0\u1ee3c thi\u1ebft k\u1ebf cho DJI Mavic Air 2 kh\u1ea3 n\u0103ng ch\u1ee9a 3 pin Mavic air 2, m\u00e1y, m\u00e1y Mavic Air 2,<\/span><\/li>\n<li style=\"text-align: justify;\"><span style=\"font-size: 18px;\">\u0110i\u1ec1u khi\u1ec3n Mavic air 2,<\/span><\/li>\n<li style=\"text-align: justify;\"><span style=\"font-size: 18px;\">Filter, c\u00e1nh d\u1ef1 ph\u00f2ng, hub s\u1ea1c, v\u00e0 m\u1ed9t s\u1ed1 ph\u1ee5 ki\u1ec7n kh\u00e1c,\u2026<\/span><\/li>\n<li style=\"text-align: justify;\"><span style=\"font-size: 18px;\">Ng\u0103n s\u1eafp x\u1ebfp linh ho\u1ea1t, kh\u00f4ng chi\u1ebfm qu\u00e1 nhi\u1ec1u kh\u00f4ng gian ch\u1ee9a \u0111\u1ed3.<\/span><\/li>\n<\/ul>\n<p style=\"text-align: justify;\"><span style=\"font-size: 18px;\"><img loading=\"lazy\" decoding=\"async\" class=\"alignnone\" src=\"https:\/\/phukienflytech.vn\/wp-content\/uploads\/2020\/06\/vali-chuyen-dung-mavic-air-2-pgytech-professional-7754-2.jpg\" alt=\"Vali chuy\u00ean d\u1ee5ng Mavic air 2\" width=\"450\" height=\"402\" \/><\/span><\/p>\n<h2 style=\"text-align: justify;\"><span style=\"font-size: 21px; color: #0000ff;\"><strong>Ch\u1ea5t li\u1ec7u Vali chuy\u00ean d\u1ee5ng mavic air 2 <\/strong><strong>&#8211; PGYtech professional<\/strong><\/span><\/h2>\n<p style=\"text-align: justify;\"><span style=\"font-size: 18px;\">V\u1ecf ngo\u00e0i \u0111\u01b0\u1ee3c l\u00e0m t\u1eeb ch\u1ea5t li\u1ec7u nh\u1ef1a ABS c\u00f3 \u0111\u1ed9 b\u1ec1n cao. Gi\u00fap b\u1ea3o v\u1ec7 DJI Mavic Air 2 kh\u1ecfi t\u00e1c \u0111\u1ed9ng b\u00ean ngo\u00e0i. Ch\u00e2t li\u1ec7u nh\u1ef1a ABS gi\u00fap vali c\u00f3 th\u1ec3 l\u00e0m vi\u1ec7c d\u01b0\u1edbi m\u00f4i tr\u01b0\u1eddng nhi\u1ec7t \u0111\u1ed9 t\u1eeb 40- 80 \u0111\u1ed9.<\/span><\/p>\n<p style=\"text-align: justify;\"><span style=\"font-size: 18px;\"><img loading=\"lazy\" decoding=\"async\" class=\"alignnone\" src=\"https:\/\/phukienflytech.vn\/wp-content\/uploads\/2020\/06\/vali-chuyen-dung-mavic-air-2-pgytech-professional-7754-3.jpg\" alt=\"Mavic-Air-2-case-PGYtech-1\" width=\"450\" height=\"219\" \/><\/span><\/p>\n<p style=\"text-align: justify;\"><span style=\"font-size: 18px;\">L\u1edbp l\u00f3t ch\u1ed1ng s\u1ed1c \u0111\u1ea3m b\u1ea3o cho flycam c\u1ee7a b\u1ea1n \u0111\u01b0\u1ee3c an to\u00e0n kh\u1ecfi m\u1ecdi t\u00e1c \u0111\u1ed9ng c\u1ee7a ngo\u1ea1i l\u1ef1c. \u0110\u1ed3ng th\u1eddi gi\u00fap flycam c\u1ed1 \u0111\u1ecbnh n\u00f3 trong su\u1ed1t qu\u00e1 tr\u00ecnh di chuy\u1ec3n.\u00a0<\/span><\/p>\n<p style=\"text-align: justify;\"><span style=\"font-size: 18px;\"><strong><span style=\"color: #0000ff;\">Vali chuy\u00ean d\u1ee5ng Mavic Air 2 \u2013 Pgytech<\/span> <\/strong>\u0111\u01b0\u1ee3c trang b\u1ecb ti\u00eau chu\u1ea9n ch\u1ed1ng n\u01b0\u1edbc IP 67. \u0110\u1ea3m b\u1ea3o cho b\u1ea1n n\u1ebfu ch\u1eb3ng may r\u01a1i vali xu\u1ed1ng n\u01b0\u1edbc d\u01b0\u1edbi 1m n\u01b0\u1edbc th\u00ec chi\u1ebfc flycam v\u1eabn an to\u00e0n.<\/span><\/p>\n<p style=\"text-align: justify;\"><span style=\"font-size: 18px;\"><img loading=\"lazy\" decoding=\"async\" class=\"alignnone\" src=\"https:\/\/phukienflytech.vn\/wp-content\/uploads\/2020\/06\/vali-chuyen-dung-mavic-air-2-pgytech-professional-7754-4.jpg\" alt=\"\" width=\"529\" height=\"268\" \/><\/span><\/p>\n<h2 style=\"text-align: justify;\"><span style=\"font-size: 21px;\"><strong><span style=\"color: #0000ff;\">H\u1ec7 th\u1ed1ng c\u00e2n b\u1eb1ng \u00e1p su\u1ea5t v\u00e0 t\u00ednh b\u1ea3o m\u1eadt cao<\/span><\/strong><\/span><\/h2>\n<h3 style=\"text-align: justify;\"><span style=\"color: #0000ff; font-size: 18px;\"><strong>H\u1ec7 th\u1ed1ng c\u00e2n b\u1eb1ng \u00e1p su\u1ea5t<\/strong><\/span><\/h3>\n<p style=\"text-align: justify;\"><span style=\"font-size: 18px;\"><strong>Vali mavic Air 2 \u2013 pgytech<\/strong> \u0111\u01b0\u1ee3c trang b\u1ecb m\u1ed9t van c\u00e2n b\u1eb1ng \u00e1p su\u1ea5t \u0111\u1ec3 ng\u0103n ch\u1eb7n s\u1ef1 ch\u00eanh l\u1ec7ch \u00e1p su\u1ea5t kh\u00f4ng kh\u00ed, g\u00e2y ra b\u1edfi s\u1ef1 thay \u0111\u1ed5i nhi\u1ec7t \u0111\u1ed9 b\u00ean trong v\u00e0 b\u00ean ngo\u00e0i h\u1ed9p \u0111\u1ec3 ng\u0103n ch\u1eb7n tr\u01b0\u1eddng h\u1ee3p b\u1ecbt k\u00edn ch\u00e2n kh\u00f4ng kh\u00f4ng mong mu\u1ed1n ho\u1eb7c n\u1ed5 khi m\u1edf vali<\/span><\/p>\n<h3 style=\"text-align: justify;\"><span style=\"font-size: 18px;\"><strong><span style=\"color: #0000ff;\">T\u00ednh b\u1ea3o m\u1eadt cao<\/span><\/strong><\/span><\/h3>\n<p style=\"text-align: justify;\"><span style=\"font-size: 18px;\"><strong>Vali Mavic Air 2 \u2013 pgytech<\/strong> k\u1ebft h\u1ee3p gi\u1eefa ch\u1ed1t v\u00e0 kh\u00f3a an to\u00e0n t\u0103ng t\u00ednh b\u1ea3o m\u1eadt cho chi\u1ebfc vali, nh\u01b0ng v\u1eabn gi\u00fap ng\u01b0\u1eddi d\u00f9ng thao t\u00e1c m\u1edf d\u1ec5 d\u00e0ng. \u1ed4 kh\u00f3a b\u1eb1ng th\u00e9p kh\u00f4ng g\u1ec9 \u0111\u01b0\u1ee3c gia c\u1ed1 ch\u1ed1ng gi\u1ea3 v\u00e0 kh\u00f4ng th\u1ec3 b\u1ecb c\u1eaft xuy\u00ean qua<\/span><\/p>\n<h3 style=\"text-align: justify;\"><span style=\"color: #0000ff; font-size: 18px;\"><strong>Tay c\u1ea7m ti\u1ec7n d\u1ee5ng<\/strong><\/span><\/h3>\n<p style=\"text-align: justify;\"><span style=\"font-size: 18px;\">Tay c\u1ea7m c\u1ee7a vali \u0111\u01b0\u1ee3c l\u00e0m \u0111\u1ec3 t\u1ea1o c\u1ea3m gi\u00e1c c\u1ea7m n\u1eb1m tho\u1ea3i m\u00e1i, kh\u00f4ng tr\u01a1n tr\u01b0\u1ee3t v\u00e0 ch\u1ed1ng m\u00e0i m\u00f2n<\/span><\/p>\n<h2 style=\"text-align: justify;\"><span style=\"font-size: 21px;\"><strong><span style=\"color: #0000ff;\">Mua <a style=\"color: #0000ff;\" href=\"https:\/\/phukienflytech.vn\/en\/danh-muc\/mavic-air-2-accessory.html\">ph\u1ee5 ki\u1ec7n Mavic Air 2<\/a> \u1edf \u0111\u00e2u?<\/span><\/strong><\/span><\/h2>\n<p style=\"text-align: justify;\"><span style=\"font-size: 18px;\">N\u1ebfu b\u1ea1n v\u1eabn \u0111ang ph\u00e2n v\u00e2n kh\u00f4ng bi\u1ebft c\u00f3 th\u1ec3 t\u00ecm mua \u0111\u01b0\u1ee3c\u00a0<em>nh\u1eefng ph\u1ee5 ki\u1ec7n ch\u00ednh h\u00e3ng cho dji mavic air\u00a0<\/em>ch\u1ea5t l\u01b0\u1ee3ng nh\u1ea5t m\u00e0 kh\u00f4ng c\u1ea7n lo l\u1eafng gi\u00e1 c\u1ee7a s\u1ea3n ph\u1ea9m \u1edf \u0111\u00e2u th\u00ec ph\u1ee5 ki\u1ec7n flycam gi\u00e1 t\u1ed1t ch\u00ednh l\u00e0 n\u01a1i ph\u00f9 h\u1ee3p d\u00e0nh cho b\u1ea1n. H\u00e3y \u0111\u1ebfn v\u1edbi ph\u1ee5 ki\u1ec7n fly-cam gi\u00e1 t\u1ed1t \u0111\u1ec3 c\u00f3 \u0111\u01b0\u1ee3c\u00a0<em>nh\u1eefng ph\u1ee5 ki\u1ec7n Mavic air 2 v\u1edbi gi\u00e1 t\u1ed1t nh\u1ea5t v\u00e0 <\/em>c\u00f9ng ch\u1ea5t l\u01b0\u1ee3ng t\u1ed1t nh\u1ea5t.<\/span><\/p>\n<p style=\"text-align: justify;\"><span style=\"font-size: 18px;\">N\u00e0o c\u00f9ng s\u1edf h\u1eefu ngay\u00a0<strong>B\u1ed9 ch\u00e2n \u0111\u00f4n Mavic Air 2\u00a0<\/strong>\u0111\u1ec3 t\u0103ng t\u00ednh s\u1ef1 an to\u00e0n v\u00e0 y\u00ean t\u00e2m trong m\u1ed7i l\u1ea7n di chuy\u1ec3n\u00a0 v\u00e0 l\u00e0m b\u1ed9 s\u01b0u t\u1eadp ph\u1ee5 ki\u1ec7n Mavic air 2 tr\u1edf l\u00ean \u0111\u1ea7y \u0111\u1ee7 h\u01a1n.<\/span><\/p>\n<p style=\"text-align: justify;\"><span style=\"font-size: 18px;\">H\u00e3y \u0111\u1ec3<a href=\"https:\/\/www.facebook.com\/phukienflycam\/?eid=ARCBQ0q12-UOhL1gpeDFhnjm3HjlPSUqIz1ct1Ga5JrKpqFStQo353trGLZf0uATv1_nR7erjs8t17n_\" target=\"_blank\" rel=\"noopener noreferrer\">\u00a0<strong>Ph\u1ee5 Ki\u1ec7n Fly-cam Gi\u00e1 T\u1ed1t<\/strong><\/a>\u00a0ti\u1ebfp s\u1ee9c \u0111am m\u00ea, c\u00f4ng vi\u1ec7c c\u1ee7a b\u1ea1n, gi\u00fap b\u1ea1n th\u00eam ni\u1ec1m h\u1ee9ng kh\u1edfi trong \u0111am m\u00ea c\u0169ng nh\u01b0 c\u00f4ng vi\u1ec7c c\u1ee7a m\u00ecnh th\u00eam su\u00f4n s\u1ebb.<\/span><\/p>\n<p style=\"text-align: justify;\"><span style=\"font-size: 18px;\">Li\u00ean h\u1ec7 v\u1edbi ch\u00fang t\u00f4i qua facebook: <a href=\"http:\/\/facebook.com\/phukienflytech\" target=\"_blank\" rel=\"noopener noreferrer\">Ph\u1ee5 ki\u1ec7n flytech gi\u00e1 t\u1ed1t<\/a><\/span><\/p>\n","protected":false},"excerpt":{"rendered":"<p>Mavic Air 2 case PGYtech &nbsp; Mavic Air 2 case PGYtech M\u1ed9t m\u1eabu vali nh\u1ecf g\u1ecdn, thi\u1ebft k\u1ebf \u0111\u1eb9p v\u00e0 \u0111\u1ea1t nh\u1eefng ti\u00eau chu\u1ea9n cao v\u1ec1 va \u0111\u1eadp v\u00e0 ch\u1ed1ng n\u01b0\u1edbc. B\u00ean c\u1ea1nh nh\u1eefng m\u1eabu Balo ch\u1ed1ng s\u1ed1c, ch\u1ed1ng n\u01b0\u1edbc\u00a0hay\u00a0t\u00fai b\u1ea3o v\u1ec7 cho Mavic Air 2. \u0110\u00e2y l\u00e0 m\u1eabu vali ch\u1ed1ng s\u1ed1c, ch\u1ed1ng n\u01b0\u1edbc l\u00e0 &#8230;<\/p>\n","protected":false},"featured_media":7794,"comment_status":"open","ping_status":"closed","template":"","meta":{"_acf_changed":false},"product_brand":[],"product_cat":[199],"product_tag":[206,608],"class_list":{"0":"post-7806","1":"product","2":"type-product","3":"status-publish","4":"has-post-thumbnail","6":"product_cat-mavic-air-2-accessory","7":"product_tag-phu-kien-dji-en","8":"product_tag-phu-kien-mavic-air-2-en","10":"first","11":"instock","12":"shipping-taxable","13":"purchasable","14":"product-type-simple"},"acf":[],"yoast_head":"<!-- This site is optimized with the Yoast SEO plugin v25.7 - https:\/\/yoast.com\/wordpress\/plugins\/seo\/ -->\n<title>Mavic Air 2 case PGYtech - Mavic air 2accessory - Available - Original<\/title>\n<meta name=\"description\" content=\"Mavic Air 2 case PGYtech is one of the most important accessory. Contact us to buy Mavic Air 2 case PGYtech for best price, fast shipping\" \/>\n<meta name=\"robots\" content=\"index, follow, max-snippet:-1, max-image-preview:large, max-video-preview:-1\" \/>\n<link rel=\"canonical\" href=\"https:\/\/phukienflytech.vn\/en\/san-pham\/mavic-air-2-case-pgytech.html\" \/>\n<meta property=\"og:locale\" content=\"en_US\" \/>\n<meta property=\"og:type\" content=\"article\" \/>\n<meta property=\"og:title\" content=\"Mavic Air 2 case PGYtech - Mavic air 2accessory - Available - Original\" \/>\n<meta property=\"og:description\" content=\"Mavic Air 2 case PGYtech is one of the most important accessory. Contact us to buy Mavic Air 2 case PGYtech for best price, fast shipping\" \/>\n<meta property=\"og:url\" content=\"https:\/\/phukienflytech.vn\/en\/san-pham\/mavic-air-2-case-pgytech.html\" \/>\n<meta property=\"og:site_name\" content=\"Shop M\u00e1y \u1ea3nh - Action Camera - Gimbal - Flycam - Ph\u1ee5 ki\u1ec7n\" \/>\n<meta property=\"article:publisher\" content=\"https:\/\/facebook.com\/phukienflycam\" \/>\n<meta property=\"article:modified_time\" content=\"2021-01-16T02:43:32+00:00\" \/>\n<meta property=\"og:image\" content=\"https:\/\/phukienflytech.vn\/wp-content\/uploads\/2020\/06\/300x300_vali-mavic-air-2-vali-cung-chong-soc-chinh-hang-phu-kien-dji_-_Copy.png\" \/>\n\t<meta property=\"og:image:width\" content=\"300\" \/>\n\t<meta property=\"og:image:height\" content=\"300\" \/>\n\t<meta property=\"og:image:type\" content=\"image\/png\" \/>\n<meta name=\"twitter:card\" content=\"summary_large_image\" \/>\n<meta name=\"twitter:label1\" content=\"Est. reading time\" \/>\n\t<meta name=\"twitter:data1\" content=\"5 minutes\" \/>\n<script type=\"application\/ld+json\" class=\"yoast-schema-graph\">{\"@context\":\"https:\/\/schema.org\",\"@graph\":[{\"@type\":\"WebPage\",\"@id\":\"https:\/\/phukienflytech.vn\/en\/san-pham\/mavic-air-2-case-pgytech.html\",\"url\":\"https:\/\/phukienflytech.vn\/en\/san-pham\/mavic-air-2-case-pgytech.html\",\"name\":\"Mavic Air 2 case PGYtech - Mavic air 2accessory - Available - Original\",\"isPartOf\":{\"@id\":\"https:\/\/phukienflytech.vn\/#website\"},\"primaryImageOfPage\":{\"@id\":\"https:\/\/phukienflytech.vn\/en\/san-pham\/mavic-air-2-case-pgytech.html#primaryimage\"},\"image\":{\"@id\":\"https:\/\/phukienflytech.vn\/en\/san-pham\/mavic-air-2-case-pgytech.html#primaryimage\"},\"thumbnailUrl\":\"https:\/\/phukienflytech.vn\/wp-content\/uploads\/2020\/06\/300x300_vali-mavic-air-2-vali-cung-chong-soc-chinh-hang-phu-kien-dji_-_Copy.png\",\"datePublished\":\"2020-06-08T08:59:13+00:00\",\"dateModified\":\"2021-01-16T02:43:32+00:00\",\"description\":\"Mavic Air 2 case PGYtech is one of the most important accessory. Contact us to buy Mavic Air 2 case PGYtech for best price, fast shipping\",\"breadcrumb\":{\"@id\":\"https:\/\/phukienflytech.vn\/en\/san-pham\/mavic-air-2-case-pgytech.html#breadcrumb\"},\"inLanguage\":\"en-US\",\"potentialAction\":[{\"@type\":\"ReadAction\",\"target\":[\"https:\/\/phukienflytech.vn\/en\/san-pham\/mavic-air-2-case-pgytech.html\"]}]},{\"@type\":\"ImageObject\",\"inLanguage\":\"en-US\",\"@id\":\"https:\/\/phukienflytech.vn\/en\/san-pham\/mavic-air-2-case-pgytech.html#primaryimage\",\"url\":\"https:\/\/phukienflytech.vn\/wp-content\/uploads\/2020\/06\/300x300_vali-mavic-air-2-vali-cung-chong-soc-chinh-hang-phu-kien-dji_-_Copy.png\",\"contentUrl\":\"https:\/\/phukienflytech.vn\/wp-content\/uploads\/2020\/06\/300x300_vali-mavic-air-2-vali-cung-chong-soc-chinh-hang-phu-kien-dji_-_Copy.png\",\"width\":300,\"height\":300},{\"@type\":\"BreadcrumbList\",\"@id\":\"https:\/\/phukienflytech.vn\/en\/san-pham\/mavic-air-2-case-pgytech.html#breadcrumb\",\"itemListElement\":[{\"@type\":\"ListItem\",\"position\":1,\"name\":\"Home\",\"item\":\"https:\/\/phukienflytech.vn\/en\"},{\"@type\":\"ListItem\",\"position\":2,\"name\":\"Ph\u1ee5 ki\u1ec7n Mavic Pro\",\"item\":\"https:\/\/phukienflytech.vn\/en\/phu-kien-mavic-pro.html\"},{\"@type\":\"ListItem\",\"position\":3,\"name\":\"DJI Osmo &amp; Drone's accessories\",\"item\":\"https:\/\/phukienflytech.vn\/en\/danh-muc\/dji-osmo-drones-accessories.html\"},{\"@type\":\"ListItem\",\"position\":4,\"name\":\"Ph\u1ee5 ki\u1ec7n DJI Mavic Air 2\",\"item\":\"https:\/\/phukienflytech.vn\/en\/danh-muc\/mavic-air-2-accessory.html\"},{\"@type\":\"ListItem\",\"position\":5,\"name\":\"Mavic Air 2 professional case PGYtech\"}]},{\"@type\":\"WebSite\",\"@id\":\"https:\/\/phukienflytech.vn\/#website\",\"url\":\"https:\/\/phukienflytech.vn\/\",\"name\":\"Shop M\u00e1y \u1ea3nh - Action Camera - Gimbal - Flycam - Ph\u1ee5 ki\u1ec7n\",\"description\":\"Shop M\u00e1y \u1ea3nh - Action Camera - Gimbal - Flycam - Ph\u1ee5 ki\u1ec7n\",\"publisher\":{\"@id\":\"https:\/\/phukienflytech.vn\/#organization\"},\"potentialAction\":[{\"@type\":\"SearchAction\",\"target\":{\"@type\":\"EntryPoint\",\"urlTemplate\":\"https:\/\/phukienflytech.vn\/?s={search_term_string}\"},\"query-input\":{\"@type\":\"PropertyValueSpecification\",\"valueRequired\":true,\"valueName\":\"search_term_string\"}}],\"inLanguage\":\"en-US\"},{\"@type\":\"Organization\",\"@id\":\"https:\/\/phukienflytech.vn\/#organization\",\"name\":\"DJI Store - Shop Drone, Action camera, Gimbal DJI |Phukienflytech\",\"alternateName\":\"DJI Store - Shop Drone, Action camera, Gimbal DJI |Phukienflytech\",\"url\":\"https:\/\/phukienflytech.vn\/\",\"logo\":{\"@type\":\"ImageObject\",\"inLanguage\":\"en-US\",\"@id\":\"https:\/\/phukienflytech.vn\/#\/schema\/logo\/image\/\",\"url\":\"https:\/\/phukienflytech.vn\/wp-content\/uploads\/2020\/05\/hAnh_nan.jpg1_.jpg\",\"contentUrl\":\"https:\/\/phukienflytech.vn\/wp-content\/uploads\/2020\/05\/hAnh_nan.jpg1_.jpg\",\"width\":800,\"height\":450,\"caption\":\"DJI Store - Shop Drone, Action camera, Gimbal DJI |Phukienflytech\"},\"image\":{\"@id\":\"https:\/\/phukienflytech.vn\/#\/schema\/logo\/image\/\"},\"sameAs\":[\"https:\/\/facebook.com\/phukienflycam\",\"https:\/\/www.youtube.com\/@phukienflytech\",\"https:\/\/www.tiktok.com\/@flytech.channel?fbclid=IwY2xjawGjg7BleHRuA2FlbQIxMAABHYVGmlXpuSMs0UB2zTpYvyT4GMVfN2qJa4urF4vkSQ6FAVBwXZtDP30qQA_aem_UwMiDcUvlEbd2tXAmsc8Og\"]}]}<\/script>\n<!-- \/ Yoast SEO plugin. -->","yoast_head_json":{"title":"Mavic Air 2 case PGYtech - Mavic air 2accessory - Available - Original","description":"Mavic Air 2 case PGYtech is one of the most important accessory. Contact us to buy Mavic Air 2 case PGYtech for best price, fast shipping","robots":{"index":"index","follow":"follow","max-snippet":"max-snippet:-1","max-image-preview":"max-image-preview:large","max-video-preview":"max-video-preview:-1"},"canonical":"https:\/\/phukienflytech.vn\/en\/san-pham\/mavic-air-2-case-pgytech.html","og_locale":"en_US","og_type":"article","og_title":"Mavic Air 2 case PGYtech - Mavic air 2accessory - Available - Original","og_description":"Mavic Air 2 case PGYtech is one of the most important accessory. Contact us to buy Mavic Air 2 case PGYtech for best price, fast shipping","og_url":"https:\/\/phukienflytech.vn\/en\/san-pham\/mavic-air-2-case-pgytech.html","og_site_name":"Shop M\u00e1y \u1ea3nh - Action Camera - Gimbal - Flycam - Ph\u1ee5 ki\u1ec7n","article_publisher":"https:\/\/facebook.com\/phukienflycam","article_modified_time":"2021-01-16T02:43:32+00:00","og_image":[{"width":300,"height":300,"url":"https:\/\/phukienflytech.vn\/wp-content\/uploads\/2020\/06\/300x300_vali-mavic-air-2-vali-cung-chong-soc-chinh-hang-phu-kien-dji_-_Copy.png","type":"image\/png"}],"twitter_card":"summary_large_image","twitter_misc":{"Est. reading time":"5 minutes"},"schema":{"@context":"https:\/\/schema.org","@graph":[{"@type":"WebPage","@id":"https:\/\/phukienflytech.vn\/en\/san-pham\/mavic-air-2-case-pgytech.html","url":"https:\/\/phukienflytech.vn\/en\/san-pham\/mavic-air-2-case-pgytech.html","name":"Mavic Air 2 case PGYtech - Mavic air 2accessory - Available - Original","isPartOf":{"@id":"https:\/\/phukienflytech.vn\/#website"},"primaryImageOfPage":{"@id":"https:\/\/phukienflytech.vn\/en\/san-pham\/mavic-air-2-case-pgytech.html#primaryimage"},"image":{"@id":"https:\/\/phukienflytech.vn\/en\/san-pham\/mavic-air-2-case-pgytech.html#primaryimage"},"thumbnailUrl":"https:\/\/phukienflytech.vn\/wp-content\/uploads\/2020\/06\/300x300_vali-mavic-air-2-vali-cung-chong-soc-chinh-hang-phu-kien-dji_-_Copy.png","datePublished":"2020-06-08T08:59:13+00:00","dateModified":"2021-01-16T02:43:32+00:00","description":"Mavic Air 2 case PGYtech is one of the most important accessory. Contact us to buy Mavic Air 2 case PGYtech for best price, fast shipping","breadcrumb":{"@id":"https:\/\/phukienflytech.vn\/en\/san-pham\/mavic-air-2-case-pgytech.html#breadcrumb"},"inLanguage":"en-US","potentialAction":[{"@type":"ReadAction","target":["https:\/\/phukienflytech.vn\/en\/san-pham\/mavic-air-2-case-pgytech.html"]}]},{"@type":"ImageObject","inLanguage":"en-US","@id":"https:\/\/phukienflytech.vn\/en\/san-pham\/mavic-air-2-case-pgytech.html#primaryimage","url":"https:\/\/phukienflytech.vn\/wp-content\/uploads\/2020\/06\/300x300_vali-mavic-air-2-vali-cung-chong-soc-chinh-hang-phu-kien-dji_-_Copy.png","contentUrl":"https:\/\/phukienflytech.vn\/wp-content\/uploads\/2020\/06\/300x300_vali-mavic-air-2-vali-cung-chong-soc-chinh-hang-phu-kien-dji_-_Copy.png","width":300,"height":300},{"@type":"BreadcrumbList","@id":"https:\/\/phukienflytech.vn\/en\/san-pham\/mavic-air-2-case-pgytech.html#breadcrumb","itemListElement":[{"@type":"ListItem","position":1,"name":"Home","item":"https:\/\/phukienflytech.vn\/en"},{"@type":"ListItem","position":2,"name":"Ph\u1ee5 ki\u1ec7n Mavic Pro","item":"https:\/\/phukienflytech.vn\/en\/phu-kien-mavic-pro.html"},{"@type":"ListItem","position":3,"name":"DJI Osmo &amp; Drone's accessories","item":"https:\/\/phukienflytech.vn\/en\/danh-muc\/dji-osmo-drones-accessories.html"},{"@type":"ListItem","position":4,"name":"Ph\u1ee5 ki\u1ec7n DJI Mavic Air 2","item":"https:\/\/phukienflytech.vn\/en\/danh-muc\/mavic-air-2-accessory.html"},{"@type":"ListItem","position":5,"name":"Mavic Air 2 professional case PGYtech"}]},{"@type":"WebSite","@id":"https:\/\/phukienflytech.vn\/#website","url":"https:\/\/phukienflytech.vn\/","name":"Shop M\u00e1y \u1ea3nh - Action Camera - Gimbal - Flycam - Ph\u1ee5 ki\u1ec7n","description":"Shop M\u00e1y \u1ea3nh - Action Camera - Gimbal - Flycam - Ph\u1ee5 ki\u1ec7n","publisher":{"@id":"https:\/\/phukienflytech.vn\/#organization"},"potentialAction":[{"@type":"SearchAction","target":{"@type":"EntryPoint","urlTemplate":"https:\/\/phukienflytech.vn\/?s={search_term_string}"},"query-input":{"@type":"PropertyValueSpecification","valueRequired":true,"valueName":"search_term_string"}}],"inLanguage":"en-US"},{"@type":"Organization","@id":"https:\/\/phukienflytech.vn\/#organization","name":"DJI Store - Shop Drone, Action camera, Gimbal DJI |Phukienflytech","alternateName":"DJI Store - Shop Drone, Action camera, Gimbal DJI |Phukienflytech","url":"https:\/\/phukienflytech.vn\/","logo":{"@type":"ImageObject","inLanguage":"en-US","@id":"https:\/\/phukienflytech.vn\/#\/schema\/logo\/image\/","url":"https:\/\/phukienflytech.vn\/wp-content\/uploads\/2020\/05\/hAnh_nan.jpg1_.jpg","contentUrl":"https:\/\/phukienflytech.vn\/wp-content\/uploads\/2020\/05\/hAnh_nan.jpg1_.jpg","width":800,"height":450,"caption":"DJI Store - Shop Drone, Action camera, Gimbal DJI |Phukienflytech"},"image":{"@id":"https:\/\/phukienflytech.vn\/#\/schema\/logo\/image\/"},"sameAs":["https:\/\/facebook.com\/phukienflycam","https:\/\/www.youtube.com\/@phukienflytech","https:\/\/www.tiktok.com\/@flytech.channel?fbclid=IwY2xjawGjg7BleHRuA2FlbQIxMAABHYVGmlXpuSMs0UB2zTpYvyT4GMVfN2qJa4urF4vkSQ6FAVBwXZtDP30qQA_aem_UwMiDcUvlEbd2tXAmsc8Og"]}]}},"_links":{"self":[{"href":"https:\/\/phukienflytech.vn\/en\/wp-json\/wp\/v2\/product\/7806","targetHints":{"allow":["GET"]}}],"collection":[{"href":"https:\/\/phukienflytech.vn\/en\/wp-json\/wp\/v2\/product"}],"about":[{"href":"https:\/\/phukienflytech.vn\/en\/wp-json\/wp\/v2\/types\/product"}],"replies":[{"embeddable":true,"href":"https:\/\/phukienflytech.vn\/en\/wp-json\/wp\/v2\/comments?post=7806"}],"wp:featuredmedia":[{"embeddable":true,"href":"https:\/\/phukienflytech.vn\/en\/wp-json\/wp\/v2\/media\/7794"}],"wp:attachment":[{"href":"https:\/\/phukienflytech.vn\/en\/wp-json\/wp\/v2\/media?parent=7806"}],"wp:term":[{"taxonomy":"product_brand","embeddable":true,"href":"https:\/\/phukienflytech.vn\/en\/wp-json\/wp\/v2\/product_brand?post=7806"},{"taxonomy":"product_cat","embeddable":true,"href":"https:\/\/phukienflytech.vn\/en\/wp-json\/wp\/v2\/product_cat?post=7806"},{"taxonomy":"product_tag","embeddable":true,"href":"https:\/\/phukienflytech.vn\/en\/wp-json\/wp\/v2\/product_tag?post=7806"}],"curies":[{"name":"wp","href":"https:\/\/api.w.org\/{rel}","templated":true}]}}