{"id":7872,"date":"2020-06-21T16:47:00","date_gmt":"2020-06-21T09:47:00","guid":{"rendered":"http:\/\/27430.lamdx.vinawebsite.vn\/san-pham\/kep-ipad-dien-thoai-monitor-mavic-2-pro-zoom-air-professional.html"},"modified":"2020-10-08T18:03:45","modified_gmt":"2020-10-08T11:03:45","slug":"tablet-holder-for-mavic-spark","status":"publish","type":"product","link":"https:\/\/phukienflytech.vn\/en\/san-pham\/tablet-holder-for-mavic-spark.html","title":{"rendered":"Smartphone\/Tablet Metal Bracket for DJI MAVIC 2\/PRO\/AIR\/ SPARK"},"content":{"rendered":"<h2><span style=\"color: #0000ff;\"><strong><em>Tablet holder for Mavic Spark<\/em><\/strong><\/span><\/h2>\n<p>&nbsp;<\/p>\n<p><span style=\"font-size: 18px;\">Tablet holder for Mavic Spark<\/span><\/p>\n<p><span style=\"font-size: 18px;\">DJI lu\u00f4n c\u1ed1 g\u1eafng t\u00ecm c\u00e1ch t\u1ed1i gi\u1ea3n h\u00f3a k\u00edch th\u01b0\u1edbc flycam v\u00e0 b\u1ed9 \u0111i\u1ec1u khi\u1ec3n xu\u1ed1ng t\u1ed1i gi\u1ea3n nh\u1ea5t c\u00f3 th\u1ec3. Ch\u00ednh v\u00ec th\u1ebf, b\u1ed9 \u0111i\u1ec1u khi\u1ec3n c\u1ee7a\u00a0<strong>DJI Mavic\/Spark<\/strong>, kh\u00f4ng th\u1ef1c s\u1ef1 \u0111em l\u1ea1i s\u1ef1 tho\u1ea3i m\u00e1i khi s\u1eed d\u1ee5ng khi c\u00f3 thi\u1ebft k\u1ebf 2 g\u1ecdng k\u1eb9p. V\u1edbi nh\u1eefng ng\u01b0\u1eddi chuy\u1ec3n t\u1eeb\u00a0<strong>Phantom<\/strong>\u00a0qua\u00a0<strong>Mavic<\/strong> th\u00ec s\u1ebd g\u1eb7p \u0111\u00f4i ch\u00fat kh\u00f3 kh\u0103n. k\u1eb9p ipad \u0111i\u1ec7n tho\u1ea1i Professional<\/span><\/p>\n<p>&nbsp;<\/p>\n<p><span style=\"font-size: 18px;\"><img loading=\"lazy\" decoding=\"async\" class=\"alignnone wp-image-10511\" src=\"https:\/\/phukienflytech.vn\/wp-content\/uploads\/2020\/06\/kep-ipad-dien-thoai-monitor-mavic-2-pro-zoom-air-professional-7858-6-711x400.jpg\" alt=\"Tablet-holder-for-Mavic-Spark-7\" width=\"533\" height=\"300\" srcset=\"https:\/\/phukienflytech.vn\/wp-content\/uploads\/2020\/06\/kep-ipad-dien-thoai-monitor-mavic-2-pro-zoom-air-professional-7858-6-711x400.jpg 711w, https:\/\/phukienflytech.vn\/wp-content\/uploads\/2020\/06\/kep-ipad-dien-thoai-monitor-mavic-2-pro-zoom-air-professional-7858-6-768x432.jpg 768w, https:\/\/phukienflytech.vn\/wp-content\/uploads\/2020\/06\/kep-ipad-dien-thoai-monitor-mavic-2-pro-zoom-air-professional-7858-6-600x338.jpg 600w, https:\/\/phukienflytech.vn\/wp-content\/uploads\/2020\/06\/kep-ipad-dien-thoai-monitor-mavic-2-pro-zoom-air-professional-7858-6.jpg 1280w\" sizes=\"auto, (max-width: 533px) 100vw, 533px\" \/><\/span><\/p>\n<p><span style=\"font-size: 18px;\">Nh\u1eb1m \u0111em l\u1ea1i s\u1ef1 tho\u00e0i m\u00e1i cho ng\u01b0\u1eddi s\u1eed d\u1ee5ng khi bay trong m\u1ed9t kho\u1ea3ng th\u1eddi gian d\u00e0i. \u0110em nh\u1eefng tr\u1ea3i nghi\u1ec7m tr\u00ean\u00a0<strong>b\u1ed9 \u0111i\u1ec1u khi\u1ec3n c\u1ee7a DJI Phantom<\/strong>\u00a0sang\u00a0<strong>DJI Mavic<\/strong>. Th\u00ec DJI \u0111\u00e3 cho ra m\u1eaft lo\u1ea1i\u00a0<strong><a href=\"https:\/\/phukienflytech.vn\/timkiem.html?s=k%E1%BA%B9p\" target=\"_blank\" rel=\"noopener noreferrer\">k\u1eb9p Ipad, \u0111i\u1ec7n tho\u1ea1i<\/a><\/strong>\u00a0cho d\u00f2ng DJI Mavic series v\u00e0 DJI Spark<\/span><\/p>\n<p>&nbsp;<\/p>\n<h2><span style=\"font-size: 21px; color: #0000ff;\"><strong>Thi\u1ebft k\u1ebf<\/strong><\/span><\/h2>\n<p><span style=\"font-size: 18px;\">C\u1ea3 gi\u00e1 \u0111\u1ee1 v\u00e0 k\u1eb9p \u0111\u1ec1u l\u00e0m b\u1eb1ng h\u1ee3p kim nh\u00f4m nguy\u00ean kh\u1ed1i. T\u1ea5t c\u1ea3 \u0111\u1ec1u \u0111\u01b0\u1ee3c l\u00e0m ho\u00e0n to\u00e0n b\u1eb1ng h\u1ee3p kim \u0111\u00fac khu\u00f4n.<\/span><\/p>\n<p><span style=\"font-size: 18px;\"><img loading=\"lazy\" decoding=\"async\" class=\"alignnone wp-image-10513\" src=\"https:\/\/phukienflytech.vn\/wp-content\/uploads\/2020\/06\/kep-ipad-dien-thoai-monitor-mavic-2-pro-zoom-air-professional-7858-1-1-711x400.jpg\" alt=\"\" width=\"539\" height=\"303\" srcset=\"https:\/\/phukienflytech.vn\/wp-content\/uploads\/2020\/06\/kep-ipad-dien-thoai-monitor-mavic-2-pro-zoom-air-professional-7858-1-1-711x400.jpg 711w, https:\/\/phukienflytech.vn\/wp-content\/uploads\/2020\/06\/kep-ipad-dien-thoai-monitor-mavic-2-pro-zoom-air-professional-7858-1-1-768x432.jpg 768w, https:\/\/phukienflytech.vn\/wp-content\/uploads\/2020\/06\/kep-ipad-dien-thoai-monitor-mavic-2-pro-zoom-air-professional-7858-1-1-600x338.jpg 600w, https:\/\/phukienflytech.vn\/wp-content\/uploads\/2020\/06\/kep-ipad-dien-thoai-monitor-mavic-2-pro-zoom-air-professional-7858-1-1.jpg 1280w\" sizes=\"auto, (max-width: 539px) 100vw, 539px\" \/><\/span><\/p>\n<p><span style=\"font-size: 18px;\">So v\u1edbi phi\u00ean b\u1ea3n tr\u01b0\u1edbc \u0111\u00f3 c\u1ee7a DJI th\u00ec \u1edf phi\u00ean b\u1ea3n Professional n\u00e0y \u1edf ph\u1ea7n k\u1eb9p \u0111\u00e3 \u0111\u01b0\u1ee3c l\u00e0m m\u1edbi v\u00e0 c\u1ea3i thi\u1ec7n r\u1ea5t \u0111\u00e1ng k\u1ec3. Ch\u00fang ta s\u1ebd c\u00f3 m\u1ed9t thi\u1ebft k\u1ebf c\u1ee9ng c\u00e1p h\u01a1n, c\u00f3 th\u1ec3 t\u00f9y ch\u00ecnh k\u00edch th\u01b0\u1edbc c\u0169ng nh\u01b0 xoay 1 c\u00e1ch linh ho\u1ea1t<\/span><\/p>\n<p><span style=\"font-size: 18px;\"><img loading=\"lazy\" decoding=\"async\" class=\"alignnone size-medium wp-image-10517\" src=\"https:\/\/phukienflytech.vn\/wp-content\/uploads\/2020\/06\/kep-ipad-dien-thoai-monitor-mavic-2-pro-zoom-air-professional-7858-3-1-400x400.jpg\" alt=\"\" width=\"400\" height=\"400\" srcset=\"https:\/\/phukienflytech.vn\/wp-content\/uploads\/2020\/06\/kep-ipad-dien-thoai-monitor-mavic-2-pro-zoom-air-professional-7858-3-1-400x400.jpg 400w, https:\/\/phukienflytech.vn\/wp-content\/uploads\/2020\/06\/kep-ipad-dien-thoai-monitor-mavic-2-pro-zoom-air-professional-7858-3-1-280x280.jpg 280w, https:\/\/phukienflytech.vn\/wp-content\/uploads\/2020\/06\/kep-ipad-dien-thoai-monitor-mavic-2-pro-zoom-air-professional-7858-3-1-768x768.jpg 768w, https:\/\/phukienflytech.vn\/wp-content\/uploads\/2020\/06\/kep-ipad-dien-thoai-monitor-mavic-2-pro-zoom-air-professional-7858-3-1-800x800.jpg 800w, https:\/\/phukienflytech.vn\/wp-content\/uploads\/2020\/06\/kep-ipad-dien-thoai-monitor-mavic-2-pro-zoom-air-professional-7858-3-1-300x300.jpg 300w, https:\/\/phukienflytech.vn\/wp-content\/uploads\/2020\/06\/kep-ipad-dien-thoai-monitor-mavic-2-pro-zoom-air-professional-7858-3-1-600x600.jpg 600w, https:\/\/phukienflytech.vn\/wp-content\/uploads\/2020\/06\/kep-ipad-dien-thoai-monitor-mavic-2-pro-zoom-air-professional-7858-3-1-100x100.jpg 100w, https:\/\/phukienflytech.vn\/wp-content\/uploads\/2020\/06\/kep-ipad-dien-thoai-monitor-mavic-2-pro-zoom-air-professional-7858-3-1.jpg 1000w\" sizes=\"auto, (max-width: 400px) 100vw, 400px\" \/><\/span><\/p>\n<p><span style=\"font-size: 18px;\">Thi\u1ebft k\u1ebf c\u00f3 th\u1ec3 g\u1eadp l\u1ea1i \u0111\u1ec3 l\u01b0u tr\u1eef thu\u1eadn ti\u1ec7n v\u1edbi g\u00f3c nh\u00ecn c\u00f3 th\u1ec3 \u0111i\u1ec1u ch\u1ec9nh theo nhu c\u1ea7u c\u00e1 nh\u00e2n<\/span><\/p>\n<p><span style=\"font-size: 18px;\">T\u00f9y ch\u1ec9nh k\u00edch th\u01b0\u1edbc m\u1ed9t c\u00e1ch d\u1ec5 d\u00e0ng v\u00e0 thu\u1eadn ti\u1ec7n ph\u00f9 h\u1ee3p v\u1edbi k\u00edch th\u01b0\u1edbc \u0111i\u1ec7n tho\u1ea1i v\u00e0 m\u00e1y t\u1ec9nh b\u1ea3ng t\u1eeb: 4,5 inch \u2013 9.7 inch. C\u00f3 th\u1ec3 quay ngang ho\u1eb7c d\u1ecdc t\u00f9y theo g\u00f3c nh\u00ecn v\u00e0 \u0111i\u1ec7n tho\u1ea1i\/ m\u00e1y t\u00ednh b\u1ea3ng<\/span><\/p>\n<p><span style=\"font-size: 18px;\"><img loading=\"lazy\" decoding=\"async\" class=\"alignnone\" src=\"https:\/\/phukienflytech.vn\/wp-content\/uploads\/2020\/06\/kep-ipad-dien-thoai-monitor-mavic-2-pro-zoom-air-professional-7858-3.jpg\" alt=\"Tablet-holder-for-Mavic-Spark-3\" width=\"453\" height=\"453\" \/><\/span><\/p>\n<p><span style=\"font-size: 18px;\">Th\u00eam v\u00e0o \u0111\u00f3 k\u1eb9p c\u00f3 th\u1ec3 d\u00f9ng cho c\u1ea3 Crystal Sky Monitor<\/span><\/p>\n<p><span style=\"font-size: 18px;\">Thi\u1ebft k\u1ebf t\u1ea1o c\u1ea3m gi\u00e1c kh\u1ecfe kho\u1eafn v\u1eefng ch\u1eafc khi s\u1eed d\u1ee5ng<\/span><\/p>\n<p>&nbsp;<\/p>\n<p><span style=\"font-size: 18px;\"><img loading=\"lazy\" decoding=\"async\" class=\"alignnone wp-image-10521\" src=\"https:\/\/phukienflytech.vn\/wp-content\/uploads\/2020\/06\/kep-ipad-dien-thoai-monitor-mavic-2-pro-zoom-air-professional-7858-4-1-549x400.jpg\" alt=\"\" width=\"506\" height=\"369\" srcset=\"https:\/\/phukienflytech.vn\/wp-content\/uploads\/2020\/06\/kep-ipad-dien-thoai-monitor-mavic-2-pro-zoom-air-professional-7858-4-1-549x400.jpg 549w, https:\/\/phukienflytech.vn\/wp-content\/uploads\/2020\/06\/kep-ipad-dien-thoai-monitor-mavic-2-pro-zoom-air-professional-7858-4-1-600x437.jpg 600w, https:\/\/phukienflytech.vn\/wp-content\/uploads\/2020\/06\/kep-ipad-dien-thoai-monitor-mavic-2-pro-zoom-air-professional-7858-4-1.jpg 755w\" sizes=\"auto, (max-width: 506px) 100vw, 506px\" \/><\/span><\/p>\n<p>&nbsp;<\/p>\n<p><span style=\"font-size: 18px;\">Tr\u1ecdng l\u01b0\u1ee3ng c\u0169ng l\u00e0 1 \u0111i\u1ec3m \u0111\u00e1ng l\u01b0u \u00fd l\u00e0 ch\u1ec9 225g gi\u00fap b\u1ea1n thu\u1eadn ti\u1ec7n cho c\u00e1c ho\u1ea1t \u0111\u1ed9ng c\u1ee7a b\u1ea1n.<\/span><\/p>\n<p><span style=\"font-size: 18px;\">\u0110\u00e2y c\u00f3 th\u1ec3 coi l\u00e0 m\u1ed9t ph\u1ee5 ki\u1ec7n Mavic m\u00e0 nh\u1eefng ng\u01b0\u1eddi ch\u01a1i kh\u00f4ng th\u1ec3 b\u1ecf qua \u0111\u1ec3 \u0111em t\u1edbi m\u1eb7t tr\u1ea3i nghi\u1ec7m t\u1ed1t nh\u1ea5t<\/span><\/p>\n<p>&nbsp;<\/p>\n<p><span style=\"font-size: 18px;\"><img loading=\"lazy\" decoding=\"async\" class=\"alignnone wp-image-10525\" src=\"https:\/\/phukienflytech.vn\/wp-content\/uploads\/2020\/06\/kep-ipad-dien-thoai-monitor-mavic-2-pro-zoom-air-professional-7858-5-1-703x400.jpg\" alt=\"Tablet-holder-for-Mavic-Spark\" width=\"545\" height=\"310\" srcset=\"https:\/\/phukienflytech.vn\/wp-content\/uploads\/2020\/06\/kep-ipad-dien-thoai-monitor-mavic-2-pro-zoom-air-professional-7858-5-1-703x400.jpg 703w, https:\/\/phukienflytech.vn\/wp-content\/uploads\/2020\/06\/kep-ipad-dien-thoai-monitor-mavic-2-pro-zoom-air-professional-7858-5-1-768x437.jpg 768w, https:\/\/phukienflytech.vn\/wp-content\/uploads\/2020\/06\/kep-ipad-dien-thoai-monitor-mavic-2-pro-zoom-air-professional-7858-5-1-600x342.jpg 600w, https:\/\/phukienflytech.vn\/wp-content\/uploads\/2020\/06\/kep-ipad-dien-thoai-monitor-mavic-2-pro-zoom-air-professional-7858-5-1.jpg 989w\" sizes=\"auto, (max-width: 545px) 100vw, 545px\" \/><\/span><\/p>\n<p>&nbsp;<\/p>\n<p><span style=\"font-size: 18px;\">H\u00e3y \u0111\u1ec3\u00a0<span style=\"color: #0000ff;\"><strong><a style=\"color: #0000ff;\" href=\"https:\/\/facebook.com\/phukienflycam\/\" target=\"_blank\" rel=\"noopener noreferrer\">Ph\u1ee5 Ki\u1ec7n Fly-cam Gi\u00e1 T\u1ed1t<\/a>\u00a0<\/strong><\/span>ti\u1ebfp s\u1ee9c \u0111am m\u00ea, c\u00f4ng vi\u1ec7c c\u1ee7a b\u1ea1n, gi\u00fap b\u1ea1n th\u00eam ni\u1ec1m h\u1ee9ng kh\u1edfi trong \u0111am m\u00ea c\u0169ng nh\u01b0 c\u00f4ng vi\u1ec7c c\u1ee7a m\u00ecnh th\u00eam su\u00f4n s\u1ebb v\u00e0 c\u00f3 nh\u1eefng chuy\u1ebfn bay an to\u00e0n<\/span><\/p>\n<p><span style=\"font-size: 18px;\">Nh\u00e0 s\u1ea3n xu\u1ea5t : Sunnylife \u2013 l\u00e0 m\u1ed9t trong nh\u1eefng Vendor cung c\u1ea5p c\u00e1c ph\u1ee5 ki\u1ec7n, linh ki\u1ec7n thay th\u1ebf cho DJI Flycam.<\/span><\/p>\n<p>&nbsp;<\/p>\n<p><span style=\"font-size: 18px;\">&gt;&gt; Click \u0111\u1ec3 xem th\u00eam: <span style=\"color: #0000ff;\"><strong><a style=\"color: #0000ff;\" href=\"https:\/\/phukienflytech.vn\/en\/danh-muc\/mavic-2s-accessory.html\" target=\"_blank\" rel=\"noopener noreferrer\">Ph\u1ee5 ki\u1ec7n Mavic 2, Air 2, Mini<\/a><\/strong><\/span><\/span><\/p>\n","protected":false},"excerpt":{"rendered":"<p>Tablet holder for Mavic Spark &nbsp; Tablet holder for Mavic Spark DJI lu\u00f4n c\u1ed1 g\u1eafng t\u00ecm c\u00e1ch t\u1ed1i gi\u1ea3n h\u00f3a k\u00edch th\u01b0\u1edbc flycam v\u00e0 b\u1ed9 \u0111i\u1ec1u khi\u1ec3n xu\u1ed1ng t\u1ed1i gi\u1ea3n nh\u1ea5t c\u00f3 th\u1ec3. Ch\u00ednh v\u00ec th\u1ebf, b\u1ed9 \u0111i\u1ec1u khi\u1ec3n c\u1ee7a\u00a0DJI Mavic\/Spark, kh\u00f4ng th\u1ef1c s\u1ef1 \u0111em l\u1ea1i s\u1ef1 tho\u1ea3i m\u00e1i khi s\u1eed d\u1ee5ng khi c\u00f3 thi\u1ebft &#8230;<\/p>\n","protected":false},"featured_media":7874,"comment_status":"open","ping_status":"closed","template":"","meta":{"_acf_changed":false},"product_brand":[],"product_cat":[177,184,180,181,178],"product_tag":[614,209,223],"class_list":{"0":"post-7872","1":"product","2":"type-product","3":"status-publish","4":"has-post-thumbnail","6":"product_cat-mavic-2s-accessory","7":"product_cat-spark-accessory","8":"product_cat-mavic-air-accessory","9":"product_cat-mavic-mini-accessory","10":"product_cat-mavic-pro-accessory","11":"product_tag-kep-ipad-dien-thoai-professional-en","12":"product_tag-phu-kien-mavic-2-en","13":"product_tag-phu-kien-mavic-pro-en","15":"first","16":"instock","17":"shipping-taxable","18":"purchasable","19":"product-type-simple"},"acf":[],"yoast_head":"<!-- This site is optimized with the Yoast SEO plugin v25.7 - https:\/\/yoast.com\/wordpress\/plugins\/seo\/ -->\n<title>Tablet holder for Mavic Spark - Mavic 2 accessory - Available - Original<\/title>\n<meta name=\"description\" content=\"Tablet holder for Mavic Spark is one of the most important accessory. Contact us to buy Tablet holder for Mavic Spark for best price.\" \/>\n<meta name=\"robots\" content=\"index, follow, max-snippet:-1, max-image-preview:large, max-video-preview:-1\" \/>\n<link rel=\"canonical\" href=\"https:\/\/phukienflytech.vn\/en\/san-pham\/tablet-holder-for-mavic-spark.html\" \/>\n<meta property=\"og:locale\" content=\"en_US\" \/>\n<meta property=\"og:type\" content=\"article\" \/>\n<meta property=\"og:title\" content=\"Tablet holder for Mavic Spark - Mavic 2 accessory - Available - Original\" \/>\n<meta property=\"og:description\" content=\"Tablet holder for Mavic Spark is one of the most important accessory. Contact us to buy Tablet holder for Mavic Spark for best price.\" \/>\n<meta property=\"og:url\" content=\"https:\/\/phukienflytech.vn\/en\/san-pham\/tablet-holder-for-mavic-spark.html\" \/>\n<meta property=\"og:site_name\" content=\"Shop M\u00e1y \u1ea3nh - Action Camera - Gimbal - Flycam - Ph\u1ee5 ki\u1ec7n\" \/>\n<meta property=\"article:publisher\" content=\"https:\/\/facebook.com\/phukienflycam\" \/>\n<meta property=\"article:modified_time\" content=\"2020-10-08T11:03:45+00:00\" \/>\n<meta property=\"og:image\" content=\"https:\/\/phukienflytech.vn\/wp-content\/uploads\/2020\/06\/300x300_kep-ipad-smartphone-crytical-cao-cap-mavic-2-pro-spark-air-platinum-professional-phu-kien_-22_-_Copy.jpg\" \/>\n\t<meta property=\"og:image:width\" content=\"300\" \/>\n\t<meta property=\"og:image:height\" content=\"300\" \/>\n\t<meta property=\"og:image:type\" content=\"image\/jpeg\" \/>\n<meta name=\"twitter:card\" content=\"summary_large_image\" \/>\n<meta name=\"twitter:label1\" content=\"Est. reading time\" \/>\n\t<meta name=\"twitter:data1\" content=\"3 minutes\" \/>\n<script type=\"application\/ld+json\" class=\"yoast-schema-graph\">{\"@context\":\"https:\/\/schema.org\",\"@graph\":[{\"@type\":\"WebPage\",\"@id\":\"https:\/\/phukienflytech.vn\/en\/san-pham\/tablet-holder-for-mavic-spark.html\",\"url\":\"https:\/\/phukienflytech.vn\/en\/san-pham\/tablet-holder-for-mavic-spark.html\",\"name\":\"Tablet holder for Mavic Spark - Mavic 2 accessory - Available - Original\",\"isPartOf\":{\"@id\":\"https:\/\/phukienflytech.vn\/#website\"},\"primaryImageOfPage\":{\"@id\":\"https:\/\/phukienflytech.vn\/en\/san-pham\/tablet-holder-for-mavic-spark.html#primaryimage\"},\"image\":{\"@id\":\"https:\/\/phukienflytech.vn\/en\/san-pham\/tablet-holder-for-mavic-spark.html#primaryimage\"},\"thumbnailUrl\":\"https:\/\/phukienflytech.vn\/wp-content\/uploads\/2020\/06\/300x300_kep-ipad-smartphone-crytical-cao-cap-mavic-2-pro-spark-air-platinum-professional-phu-kien_-22_-_Copy.jpg\",\"datePublished\":\"2020-06-21T09:47:00+00:00\",\"dateModified\":\"2020-10-08T11:03:45+00:00\",\"description\":\"Tablet holder for Mavic Spark is one of the most important accessory. Contact us to buy Tablet holder for Mavic Spark for best price.\",\"breadcrumb\":{\"@id\":\"https:\/\/phukienflytech.vn\/en\/san-pham\/tablet-holder-for-mavic-spark.html#breadcrumb\"},\"inLanguage\":\"en-US\",\"potentialAction\":[{\"@type\":\"ReadAction\",\"target\":[\"https:\/\/phukienflytech.vn\/en\/san-pham\/tablet-holder-for-mavic-spark.html\"]}]},{\"@type\":\"ImageObject\",\"inLanguage\":\"en-US\",\"@id\":\"https:\/\/phukienflytech.vn\/en\/san-pham\/tablet-holder-for-mavic-spark.html#primaryimage\",\"url\":\"https:\/\/phukienflytech.vn\/wp-content\/uploads\/2020\/06\/300x300_kep-ipad-smartphone-crytical-cao-cap-mavic-2-pro-spark-air-platinum-professional-phu-kien_-22_-_Copy.jpg\",\"contentUrl\":\"https:\/\/phukienflytech.vn\/wp-content\/uploads\/2020\/06\/300x300_kep-ipad-smartphone-crytical-cao-cap-mavic-2-pro-spark-air-platinum-professional-phu-kien_-22_-_Copy.jpg\",\"width\":300,\"height\":300},{\"@type\":\"BreadcrumbList\",\"@id\":\"https:\/\/phukienflytech.vn\/en\/san-pham\/tablet-holder-for-mavic-spark.html#breadcrumb\",\"itemListElement\":[{\"@type\":\"ListItem\",\"position\":1,\"name\":\"Home\",\"item\":\"https:\/\/phukienflytech.vn\/en\"},{\"@type\":\"ListItem\",\"position\":2,\"name\":\"Ph\u1ee5 ki\u1ec7n Mavic Pro\",\"item\":\"https:\/\/phukienflytech.vn\/en\/phu-kien-mavic-pro.html\"},{\"@type\":\"ListItem\",\"position\":3,\"name\":\"DJI Osmo &amp; Drone's accessories\",\"item\":\"https:\/\/phukienflytech.vn\/en\/danh-muc\/dji-osmo-drones-accessories.html\"},{\"@type\":\"ListItem\",\"position\":4,\"name\":\"Ph\u1ee5 ki\u1ec7n DJI Mavic 2\",\"item\":\"https:\/\/phukienflytech.vn\/en\/danh-muc\/mavic-2s-accessory.html\"},{\"@type\":\"ListItem\",\"position\":5,\"name\":\"Smartphone\/Tablet Metal Bracket for DJI MAVIC 2\/PRO\/AIR\/ SPARK\"}]},{\"@type\":\"WebSite\",\"@id\":\"https:\/\/phukienflytech.vn\/#website\",\"url\":\"https:\/\/phukienflytech.vn\/\",\"name\":\"Shop M\u00e1y \u1ea3nh - Action Camera - Gimbal - Flycam - Ph\u1ee5 ki\u1ec7n\",\"description\":\"Shop M\u00e1y \u1ea3nh - Action Camera - Gimbal - Flycam - Ph\u1ee5 ki\u1ec7n\",\"publisher\":{\"@id\":\"https:\/\/phukienflytech.vn\/#organization\"},\"potentialAction\":[{\"@type\":\"SearchAction\",\"target\":{\"@type\":\"EntryPoint\",\"urlTemplate\":\"https:\/\/phukienflytech.vn\/?s={search_term_string}\"},\"query-input\":{\"@type\":\"PropertyValueSpecification\",\"valueRequired\":true,\"valueName\":\"search_term_string\"}}],\"inLanguage\":\"en-US\"},{\"@type\":\"Organization\",\"@id\":\"https:\/\/phukienflytech.vn\/#organization\",\"name\":\"DJI Store - Shop Drone, Action camera, Gimbal DJI |Phukienflytech\",\"alternateName\":\"DJI Store - Shop Drone, Action camera, Gimbal DJI |Phukienflytech\",\"url\":\"https:\/\/phukienflytech.vn\/\",\"logo\":{\"@type\":\"ImageObject\",\"inLanguage\":\"en-US\",\"@id\":\"https:\/\/phukienflytech.vn\/#\/schema\/logo\/image\/\",\"url\":\"https:\/\/phukienflytech.vn\/wp-content\/uploads\/2020\/05\/hAnh_nan.jpg1_.jpg\",\"contentUrl\":\"https:\/\/phukienflytech.vn\/wp-content\/uploads\/2020\/05\/hAnh_nan.jpg1_.jpg\",\"width\":800,\"height\":450,\"caption\":\"DJI Store - Shop Drone, Action camera, Gimbal DJI |Phukienflytech\"},\"image\":{\"@id\":\"https:\/\/phukienflytech.vn\/#\/schema\/logo\/image\/\"},\"sameAs\":[\"https:\/\/facebook.com\/phukienflycam\",\"https:\/\/www.youtube.com\/@phukienflytech\",\"https:\/\/www.tiktok.com\/@flytech.channel?fbclid=IwY2xjawGjg7BleHRuA2FlbQIxMAABHYVGmlXpuSMs0UB2zTpYvyT4GMVfN2qJa4urF4vkSQ6FAVBwXZtDP30qQA_aem_UwMiDcUvlEbd2tXAmsc8Og\"]}]}<\/script>\n<!-- \/ Yoast SEO plugin. -->","yoast_head_json":{"title":"Tablet holder for Mavic Spark - Mavic 2 accessory - Available - Original","description":"Tablet holder for Mavic Spark is one of the most important accessory. Contact us to buy Tablet holder for Mavic Spark for best price.","robots":{"index":"index","follow":"follow","max-snippet":"max-snippet:-1","max-image-preview":"max-image-preview:large","max-video-preview":"max-video-preview:-1"},"canonical":"https:\/\/phukienflytech.vn\/en\/san-pham\/tablet-holder-for-mavic-spark.html","og_locale":"en_US","og_type":"article","og_title":"Tablet holder for Mavic Spark - Mavic 2 accessory - Available - Original","og_description":"Tablet holder for Mavic Spark is one of the most important accessory. Contact us to buy Tablet holder for Mavic Spark for best price.","og_url":"https:\/\/phukienflytech.vn\/en\/san-pham\/tablet-holder-for-mavic-spark.html","og_site_name":"Shop M\u00e1y \u1ea3nh - Action Camera - Gimbal - Flycam - Ph\u1ee5 ki\u1ec7n","article_publisher":"https:\/\/facebook.com\/phukienflycam","article_modified_time":"2020-10-08T11:03:45+00:00","og_image":[{"width":300,"height":300,"url":"https:\/\/phukienflytech.vn\/wp-content\/uploads\/2020\/06\/300x300_kep-ipad-smartphone-crytical-cao-cap-mavic-2-pro-spark-air-platinum-professional-phu-kien_-22_-_Copy.jpg","type":"image\/jpeg"}],"twitter_card":"summary_large_image","twitter_misc":{"Est. reading time":"3 minutes"},"schema":{"@context":"https:\/\/schema.org","@graph":[{"@type":"WebPage","@id":"https:\/\/phukienflytech.vn\/en\/san-pham\/tablet-holder-for-mavic-spark.html","url":"https:\/\/phukienflytech.vn\/en\/san-pham\/tablet-holder-for-mavic-spark.html","name":"Tablet holder for Mavic Spark - Mavic 2 accessory - Available - Original","isPartOf":{"@id":"https:\/\/phukienflytech.vn\/#website"},"primaryImageOfPage":{"@id":"https:\/\/phukienflytech.vn\/en\/san-pham\/tablet-holder-for-mavic-spark.html#primaryimage"},"image":{"@id":"https:\/\/phukienflytech.vn\/en\/san-pham\/tablet-holder-for-mavic-spark.html#primaryimage"},"thumbnailUrl":"https:\/\/phukienflytech.vn\/wp-content\/uploads\/2020\/06\/300x300_kep-ipad-smartphone-crytical-cao-cap-mavic-2-pro-spark-air-platinum-professional-phu-kien_-22_-_Copy.jpg","datePublished":"2020-06-21T09:47:00+00:00","dateModified":"2020-10-08T11:03:45+00:00","description":"Tablet holder for Mavic Spark is one of the most important accessory. Contact us to buy Tablet holder for Mavic Spark for best price.","breadcrumb":{"@id":"https:\/\/phukienflytech.vn\/en\/san-pham\/tablet-holder-for-mavic-spark.html#breadcrumb"},"inLanguage":"en-US","potentialAction":[{"@type":"ReadAction","target":["https:\/\/phukienflytech.vn\/en\/san-pham\/tablet-holder-for-mavic-spark.html"]}]},{"@type":"ImageObject","inLanguage":"en-US","@id":"https:\/\/phukienflytech.vn\/en\/san-pham\/tablet-holder-for-mavic-spark.html#primaryimage","url":"https:\/\/phukienflytech.vn\/wp-content\/uploads\/2020\/06\/300x300_kep-ipad-smartphone-crytical-cao-cap-mavic-2-pro-spark-air-platinum-professional-phu-kien_-22_-_Copy.jpg","contentUrl":"https:\/\/phukienflytech.vn\/wp-content\/uploads\/2020\/06\/300x300_kep-ipad-smartphone-crytical-cao-cap-mavic-2-pro-spark-air-platinum-professional-phu-kien_-22_-_Copy.jpg","width":300,"height":300},{"@type":"BreadcrumbList","@id":"https:\/\/phukienflytech.vn\/en\/san-pham\/tablet-holder-for-mavic-spark.html#breadcrumb","itemListElement":[{"@type":"ListItem","position":1,"name":"Home","item":"https:\/\/phukienflytech.vn\/en"},{"@type":"ListItem","position":2,"name":"Ph\u1ee5 ki\u1ec7n Mavic Pro","item":"https:\/\/phukienflytech.vn\/en\/phu-kien-mavic-pro.html"},{"@type":"ListItem","position":3,"name":"DJI Osmo &amp; Drone's accessories","item":"https:\/\/phukienflytech.vn\/en\/danh-muc\/dji-osmo-drones-accessories.html"},{"@type":"ListItem","position":4,"name":"Ph\u1ee5 ki\u1ec7n DJI Mavic 2","item":"https:\/\/phukienflytech.vn\/en\/danh-muc\/mavic-2s-accessory.html"},{"@type":"ListItem","position":5,"name":"Smartphone\/Tablet Metal Bracket for DJI MAVIC 2\/PRO\/AIR\/ SPARK"}]},{"@type":"WebSite","@id":"https:\/\/phukienflytech.vn\/#website","url":"https:\/\/phukienflytech.vn\/","name":"Shop M\u00e1y \u1ea3nh - Action Camera - Gimbal - Flycam - Ph\u1ee5 ki\u1ec7n","description":"Shop M\u00e1y \u1ea3nh - Action Camera - Gimbal - Flycam - Ph\u1ee5 ki\u1ec7n","publisher":{"@id":"https:\/\/phukienflytech.vn\/#organization"},"potentialAction":[{"@type":"SearchAction","target":{"@type":"EntryPoint","urlTemplate":"https:\/\/phukienflytech.vn\/?s={search_term_string}"},"query-input":{"@type":"PropertyValueSpecification","valueRequired":true,"valueName":"search_term_string"}}],"inLanguage":"en-US"},{"@type":"Organization","@id":"https:\/\/phukienflytech.vn\/#organization","name":"DJI Store - Shop Drone, Action camera, Gimbal DJI |Phukienflytech","alternateName":"DJI Store - Shop Drone, Action camera, Gimbal DJI |Phukienflytech","url":"https:\/\/phukienflytech.vn\/","logo":{"@type":"ImageObject","inLanguage":"en-US","@id":"https:\/\/phukienflytech.vn\/#\/schema\/logo\/image\/","url":"https:\/\/phukienflytech.vn\/wp-content\/uploads\/2020\/05\/hAnh_nan.jpg1_.jpg","contentUrl":"https:\/\/phukienflytech.vn\/wp-content\/uploads\/2020\/05\/hAnh_nan.jpg1_.jpg","width":800,"height":450,"caption":"DJI Store - Shop Drone, Action camera, Gimbal DJI |Phukienflytech"},"image":{"@id":"https:\/\/phukienflytech.vn\/#\/schema\/logo\/image\/"},"sameAs":["https:\/\/facebook.com\/phukienflycam","https:\/\/www.youtube.com\/@phukienflytech","https:\/\/www.tiktok.com\/@flytech.channel?fbclid=IwY2xjawGjg7BleHRuA2FlbQIxMAABHYVGmlXpuSMs0UB2zTpYvyT4GMVfN2qJa4urF4vkSQ6FAVBwXZtDP30qQA_aem_UwMiDcUvlEbd2tXAmsc8Og"]}]}},"_links":{"self":[{"href":"https:\/\/phukienflytech.vn\/en\/wp-json\/wp\/v2\/product\/7872","targetHints":{"allow":["GET"]}}],"collection":[{"href":"https:\/\/phukienflytech.vn\/en\/wp-json\/wp\/v2\/product"}],"about":[{"href":"https:\/\/phukienflytech.vn\/en\/wp-json\/wp\/v2\/types\/product"}],"replies":[{"embeddable":true,"href":"https:\/\/phukienflytech.vn\/en\/wp-json\/wp\/v2\/comments?post=7872"}],"wp:featuredmedia":[{"embeddable":true,"href":"https:\/\/phukienflytech.vn\/en\/wp-json\/wp\/v2\/media\/7874"}],"wp:attachment":[{"href":"https:\/\/phukienflytech.vn\/en\/wp-json\/wp\/v2\/media?parent=7872"}],"wp:term":[{"taxonomy":"product_brand","embeddable":true,"href":"https:\/\/phukienflytech.vn\/en\/wp-json\/wp\/v2\/product_brand?post=7872"},{"taxonomy":"product_cat","embeddable":true,"href":"https:\/\/phukienflytech.vn\/en\/wp-json\/wp\/v2\/product_cat?post=7872"},{"taxonomy":"product_tag","embeddable":true,"href":"https:\/\/phukienflytech.vn\/en\/wp-json\/wp\/v2\/product_tag?post=7872"}],"curies":[{"name":"wp","href":"https:\/\/api.w.org\/{rel}","templated":true}]}}